{"id":30056,"date":"2021-10-01T14:49:02","date_gmt":"2021-10-01T14:49:02","guid":{"rendered":"https:\/\/savio.ne-ws.it\/prodotto\/morde-1459\/"},"modified":"2021-10-01T14:49:03","modified_gmt":"2021-10-01T14:49:03","slug":"morde-1459","status":"publish","type":"product","link":"https:\/\/stage.savio.it\/fr\/prodotto\/morde-1459\/","title":{"rendered":"MORDE &#8211; 1459"},"content":{"rendered":"<p>(brevet\u00e9) Kit anti-effraction ambidextre en acier zingu\u00e9, 6 vis \u00e0 t\u00eate frais\u00e9e plate \u00d8 4,8&#215;13 en acier zingu\u00e9.<\/p>\n","protected":false},"excerpt":{"rendered":"<p>(brev.) Kit anti-effraction<\/p>\n","protected":false},"featured_media":73818,"comment_status":"closed","ping_status":"closed","template":"","meta":{"_acf_changed":false,"_uag_custom_page_level_css":""},"product_brand":[],"product_cat":[12688,12588],"product_tag":[],"profilo":[12268,12059,12058,12056,12057,12380,12377,12381,12378],"finiture":[],"gruppo_anta":[],"class_list":{"0":"post-30056","1":"product","2":"type-product","3":"status-publish","4":"has-post-thumbnail","6":"product_cat-morde","7":"product_cat-rostri-anti-effrazione","8":"profilo-ekip-th-73-porte","9":"profilo-fb-12","10":"profilo-gr-9","11":"profilo-nc-40","12":"profilo-nc-50","13":"profilo-royal-s-65-ak-porte","14":"profilo-royal-s-65-porte","15":"profilo-royal-s-70-f-porte","16":"profilo-royal-s-70-hi-porte","17":"description-off","19":"first","20":"onbackorder","21":"product-type-simple"},"acf":[],"yoast_head":"<!-- This site is optimized with the Yoast SEO plugin v27.2 - https:\/\/yoast.com\/product\/yoast-seo-wordpress\/ -->\n<title>MORDE - 1459<\/title>\n<meta name=\"description\" content=\"(brev.) Kit anti-effraction\" \/>\n<meta name=\"robots\" content=\"noindex, follow, max-snippet:-1, max-image-preview:large, max-video-preview:-1\" \/>\n<meta property=\"og:locale\" content=\"fr_FR\" \/>\n<meta property=\"og:type\" content=\"article\" \/>\n<meta property=\"og:title\" content=\"MORDE - 1459\" \/>\n<meta property=\"og:description\" content=\"(brev.) Kit anti-effraction\" \/>\n<meta property=\"og:url\" content=\"https:\/\/stage.savio.it\/fr\/prodotto\/morde-1459\/\" \/>\n<meta property=\"og:site_name\" content=\"SAVIO\" \/>\n<meta property=\"article:modified_time\" content=\"2021-10-01T14:49:03+00:00\" \/>\n<meta property=\"og:image\" content=\"https:\/\/stage.savio.it\/wp-content\/uploads\/2022\/06\/1459.jpg\" \/>\n\t<meta property=\"og:image:width\" content=\"1000\" \/>\n\t<meta property=\"og:image:height\" content=\"1000\" \/>\n\t<meta property=\"og:image:type\" content=\"image\/jpeg\" \/>\n<meta name=\"twitter:card\" content=\"summary_large_image\" \/>\n<meta name=\"twitter:label1\" content=\"Dur\u00e9e de lecture estim\u00e9e\" \/>\n\t<meta name=\"twitter:data1\" content=\"4 minutes\" \/>\n<script type=\"application\/ld+json\" class=\"yoast-schema-graph\">{\"@context\":\"https:\/\/schema.org\",\"@graph\":[{\"@type\":\"WebPage\",\"@id\":\"https:\/\/stage.savio.it\/fr\/prodotto\/morde-1459\/\",\"url\":\"https:\/\/stage.savio.it\/fr\/prodotto\/morde-1459\/\",\"name\":\"MORDE - 1459\",\"isPartOf\":{\"@id\":\"https:\/\/stage.savio.it\/fr\/#website\"},\"primaryImageOfPage\":{\"@id\":\"https:\/\/stage.savio.it\/fr\/prodotto\/morde-1459\/#primaryimage\"},\"image\":{\"@id\":\"https:\/\/stage.savio.it\/fr\/prodotto\/morde-1459\/#primaryimage\"},\"thumbnailUrl\":\"https:\/\/stage.savio.it\/wp-content\/uploads\/2022\/06\/1459.jpg\",\"datePublished\":\"2021-10-01T14:49:02+00:00\",\"dateModified\":\"2021-10-01T14:49:03+00:00\",\"description\":\"(brev.) Kit anti-effraction\",\"breadcrumb\":{\"@id\":\"https:\/\/stage.savio.it\/fr\/prodotto\/morde-1459\/#breadcrumb\"},\"inLanguage\":\"fr-FR\",\"potentialAction\":[{\"@type\":\"ReadAction\",\"target\":[\"https:\/\/stage.savio.it\/fr\/prodotto\/morde-1459\/\"]}]},{\"@type\":\"ImageObject\",\"inLanguage\":\"fr-FR\",\"@id\":\"https:\/\/stage.savio.it\/fr\/prodotto\/morde-1459\/#primaryimage\",\"url\":\"https:\/\/stage.savio.it\/wp-content\/uploads\/2022\/06\/1459.jpg\",\"contentUrl\":\"https:\/\/stage.savio.it\/wp-content\/uploads\/2022\/06\/1459.jpg\",\"width\":1000,\"height\":1000},{\"@type\":\"BreadcrumbList\",\"@id\":\"https:\/\/stage.savio.it\/fr\/prodotto\/morde-1459\/#breadcrumb\",\"itemListElement\":[{\"@type\":\"ListItem\",\"position\":1,\"name\":\"Home\",\"item\":\"https:\/\/stage.savio.it\/fr\/\"},{\"@type\":\"ListItem\",\"position\":2,\"name\":\"Prodotti\",\"item\":\"https:\/\/stage.savio.it\/fr\/prodotti\/\"},{\"@type\":\"ListItem\",\"position\":3,\"name\":\"MORDE &#8211; 1459\"}]},{\"@type\":\"WebSite\",\"@id\":\"https:\/\/stage.savio.it\/fr\/#website\",\"url\":\"https:\/\/stage.savio.it\/fr\/\",\"name\":\"SAVIO\",\"description\":\"Open mind for closing system\",\"publisher\":{\"@id\":\"https:\/\/stage.savio.it\/fr\/#organization\"},\"potentialAction\":[{\"@type\":\"SearchAction\",\"target\":{\"@type\":\"EntryPoint\",\"urlTemplate\":\"https:\/\/stage.savio.it\/fr\/?s={search_term_string}\"},\"query-input\":{\"@type\":\"PropertyValueSpecification\",\"valueRequired\":true,\"valueName\":\"search_term_string\"}}],\"inLanguage\":\"fr-FR\"},{\"@type\":\"Organization\",\"@id\":\"https:\/\/stage.savio.it\/fr\/#organization\",\"name\":\"SAVIO\",\"url\":\"https:\/\/stage.savio.it\/fr\/\",\"logo\":{\"@type\":\"ImageObject\",\"inLanguage\":\"fr-FR\",\"@id\":\"https:\/\/stage.savio.it\/fr\/#\/schema\/logo\/image\/\",\"url\":\"https:\/\/stage.savio.it\/wp-content\/uploads\/2021\/09\/cropped-Savio-logo.png\",\"contentUrl\":\"https:\/\/stage.savio.it\/wp-content\/uploads\/2021\/09\/cropped-Savio-logo.png\",\"width\":243,\"height\":64,\"caption\":\"SAVIO\"},\"image\":{\"@id\":\"https:\/\/stage.savio.it\/fr\/#\/schema\/logo\/image\/\"}}]}<\/script>\n<!-- \/ Yoast SEO plugin. -->","yoast_head_json":{"title":"MORDE - 1459","description":"(brev.) Kit anti-effraction","robots":{"index":"noindex","follow":"follow","max-snippet":"max-snippet:-1","max-image-preview":"max-image-preview:large","max-video-preview":"max-video-preview:-1"},"og_locale":"fr_FR","og_type":"article","og_title":"MORDE - 1459","og_description":"(brev.) Kit anti-effraction","og_url":"https:\/\/stage.savio.it\/fr\/prodotto\/morde-1459\/","og_site_name":"SAVIO","article_modified_time":"2021-10-01T14:49:03+00:00","og_image":[{"width":1000,"height":1000,"url":"https:\/\/stage.savio.it\/wp-content\/uploads\/2022\/06\/1459.jpg","type":"image\/jpeg"}],"twitter_card":"summary_large_image","twitter_misc":{"Dur\u00e9e de lecture estim\u00e9e":"4 minutes"},"schema":{"@context":"https:\/\/schema.org","@graph":[{"@type":"WebPage","@id":"https:\/\/stage.savio.it\/fr\/prodotto\/morde-1459\/","url":"https:\/\/stage.savio.it\/fr\/prodotto\/morde-1459\/","name":"MORDE - 1459","isPartOf":{"@id":"https:\/\/stage.savio.it\/fr\/#website"},"primaryImageOfPage":{"@id":"https:\/\/stage.savio.it\/fr\/prodotto\/morde-1459\/#primaryimage"},"image":{"@id":"https:\/\/stage.savio.it\/fr\/prodotto\/morde-1459\/#primaryimage"},"thumbnailUrl":"https:\/\/stage.savio.it\/wp-content\/uploads\/2022\/06\/1459.jpg","datePublished":"2021-10-01T14:49:02+00:00","dateModified":"2021-10-01T14:49:03+00:00","description":"(brev.) Kit anti-effraction","breadcrumb":{"@id":"https:\/\/stage.savio.it\/fr\/prodotto\/morde-1459\/#breadcrumb"},"inLanguage":"fr-FR","potentialAction":[{"@type":"ReadAction","target":["https:\/\/stage.savio.it\/fr\/prodotto\/morde-1459\/"]}]},{"@type":"ImageObject","inLanguage":"fr-FR","@id":"https:\/\/stage.savio.it\/fr\/prodotto\/morde-1459\/#primaryimage","url":"https:\/\/stage.savio.it\/wp-content\/uploads\/2022\/06\/1459.jpg","contentUrl":"https:\/\/stage.savio.it\/wp-content\/uploads\/2022\/06\/1459.jpg","width":1000,"height":1000},{"@type":"BreadcrumbList","@id":"https:\/\/stage.savio.it\/fr\/prodotto\/morde-1459\/#breadcrumb","itemListElement":[{"@type":"ListItem","position":1,"name":"Home","item":"https:\/\/stage.savio.it\/fr\/"},{"@type":"ListItem","position":2,"name":"Prodotti","item":"https:\/\/stage.savio.it\/fr\/prodotti\/"},{"@type":"ListItem","position":3,"name":"MORDE &#8211; 1459"}]},{"@type":"WebSite","@id":"https:\/\/stage.savio.it\/fr\/#website","url":"https:\/\/stage.savio.it\/fr\/","name":"SAVIO","description":"Open mind for closing system","publisher":{"@id":"https:\/\/stage.savio.it\/fr\/#organization"},"potentialAction":[{"@type":"SearchAction","target":{"@type":"EntryPoint","urlTemplate":"https:\/\/stage.savio.it\/fr\/?s={search_term_string}"},"query-input":{"@type":"PropertyValueSpecification","valueRequired":true,"valueName":"search_term_string"}}],"inLanguage":"fr-FR"},{"@type":"Organization","@id":"https:\/\/stage.savio.it\/fr\/#organization","name":"SAVIO","url":"https:\/\/stage.savio.it\/fr\/","logo":{"@type":"ImageObject","inLanguage":"fr-FR","@id":"https:\/\/stage.savio.it\/fr\/#\/schema\/logo\/image\/","url":"https:\/\/stage.savio.it\/wp-content\/uploads\/2021\/09\/cropped-Savio-logo.png","contentUrl":"https:\/\/stage.savio.it\/wp-content\/uploads\/2021\/09\/cropped-Savio-logo.png","width":243,"height":64,"caption":"SAVIO"},"image":{"@id":"https:\/\/stage.savio.it\/fr\/#\/schema\/logo\/image\/"}}]}},"uagb_featured_image_src":{"full":["https:\/\/stage.savio.it\/wp-content\/uploads\/2022\/06\/1459.jpg",1000,1000,false],"thumbnail":["https:\/\/stage.savio.it\/wp-content\/uploads\/2022\/06\/1459-150x150.jpg",150,150,true],"medium":["https:\/\/stage.savio.it\/wp-content\/uploads\/2022\/06\/1459-300x300.jpg",300,300,true],"medium_large":["https:\/\/stage.savio.it\/wp-content\/uploads\/2022\/06\/1459-768x768.jpg",768,768,true],"large":["https:\/\/stage.savio.it\/wp-content\/uploads\/2022\/06\/1459.jpg",1000,1000,false],"gs-tiny":["https:\/\/stage.savio.it\/wp-content\/uploads\/2022\/06\/1459.jpg",50,50,false],"xl":["https:\/\/stage.savio.it\/wp-content\/uploads\/2022\/06\/1459.jpg",1000,1000,false],"xxl":["https:\/\/stage.savio.it\/wp-content\/uploads\/2022\/06\/1459.jpg",1000,1000,false],"xxxl":["https:\/\/stage.savio.it\/wp-content\/uploads\/2022\/06\/1459.jpg",1000,1000,false],"xxxxl":["https:\/\/stage.savio.it\/wp-content\/uploads\/2022\/06\/1459.jpg",1000,1000,false],"xxxxxl":["https:\/\/stage.savio.it\/wp-content\/uploads\/2022\/06\/1459.jpg",1000,1000,false],"1536x1536":["https:\/\/stage.savio.it\/wp-content\/uploads\/2022\/06\/1459.jpg",1000,1000,false],"2048x2048":["https:\/\/stage.savio.it\/wp-content\/uploads\/2022\/06\/1459.jpg",1000,1000,false],"woocommerce_thumbnail":["https:\/\/stage.savio.it\/wp-content\/uploads\/2022\/06\/1459-300x300.jpg",300,300,true],"woocommerce_single":["https:\/\/stage.savio.it\/wp-content\/uploads\/2022\/06\/1459-600x600.jpg",600,600,true],"woocommerce_gallery_thumbnail":["https:\/\/stage.savio.it\/wp-content\/uploads\/2022\/06\/1459-200x200.jpg",200,200,true]},"uagb_author_info":{"display_name":"admin_news","author_link":"https:\/\/stage.savio.it\/fr\/author\/"},"uagb_comment_info":0,"uagb_excerpt":"(brev.) Kit anti-effraction","_links":{"self":[{"href":"https:\/\/stage.savio.it\/fr\/wp-json\/wp\/v2\/product\/30056","targetHints":{"allow":["GET"]}}],"collection":[{"href":"https:\/\/stage.savio.it\/fr\/wp-json\/wp\/v2\/product"}],"about":[{"href":"https:\/\/stage.savio.it\/fr\/wp-json\/wp\/v2\/types\/product"}],"replies":[{"embeddable":true,"href":"https:\/\/stage.savio.it\/fr\/wp-json\/wp\/v2\/comments?post=30056"}],"wp:featuredmedia":[{"embeddable":true,"href":"https:\/\/stage.savio.it\/fr\/wp-json\/wp\/v2\/media\/73818"}],"wp:attachment":[{"href":"https:\/\/stage.savio.it\/fr\/wp-json\/wp\/v2\/media?parent=30056"}],"wp:term":[{"taxonomy":"product_brand","embeddable":true,"href":"https:\/\/stage.savio.it\/fr\/wp-json\/wp\/v2\/product_brand?post=30056"},{"taxonomy":"product_cat","embeddable":true,"href":"https:\/\/stage.savio.it\/fr\/wp-json\/wp\/v2\/product_cat?post=30056"},{"taxonomy":"product_tag","embeddable":true,"href":"https:\/\/stage.savio.it\/fr\/wp-json\/wp\/v2\/product_tag?post=30056"},{"taxonomy":"profilo","embeddable":true,"href":"https:\/\/stage.savio.it\/fr\/wp-json\/wp\/v2\/profilo?post=30056"},{"taxonomy":"finiture","embeddable":true,"href":"https:\/\/stage.savio.it\/fr\/wp-json\/wp\/v2\/finiture?post=30056"},{"taxonomy":"gruppo_anta","embeddable":true,"href":"https:\/\/stage.savio.it\/fr\/wp-json\/wp\/v2\/gruppo_anta?post=30056"}],"curies":[{"name":"wp","href":"https:\/\/api.w.org\/{rel}","templated":true}]}}