{"id":29896,"date":"2021-10-01T14:47:08","date_gmt":"2021-10-01T14:47:08","guid":{"rendered":"https:\/\/savio.ne-ws.it\/prodotto\/2061\/"},"modified":"2021-10-01T14:47:09","modified_gmt":"2021-10-01T14:47:09","slug":"2061","status":"publish","type":"product","link":"https:\/\/stage.savio.it\/fr\/prodotto\/2061\/","title":{"rendered":"2061"},"content":{"rendered":"<p>Poign\u00e9e quart de tour \u00e0 embo\u00eetement avec poign\u00e9e et base en zamac, entraxe 43 mm, carr\u00e9 7 mm, 2 vis \u00e0 t\u00eate frais\u00e9e plate M5x50 en acier inox et 1 cache usinage en nylon.<\/p>\n","protected":false},"excerpt":{"rendered":"<p>Poign\u00e9e quart de tour \u00e0 embo\u00eetement, entraxe 43 mm<\/p>\n","protected":false},"featured_media":74066,"comment_status":"closed","ping_status":"closed","template":"","meta":{"_acf_changed":false,"_uag_custom_page_level_css":""},"product_brand":[],"product_cat":[12600],"product_tag":[],"profilo":[],"finiture":[12532,12534,12575],"gruppo_anta":[],"class_list":{"0":"post-29896","1":"product","2":"type-product","3":"status-publish","4":"has-post-thumbnail","6":"product_cat-accessori-per-scorrevoli","7":"finiture-12532","8":"finiture-12534","9":"finiture-silv","10":"description-off","12":"first","13":"instock","14":"product-type-simple"},"acf":[],"yoast_head":"<!-- This site is optimized with the Yoast SEO plugin v27.2 - https:\/\/yoast.com\/product\/yoast-seo-wordpress\/ -->\n<title>2061<\/title>\n<meta name=\"description\" content=\"Poign\u00e9e quart de tour \u00e0 embo\u00eetement, entraxe 43 mm\" \/>\n<meta name=\"robots\" content=\"noindex, follow, max-snippet:-1, max-image-preview:large, max-video-preview:-1\" \/>\n<meta property=\"og:locale\" content=\"fr_FR\" \/>\n<meta property=\"og:type\" content=\"article\" \/>\n<meta property=\"og:title\" content=\"2061\" \/>\n<meta property=\"og:description\" content=\"Poign\u00e9e quart de tour \u00e0 embo\u00eetement, entraxe 43 mm\" \/>\n<meta property=\"og:url\" content=\"https:\/\/stage.savio.it\/fr\/prodotto\/2061\/\" \/>\n<meta property=\"og:site_name\" content=\"SAVIO\" \/>\n<meta property=\"article:modified_time\" content=\"2021-10-01T14:47:09+00:00\" \/>\n<meta property=\"og:image\" content=\"https:\/\/stage.savio.it\/wp-content\/uploads\/2022\/06\/2061.jpg\" \/>\n\t<meta property=\"og:image:width\" content=\"1000\" \/>\n\t<meta property=\"og:image:height\" content=\"1000\" \/>\n\t<meta property=\"og:image:type\" content=\"image\/jpeg\" \/>\n<meta name=\"twitter:card\" content=\"summary_large_image\" \/>\n<meta name=\"twitter:label1\" content=\"Dur\u00e9e de lecture estim\u00e9e\" \/>\n\t<meta name=\"twitter:data1\" content=\"4 minutes\" \/>\n<script type=\"application\/ld+json\" class=\"yoast-schema-graph\">{\"@context\":\"https:\/\/schema.org\",\"@graph\":[{\"@type\":\"WebPage\",\"@id\":\"https:\/\/stage.savio.it\/fr\/prodotto\/2061\/\",\"url\":\"https:\/\/stage.savio.it\/fr\/prodotto\/2061\/\",\"name\":\"2061\",\"isPartOf\":{\"@id\":\"https:\/\/stage.savio.it\/fr\/#website\"},\"primaryImageOfPage\":{\"@id\":\"https:\/\/stage.savio.it\/fr\/prodotto\/2061\/#primaryimage\"},\"image\":{\"@id\":\"https:\/\/stage.savio.it\/fr\/prodotto\/2061\/#primaryimage\"},\"thumbnailUrl\":\"https:\/\/stage.savio.it\/wp-content\/uploads\/2022\/06\/2061.jpg\",\"datePublished\":\"2021-10-01T14:47:08+00:00\",\"dateModified\":\"2021-10-01T14:47:09+00:00\",\"description\":\"Poign\u00e9e quart de tour \u00e0 embo\u00eetement, entraxe 43 mm\",\"breadcrumb\":{\"@id\":\"https:\/\/stage.savio.it\/fr\/prodotto\/2061\/#breadcrumb\"},\"inLanguage\":\"fr-FR\",\"potentialAction\":[{\"@type\":\"ReadAction\",\"target\":[\"https:\/\/stage.savio.it\/fr\/prodotto\/2061\/\"]}]},{\"@type\":\"ImageObject\",\"inLanguage\":\"fr-FR\",\"@id\":\"https:\/\/stage.savio.it\/fr\/prodotto\/2061\/#primaryimage\",\"url\":\"https:\/\/stage.savio.it\/wp-content\/uploads\/2022\/06\/2061.jpg\",\"contentUrl\":\"https:\/\/stage.savio.it\/wp-content\/uploads\/2022\/06\/2061.jpg\",\"width\":1000,\"height\":1000},{\"@type\":\"BreadcrumbList\",\"@id\":\"https:\/\/stage.savio.it\/fr\/prodotto\/2061\/#breadcrumb\",\"itemListElement\":[{\"@type\":\"ListItem\",\"position\":1,\"name\":\"Home\",\"item\":\"https:\/\/stage.savio.it\/fr\/\"},{\"@type\":\"ListItem\",\"position\":2,\"name\":\"Prodotti\",\"item\":\"https:\/\/stage.savio.it\/fr\/prodotti\/\"},{\"@type\":\"ListItem\",\"position\":3,\"name\":\"2061\"}]},{\"@type\":\"WebSite\",\"@id\":\"https:\/\/stage.savio.it\/fr\/#website\",\"url\":\"https:\/\/stage.savio.it\/fr\/\",\"name\":\"SAVIO\",\"description\":\"Open mind for closing system\",\"publisher\":{\"@id\":\"https:\/\/stage.savio.it\/fr\/#organization\"},\"potentialAction\":[{\"@type\":\"SearchAction\",\"target\":{\"@type\":\"EntryPoint\",\"urlTemplate\":\"https:\/\/stage.savio.it\/fr\/?s={search_term_string}\"},\"query-input\":{\"@type\":\"PropertyValueSpecification\",\"valueRequired\":true,\"valueName\":\"search_term_string\"}}],\"inLanguage\":\"fr-FR\"},{\"@type\":\"Organization\",\"@id\":\"https:\/\/stage.savio.it\/fr\/#organization\",\"name\":\"SAVIO\",\"url\":\"https:\/\/stage.savio.it\/fr\/\",\"logo\":{\"@type\":\"ImageObject\",\"inLanguage\":\"fr-FR\",\"@id\":\"https:\/\/stage.savio.it\/fr\/#\/schema\/logo\/image\/\",\"url\":\"https:\/\/stage.savio.it\/wp-content\/uploads\/2021\/09\/cropped-Savio-logo.png\",\"contentUrl\":\"https:\/\/stage.savio.it\/wp-content\/uploads\/2021\/09\/cropped-Savio-logo.png\",\"width\":243,\"height\":64,\"caption\":\"SAVIO\"},\"image\":{\"@id\":\"https:\/\/stage.savio.it\/fr\/#\/schema\/logo\/image\/\"}}]}<\/script>\n<!-- \/ Yoast SEO plugin. -->","yoast_head_json":{"title":"2061","description":"Poign\u00e9e quart de tour \u00e0 embo\u00eetement, entraxe 43 mm","robots":{"index":"noindex","follow":"follow","max-snippet":"max-snippet:-1","max-image-preview":"max-image-preview:large","max-video-preview":"max-video-preview:-1"},"og_locale":"fr_FR","og_type":"article","og_title":"2061","og_description":"Poign\u00e9e quart de tour \u00e0 embo\u00eetement, entraxe 43 mm","og_url":"https:\/\/stage.savio.it\/fr\/prodotto\/2061\/","og_site_name":"SAVIO","article_modified_time":"2021-10-01T14:47:09+00:00","og_image":[{"width":1000,"height":1000,"url":"https:\/\/stage.savio.it\/wp-content\/uploads\/2022\/06\/2061.jpg","type":"image\/jpeg"}],"twitter_card":"summary_large_image","twitter_misc":{"Dur\u00e9e de lecture estim\u00e9e":"4 minutes"},"schema":{"@context":"https:\/\/schema.org","@graph":[{"@type":"WebPage","@id":"https:\/\/stage.savio.it\/fr\/prodotto\/2061\/","url":"https:\/\/stage.savio.it\/fr\/prodotto\/2061\/","name":"2061","isPartOf":{"@id":"https:\/\/stage.savio.it\/fr\/#website"},"primaryImageOfPage":{"@id":"https:\/\/stage.savio.it\/fr\/prodotto\/2061\/#primaryimage"},"image":{"@id":"https:\/\/stage.savio.it\/fr\/prodotto\/2061\/#primaryimage"},"thumbnailUrl":"https:\/\/stage.savio.it\/wp-content\/uploads\/2022\/06\/2061.jpg","datePublished":"2021-10-01T14:47:08+00:00","dateModified":"2021-10-01T14:47:09+00:00","description":"Poign\u00e9e quart de tour \u00e0 embo\u00eetement, entraxe 43 mm","breadcrumb":{"@id":"https:\/\/stage.savio.it\/fr\/prodotto\/2061\/#breadcrumb"},"inLanguage":"fr-FR","potentialAction":[{"@type":"ReadAction","target":["https:\/\/stage.savio.it\/fr\/prodotto\/2061\/"]}]},{"@type":"ImageObject","inLanguage":"fr-FR","@id":"https:\/\/stage.savio.it\/fr\/prodotto\/2061\/#primaryimage","url":"https:\/\/stage.savio.it\/wp-content\/uploads\/2022\/06\/2061.jpg","contentUrl":"https:\/\/stage.savio.it\/wp-content\/uploads\/2022\/06\/2061.jpg","width":1000,"height":1000},{"@type":"BreadcrumbList","@id":"https:\/\/stage.savio.it\/fr\/prodotto\/2061\/#breadcrumb","itemListElement":[{"@type":"ListItem","position":1,"name":"Home","item":"https:\/\/stage.savio.it\/fr\/"},{"@type":"ListItem","position":2,"name":"Prodotti","item":"https:\/\/stage.savio.it\/fr\/prodotti\/"},{"@type":"ListItem","position":3,"name":"2061"}]},{"@type":"WebSite","@id":"https:\/\/stage.savio.it\/fr\/#website","url":"https:\/\/stage.savio.it\/fr\/","name":"SAVIO","description":"Open mind for closing system","publisher":{"@id":"https:\/\/stage.savio.it\/fr\/#organization"},"potentialAction":[{"@type":"SearchAction","target":{"@type":"EntryPoint","urlTemplate":"https:\/\/stage.savio.it\/fr\/?s={search_term_string}"},"query-input":{"@type":"PropertyValueSpecification","valueRequired":true,"valueName":"search_term_string"}}],"inLanguage":"fr-FR"},{"@type":"Organization","@id":"https:\/\/stage.savio.it\/fr\/#organization","name":"SAVIO","url":"https:\/\/stage.savio.it\/fr\/","logo":{"@type":"ImageObject","inLanguage":"fr-FR","@id":"https:\/\/stage.savio.it\/fr\/#\/schema\/logo\/image\/","url":"https:\/\/stage.savio.it\/wp-content\/uploads\/2021\/09\/cropped-Savio-logo.png","contentUrl":"https:\/\/stage.savio.it\/wp-content\/uploads\/2021\/09\/cropped-Savio-logo.png","width":243,"height":64,"caption":"SAVIO"},"image":{"@id":"https:\/\/stage.savio.it\/fr\/#\/schema\/logo\/image\/"}}]}},"uagb_featured_image_src":{"full":["https:\/\/stage.savio.it\/wp-content\/uploads\/2022\/06\/2061.jpg",1000,1000,false],"thumbnail":["https:\/\/stage.savio.it\/wp-content\/uploads\/2022\/06\/2061-150x150.jpg",150,150,true],"medium":["https:\/\/stage.savio.it\/wp-content\/uploads\/2022\/06\/2061-300x300.jpg",300,300,true],"medium_large":["https:\/\/stage.savio.it\/wp-content\/uploads\/2022\/06\/2061-768x768.jpg",768,768,true],"large":["https:\/\/stage.savio.it\/wp-content\/uploads\/2022\/06\/2061.jpg",1000,1000,false],"gs-tiny":["https:\/\/stage.savio.it\/wp-content\/uploads\/2022\/06\/2061.jpg",50,50,false],"xl":["https:\/\/stage.savio.it\/wp-content\/uploads\/2022\/06\/2061.jpg",1000,1000,false],"xxl":["https:\/\/stage.savio.it\/wp-content\/uploads\/2022\/06\/2061.jpg",1000,1000,false],"xxxl":["https:\/\/stage.savio.it\/wp-content\/uploads\/2022\/06\/2061.jpg",1000,1000,false],"xxxxl":["https:\/\/stage.savio.it\/wp-content\/uploads\/2022\/06\/2061.jpg",1000,1000,false],"xxxxxl":["https:\/\/stage.savio.it\/wp-content\/uploads\/2022\/06\/2061.jpg",1000,1000,false],"1536x1536":["https:\/\/stage.savio.it\/wp-content\/uploads\/2022\/06\/2061.jpg",1000,1000,false],"2048x2048":["https:\/\/stage.savio.it\/wp-content\/uploads\/2022\/06\/2061.jpg",1000,1000,false],"woocommerce_thumbnail":["https:\/\/stage.savio.it\/wp-content\/uploads\/2022\/06\/2061-300x300.jpg",300,300,true],"woocommerce_single":["https:\/\/stage.savio.it\/wp-content\/uploads\/2022\/06\/2061-600x600.jpg",600,600,true],"woocommerce_gallery_thumbnail":["https:\/\/stage.savio.it\/wp-content\/uploads\/2022\/06\/2061-200x200.jpg",200,200,true]},"uagb_author_info":{"display_name":"admin_news","author_link":"https:\/\/stage.savio.it\/fr\/author\/"},"uagb_comment_info":0,"uagb_excerpt":"Poign\u00e9e quart de tour \u00e0 embo\u00eetement, entraxe 43 mm","_links":{"self":[{"href":"https:\/\/stage.savio.it\/fr\/wp-json\/wp\/v2\/product\/29896","targetHints":{"allow":["GET"]}}],"collection":[{"href":"https:\/\/stage.savio.it\/fr\/wp-json\/wp\/v2\/product"}],"about":[{"href":"https:\/\/stage.savio.it\/fr\/wp-json\/wp\/v2\/types\/product"}],"replies":[{"embeddable":true,"href":"https:\/\/stage.savio.it\/fr\/wp-json\/wp\/v2\/comments?post=29896"}],"wp:featuredmedia":[{"embeddable":true,"href":"https:\/\/stage.savio.it\/fr\/wp-json\/wp\/v2\/media\/74066"}],"wp:attachment":[{"href":"https:\/\/stage.savio.it\/fr\/wp-json\/wp\/v2\/media?parent=29896"}],"wp:term":[{"taxonomy":"product_brand","embeddable":true,"href":"https:\/\/stage.savio.it\/fr\/wp-json\/wp\/v2\/product_brand?post=29896"},{"taxonomy":"product_cat","embeddable":true,"href":"https:\/\/stage.savio.it\/fr\/wp-json\/wp\/v2\/product_cat?post=29896"},{"taxonomy":"product_tag","embeddable":true,"href":"https:\/\/stage.savio.it\/fr\/wp-json\/wp\/v2\/product_tag?post=29896"},{"taxonomy":"profilo","embeddable":true,"href":"https:\/\/stage.savio.it\/fr\/wp-json\/wp\/v2\/profilo?post=29896"},{"taxonomy":"finiture","embeddable":true,"href":"https:\/\/stage.savio.it\/fr\/wp-json\/wp\/v2\/finiture?post=29896"},{"taxonomy":"gruppo_anta","embeddable":true,"href":"https:\/\/stage.savio.it\/fr\/wp-json\/wp\/v2\/gruppo_anta?post=29896"}],"curies":[{"name":"wp","href":"https:\/\/api.w.org\/{rel}","templated":true}]}}