{"id":29882,"date":"2021-10-01T14:46:53","date_gmt":"2021-10-01T14:46:53","guid":{"rendered":"https:\/\/savio.ne-ws.it\/prodotto\/omnia-2047\/"},"modified":"2021-10-01T14:46:57","modified_gmt":"2021-10-01T14:46:57","slug":"omnia-2047","status":"publish","type":"product","link":"https:\/\/stage.savio.it\/fr\/prodotto\/omnia-2047\/","title":{"rendered":"OMNIA &#8211; 2047"},"content":{"rendered":"<p>(brevet\u00e9) Fermeture simple \u00e0 syst\u00e8me manuel, en aluminium extrud\u00e9, nylon et acier zingu\u00e9, 1 vis-pointeau M6x8 pr\u00e9-assembl\u00e9e en acier zingu\u00e9 et 2 vis \u00e0 t\u00eate frais\u00e9e plate \u00d8 4,2&#215;9 en acier zingu\u00e9, noir ou laqu\u00e9.<\/p>\n","protected":false},"excerpt":{"rendered":"<p>(brev.) Fermeture simple \u00e0 syst\u00e8me manuel pour coulissants<\/p>\n","protected":false},"featured_media":74050,"comment_status":"closed","ping_status":"closed","template":"","meta":{"_acf_changed":false,"_uag_custom_page_level_css":""},"product_brand":[],"product_cat":[12600,12790],"product_tag":[],"profilo":[12366,12367,12161,12397,12067,12117,12353,12354,12444,12460,12450,12463,12024,11961,12031,12211,12336,11992,12379,12421,12422,12259,12265,12370,12493,12495,12492,12080,12432,12439,12050],"finiture":[12512,12513,12532,12534,12536,12545,12552,12556,12557,12565,12575,12583],"gruppo_anta":[],"class_list":{"0":"post-29882","1":"product","2":"type-product","3":"status-publish","4":"has-post-thumbnail","6":"product_cat-accessori-per-scorrevoli","7":"product_cat-omnia","8":"profilo-900-s","9":"profilo-900-s-tt","10":"profilo-alpha-560-s","11":"profilo-atlantis-60-scorrevole","12":"profilo-bs-6","13":"profilo-domal-40-s","14":"profilo-e-48-s","15":"profilo-e-48-s-tt","16":"profilo-ekos-50-sh-slide","17":"profilo-ekos-60-s","18":"profilo-ekos-60-sth","19":"profilo-ekos-80-sthr","20":"profilo-export-60-s","21":"profilo-global-60","22":"profilo-ks-2","23":"profilo-nc-60-int","24":"profilo-pe-60-s","25":"profilo-r-50-s","26":"profilo-royal-s-93","27":"profilo-serie-40000","28":"profilo-serie-40600","29":"profilo-skeit-60","30":"profilo-skeit-90","31":"profilo-start-410-s","32":"profilo-system-212","33":"profilo-system-401","34":"profilo-system-501","35":"profilo-tecno-slide-70-tt","36":"profilo-tt-sc-80","37":"profilo-vuerre-100-s-tt","38":"profilo-zn7-41","39":"finiture-12512","40":"finiture-12513","41":"finiture-12532","42":"finiture-12534","43":"finiture-12536","44":"finiture-bl10","45":"finiture-c","46":"finiture-f","47":"finiture-gr217","48":"finiture-ne","49":"finiture-silv","50":"finiture-ze","51":"description-off","53":"first","54":"onbackorder","55":"product-type-simple"},"acf":[],"yoast_head":"<!-- This site is optimized with the Yoast SEO plugin v27.2 - https:\/\/yoast.com\/product\/yoast-seo-wordpress\/ -->\n<title>OMNIA - 2047<\/title>\n<meta name=\"description\" content=\"(brev.) Fermeture simple \u00e0 syst\u00e8me manuel pour coulissants\" \/>\n<meta name=\"robots\" content=\"noindex, follow, max-snippet:-1, max-image-preview:large, max-video-preview:-1\" \/>\n<meta property=\"og:locale\" content=\"fr_FR\" \/>\n<meta property=\"og:type\" content=\"article\" \/>\n<meta property=\"og:title\" content=\"OMNIA - 2047\" \/>\n<meta property=\"og:description\" content=\"(brev.) Fermeture simple \u00e0 syst\u00e8me manuel pour coulissants\" \/>\n<meta property=\"og:url\" content=\"https:\/\/stage.savio.it\/fr\/prodotto\/omnia-2047\/\" \/>\n<meta property=\"og:site_name\" content=\"SAVIO\" \/>\n<meta property=\"article:modified_time\" content=\"2021-10-01T14:46:57+00:00\" \/>\n<meta property=\"og:image\" content=\"https:\/\/stage.savio.it\/wp-content\/uploads\/2022\/06\/2047.jpg\" \/>\n\t<meta property=\"og:image:width\" content=\"1000\" \/>\n\t<meta property=\"og:image:height\" content=\"1000\" \/>\n\t<meta property=\"og:image:type\" content=\"image\/jpeg\" \/>\n<meta name=\"twitter:card\" content=\"summary_large_image\" \/>\n<meta name=\"twitter:label1\" content=\"Dur\u00e9e de lecture estim\u00e9e\" \/>\n\t<meta name=\"twitter:data1\" content=\"4 minutes\" \/>\n<script type=\"application\/ld+json\" class=\"yoast-schema-graph\">{\"@context\":\"https:\/\/schema.org\",\"@graph\":[{\"@type\":\"WebPage\",\"@id\":\"https:\/\/stage.savio.it\/fr\/prodotto\/omnia-2047\/\",\"url\":\"https:\/\/stage.savio.it\/fr\/prodotto\/omnia-2047\/\",\"name\":\"OMNIA - 2047\",\"isPartOf\":{\"@id\":\"https:\/\/stage.savio.it\/fr\/#website\"},\"primaryImageOfPage\":{\"@id\":\"https:\/\/stage.savio.it\/fr\/prodotto\/omnia-2047\/#primaryimage\"},\"image\":{\"@id\":\"https:\/\/stage.savio.it\/fr\/prodotto\/omnia-2047\/#primaryimage\"},\"thumbnailUrl\":\"https:\/\/stage.savio.it\/wp-content\/uploads\/2022\/06\/2047.jpg\",\"datePublished\":\"2021-10-01T14:46:53+00:00\",\"dateModified\":\"2021-10-01T14:46:57+00:00\",\"description\":\"(brev.) Fermeture simple \u00e0 syst\u00e8me manuel pour coulissants\",\"breadcrumb\":{\"@id\":\"https:\/\/stage.savio.it\/fr\/prodotto\/omnia-2047\/#breadcrumb\"},\"inLanguage\":\"fr-FR\",\"potentialAction\":[{\"@type\":\"ReadAction\",\"target\":[\"https:\/\/stage.savio.it\/fr\/prodotto\/omnia-2047\/\"]}]},{\"@type\":\"ImageObject\",\"inLanguage\":\"fr-FR\",\"@id\":\"https:\/\/stage.savio.it\/fr\/prodotto\/omnia-2047\/#primaryimage\",\"url\":\"https:\/\/stage.savio.it\/wp-content\/uploads\/2022\/06\/2047.jpg\",\"contentUrl\":\"https:\/\/stage.savio.it\/wp-content\/uploads\/2022\/06\/2047.jpg\",\"width\":1000,\"height\":1000},{\"@type\":\"BreadcrumbList\",\"@id\":\"https:\/\/stage.savio.it\/fr\/prodotto\/omnia-2047\/#breadcrumb\",\"itemListElement\":[{\"@type\":\"ListItem\",\"position\":1,\"name\":\"Home\",\"item\":\"https:\/\/stage.savio.it\/fr\/\"},{\"@type\":\"ListItem\",\"position\":2,\"name\":\"Prodotti\",\"item\":\"https:\/\/stage.savio.it\/fr\/prodotti\/\"},{\"@type\":\"ListItem\",\"position\":3,\"name\":\"OMNIA &#8211; 2047\"}]},{\"@type\":\"WebSite\",\"@id\":\"https:\/\/stage.savio.it\/fr\/#website\",\"url\":\"https:\/\/stage.savio.it\/fr\/\",\"name\":\"SAVIO\",\"description\":\"Open mind for closing system\",\"publisher\":{\"@id\":\"https:\/\/stage.savio.it\/fr\/#organization\"},\"potentialAction\":[{\"@type\":\"SearchAction\",\"target\":{\"@type\":\"EntryPoint\",\"urlTemplate\":\"https:\/\/stage.savio.it\/fr\/?s={search_term_string}\"},\"query-input\":{\"@type\":\"PropertyValueSpecification\",\"valueRequired\":true,\"valueName\":\"search_term_string\"}}],\"inLanguage\":\"fr-FR\"},{\"@type\":\"Organization\",\"@id\":\"https:\/\/stage.savio.it\/fr\/#organization\",\"name\":\"SAVIO\",\"url\":\"https:\/\/stage.savio.it\/fr\/\",\"logo\":{\"@type\":\"ImageObject\",\"inLanguage\":\"fr-FR\",\"@id\":\"https:\/\/stage.savio.it\/fr\/#\/schema\/logo\/image\/\",\"url\":\"https:\/\/stage.savio.it\/wp-content\/uploads\/2021\/09\/cropped-Savio-logo.png\",\"contentUrl\":\"https:\/\/stage.savio.it\/wp-content\/uploads\/2021\/09\/cropped-Savio-logo.png\",\"width\":243,\"height\":64,\"caption\":\"SAVIO\"},\"image\":{\"@id\":\"https:\/\/stage.savio.it\/fr\/#\/schema\/logo\/image\/\"}}]}<\/script>\n<!-- \/ Yoast SEO plugin. -->","yoast_head_json":{"title":"OMNIA - 2047","description":"(brev.) Fermeture simple \u00e0 syst\u00e8me manuel pour coulissants","robots":{"index":"noindex","follow":"follow","max-snippet":"max-snippet:-1","max-image-preview":"max-image-preview:large","max-video-preview":"max-video-preview:-1"},"og_locale":"fr_FR","og_type":"article","og_title":"OMNIA - 2047","og_description":"(brev.) Fermeture simple \u00e0 syst\u00e8me manuel pour coulissants","og_url":"https:\/\/stage.savio.it\/fr\/prodotto\/omnia-2047\/","og_site_name":"SAVIO","article_modified_time":"2021-10-01T14:46:57+00:00","og_image":[{"width":1000,"height":1000,"url":"https:\/\/stage.savio.it\/wp-content\/uploads\/2022\/06\/2047.jpg","type":"image\/jpeg"}],"twitter_card":"summary_large_image","twitter_misc":{"Dur\u00e9e de lecture estim\u00e9e":"4 minutes"},"schema":{"@context":"https:\/\/schema.org","@graph":[{"@type":"WebPage","@id":"https:\/\/stage.savio.it\/fr\/prodotto\/omnia-2047\/","url":"https:\/\/stage.savio.it\/fr\/prodotto\/omnia-2047\/","name":"OMNIA - 2047","isPartOf":{"@id":"https:\/\/stage.savio.it\/fr\/#website"},"primaryImageOfPage":{"@id":"https:\/\/stage.savio.it\/fr\/prodotto\/omnia-2047\/#primaryimage"},"image":{"@id":"https:\/\/stage.savio.it\/fr\/prodotto\/omnia-2047\/#primaryimage"},"thumbnailUrl":"https:\/\/stage.savio.it\/wp-content\/uploads\/2022\/06\/2047.jpg","datePublished":"2021-10-01T14:46:53+00:00","dateModified":"2021-10-01T14:46:57+00:00","description":"(brev.) Fermeture simple \u00e0 syst\u00e8me manuel pour coulissants","breadcrumb":{"@id":"https:\/\/stage.savio.it\/fr\/prodotto\/omnia-2047\/#breadcrumb"},"inLanguage":"fr-FR","potentialAction":[{"@type":"ReadAction","target":["https:\/\/stage.savio.it\/fr\/prodotto\/omnia-2047\/"]}]},{"@type":"ImageObject","inLanguage":"fr-FR","@id":"https:\/\/stage.savio.it\/fr\/prodotto\/omnia-2047\/#primaryimage","url":"https:\/\/stage.savio.it\/wp-content\/uploads\/2022\/06\/2047.jpg","contentUrl":"https:\/\/stage.savio.it\/wp-content\/uploads\/2022\/06\/2047.jpg","width":1000,"height":1000},{"@type":"BreadcrumbList","@id":"https:\/\/stage.savio.it\/fr\/prodotto\/omnia-2047\/#breadcrumb","itemListElement":[{"@type":"ListItem","position":1,"name":"Home","item":"https:\/\/stage.savio.it\/fr\/"},{"@type":"ListItem","position":2,"name":"Prodotti","item":"https:\/\/stage.savio.it\/fr\/prodotti\/"},{"@type":"ListItem","position":3,"name":"OMNIA &#8211; 2047"}]},{"@type":"WebSite","@id":"https:\/\/stage.savio.it\/fr\/#website","url":"https:\/\/stage.savio.it\/fr\/","name":"SAVIO","description":"Open mind for closing system","publisher":{"@id":"https:\/\/stage.savio.it\/fr\/#organization"},"potentialAction":[{"@type":"SearchAction","target":{"@type":"EntryPoint","urlTemplate":"https:\/\/stage.savio.it\/fr\/?s={search_term_string}"},"query-input":{"@type":"PropertyValueSpecification","valueRequired":true,"valueName":"search_term_string"}}],"inLanguage":"fr-FR"},{"@type":"Organization","@id":"https:\/\/stage.savio.it\/fr\/#organization","name":"SAVIO","url":"https:\/\/stage.savio.it\/fr\/","logo":{"@type":"ImageObject","inLanguage":"fr-FR","@id":"https:\/\/stage.savio.it\/fr\/#\/schema\/logo\/image\/","url":"https:\/\/stage.savio.it\/wp-content\/uploads\/2021\/09\/cropped-Savio-logo.png","contentUrl":"https:\/\/stage.savio.it\/wp-content\/uploads\/2021\/09\/cropped-Savio-logo.png","width":243,"height":64,"caption":"SAVIO"},"image":{"@id":"https:\/\/stage.savio.it\/fr\/#\/schema\/logo\/image\/"}}]}},"uagb_featured_image_src":{"full":["https:\/\/stage.savio.it\/wp-content\/uploads\/2022\/06\/2047.jpg",1000,1000,false],"thumbnail":["https:\/\/stage.savio.it\/wp-content\/uploads\/2022\/06\/2047-150x150.jpg",150,150,true],"medium":["https:\/\/stage.savio.it\/wp-content\/uploads\/2022\/06\/2047-300x300.jpg",300,300,true],"medium_large":["https:\/\/stage.savio.it\/wp-content\/uploads\/2022\/06\/2047-768x768.jpg",768,768,true],"large":["https:\/\/stage.savio.it\/wp-content\/uploads\/2022\/06\/2047.jpg",1000,1000,false],"gs-tiny":["https:\/\/stage.savio.it\/wp-content\/uploads\/2022\/06\/2047.jpg",50,50,false],"xl":["https:\/\/stage.savio.it\/wp-content\/uploads\/2022\/06\/2047.jpg",1000,1000,false],"xxl":["https:\/\/stage.savio.it\/wp-content\/uploads\/2022\/06\/2047.jpg",1000,1000,false],"xxxl":["https:\/\/stage.savio.it\/wp-content\/uploads\/2022\/06\/2047.jpg",1000,1000,false],"xxxxl":["https:\/\/stage.savio.it\/wp-content\/uploads\/2022\/06\/2047.jpg",1000,1000,false],"xxxxxl":["https:\/\/stage.savio.it\/wp-content\/uploads\/2022\/06\/2047.jpg",1000,1000,false],"1536x1536":["https:\/\/stage.savio.it\/wp-content\/uploads\/2022\/06\/2047.jpg",1000,1000,false],"2048x2048":["https:\/\/stage.savio.it\/wp-content\/uploads\/2022\/06\/2047.jpg",1000,1000,false],"woocommerce_thumbnail":["https:\/\/stage.savio.it\/wp-content\/uploads\/2022\/06\/2047-300x300.jpg",300,300,true],"woocommerce_single":["https:\/\/stage.savio.it\/wp-content\/uploads\/2022\/06\/2047-600x600.jpg",600,600,true],"woocommerce_gallery_thumbnail":["https:\/\/stage.savio.it\/wp-content\/uploads\/2022\/06\/2047-200x200.jpg",200,200,true]},"uagb_author_info":{"display_name":"admin_news","author_link":"https:\/\/stage.savio.it\/fr\/author\/"},"uagb_comment_info":0,"uagb_excerpt":"(brev.) Fermeture simple \u00e0 syst\u00e8me manuel pour coulissants","_links":{"self":[{"href":"https:\/\/stage.savio.it\/fr\/wp-json\/wp\/v2\/product\/29882","targetHints":{"allow":["GET"]}}],"collection":[{"href":"https:\/\/stage.savio.it\/fr\/wp-json\/wp\/v2\/product"}],"about":[{"href":"https:\/\/stage.savio.it\/fr\/wp-json\/wp\/v2\/types\/product"}],"replies":[{"embeddable":true,"href":"https:\/\/stage.savio.it\/fr\/wp-json\/wp\/v2\/comments?post=29882"}],"wp:featuredmedia":[{"embeddable":true,"href":"https:\/\/stage.savio.it\/fr\/wp-json\/wp\/v2\/media\/74050"}],"wp:attachment":[{"href":"https:\/\/stage.savio.it\/fr\/wp-json\/wp\/v2\/media?parent=29882"}],"wp:term":[{"taxonomy":"product_brand","embeddable":true,"href":"https:\/\/stage.savio.it\/fr\/wp-json\/wp\/v2\/product_brand?post=29882"},{"taxonomy":"product_cat","embeddable":true,"href":"https:\/\/stage.savio.it\/fr\/wp-json\/wp\/v2\/product_cat?post=29882"},{"taxonomy":"product_tag","embeddable":true,"href":"https:\/\/stage.savio.it\/fr\/wp-json\/wp\/v2\/product_tag?post=29882"},{"taxonomy":"profilo","embeddable":true,"href":"https:\/\/stage.savio.it\/fr\/wp-json\/wp\/v2\/profilo?post=29882"},{"taxonomy":"finiture","embeddable":true,"href":"https:\/\/stage.savio.it\/fr\/wp-json\/wp\/v2\/finiture?post=29882"},{"taxonomy":"gruppo_anta","embeddable":true,"href":"https:\/\/stage.savio.it\/fr\/wp-json\/wp\/v2\/gruppo_anta?post=29882"}],"curies":[{"name":"wp","href":"https:\/\/api.w.org\/{rel}","templated":true}]}}