{"id":29396,"date":"2021-10-01T14:39:17","date_gmt":"2021-10-01T14:39:17","guid":{"rendered":"https:\/\/savio.ne-ws.it\/prodotto\/1246-832\/"},"modified":"2021-10-01T14:39:18","modified_gmt":"2021-10-01T14:39:18","slug":"1246-832","status":"publish","type":"product","link":"https:\/\/stage.savio.it\/fr\/prodotto\/1246-832\/","title":{"rendered":"1246.832"},"content":{"rendered":"<p>Radisseur c\u00f4t\u00e9 paumelle en zamak zingu\u00e9 noir, 3 vis pointeau M5x12 et 1 vis \u00e0 t\u00eate frais\u00e9e plate M4x8 en acier inox 304 pr\u00e9-assembl\u00e9es.<\/p>\n","protected":false},"excerpt":{"rendered":"<p>Radisseur c\u00f4t\u00e9 paumelle<\/p>\n","protected":false},"featured_media":17737,"comment_status":"closed","ping_status":"closed","template":"","meta":{"_acf_changed":false,"_uag_custom_page_level_css":""},"product_brand":[],"product_cat":[12589],"product_tag":[],"profilo":[11995,11996,12040,12393,12400,12394,12395,12396,12398,12399,12061,12062,12063,12479,12480,12481,12411,12412,12104,12105,12134,12135,12136,12137,12138,12111,12125,12112,12139,12140,12386,12388,12389,12267,12441,12443,12442,12445,12446,12447,12448,12449,12451,12452,12461,12462,12453,12455,12464,12465,12466,12456,12458,12320,12339,12346,12321,12344,12322,12323,12340,12347,12324,12345,12325,12348,11980,11981,11982,11983,12417,12416,12423,12424,12425,12426,12427,12428,12429,12430,12006,12030,12007,12095,12096,12008,12009,12010,12098,12011,12035,12036,12034,12038,12152,12153,12164,12166,12154,12155,12156,12180,12181,12157,12182,12183,12482,12483,12168,12470,12468,12469,12434,12012,12013,12014,12015,12016,12247,12266,12248,12249,12219,12186,12187,12196,12197,12198,12218,12228,12220,12230,12199,12200,12201,12227,12202,12235,12236,12064,11970,11971,11969,11968,11972,11973,11974,11975,12169,12170,12173,12172,12174,12171,12175,12177,12178,12085,12372,12373,12486,12476,12477,12487,12488,12088,12089,12090,12091,12489,12490,12086,12355,12369,12361,12357,12363,12356,12362,12358,12359,12364,12229,12044,12051,12052,12045,12046,12053,12484,12246,12435,12437,12436,12438,12274,12275,12276,12304,12305,12277,12293,12299,12300,12296,12297,12301,12302,12298,12311,12312,12313,12315,12314,12316],"finiture":[],"gruppo_anta":[2960,2961,2956,2958,2957,2959],"class_list":{"0":"post-29396","1":"product","2":"type-product","3":"status-publish","4":"has-post-thumbnail","6":"product_cat-anta-ribalta-e-accessori","7":"profilo-alfil-a54rpt","8":"profilo-alfil-a65rpt","9":"profilo-allco-tec-72","10":"profilo-atlantis-45","11":"profilo-atlantis-45-persiana","12":"profilo-atlantis-45-raggiato","13":"profilo-atlantis-55-tt","14":"profilo-atlantis-55-tt-raggiato","15":"profilo-atlantis-68-tt","16":"profilo-atlantis-68-tt-raggiato","17":"profilo-bga-50","18":"profilo-bga-50-arrotondato","19":"profilo-bga-50-raggiato","20":"profilo-bronze-window","21":"profilo-calm-door","22":"profilo-calm-window","23":"profilo-cx-600","24":"profilo-cx-700","25":"profilo-domal-break-pa-52","26":"profilo-domal-break-pa-52-raggiato","27":"profilo-domal-bright-pa-70-s","28":"profilo-domal-bright-pa-70-s-raggiato","29":"profilo-domal-extratermic-62","30":"profilo-domal-extratermic-62-raggiato","31":"profilo-domal-extratermic-62-sfera","32":"profilo-domal-stopper-pg","33":"profilo-domal-stopper-pg-63","34":"profilo-domal-stopper-pg-raggiato","35":"profilo-domal-top-tb-65","36":"profilo-domal-top-tb-65-raggiato","37":"profilo-ecowin-persiana-storica","38":"profilo-ecowin-th-62","39":"profilo-ecowin-th-72","40":"profilo-ekip-th-83","41":"profilo-ekos-50-sh","42":"profilo-ekos-50-sh-persiana","43":"profilo-ekos-50-sh-raggiato","44":"profilo-ekos-50-th","45":"profilo-ekos-50-th-raggiato","46":"profilo-ekos-50-thw","47":"profilo-ekos-58-thm","48":"profilo-ekos-58-thm-raggiato","49":"profilo-ekos-66-th","50":"profilo-ekos-66-th-raggiato","51":"profilo-ekos-68-thr","52":"profilo-ekos-68-thr-raggiato","53":"profilo-ekos-75-th","54":"profilo-ekos-75-thw","55":"profilo-ekos-85-th","56":"profilo-ekos-85-th-raggiato","57":"profilo-ekos-85-thw","58":"profilo-ekos-minimall-54-th","59":"profilo-ekos-minimall-62-thj","60":"profilo-eku-40","61":"profilo-eku-40-raggiato","62":"profilo-eku-52-tt","63":"profilo-eku-53","64":"profilo-eku-53-persiana","65":"profilo-eku-53-raggiato","66":"profilo-eku-53-tt","67":"profilo-eku-53-tt-raggiato","68":"profilo-eku-62-tt","69":"profilo-eku-64-tt","70":"profilo-eku-66-tt","71":"profilo-eku-72-tt","72":"profilo-eku-78-tt","73":"profilo-esedra-ga-53","74":"profilo-esedra-ga-53-raggiato","75":"profilo-esedra-tt-63","76":"profilo-esedra-tt-75","77":"profilo-et-45-sormonto","78":"profilo-et-45-sormonto-raggiato","79":"profilo-et-58-2-tt","80":"profilo-et-58-2-tt-raggiato","81":"profilo-et-67-3-tt","82":"profilo-et-67-3-tt-raggiato","83":"profilo-et-68-2-tt","84":"profilo-et-68-2-tt-raggiato","85":"profilo-et-75-3-tt","86":"profilo-et-75-3-tt-raggiato","87":"profilo-export-45","88":"profilo-export-45-persiana","89":"profilo-export-45-raggiato","90":"profilo-export-45-t","91":"profilo-export-45-t-raggiato","92":"profilo-export-45-tt","93":"profilo-export-45-tt-raggiato","94":"profilo-export-50","95":"profilo-export-50-t","96":"profilo-export-50-tt","97":"profilo-export-51-tt","98":"profilo-export-51-tt-raggiato","99":"profilo-export-68-tt","100":"profilo-export-68-tt-raggiato","101":"profilo-gold-400","102":"profilo-gold-400-raggiato","103":"profilo-gold-450","104":"profilo-gold-450-tt","105":"profilo-gold-490-tt","106":"profilo-gold-500","107":"profilo-gold-500-raggiato","108":"profilo-gold-502-hc","109":"profilo-gold-502-hc-raggiato","110":"profilo-gold-600","111":"profilo-gold-600-hc","112":"profilo-gold-600-hc-raggiato","113":"profilo-golden-silver-door","114":"profilo-golden-silver-window","115":"profilo-goldwing","116":"profilo-hf-580","117":"profilo-hp-600","118":"profilo-hp-700","119":"profilo-iblea-color","120":"profilo-k-40","121":"profilo-k-40-raggiato","122":"profilo-k-45t","123":"profilo-k-64t","124":"profilo-k-70t","125":"profilo-maastricht-53","126":"profilo-maastricht-light","127":"profilo-maastricht-th-60","128":"profilo-maastricht-th-68","129":"profilo-metraltech","130":"profilo-mx-50","131":"profilo-mx-70","132":"profilo-nc-45-int","133":"profilo-nc-45-int-raggiato","134":"profilo-nc-45-sth","135":"profilo-nc-50-i","136":"profilo-nc-50-i-raggiato","137":"profilo-nc-50-sth","138":"profilo-nc-50-sth-raggiato","139":"profilo-nc-55-int","140":"profilo-nc-65-sth","141":"profilo-nc-68-sth","142":"profilo-nc-68-sth-s","143":"profilo-nc-72-sth","144":"profilo-nc-75-sth","145":"profilo-nc-75-sthi","146":"profilo-new-bt-60-tt","147":"profilo-planet-45","148":"profilo-planet-45-raggiato","149":"profilo-planet-50-raggiato","150":"profilo-planet-50-tt","151":"profilo-planet-62-tt","152":"profilo-planet-62-tt-raggiato","153":"profilo-planet-72-ht","154":"profilo-planet-72-ht-raggiato","155":"profilo-plathina-60-antares","156":"profilo-plathina-60-classica","157":"profilo-plathina-60-flat-antares","158":"profilo-plathina-60-flat-classica","159":"profilo-plathina-60-flat-rustica","160":"profilo-plathina-60-rustica","161":"profilo-plathina-69-classica","162":"profilo-plathina-69-flat-classica","163":"profilo-plathina-75-classica","164":"profilo-prestige-73-tt","165":"profilo-road-520-tt-ce","166":"profilo-road-600-tt-ce","167":"profilo-serie-213","168":"profilo-serie-6000","169":"profilo-serie-6500-rpt","170":"profilo-serie-751","171":"profilo-serie-769","172":"profilo-serie-8000","173":"profilo-serie-8000-raggiato","174":"profilo-serie-8000-tt","175":"profilo-serie-8000-tt-raggiato","176":"profilo-serie-801","177":"profilo-serie-901","178":"profilo-slim-70-tt","179":"profilo-start-410","180":"profilo-start-410-persiana","181":"profilo-start-410-raggiato","182":"profilo-start-470-tt","183":"profilo-start-470-tt-raggiato","184":"profilo-start-510","185":"profilo-start-510-raggiato","186":"profilo-start-560-tt","187":"profilo-start-640-tt","188":"profilo-start-760-tt","189":"profilo-superblindo","190":"profilo-synthesis-45","191":"profilo-synthesis-52","192":"profilo-synthesis-52-tt","193":"profilo-synthesis-57","194":"profilo-synthesis-60-tt","195":"profilo-synthesis-68-tt","196":"profilo-uah-100-window-bullet-proof","197":"profilo-venice-th16","198":"profilo-vuerre-53-tt","199":"profilo-vuerre-53-tt-raggiato","200":"profilo-vuerre-70-tt","201":"profilo-vuerre-70-tt-raggiato","202":"profilo-windstop-45","203":"profilo-windstop-45-raggiato","204":"profilo-windstop-45-tt","205":"profilo-windstop-45-tt-classic","206":"profilo-windstop-45-tt-classic-raggiato","207":"profilo-windstop-45-tt-raggiato","208":"profilo-windstop-55-tt","209":"profilo-windstop-55-tt-classic","210":"profilo-windstop-55-tt-classic-raggiato","211":"profilo-windstop-55-tt-raggiato","212":"profilo-windstop-65-tt","213":"profilo-windstop-65-tt-classic","214":"profilo-windstop-65-tt-classic-raggiato","215":"profilo-windstop-65-tt-raggiato","216":"profilo-windstop-73-tt","217":"profilo-windstop-73-tt-raggiato","218":"profilo-ws-65-thi","219":"profilo-ws-65-thi-raggiato","220":"profilo-ws-75-thi","221":"profilo-ws-75-thi-raggiato","222":"gruppo_anta-2960","223":"gruppo_anta-2961","224":"gruppo_anta-2956","225":"gruppo_anta-2958","226":"gruppo_anta-2957","227":"gruppo_anta-2959","228":"description-off","230":"first","231":"onbackorder","232":"product-type-simple"},"acf":[],"yoast_head":"<!-- This site is optimized with the Yoast SEO plugin v27.2 - https:\/\/yoast.com\/product\/yoast-seo-wordpress\/ -->\n<title>1246.832<\/title>\n<meta name=\"description\" content=\"Radisseur c\u00f4t\u00e9 paumelle\" \/>\n<meta name=\"robots\" content=\"noindex, follow, max-snippet:-1, max-image-preview:large, max-video-preview:-1\" \/>\n<meta property=\"og:locale\" content=\"fr_FR\" \/>\n<meta property=\"og:type\" content=\"article\" \/>\n<meta property=\"og:title\" content=\"1246.832\" \/>\n<meta property=\"og:description\" content=\"Radisseur c\u00f4t\u00e9 paumelle\" \/>\n<meta property=\"og:url\" content=\"https:\/\/stage.savio.it\/fr\/prodotto\/1246-832\/\" \/>\n<meta property=\"og:site_name\" content=\"SAVIO\" \/>\n<meta property=\"article:modified_time\" content=\"2021-10-01T14:39:18+00:00\" \/>\n<meta property=\"og:image\" content=\"https:\/\/stage.savio.it\/wp-content\/uploads\/2021\/09\/1246_832-1.jpg\" \/>\n\t<meta property=\"og:image:width\" content=\"229\" \/>\n\t<meta property=\"og:image:height\" content=\"229\" \/>\n\t<meta property=\"og:image:type\" content=\"image\/jpeg\" \/>\n<meta name=\"twitter:card\" content=\"summary_large_image\" \/>\n<meta name=\"twitter:label1\" content=\"Dur\u00e9e de lecture estim\u00e9e\" \/>\n\t<meta name=\"twitter:data1\" content=\"4 minutes\" \/>\n<script type=\"application\/ld+json\" class=\"yoast-schema-graph\">{\"@context\":\"https:\/\/schema.org\",\"@graph\":[{\"@type\":\"WebPage\",\"@id\":\"https:\/\/stage.savio.it\/fr\/prodotto\/1246-832\/\",\"url\":\"https:\/\/stage.savio.it\/fr\/prodotto\/1246-832\/\",\"name\":\"1246.832\",\"isPartOf\":{\"@id\":\"https:\/\/stage.savio.it\/fr\/#website\"},\"primaryImageOfPage\":{\"@id\":\"https:\/\/stage.savio.it\/fr\/prodotto\/1246-832\/#primaryimage\"},\"image\":{\"@id\":\"https:\/\/stage.savio.it\/fr\/prodotto\/1246-832\/#primaryimage\"},\"thumbnailUrl\":\"https:\/\/stage.savio.it\/wp-content\/uploads\/2021\/09\/1246_832-1.jpg\",\"datePublished\":\"2021-10-01T14:39:17+00:00\",\"dateModified\":\"2021-10-01T14:39:18+00:00\",\"description\":\"Radisseur c\u00f4t\u00e9 paumelle\",\"breadcrumb\":{\"@id\":\"https:\/\/stage.savio.it\/fr\/prodotto\/1246-832\/#breadcrumb\"},\"inLanguage\":\"fr-FR\",\"potentialAction\":[{\"@type\":\"ReadAction\",\"target\":[\"https:\/\/stage.savio.it\/fr\/prodotto\/1246-832\/\"]}]},{\"@type\":\"ImageObject\",\"inLanguage\":\"fr-FR\",\"@id\":\"https:\/\/stage.savio.it\/fr\/prodotto\/1246-832\/#primaryimage\",\"url\":\"https:\/\/stage.savio.it\/wp-content\/uploads\/2021\/09\/1246_832-1.jpg\",\"contentUrl\":\"https:\/\/stage.savio.it\/wp-content\/uploads\/2021\/09\/1246_832-1.jpg\",\"width\":229,\"height\":229},{\"@type\":\"BreadcrumbList\",\"@id\":\"https:\/\/stage.savio.it\/fr\/prodotto\/1246-832\/#breadcrumb\",\"itemListElement\":[{\"@type\":\"ListItem\",\"position\":1,\"name\":\"Home\",\"item\":\"https:\/\/stage.savio.it\/fr\/\"},{\"@type\":\"ListItem\",\"position\":2,\"name\":\"Prodotti\",\"item\":\"https:\/\/stage.savio.it\/fr\/prodotti\/\"},{\"@type\":\"ListItem\",\"position\":3,\"name\":\"1246.832\"}]},{\"@type\":\"WebSite\",\"@id\":\"https:\/\/stage.savio.it\/fr\/#website\",\"url\":\"https:\/\/stage.savio.it\/fr\/\",\"name\":\"SAVIO\",\"description\":\"Open mind for closing system\",\"publisher\":{\"@id\":\"https:\/\/stage.savio.it\/fr\/#organization\"},\"potentialAction\":[{\"@type\":\"SearchAction\",\"target\":{\"@type\":\"EntryPoint\",\"urlTemplate\":\"https:\/\/stage.savio.it\/fr\/?s={search_term_string}\"},\"query-input\":{\"@type\":\"PropertyValueSpecification\",\"valueRequired\":true,\"valueName\":\"search_term_string\"}}],\"inLanguage\":\"fr-FR\"},{\"@type\":\"Organization\",\"@id\":\"https:\/\/stage.savio.it\/fr\/#organization\",\"name\":\"SAVIO\",\"url\":\"https:\/\/stage.savio.it\/fr\/\",\"logo\":{\"@type\":\"ImageObject\",\"inLanguage\":\"fr-FR\",\"@id\":\"https:\/\/stage.savio.it\/fr\/#\/schema\/logo\/image\/\",\"url\":\"https:\/\/stage.savio.it\/wp-content\/uploads\/2021\/09\/cropped-Savio-logo.png\",\"contentUrl\":\"https:\/\/stage.savio.it\/wp-content\/uploads\/2021\/09\/cropped-Savio-logo.png\",\"width\":243,\"height\":64,\"caption\":\"SAVIO\"},\"image\":{\"@id\":\"https:\/\/stage.savio.it\/fr\/#\/schema\/logo\/image\/\"}}]}<\/script>\n<!-- \/ Yoast SEO plugin. -->","yoast_head_json":{"title":"1246.832","description":"Radisseur c\u00f4t\u00e9 paumelle","robots":{"index":"noindex","follow":"follow","max-snippet":"max-snippet:-1","max-image-preview":"max-image-preview:large","max-video-preview":"max-video-preview:-1"},"og_locale":"fr_FR","og_type":"article","og_title":"1246.832","og_description":"Radisseur c\u00f4t\u00e9 paumelle","og_url":"https:\/\/stage.savio.it\/fr\/prodotto\/1246-832\/","og_site_name":"SAVIO","article_modified_time":"2021-10-01T14:39:18+00:00","og_image":[{"width":229,"height":229,"url":"https:\/\/stage.savio.it\/wp-content\/uploads\/2021\/09\/1246_832-1.jpg","type":"image\/jpeg"}],"twitter_card":"summary_large_image","twitter_misc":{"Dur\u00e9e de lecture estim\u00e9e":"4 minutes"},"schema":{"@context":"https:\/\/schema.org","@graph":[{"@type":"WebPage","@id":"https:\/\/stage.savio.it\/fr\/prodotto\/1246-832\/","url":"https:\/\/stage.savio.it\/fr\/prodotto\/1246-832\/","name":"1246.832","isPartOf":{"@id":"https:\/\/stage.savio.it\/fr\/#website"},"primaryImageOfPage":{"@id":"https:\/\/stage.savio.it\/fr\/prodotto\/1246-832\/#primaryimage"},"image":{"@id":"https:\/\/stage.savio.it\/fr\/prodotto\/1246-832\/#primaryimage"},"thumbnailUrl":"https:\/\/stage.savio.it\/wp-content\/uploads\/2021\/09\/1246_832-1.jpg","datePublished":"2021-10-01T14:39:17+00:00","dateModified":"2021-10-01T14:39:18+00:00","description":"Radisseur c\u00f4t\u00e9 paumelle","breadcrumb":{"@id":"https:\/\/stage.savio.it\/fr\/prodotto\/1246-832\/#breadcrumb"},"inLanguage":"fr-FR","potentialAction":[{"@type":"ReadAction","target":["https:\/\/stage.savio.it\/fr\/prodotto\/1246-832\/"]}]},{"@type":"ImageObject","inLanguage":"fr-FR","@id":"https:\/\/stage.savio.it\/fr\/prodotto\/1246-832\/#primaryimage","url":"https:\/\/stage.savio.it\/wp-content\/uploads\/2021\/09\/1246_832-1.jpg","contentUrl":"https:\/\/stage.savio.it\/wp-content\/uploads\/2021\/09\/1246_832-1.jpg","width":229,"height":229},{"@type":"BreadcrumbList","@id":"https:\/\/stage.savio.it\/fr\/prodotto\/1246-832\/#breadcrumb","itemListElement":[{"@type":"ListItem","position":1,"name":"Home","item":"https:\/\/stage.savio.it\/fr\/"},{"@type":"ListItem","position":2,"name":"Prodotti","item":"https:\/\/stage.savio.it\/fr\/prodotti\/"},{"@type":"ListItem","position":3,"name":"1246.832"}]},{"@type":"WebSite","@id":"https:\/\/stage.savio.it\/fr\/#website","url":"https:\/\/stage.savio.it\/fr\/","name":"SAVIO","description":"Open mind for closing system","publisher":{"@id":"https:\/\/stage.savio.it\/fr\/#organization"},"potentialAction":[{"@type":"SearchAction","target":{"@type":"EntryPoint","urlTemplate":"https:\/\/stage.savio.it\/fr\/?s={search_term_string}"},"query-input":{"@type":"PropertyValueSpecification","valueRequired":true,"valueName":"search_term_string"}}],"inLanguage":"fr-FR"},{"@type":"Organization","@id":"https:\/\/stage.savio.it\/fr\/#organization","name":"SAVIO","url":"https:\/\/stage.savio.it\/fr\/","logo":{"@type":"ImageObject","inLanguage":"fr-FR","@id":"https:\/\/stage.savio.it\/fr\/#\/schema\/logo\/image\/","url":"https:\/\/stage.savio.it\/wp-content\/uploads\/2021\/09\/cropped-Savio-logo.png","contentUrl":"https:\/\/stage.savio.it\/wp-content\/uploads\/2021\/09\/cropped-Savio-logo.png","width":243,"height":64,"caption":"SAVIO"},"image":{"@id":"https:\/\/stage.savio.it\/fr\/#\/schema\/logo\/image\/"}}]}},"uagb_featured_image_src":{"full":["https:\/\/stage.savio.it\/wp-content\/uploads\/2021\/09\/1246_832-1.jpg",229,229,false],"thumbnail":["https:\/\/stage.savio.it\/wp-content\/uploads\/2021\/09\/1246_832-1-150x150.jpg",150,150,true],"medium":["https:\/\/stage.savio.it\/wp-content\/uploads\/2021\/09\/1246_832-1.jpg",229,229,false],"medium_large":["https:\/\/stage.savio.it\/wp-content\/uploads\/2021\/09\/1246_832-1.jpg",229,229,false],"large":["https:\/\/stage.savio.it\/wp-content\/uploads\/2021\/09\/1246_832-1.jpg",229,229,false],"gs-tiny":["https:\/\/stage.savio.it\/wp-content\/uploads\/2021\/09\/1246_832-1.jpg",50,50,false],"xl":["https:\/\/stage.savio.it\/wp-content\/uploads\/2021\/09\/1246_832-1.jpg",229,229,false],"xxl":["https:\/\/stage.savio.it\/wp-content\/uploads\/2021\/09\/1246_832-1.jpg",229,229,false],"xxxl":["https:\/\/stage.savio.it\/wp-content\/uploads\/2021\/09\/1246_832-1.jpg",229,229,false],"xxxxl":["https:\/\/stage.savio.it\/wp-content\/uploads\/2021\/09\/1246_832-1.jpg",229,229,false],"xxxxxl":["https:\/\/stage.savio.it\/wp-content\/uploads\/2021\/09\/1246_832-1.jpg",229,229,false],"1536x1536":["https:\/\/stage.savio.it\/wp-content\/uploads\/2021\/09\/1246_832-1.jpg",229,229,false],"2048x2048":["https:\/\/stage.savio.it\/wp-content\/uploads\/2021\/09\/1246_832-1.jpg",229,229,false],"woocommerce_thumbnail":["https:\/\/stage.savio.it\/wp-content\/uploads\/2021\/09\/1246_832-1.jpg",229,229,false],"woocommerce_single":["https:\/\/stage.savio.it\/wp-content\/uploads\/2021\/09\/1246_832-1.jpg",229,229,false],"woocommerce_gallery_thumbnail":["https:\/\/stage.savio.it\/wp-content\/uploads\/2021\/09\/1246_832-1-200x200.jpg",200,200,true]},"uagb_author_info":{"display_name":"admin_news","author_link":"https:\/\/stage.savio.it\/fr\/author\/"},"uagb_comment_info":0,"uagb_excerpt":"Radisseur c\u00f4t\u00e9 paumelle","_links":{"self":[{"href":"https:\/\/stage.savio.it\/fr\/wp-json\/wp\/v2\/product\/29396","targetHints":{"allow":["GET"]}}],"collection":[{"href":"https:\/\/stage.savio.it\/fr\/wp-json\/wp\/v2\/product"}],"about":[{"href":"https:\/\/stage.savio.it\/fr\/wp-json\/wp\/v2\/types\/product"}],"replies":[{"embeddable":true,"href":"https:\/\/stage.savio.it\/fr\/wp-json\/wp\/v2\/comments?post=29396"}],"wp:featuredmedia":[{"embeddable":true,"href":"https:\/\/stage.savio.it\/fr\/wp-json\/wp\/v2\/media\/17737"}],"wp:attachment":[{"href":"https:\/\/stage.savio.it\/fr\/wp-json\/wp\/v2\/media?parent=29396"}],"wp:term":[{"taxonomy":"product_brand","embeddable":true,"href":"https:\/\/stage.savio.it\/fr\/wp-json\/wp\/v2\/product_brand?post=29396"},{"taxonomy":"product_cat","embeddable":true,"href":"https:\/\/stage.savio.it\/fr\/wp-json\/wp\/v2\/product_cat?post=29396"},{"taxonomy":"product_tag","embeddable":true,"href":"https:\/\/stage.savio.it\/fr\/wp-json\/wp\/v2\/product_tag?post=29396"},{"taxonomy":"profilo","embeddable":true,"href":"https:\/\/stage.savio.it\/fr\/wp-json\/wp\/v2\/profilo?post=29396"},{"taxonomy":"finiture","embeddable":true,"href":"https:\/\/stage.savio.it\/fr\/wp-json\/wp\/v2\/finiture?post=29396"},{"taxonomy":"gruppo_anta","embeddable":true,"href":"https:\/\/stage.savio.it\/fr\/wp-json\/wp\/v2\/gruppo_anta?post=29396"}],"curies":[{"name":"wp","href":"https:\/\/api.w.org\/{rel}","templated":true}]}}