{"id":29215,"date":"2021-10-01T14:36:46","date_gmt":"2021-10-01T14:36:46","guid":{"rendered":"https:\/\/savio.ne-ws.it\/prodotto\/mechanica-1146-89\/"},"modified":"2021-10-01T14:36:47","modified_gmt":"2021-10-01T14:36:47","slug":"mechanica-1146-89","status":"publish","type":"product","link":"https:\/\/stage.savio.it\/fr\/prodotto\/mechanica-1146-89\/","title":{"rendered":"MECHANICA &#8211; 1146\/89"},"content":{"rendered":"<p>(brevet\u00e9) Paumelle r\u00e9glable \u00e0 2 lames en aluminium, entraxe de 89 mm, axe de rotation de 20 mm, sans \u00e9paulement, axe \u00d8 11 mm en acier inox, pr\u00e9mont\u00e9 sur une douille \u00e0 came en zamak zingu\u00e9 noir, 2 plaques cache-vis en aluminium, 2 bouchons en nylon, 1 douille autolubrifiante en nylon et 1 v\u00e9rin de r\u00e9glage en zamak. Port\u00e9e: 2 paumelles 100 Kg, 3 paumelles 120 Kg.<\/p>\n","protected":false},"excerpt":{"rendered":"<p>(brev.) Paumelle \u00e0 2 lames<\/p>\n","protected":false},"featured_media":16476,"comment_status":"closed","ping_status":"closed","template":"","meta":{"_acf_changed":false,"_uag_custom_page_level_css":""},"product_brand":[],"product_cat":[12585,12637],"product_tag":[],"profilo":[12431,11995,11996,12040,12408,12391,12393,12402,12403,12134,12121,12136,12115,12124,12125,12126,12116,12139,12141,12388,12389,12267,12253,12445,12451,12461,12464,12346,12321,12332,12323,12333,12347,12349,12324,12334,12345,12325,12335,12348,12350,11984,11985,11982,12418,12417,12423,12425,12427,12429,12413,12019,12035,12034,12066,11963,11967,11964,12152,12153,12164,12154,12155,12159,12156,12180,12157,12182,12160,12470,12468,12469,12254,12255,12256,12186,12187,12189,12196,12204,12205,12218,12225,12220,12231,12206,12217,12207,12208,12209,12235,12236,12017,12270,12289,12278,12271,12288,12295,12279,12272,12308,12309,12310,12281,12329,11970,11968,11972,11974,12170,12172,12175,12177,12176,12178,12179,11988,11990,11991,12372,12373,12376,12375,12380,12377,12378,12355,12357,12371,12356,12358,12359,12364,12210,12051,12052,12045,12047,12046,12053,12070,12073,12074,12075,12076,12081,12419,12257,12435,12436,12274,12303,12276,12304,12293,12299,12297,12307,12311,12313,12314],"finiture":[12532,12534,12536,12552,12556,12565,12583],"gruppo_anta":[],"class_list":{"0":"post-29215","1":"product","2":"type-product","3":"status-publish","4":"has-post-thumbnail","6":"product_cat-cerniere-cerniere-pesanti-e-cerniere-per-vasistas","7":"product_cat-mechanica","8":"profilo-12431","9":"profilo-alfil-a54rpt","10":"profilo-alfil-a65rpt","11":"profilo-allco-tec-72","12":"profilo-allu-sistemi","13":"profilo-atlantis-40","14":"profilo-atlantis-45","15":"profilo-atlantis-55-tt-porte","16":"profilo-atlantis-68-tt-porte","17":"profilo-domal-bright-pa-70-s","18":"profilo-domal-bright-pa-70-s-porte","19":"profilo-domal-extratermic-62","20":"profilo-domal-shops","21":"profilo-domal-spider-l60-style","22":"profilo-domal-stopper-pg-63","23":"profilo-domal-stopper-pg-63-porte","24":"profilo-domal-stopper-pg-porte","25":"profilo-domal-top-tb-65","26":"profilo-domal-top-tb-65-porte","27":"profilo-ecowin-th-62","28":"profilo-ecowin-th-72","29":"profilo-ekip-th-83","30":"profilo-ekip-thermo-53-porte","31":"profilo-ekos-50-th","32":"profilo-ekos-66-th","33":"profilo-ekos-68-thr","34":"profilo-ekos-85-th","35":"profilo-eku-52-tt","36":"profilo-eku-53","37":"profilo-eku-53-porte","38":"profilo-eku-53-tt","39":"profilo-eku-53-tt-porte","40":"profilo-eku-62-tt","41":"profilo-eku-62-tt-porte","42":"profilo-eku-64-tt","43":"profilo-eku-64-tt-porte","44":"profilo-eku-66-tt","45":"profilo-eku-72-tt","46":"profilo-eku-72-tt-porte","47":"profilo-eku-78-tt","48":"profilo-eku-78-tt-porte","49":"profilo-esedra-doors-56","50":"profilo-esedra-doors-56-tt","51":"profilo-esedra-tt-63","52":"profilo-et-45-porte","53":"profilo-et-45-sormonto","54":"profilo-et-58-2-tt","55":"profilo-et-67-3-tt","56":"profilo-et-68-2-tt","57":"profilo-et-75-3-tt","58":"profilo-etnall","59":"profilo-export-50-porte","60":"profilo-export-51-tt","61":"profilo-export-68-tt","62":"profilo-extrablind-70-porte","63":"profilo-global-50-tt","64":"profilo-global-50-tt-porte","65":"profilo-global-78-blindato","66":"profilo-gold-400","67":"profilo-gold-400-raggiato","68":"profilo-gold-450","69":"profilo-gold-490-tt","70":"profilo-gold-500","71":"profilo-gold-500-porte","72":"profilo-gold-500-raggiato","73":"profilo-gold-502-hc","74":"profilo-gold-600","75":"profilo-gold-600-hc","76":"profilo-gold-600-porte","77":"profilo-hf-580","78":"profilo-hp-600","79":"profilo-hp-700","80":"profilo-maastricht-53-porte","81":"profilo-maastricht-th-60-porte","82":"profilo-maastricht-th-68-porte","83":"profilo-mx-50","84":"profilo-mx-70","85":"profilo-mx-70-porte","86":"profilo-nc-45-int","87":"profilo-nc-45-int-porte","88":"profilo-nc-45-sth-porte","89":"profilo-nc-50-i","90":"profilo-nc-50-i-porte","91":"profilo-nc-50-sth","92":"profilo-nc-50-sth-porte","93":"profilo-nc-55-int-porte","94":"profilo-nc-58-mediterraneo-sormonto","95":"profilo-nc-65-sth-porte","96":"profilo-nc-68-sth-porte","97":"profilo-nc-72-sth-porte","98":"profilo-nc-75-sth","99":"profilo-nc-75-sthi","100":"profilo-new-age","101":"profilo-new-tec-50","102":"profilo-new-tec-50-classic","103":"profilo-new-tec-50-porte","104":"profilo-new-tec-52-tt","105":"profilo-new-tec-52-tt-classic","106":"profilo-new-tec-52-tt-classic-porte","107":"profilo-new-tec-52-tt-porte","108":"profilo-new-tec-60-tt","109":"profilo-new-tec-65","110":"profilo-new-tec-65-classic","111":"profilo-new-tec-65-porte","112":"profilo-new-tec-68-tt-porte","113":"profilo-pe-50","114":"profilo-planet-45","115":"profilo-planet-50-tt","116":"profilo-planet-62-tt","117":"profilo-planet-72-ht","118":"profilo-plathina-60-classica","119":"profilo-plathina-60-flat-classica","120":"profilo-plathina-69-classica","121":"profilo-plathina-69-flat-classica","122":"profilo-plathina-69-porte","123":"profilo-plathina-75-classica","124":"profilo-plathina-75-porte","125":"profilo-r-40","126":"profilo-r-50","127":"profilo-r-50-tt-barra-cont","128":"profilo-road-520-tt-ce","129":"profilo-road-600-tt-ce","130":"profilo-royal-s-50-n-porte","131":"profilo-royal-s-50-porte","132":"profilo-royal-s-65-ak-porte","133":"profilo-royal-s-65-porte","134":"profilo-royal-s-70-hi-porte","135":"profilo-start-410","136":"profilo-start-470-tt","137":"profilo-start-470-tt-porte","138":"profilo-start-510","139":"profilo-start-560-tt","140":"profilo-start-640-tt","141":"profilo-start-760-tt","142":"profilo-superblindo-porte","143":"profilo-synthesis-52","144":"profilo-synthesis-52-tt","145":"profilo-synthesis-57","146":"profilo-synthesis-57-porte","147":"profilo-synthesis-60-tt","148":"profilo-synthesis-68-tt","149":"profilo-tecno-50","150":"profilo-tecno-50-tt","151":"profilo-tecno-60-tt","152":"profilo-tecno-68-tt","153":"profilo-tecno-70-blindo","154":"profilo-tecno-76-tt","155":"profilo-tt-50","156":"profilo-venice-th16-porte","157":"profilo-vuerre-53-tt","158":"profilo-vuerre-70-tt","159":"profilo-windstop-45","160":"profilo-windstop-45-porte","161":"profilo-windstop-45-tt","162":"profilo-windstop-45-tt-classic","163":"profilo-windstop-55-tt","164":"profilo-windstop-55-tt-classic","165":"profilo-windstop-65-tt","166":"profilo-windstop-65-tt-porte","167":"profilo-windstop-73-tt","168":"profilo-ws-65-thi","169":"profilo-ws-75-thi","170":"finiture-12532","171":"finiture-12534","172":"finiture-12536","173":"finiture-c","174":"finiture-f","175":"finiture-ne","176":"finiture-ze","177":"description-off","179":"first","180":"instock","181":"product-type-simple"},"acf":[],"yoast_head":"<!-- This site is optimized with the Yoast SEO plugin v27.2 - https:\/\/yoast.com\/product\/yoast-seo-wordpress\/ -->\n<title>MECHANICA - 1146\/89<\/title>\n<meta name=\"description\" content=\"(brev.) Paumelle \u00e0 2 lames\" \/>\n<meta name=\"robots\" content=\"noindex, follow, max-snippet:-1, max-image-preview:large, max-video-preview:-1\" \/>\n<meta property=\"og:locale\" content=\"fr_FR\" \/>\n<meta property=\"og:type\" content=\"article\" \/>\n<meta property=\"og:title\" content=\"MECHANICA - 1146\/89\" \/>\n<meta property=\"og:description\" content=\"(brev.) Paumelle \u00e0 2 lames\" \/>\n<meta property=\"og:url\" content=\"https:\/\/stage.savio.it\/fr\/prodotto\/mechanica-1146-89\/\" \/>\n<meta property=\"og:site_name\" content=\"SAVIO\" \/>\n<meta property=\"article:modified_time\" content=\"2021-10-01T14:36:47+00:00\" \/>\n<meta property=\"og:image\" content=\"https:\/\/stage.savio.it\/wp-content\/uploads\/2021\/09\/1146-19.jpg\" \/>\n\t<meta property=\"og:image:width\" content=\"229\" \/>\n\t<meta property=\"og:image:height\" content=\"229\" \/>\n\t<meta property=\"og:image:type\" content=\"image\/jpeg\" \/>\n<meta name=\"twitter:card\" content=\"summary_large_image\" \/>\n<meta name=\"twitter:label1\" content=\"Dur\u00e9e de lecture estim\u00e9e\" \/>\n\t<meta name=\"twitter:data1\" content=\"4 minutes\" \/>\n<script type=\"application\/ld+json\" class=\"yoast-schema-graph\">{\"@context\":\"https:\/\/schema.org\",\"@graph\":[{\"@type\":\"WebPage\",\"@id\":\"https:\/\/stage.savio.it\/fr\/prodotto\/mechanica-1146-89\/\",\"url\":\"https:\/\/stage.savio.it\/fr\/prodotto\/mechanica-1146-89\/\",\"name\":\"MECHANICA - 1146\/89\",\"isPartOf\":{\"@id\":\"https:\/\/stage.savio.it\/fr\/#website\"},\"primaryImageOfPage\":{\"@id\":\"https:\/\/stage.savio.it\/fr\/prodotto\/mechanica-1146-89\/#primaryimage\"},\"image\":{\"@id\":\"https:\/\/stage.savio.it\/fr\/prodotto\/mechanica-1146-89\/#primaryimage\"},\"thumbnailUrl\":\"https:\/\/stage.savio.it\/wp-content\/uploads\/2021\/09\/1146-19.jpg\",\"datePublished\":\"2021-10-01T14:36:46+00:00\",\"dateModified\":\"2021-10-01T14:36:47+00:00\",\"description\":\"(brev.) Paumelle \u00e0 2 lames\",\"breadcrumb\":{\"@id\":\"https:\/\/stage.savio.it\/fr\/prodotto\/mechanica-1146-89\/#breadcrumb\"},\"inLanguage\":\"fr-FR\",\"potentialAction\":[{\"@type\":\"ReadAction\",\"target\":[\"https:\/\/stage.savio.it\/fr\/prodotto\/mechanica-1146-89\/\"]}]},{\"@type\":\"ImageObject\",\"inLanguage\":\"fr-FR\",\"@id\":\"https:\/\/stage.savio.it\/fr\/prodotto\/mechanica-1146-89\/#primaryimage\",\"url\":\"https:\/\/stage.savio.it\/wp-content\/uploads\/2021\/09\/1146-19.jpg\",\"contentUrl\":\"https:\/\/stage.savio.it\/wp-content\/uploads\/2021\/09\/1146-19.jpg\",\"width\":229,\"height\":229},{\"@type\":\"BreadcrumbList\",\"@id\":\"https:\/\/stage.savio.it\/fr\/prodotto\/mechanica-1146-89\/#breadcrumb\",\"itemListElement\":[{\"@type\":\"ListItem\",\"position\":1,\"name\":\"Home\",\"item\":\"https:\/\/stage.savio.it\/fr\/\"},{\"@type\":\"ListItem\",\"position\":2,\"name\":\"Prodotti\",\"item\":\"https:\/\/stage.savio.it\/fr\/prodotti\/\"},{\"@type\":\"ListItem\",\"position\":3,\"name\":\"MECHANICA &#8211; 1146\/89\"}]},{\"@type\":\"WebSite\",\"@id\":\"https:\/\/stage.savio.it\/fr\/#website\",\"url\":\"https:\/\/stage.savio.it\/fr\/\",\"name\":\"SAVIO\",\"description\":\"Open mind for closing system\",\"publisher\":{\"@id\":\"https:\/\/stage.savio.it\/fr\/#organization\"},\"potentialAction\":[{\"@type\":\"SearchAction\",\"target\":{\"@type\":\"EntryPoint\",\"urlTemplate\":\"https:\/\/stage.savio.it\/fr\/?s={search_term_string}\"},\"query-input\":{\"@type\":\"PropertyValueSpecification\",\"valueRequired\":true,\"valueName\":\"search_term_string\"}}],\"inLanguage\":\"fr-FR\"},{\"@type\":\"Organization\",\"@id\":\"https:\/\/stage.savio.it\/fr\/#organization\",\"name\":\"SAVIO\",\"url\":\"https:\/\/stage.savio.it\/fr\/\",\"logo\":{\"@type\":\"ImageObject\",\"inLanguage\":\"fr-FR\",\"@id\":\"https:\/\/stage.savio.it\/fr\/#\/schema\/logo\/image\/\",\"url\":\"https:\/\/stage.savio.it\/wp-content\/uploads\/2021\/09\/cropped-Savio-logo.png\",\"contentUrl\":\"https:\/\/stage.savio.it\/wp-content\/uploads\/2021\/09\/cropped-Savio-logo.png\",\"width\":243,\"height\":64,\"caption\":\"SAVIO\"},\"image\":{\"@id\":\"https:\/\/stage.savio.it\/fr\/#\/schema\/logo\/image\/\"}}]}<\/script>\n<!-- \/ Yoast SEO plugin. -->","yoast_head_json":{"title":"MECHANICA - 1146\/89","description":"(brev.) Paumelle \u00e0 2 lames","robots":{"index":"noindex","follow":"follow","max-snippet":"max-snippet:-1","max-image-preview":"max-image-preview:large","max-video-preview":"max-video-preview:-1"},"og_locale":"fr_FR","og_type":"article","og_title":"MECHANICA - 1146\/89","og_description":"(brev.) Paumelle \u00e0 2 lames","og_url":"https:\/\/stage.savio.it\/fr\/prodotto\/mechanica-1146-89\/","og_site_name":"SAVIO","article_modified_time":"2021-10-01T14:36:47+00:00","og_image":[{"width":229,"height":229,"url":"https:\/\/stage.savio.it\/wp-content\/uploads\/2021\/09\/1146-19.jpg","type":"image\/jpeg"}],"twitter_card":"summary_large_image","twitter_misc":{"Dur\u00e9e de lecture estim\u00e9e":"4 minutes"},"schema":{"@context":"https:\/\/schema.org","@graph":[{"@type":"WebPage","@id":"https:\/\/stage.savio.it\/fr\/prodotto\/mechanica-1146-89\/","url":"https:\/\/stage.savio.it\/fr\/prodotto\/mechanica-1146-89\/","name":"MECHANICA - 1146\/89","isPartOf":{"@id":"https:\/\/stage.savio.it\/fr\/#website"},"primaryImageOfPage":{"@id":"https:\/\/stage.savio.it\/fr\/prodotto\/mechanica-1146-89\/#primaryimage"},"image":{"@id":"https:\/\/stage.savio.it\/fr\/prodotto\/mechanica-1146-89\/#primaryimage"},"thumbnailUrl":"https:\/\/stage.savio.it\/wp-content\/uploads\/2021\/09\/1146-19.jpg","datePublished":"2021-10-01T14:36:46+00:00","dateModified":"2021-10-01T14:36:47+00:00","description":"(brev.) Paumelle \u00e0 2 lames","breadcrumb":{"@id":"https:\/\/stage.savio.it\/fr\/prodotto\/mechanica-1146-89\/#breadcrumb"},"inLanguage":"fr-FR","potentialAction":[{"@type":"ReadAction","target":["https:\/\/stage.savio.it\/fr\/prodotto\/mechanica-1146-89\/"]}]},{"@type":"ImageObject","inLanguage":"fr-FR","@id":"https:\/\/stage.savio.it\/fr\/prodotto\/mechanica-1146-89\/#primaryimage","url":"https:\/\/stage.savio.it\/wp-content\/uploads\/2021\/09\/1146-19.jpg","contentUrl":"https:\/\/stage.savio.it\/wp-content\/uploads\/2021\/09\/1146-19.jpg","width":229,"height":229},{"@type":"BreadcrumbList","@id":"https:\/\/stage.savio.it\/fr\/prodotto\/mechanica-1146-89\/#breadcrumb","itemListElement":[{"@type":"ListItem","position":1,"name":"Home","item":"https:\/\/stage.savio.it\/fr\/"},{"@type":"ListItem","position":2,"name":"Prodotti","item":"https:\/\/stage.savio.it\/fr\/prodotti\/"},{"@type":"ListItem","position":3,"name":"MECHANICA &#8211; 1146\/89"}]},{"@type":"WebSite","@id":"https:\/\/stage.savio.it\/fr\/#website","url":"https:\/\/stage.savio.it\/fr\/","name":"SAVIO","description":"Open mind for closing system","publisher":{"@id":"https:\/\/stage.savio.it\/fr\/#organization"},"potentialAction":[{"@type":"SearchAction","target":{"@type":"EntryPoint","urlTemplate":"https:\/\/stage.savio.it\/fr\/?s={search_term_string}"},"query-input":{"@type":"PropertyValueSpecification","valueRequired":true,"valueName":"search_term_string"}}],"inLanguage":"fr-FR"},{"@type":"Organization","@id":"https:\/\/stage.savio.it\/fr\/#organization","name":"SAVIO","url":"https:\/\/stage.savio.it\/fr\/","logo":{"@type":"ImageObject","inLanguage":"fr-FR","@id":"https:\/\/stage.savio.it\/fr\/#\/schema\/logo\/image\/","url":"https:\/\/stage.savio.it\/wp-content\/uploads\/2021\/09\/cropped-Savio-logo.png","contentUrl":"https:\/\/stage.savio.it\/wp-content\/uploads\/2021\/09\/cropped-Savio-logo.png","width":243,"height":64,"caption":"SAVIO"},"image":{"@id":"https:\/\/stage.savio.it\/fr\/#\/schema\/logo\/image\/"}}]}},"uagb_featured_image_src":{"full":["https:\/\/stage.savio.it\/wp-content\/uploads\/2021\/09\/1146-19.jpg",229,229,false],"thumbnail":["https:\/\/stage.savio.it\/wp-content\/uploads\/2021\/09\/1146-19-150x150.jpg",150,150,true],"medium":["https:\/\/stage.savio.it\/wp-content\/uploads\/2021\/09\/1146-19.jpg",229,229,false],"medium_large":["https:\/\/stage.savio.it\/wp-content\/uploads\/2021\/09\/1146-19.jpg",229,229,false],"large":["https:\/\/stage.savio.it\/wp-content\/uploads\/2021\/09\/1146-19.jpg",229,229,false],"gs-tiny":["https:\/\/stage.savio.it\/wp-content\/uploads\/2021\/09\/1146-19.jpg",50,50,false],"xl":["https:\/\/stage.savio.it\/wp-content\/uploads\/2021\/09\/1146-19.jpg",229,229,false],"xxl":["https:\/\/stage.savio.it\/wp-content\/uploads\/2021\/09\/1146-19.jpg",229,229,false],"xxxl":["https:\/\/stage.savio.it\/wp-content\/uploads\/2021\/09\/1146-19.jpg",229,229,false],"xxxxl":["https:\/\/stage.savio.it\/wp-content\/uploads\/2021\/09\/1146-19.jpg",229,229,false],"xxxxxl":["https:\/\/stage.savio.it\/wp-content\/uploads\/2021\/09\/1146-19.jpg",229,229,false],"1536x1536":["https:\/\/stage.savio.it\/wp-content\/uploads\/2021\/09\/1146-19.jpg",229,229,false],"2048x2048":["https:\/\/stage.savio.it\/wp-content\/uploads\/2021\/09\/1146-19.jpg",229,229,false],"woocommerce_thumbnail":["https:\/\/stage.savio.it\/wp-content\/uploads\/2021\/09\/1146-19.jpg",229,229,false],"woocommerce_single":["https:\/\/stage.savio.it\/wp-content\/uploads\/2021\/09\/1146-19.jpg",229,229,false],"woocommerce_gallery_thumbnail":["https:\/\/stage.savio.it\/wp-content\/uploads\/2021\/09\/1146-19-200x200.jpg",200,200,true]},"uagb_author_info":{"display_name":"admin_news","author_link":"https:\/\/stage.savio.it\/fr\/author\/"},"uagb_comment_info":0,"uagb_excerpt":"(brev.) Paumelle \u00e0 2 lames","_links":{"self":[{"href":"https:\/\/stage.savio.it\/fr\/wp-json\/wp\/v2\/product\/29215","targetHints":{"allow":["GET"]}}],"collection":[{"href":"https:\/\/stage.savio.it\/fr\/wp-json\/wp\/v2\/product"}],"about":[{"href":"https:\/\/stage.savio.it\/fr\/wp-json\/wp\/v2\/types\/product"}],"replies":[{"embeddable":true,"href":"https:\/\/stage.savio.it\/fr\/wp-json\/wp\/v2\/comments?post=29215"}],"wp:featuredmedia":[{"embeddable":true,"href":"https:\/\/stage.savio.it\/fr\/wp-json\/wp\/v2\/media\/16476"}],"wp:attachment":[{"href":"https:\/\/stage.savio.it\/fr\/wp-json\/wp\/v2\/media?parent=29215"}],"wp:term":[{"taxonomy":"product_brand","embeddable":true,"href":"https:\/\/stage.savio.it\/fr\/wp-json\/wp\/v2\/product_brand?post=29215"},{"taxonomy":"product_cat","embeddable":true,"href":"https:\/\/stage.savio.it\/fr\/wp-json\/wp\/v2\/product_cat?post=29215"},{"taxonomy":"product_tag","embeddable":true,"href":"https:\/\/stage.savio.it\/fr\/wp-json\/wp\/v2\/product_tag?post=29215"},{"taxonomy":"profilo","embeddable":true,"href":"https:\/\/stage.savio.it\/fr\/wp-json\/wp\/v2\/profilo?post=29215"},{"taxonomy":"finiture","embeddable":true,"href":"https:\/\/stage.savio.it\/fr\/wp-json\/wp\/v2\/finiture?post=29215"},{"taxonomy":"gruppo_anta","embeddable":true,"href":"https:\/\/stage.savio.it\/fr\/wp-json\/wp\/v2\/gruppo_anta?post=29215"}],"curies":[{"name":"wp","href":"https:\/\/api.w.org\/{rel}","templated":true}]}}