{"id":29209,"date":"2021-10-01T14:36:38","date_gmt":"2021-10-01T14:36:38","guid":{"rendered":"https:\/\/savio.ne-ws.it\/prodotto\/mechanica-1146-59\/"},"modified":"2021-10-01T14:36:41","modified_gmt":"2021-10-01T14:36:41","slug":"mechanica-1146-59","status":"publish","type":"product","link":"https:\/\/stage.savio.it\/fr\/prodotto\/mechanica-1146-59\/","title":{"rendered":"MECHANICA &#8211; 1146\/59"},"content":{"rendered":"<p>(brevet\u00e9) Paumelle r\u00e9glable \u00e0 2 lames en aluminium, entraxe de 59 mm, axe de rotation de 20 mm, sans \u00e9paulement, axe \u00d8 11 mm en acier inox, pr\u00e9mont\u00e9 sur une douille \u00e0 came en zamak zingu\u00e9 noir, 2 plaques cache-vis en aluminium, 2 bouchons en nylon, 1 douille autolubrifiante en nylon et 1 v\u00e9rin de r\u00e9glage en zamak. Port\u00e9e: 2 paumelles 160 Kg, 3 paumelles 180 Kg.<\/p>\n","protected":false},"excerpt":{"rendered":"<p>(brev.) Paumelle \u00e0 2 lames<\/p>\n","protected":false},"featured_media":16434,"comment_status":"closed","ping_status":"closed","template":"","meta":{"_acf_changed":false,"_uag_custom_page_level_css":""},"product_brand":[],"product_cat":[12585,12637],"product_tag":[],"profilo":[12018,12158,12402,12403,12065,12104,12113,12105,12121,12115,12123,12124,12111,12125,12126,12116,12240,12241,12242,12243,12268,12253,12332,12323,12333,12334,12325,12335,11984,11985,12418,12417,12006,12095,12008,12019,12102,12020,12037,11960,11959,12152,12153,12164,12166,12154,12155,12159,12156,12157,12160,12247,12254,12255,12249,12256,12193,12194,12196,12204,12205,12218,12225,12220,12231,12206,12217,12207,12201,12208,12209,12017,12270,12289,12278,12271,12288,12295,12279,12272,12280,12310,12273,12281,12329,12331,11988,11990,11991,11993,12380,12377,12381,12378,12374,12022,12371,12356,12358,12359,12364,12070,12071,12420,12246,12257,12274,12303,12276,12304,12306,12293,12299,12294,12297,12307,12311,12313,12314],"finiture":[12532,12536,12556,12583],"gruppo_anta":[],"class_list":{"0":"post-29209","1":"product","2":"type-product","3":"status-publish","4":"has-post-thumbnail","6":"product_cat-cerniere-cerniere-pesanti-e-cerniere-per-vasistas","7":"product_cat-mechanica","8":"profilo-all-co-5-porte","9":"profilo-alpha-blitz-2000","10":"profilo-atlantis-55-tt-porte","11":"profilo-atlantis-68-tt-porte","12":"profilo-bga-50-porte","13":"profilo-domal-break-pa-52","14":"profilo-domal-break-pa-52-porte","15":"profilo-domal-break-pa-52-raggiato","16":"profilo-domal-bright-pa-70-s-porte","17":"profilo-domal-shops","18":"profilo-domal-spider-60","19":"profilo-domal-spider-l60-style","20":"profilo-domal-stopper-pg","21":"profilo-domal-stopper-pg-63","22":"profilo-domal-stopper-pg-63-porte","23":"profilo-domal-stopper-pg-porte","24":"profilo-ekip-40-complanare","25":"profilo-ekip-40-sormonto","26":"profilo-ekip-50-complanare","27":"profilo-ekip-50-sormonto","28":"profilo-ekip-th-73-porte","29":"profilo-ekip-thermo-53-porte","30":"profilo-eku-53-porte","31":"profilo-eku-53-tt","32":"profilo-eku-53-tt-porte","33":"profilo-eku-64-tt-porte","34":"profilo-eku-72-tt","35":"profilo-eku-72-tt-porte","36":"profilo-esedra-doors-56","37":"profilo-esedra-doors-56-tt","38":"profilo-et-45-porte","39":"profilo-et-45-sormonto","40":"profilo-export-45","41":"profilo-export-45-t","42":"profilo-export-45-tt","43":"profilo-export-50-porte","44":"profilo-export-50-t-porte","45":"profilo-export-50-tt-porte","46":"profilo-export-51-tt-porte","47":"profilo-global-48-porte","48":"profilo-global-70-tt","49":"profilo-gold-400","50":"profilo-gold-400-raggiato","51":"profilo-gold-450","52":"profilo-gold-450-tt","53":"profilo-gold-490-tt","54":"profilo-gold-500","55":"profilo-gold-500-porte","56":"profilo-gold-500-raggiato","57":"profilo-gold-600","58":"profilo-gold-600-porte","59":"profilo-maastricht-53","60":"profilo-maastricht-53-porte","61":"profilo-maastricht-th-60-porte","62":"profilo-maastricht-th-68","63":"profilo-maastricht-th-68-porte","64":"profilo-nc-40-n-complanare","65":"profilo-nc-40-n-sormonto","66":"profilo-nc-45-int","67":"profilo-nc-45-int-porte","68":"profilo-nc-45-sth-porte","69":"profilo-nc-50-i","70":"profilo-nc-50-i-porte","71":"profilo-nc-50-sth","72":"profilo-nc-50-sth-porte","73":"profilo-nc-55-int-porte","74":"profilo-nc-58-mediterraneo-sormonto","75":"profilo-nc-65-sth-porte","76":"profilo-nc-68-sth","77":"profilo-nc-68-sth-porte","78":"profilo-nc-72-sth-porte","79":"profilo-new-age","80":"profilo-new-tec-50","81":"profilo-new-tec-50-classic","82":"profilo-new-tec-50-porte","83":"profilo-new-tec-52-tt","84":"profilo-new-tec-52-tt-classic","85":"profilo-new-tec-52-tt-classic-porte","86":"profilo-new-tec-52-tt-porte","87":"profilo-new-tec-60-tt","88":"profilo-new-tec-60-tt-porte","89":"profilo-new-tec-65-porte","90":"profilo-new-tec-68-tt","91":"profilo-new-tec-68-tt-porte","92":"profilo-pe-50","93":"profilo-pe-58-tt-sormonto","94":"profilo-r-40","95":"profilo-r-50","96":"profilo-r-50-tt-barra-cont","97":"profilo-r-62-tt","98":"profilo-royal-s-65-ak-porte","99":"profilo-royal-s-65-porte","100":"profilo-royal-s-70-f-porte","101":"profilo-royal-s-70-hi-porte","102":"profilo-schuco-international","103":"profilo-sicurblind-65-sormonto","104":"profilo-start-470-tt-porte","105":"profilo-start-510","106":"profilo-start-560-tt","107":"profilo-start-640-tt","108":"profilo-start-760-tt","109":"profilo-tecno-50","110":"profilo-tecno-50-porte","111":"profilo-tt-50-porte","112":"profilo-venice-th16","113":"profilo-venice-th16-porte","114":"profilo-windstop-45","115":"profilo-windstop-45-porte","116":"profilo-windstop-45-tt","117":"profilo-windstop-45-tt-classic","118":"profilo-windstop-45-tt-porte","119":"profilo-windstop-55-tt","120":"profilo-windstop-55-tt-classic","121":"profilo-windstop-55-tt-porte","122":"profilo-windstop-65-tt","123":"profilo-windstop-65-tt-porte","124":"profilo-windstop-73-tt","125":"profilo-ws-65-thi","126":"profilo-ws-75-thi","127":"finiture-12532","128":"finiture-12536","129":"finiture-f","130":"finiture-ze","131":"description-off","133":"first","134":"instock","135":"product-type-simple"},"acf":[],"yoast_head":"<!-- This site is optimized with the Yoast SEO plugin v27.2 - https:\/\/yoast.com\/product\/yoast-seo-wordpress\/ -->\n<title>MECHANICA - 1146\/59<\/title>\n<meta name=\"description\" content=\"(brev.) Paumelle \u00e0 2 lames\" \/>\n<meta name=\"robots\" content=\"noindex, follow, max-snippet:-1, max-image-preview:large, max-video-preview:-1\" \/>\n<meta property=\"og:locale\" content=\"fr_FR\" \/>\n<meta property=\"og:type\" content=\"article\" \/>\n<meta property=\"og:title\" content=\"MECHANICA - 1146\/59\" \/>\n<meta property=\"og:description\" content=\"(brev.) Paumelle \u00e0 2 lames\" \/>\n<meta property=\"og:url\" content=\"https:\/\/stage.savio.it\/fr\/prodotto\/mechanica-1146-59\/\" \/>\n<meta property=\"og:site_name\" content=\"SAVIO\" \/>\n<meta property=\"article:modified_time\" content=\"2021-10-01T14:36:41+00:00\" \/>\n<meta property=\"og:image\" content=\"https:\/\/stage.savio.it\/wp-content\/uploads\/2021\/09\/1146-13.jpg\" \/>\n\t<meta property=\"og:image:width\" content=\"229\" \/>\n\t<meta property=\"og:image:height\" content=\"229\" \/>\n\t<meta property=\"og:image:type\" content=\"image\/jpeg\" \/>\n<meta name=\"twitter:card\" content=\"summary_large_image\" \/>\n<meta name=\"twitter:label1\" content=\"Dur\u00e9e de lecture estim\u00e9e\" \/>\n\t<meta name=\"twitter:data1\" content=\"4 minutes\" \/>\n<script type=\"application\/ld+json\" class=\"yoast-schema-graph\">{\"@context\":\"https:\/\/schema.org\",\"@graph\":[{\"@type\":\"WebPage\",\"@id\":\"https:\/\/stage.savio.it\/fr\/prodotto\/mechanica-1146-59\/\",\"url\":\"https:\/\/stage.savio.it\/fr\/prodotto\/mechanica-1146-59\/\",\"name\":\"MECHANICA - 1146\/59\",\"isPartOf\":{\"@id\":\"https:\/\/stage.savio.it\/fr\/#website\"},\"primaryImageOfPage\":{\"@id\":\"https:\/\/stage.savio.it\/fr\/prodotto\/mechanica-1146-59\/#primaryimage\"},\"image\":{\"@id\":\"https:\/\/stage.savio.it\/fr\/prodotto\/mechanica-1146-59\/#primaryimage\"},\"thumbnailUrl\":\"https:\/\/stage.savio.it\/wp-content\/uploads\/2021\/09\/1146-13.jpg\",\"datePublished\":\"2021-10-01T14:36:38+00:00\",\"dateModified\":\"2021-10-01T14:36:41+00:00\",\"description\":\"(brev.) Paumelle \u00e0 2 lames\",\"breadcrumb\":{\"@id\":\"https:\/\/stage.savio.it\/fr\/prodotto\/mechanica-1146-59\/#breadcrumb\"},\"inLanguage\":\"fr-FR\",\"potentialAction\":[{\"@type\":\"ReadAction\",\"target\":[\"https:\/\/stage.savio.it\/fr\/prodotto\/mechanica-1146-59\/\"]}]},{\"@type\":\"ImageObject\",\"inLanguage\":\"fr-FR\",\"@id\":\"https:\/\/stage.savio.it\/fr\/prodotto\/mechanica-1146-59\/#primaryimage\",\"url\":\"https:\/\/stage.savio.it\/wp-content\/uploads\/2021\/09\/1146-13.jpg\",\"contentUrl\":\"https:\/\/stage.savio.it\/wp-content\/uploads\/2021\/09\/1146-13.jpg\",\"width\":229,\"height\":229},{\"@type\":\"BreadcrumbList\",\"@id\":\"https:\/\/stage.savio.it\/fr\/prodotto\/mechanica-1146-59\/#breadcrumb\",\"itemListElement\":[{\"@type\":\"ListItem\",\"position\":1,\"name\":\"Home\",\"item\":\"https:\/\/stage.savio.it\/fr\/\"},{\"@type\":\"ListItem\",\"position\":2,\"name\":\"Prodotti\",\"item\":\"https:\/\/stage.savio.it\/fr\/prodotti\/\"},{\"@type\":\"ListItem\",\"position\":3,\"name\":\"MECHANICA &#8211; 1146\/59\"}]},{\"@type\":\"WebSite\",\"@id\":\"https:\/\/stage.savio.it\/fr\/#website\",\"url\":\"https:\/\/stage.savio.it\/fr\/\",\"name\":\"SAVIO\",\"description\":\"Open mind for closing system\",\"publisher\":{\"@id\":\"https:\/\/stage.savio.it\/fr\/#organization\"},\"potentialAction\":[{\"@type\":\"SearchAction\",\"target\":{\"@type\":\"EntryPoint\",\"urlTemplate\":\"https:\/\/stage.savio.it\/fr\/?s={search_term_string}\"},\"query-input\":{\"@type\":\"PropertyValueSpecification\",\"valueRequired\":true,\"valueName\":\"search_term_string\"}}],\"inLanguage\":\"fr-FR\"},{\"@type\":\"Organization\",\"@id\":\"https:\/\/stage.savio.it\/fr\/#organization\",\"name\":\"SAVIO\",\"url\":\"https:\/\/stage.savio.it\/fr\/\",\"logo\":{\"@type\":\"ImageObject\",\"inLanguage\":\"fr-FR\",\"@id\":\"https:\/\/stage.savio.it\/fr\/#\/schema\/logo\/image\/\",\"url\":\"https:\/\/stage.savio.it\/wp-content\/uploads\/2021\/09\/cropped-Savio-logo.png\",\"contentUrl\":\"https:\/\/stage.savio.it\/wp-content\/uploads\/2021\/09\/cropped-Savio-logo.png\",\"width\":243,\"height\":64,\"caption\":\"SAVIO\"},\"image\":{\"@id\":\"https:\/\/stage.savio.it\/fr\/#\/schema\/logo\/image\/\"}}]}<\/script>\n<!-- \/ Yoast SEO plugin. -->","yoast_head_json":{"title":"MECHANICA - 1146\/59","description":"(brev.) Paumelle \u00e0 2 lames","robots":{"index":"noindex","follow":"follow","max-snippet":"max-snippet:-1","max-image-preview":"max-image-preview:large","max-video-preview":"max-video-preview:-1"},"og_locale":"fr_FR","og_type":"article","og_title":"MECHANICA - 1146\/59","og_description":"(brev.) Paumelle \u00e0 2 lames","og_url":"https:\/\/stage.savio.it\/fr\/prodotto\/mechanica-1146-59\/","og_site_name":"SAVIO","article_modified_time":"2021-10-01T14:36:41+00:00","og_image":[{"width":229,"height":229,"url":"https:\/\/stage.savio.it\/wp-content\/uploads\/2021\/09\/1146-13.jpg","type":"image\/jpeg"}],"twitter_card":"summary_large_image","twitter_misc":{"Dur\u00e9e de lecture estim\u00e9e":"4 minutes"},"schema":{"@context":"https:\/\/schema.org","@graph":[{"@type":"WebPage","@id":"https:\/\/stage.savio.it\/fr\/prodotto\/mechanica-1146-59\/","url":"https:\/\/stage.savio.it\/fr\/prodotto\/mechanica-1146-59\/","name":"MECHANICA - 1146\/59","isPartOf":{"@id":"https:\/\/stage.savio.it\/fr\/#website"},"primaryImageOfPage":{"@id":"https:\/\/stage.savio.it\/fr\/prodotto\/mechanica-1146-59\/#primaryimage"},"image":{"@id":"https:\/\/stage.savio.it\/fr\/prodotto\/mechanica-1146-59\/#primaryimage"},"thumbnailUrl":"https:\/\/stage.savio.it\/wp-content\/uploads\/2021\/09\/1146-13.jpg","datePublished":"2021-10-01T14:36:38+00:00","dateModified":"2021-10-01T14:36:41+00:00","description":"(brev.) Paumelle \u00e0 2 lames","breadcrumb":{"@id":"https:\/\/stage.savio.it\/fr\/prodotto\/mechanica-1146-59\/#breadcrumb"},"inLanguage":"fr-FR","potentialAction":[{"@type":"ReadAction","target":["https:\/\/stage.savio.it\/fr\/prodotto\/mechanica-1146-59\/"]}]},{"@type":"ImageObject","inLanguage":"fr-FR","@id":"https:\/\/stage.savio.it\/fr\/prodotto\/mechanica-1146-59\/#primaryimage","url":"https:\/\/stage.savio.it\/wp-content\/uploads\/2021\/09\/1146-13.jpg","contentUrl":"https:\/\/stage.savio.it\/wp-content\/uploads\/2021\/09\/1146-13.jpg","width":229,"height":229},{"@type":"BreadcrumbList","@id":"https:\/\/stage.savio.it\/fr\/prodotto\/mechanica-1146-59\/#breadcrumb","itemListElement":[{"@type":"ListItem","position":1,"name":"Home","item":"https:\/\/stage.savio.it\/fr\/"},{"@type":"ListItem","position":2,"name":"Prodotti","item":"https:\/\/stage.savio.it\/fr\/prodotti\/"},{"@type":"ListItem","position":3,"name":"MECHANICA &#8211; 1146\/59"}]},{"@type":"WebSite","@id":"https:\/\/stage.savio.it\/fr\/#website","url":"https:\/\/stage.savio.it\/fr\/","name":"SAVIO","description":"Open mind for closing system","publisher":{"@id":"https:\/\/stage.savio.it\/fr\/#organization"},"potentialAction":[{"@type":"SearchAction","target":{"@type":"EntryPoint","urlTemplate":"https:\/\/stage.savio.it\/fr\/?s={search_term_string}"},"query-input":{"@type":"PropertyValueSpecification","valueRequired":true,"valueName":"search_term_string"}}],"inLanguage":"fr-FR"},{"@type":"Organization","@id":"https:\/\/stage.savio.it\/fr\/#organization","name":"SAVIO","url":"https:\/\/stage.savio.it\/fr\/","logo":{"@type":"ImageObject","inLanguage":"fr-FR","@id":"https:\/\/stage.savio.it\/fr\/#\/schema\/logo\/image\/","url":"https:\/\/stage.savio.it\/wp-content\/uploads\/2021\/09\/cropped-Savio-logo.png","contentUrl":"https:\/\/stage.savio.it\/wp-content\/uploads\/2021\/09\/cropped-Savio-logo.png","width":243,"height":64,"caption":"SAVIO"},"image":{"@id":"https:\/\/stage.savio.it\/fr\/#\/schema\/logo\/image\/"}}]}},"uagb_featured_image_src":{"full":["https:\/\/stage.savio.it\/wp-content\/uploads\/2021\/09\/1146-13.jpg",229,229,false],"thumbnail":["https:\/\/stage.savio.it\/wp-content\/uploads\/2021\/09\/1146-13-150x150.jpg",150,150,true],"medium":["https:\/\/stage.savio.it\/wp-content\/uploads\/2021\/09\/1146-13.jpg",229,229,false],"medium_large":["https:\/\/stage.savio.it\/wp-content\/uploads\/2021\/09\/1146-13.jpg",229,229,false],"large":["https:\/\/stage.savio.it\/wp-content\/uploads\/2021\/09\/1146-13.jpg",229,229,false],"gs-tiny":["https:\/\/stage.savio.it\/wp-content\/uploads\/2021\/09\/1146-13.jpg",50,50,false],"xl":["https:\/\/stage.savio.it\/wp-content\/uploads\/2021\/09\/1146-13.jpg",229,229,false],"xxl":["https:\/\/stage.savio.it\/wp-content\/uploads\/2021\/09\/1146-13.jpg",229,229,false],"xxxl":["https:\/\/stage.savio.it\/wp-content\/uploads\/2021\/09\/1146-13.jpg",229,229,false],"xxxxl":["https:\/\/stage.savio.it\/wp-content\/uploads\/2021\/09\/1146-13.jpg",229,229,false],"xxxxxl":["https:\/\/stage.savio.it\/wp-content\/uploads\/2021\/09\/1146-13.jpg",229,229,false],"1536x1536":["https:\/\/stage.savio.it\/wp-content\/uploads\/2021\/09\/1146-13.jpg",229,229,false],"2048x2048":["https:\/\/stage.savio.it\/wp-content\/uploads\/2021\/09\/1146-13.jpg",229,229,false],"woocommerce_thumbnail":["https:\/\/stage.savio.it\/wp-content\/uploads\/2021\/09\/1146-13.jpg",229,229,false],"woocommerce_single":["https:\/\/stage.savio.it\/wp-content\/uploads\/2021\/09\/1146-13.jpg",229,229,false],"woocommerce_gallery_thumbnail":["https:\/\/stage.savio.it\/wp-content\/uploads\/2021\/09\/1146-13-200x200.jpg",200,200,true]},"uagb_author_info":{"display_name":"admin_news","author_link":"https:\/\/stage.savio.it\/fr\/author\/"},"uagb_comment_info":0,"uagb_excerpt":"(brev.) Paumelle \u00e0 2 lames","_links":{"self":[{"href":"https:\/\/stage.savio.it\/fr\/wp-json\/wp\/v2\/product\/29209","targetHints":{"allow":["GET"]}}],"collection":[{"href":"https:\/\/stage.savio.it\/fr\/wp-json\/wp\/v2\/product"}],"about":[{"href":"https:\/\/stage.savio.it\/fr\/wp-json\/wp\/v2\/types\/product"}],"replies":[{"embeddable":true,"href":"https:\/\/stage.savio.it\/fr\/wp-json\/wp\/v2\/comments?post=29209"}],"wp:featuredmedia":[{"embeddable":true,"href":"https:\/\/stage.savio.it\/fr\/wp-json\/wp\/v2\/media\/16434"}],"wp:attachment":[{"href":"https:\/\/stage.savio.it\/fr\/wp-json\/wp\/v2\/media?parent=29209"}],"wp:term":[{"taxonomy":"product_brand","embeddable":true,"href":"https:\/\/stage.savio.it\/fr\/wp-json\/wp\/v2\/product_brand?post=29209"},{"taxonomy":"product_cat","embeddable":true,"href":"https:\/\/stage.savio.it\/fr\/wp-json\/wp\/v2\/product_cat?post=29209"},{"taxonomy":"product_tag","embeddable":true,"href":"https:\/\/stage.savio.it\/fr\/wp-json\/wp\/v2\/product_tag?post=29209"},{"taxonomy":"profilo","embeddable":true,"href":"https:\/\/stage.savio.it\/fr\/wp-json\/wp\/v2\/profilo?post=29209"},{"taxonomy":"finiture","embeddable":true,"href":"https:\/\/stage.savio.it\/fr\/wp-json\/wp\/v2\/finiture?post=29209"},{"taxonomy":"gruppo_anta","embeddable":true,"href":"https:\/\/stage.savio.it\/fr\/wp-json\/wp\/v2\/gruppo_anta?post=29209"}],"curies":[{"name":"wp","href":"https:\/\/api.w.org\/{rel}","templated":true}]}}