{"id":29110,"date":"2021-09-30T12:36:11","date_gmt":"2021-10-01T14:35:22","guid":{"rendered":"https:\/\/savio.ne-ws.it\/prodotto\/mechanica-1145-2-60\/"},"modified":"2021-10-01T14:35:26","modified_gmt":"2021-10-01T14:35:26","slug":"mechanica-1145-2-60","status":"publish","type":"product","link":"https:\/\/stage.savio.it\/fr\/prodotto\/mechanica-1145-2-60\/","title":{"rendered":"MECHANICA &#8211; 1145.2\/60"},"content":{"rendered":"<p>(brevet\u00e9) Paumelle r\u00e9glable 2 lames en aluminium, entraxe de 60 mm, axe de rotation de 20 mm, \u00e9paulement de 10 mm, axe \u00d8 11 mm en acier inox, pr\u00e9mont\u00e9 sur une douille \u00e0 came en zamak zingu\u00e9 noir, 2 plaques cache-vis en aluminium, 2 bouchons en nylon, 1 douille autolubrifiante en nylon et 1 v\u00e9rin de r\u00e9glage en zamak. Port\u00e9e: 2 paumelles 160 Kg, 3 paumelles 180 Kg.<\/p>\n","protected":false},"excerpt":{"rendered":"<p>(brev.) Paumelle \u00e0 2 lames<\/p>\n","protected":false},"featured_media":110470,"comment_status":"closed","ping_status":"closed","template":"","meta":{"_acf_changed":false,"_uag_custom_page_level_css":""},"product_brand":[],"product_cat":[12585,12637],"product_tag":[],"profilo":[12139,12267,12347,12348,12423,12425,12427,12429,12218,12220,12235,12236,12172,12175,12177,12178,12085,12372,12373,12476,12477,12086,12484],"finiture":[12512,12513,12516,12521,12529,12532,12534,12536,12543,12545,12549,12552,12556,12557,12561,12565,12575,12583],"gruppo_anta":[],"class_list":{"0":"post-29110","1":"product","2":"type-product","3":"status-publish","4":"has-post-thumbnail","6":"product_cat-cerniere-cerniere-pesanti-e-cerniere-per-vasistas","7":"product_cat-mechanica","8":"profilo-domal-top-tb-65","9":"profilo-ekip-th-83","10":"profilo-eku-62-tt","11":"profilo-eku-78-tt","12":"profilo-et-58-2-tt","13":"profilo-et-67-3-tt","14":"profilo-et-68-2-tt","15":"profilo-et-75-3-tt","16":"profilo-nc-50-i","17":"profilo-nc-50-sth","18":"profilo-nc-75-sth","19":"profilo-nc-75-sthi","20":"profilo-plathina-60-flat-classica","21":"profilo-plathina-69-classica","22":"profilo-plathina-69-flat-classica","23":"profilo-plathina-75-classica","24":"profilo-prestige-73-tt","25":"profilo-road-520-tt-ce","26":"profilo-road-600-tt-ce","27":"profilo-serie-6000","28":"profilo-serie-6500-rpt","29":"profilo-slim-70-tt","30":"profilo-uah-100-window-bullet-proof","31":"finiture-12512","32":"finiture-12513","33":"finiture-12516","34":"finiture-12521","35":"finiture-12529","36":"finiture-12532","37":"finiture-12534","38":"finiture-12536","39":"finiture-b-sa","40":"finiture-bl10","41":"finiture-br5","42":"finiture-c","43":"finiture-f","44":"finiture-gr217","45":"finiture-grey","46":"finiture-ne","47":"finiture-silv","48":"finiture-ze","49":"description-off","51":"first","52":"onbackorder","53":"product-type-variable"},"acf":[],"yoast_head":"<!-- This site is optimized with the Yoast SEO plugin v27.2 - https:\/\/yoast.com\/product\/yoast-seo-wordpress\/ -->\n<title>MECHANICA - 1145.2\/60<\/title>\n<meta name=\"description\" content=\"(brev.) Paumelle \u00e0 2 lames\" \/>\n<meta name=\"robots\" content=\"noindex, follow, max-snippet:-1, max-image-preview:large, max-video-preview:-1\" \/>\n<meta property=\"og:locale\" content=\"fr_FR\" \/>\n<meta property=\"og:type\" content=\"article\" \/>\n<meta property=\"og:title\" content=\"MECHANICA - 1145.2\/60\" \/>\n<meta property=\"og:description\" content=\"(brev.) Paumelle \u00e0 2 lames\" \/>\n<meta property=\"og:url\" content=\"https:\/\/stage.savio.it\/fr\/prodotto\/mechanica-1145-2-60\/\" \/>\n<meta property=\"og:site_name\" content=\"SAVIO\" \/>\n<meta property=\"article:modified_time\" content=\"2021-10-01T14:35:26+00:00\" \/>\n<meta property=\"og:image\" content=\"https:\/\/stage.savio.it\/wp-content\/uploads\/2022\/06\/1145_82.jpg\" \/>\n\t<meta property=\"og:image:width\" content=\"1000\" \/>\n\t<meta property=\"og:image:height\" content=\"1000\" \/>\n\t<meta property=\"og:image:type\" content=\"image\/jpeg\" \/>\n<meta name=\"twitter:card\" content=\"summary_large_image\" \/>\n<meta name=\"twitter:label1\" content=\"Dur\u00e9e de lecture estim\u00e9e\" \/>\n\t<meta name=\"twitter:data1\" content=\"4 minutes\" \/>\n<script type=\"application\/ld+json\" class=\"yoast-schema-graph\">{\"@context\":\"https:\/\/schema.org\",\"@graph\":[{\"@type\":\"WebPage\",\"@id\":\"https:\/\/stage.savio.it\/fr\/prodotto\/mechanica-1145-2-60\/\",\"url\":\"https:\/\/stage.savio.it\/fr\/prodotto\/mechanica-1145-2-60\/\",\"name\":\"MECHANICA - 1145.2\/60\",\"isPartOf\":{\"@id\":\"https:\/\/stage.savio.it\/fr\/#website\"},\"primaryImageOfPage\":{\"@id\":\"https:\/\/stage.savio.it\/fr\/prodotto\/mechanica-1145-2-60\/#primaryimage\"},\"image\":{\"@id\":\"https:\/\/stage.savio.it\/fr\/prodotto\/mechanica-1145-2-60\/#primaryimage\"},\"thumbnailUrl\":\"https:\/\/stage.savio.it\/wp-content\/uploads\/2022\/06\/1145_82.jpg\",\"datePublished\":\"2021-10-01T14:35:22+00:00\",\"dateModified\":\"2021-10-01T14:35:26+00:00\",\"description\":\"(brev.) Paumelle \u00e0 2 lames\",\"breadcrumb\":{\"@id\":\"https:\/\/stage.savio.it\/fr\/prodotto\/mechanica-1145-2-60\/#breadcrumb\"},\"inLanguage\":\"fr-FR\",\"potentialAction\":[{\"@type\":\"ReadAction\",\"target\":[\"https:\/\/stage.savio.it\/fr\/prodotto\/mechanica-1145-2-60\/\"]}]},{\"@type\":\"ImageObject\",\"inLanguage\":\"fr-FR\",\"@id\":\"https:\/\/stage.savio.it\/fr\/prodotto\/mechanica-1145-2-60\/#primaryimage\",\"url\":\"https:\/\/stage.savio.it\/wp-content\/uploads\/2022\/06\/1145_82.jpg\",\"contentUrl\":\"https:\/\/stage.savio.it\/wp-content\/uploads\/2022\/06\/1145_82.jpg\",\"width\":1000,\"height\":1000},{\"@type\":\"BreadcrumbList\",\"@id\":\"https:\/\/stage.savio.it\/fr\/prodotto\/mechanica-1145-2-60\/#breadcrumb\",\"itemListElement\":[{\"@type\":\"ListItem\",\"position\":1,\"name\":\"Home\",\"item\":\"https:\/\/stage.savio.it\/fr\/\"},{\"@type\":\"ListItem\",\"position\":2,\"name\":\"Prodotti\",\"item\":\"https:\/\/stage.savio.it\/fr\/prodotti\/\"},{\"@type\":\"ListItem\",\"position\":3,\"name\":\"MECHANICA &#8211; 1145.2\/60\"}]},{\"@type\":\"WebSite\",\"@id\":\"https:\/\/stage.savio.it\/fr\/#website\",\"url\":\"https:\/\/stage.savio.it\/fr\/\",\"name\":\"SAVIO\",\"description\":\"Open mind for closing system\",\"publisher\":{\"@id\":\"https:\/\/stage.savio.it\/fr\/#organization\"},\"potentialAction\":[{\"@type\":\"SearchAction\",\"target\":{\"@type\":\"EntryPoint\",\"urlTemplate\":\"https:\/\/stage.savio.it\/fr\/?s={search_term_string}\"},\"query-input\":{\"@type\":\"PropertyValueSpecification\",\"valueRequired\":true,\"valueName\":\"search_term_string\"}}],\"inLanguage\":\"fr-FR\"},{\"@type\":\"Organization\",\"@id\":\"https:\/\/stage.savio.it\/fr\/#organization\",\"name\":\"SAVIO\",\"url\":\"https:\/\/stage.savio.it\/fr\/\",\"logo\":{\"@type\":\"ImageObject\",\"inLanguage\":\"fr-FR\",\"@id\":\"https:\/\/stage.savio.it\/fr\/#\/schema\/logo\/image\/\",\"url\":\"https:\/\/stage.savio.it\/wp-content\/uploads\/2021\/09\/cropped-Savio-logo.png\",\"contentUrl\":\"https:\/\/stage.savio.it\/wp-content\/uploads\/2021\/09\/cropped-Savio-logo.png\",\"width\":243,\"height\":64,\"caption\":\"SAVIO\"},\"image\":{\"@id\":\"https:\/\/stage.savio.it\/fr\/#\/schema\/logo\/image\/\"}}]}<\/script>\n<!-- \/ Yoast SEO plugin. -->","yoast_head_json":{"title":"MECHANICA - 1145.2\/60","description":"(brev.) Paumelle \u00e0 2 lames","robots":{"index":"noindex","follow":"follow","max-snippet":"max-snippet:-1","max-image-preview":"max-image-preview:large","max-video-preview":"max-video-preview:-1"},"og_locale":"fr_FR","og_type":"article","og_title":"MECHANICA - 1145.2\/60","og_description":"(brev.) Paumelle \u00e0 2 lames","og_url":"https:\/\/stage.savio.it\/fr\/prodotto\/mechanica-1145-2-60\/","og_site_name":"SAVIO","article_modified_time":"2021-10-01T14:35:26+00:00","og_image":[{"width":1000,"height":1000,"url":"https:\/\/stage.savio.it\/wp-content\/uploads\/2022\/06\/1145_82.jpg","type":"image\/jpeg"}],"twitter_card":"summary_large_image","twitter_misc":{"Dur\u00e9e de lecture estim\u00e9e":"4 minutes"},"schema":{"@context":"https:\/\/schema.org","@graph":[{"@type":"WebPage","@id":"https:\/\/stage.savio.it\/fr\/prodotto\/mechanica-1145-2-60\/","url":"https:\/\/stage.savio.it\/fr\/prodotto\/mechanica-1145-2-60\/","name":"MECHANICA - 1145.2\/60","isPartOf":{"@id":"https:\/\/stage.savio.it\/fr\/#website"},"primaryImageOfPage":{"@id":"https:\/\/stage.savio.it\/fr\/prodotto\/mechanica-1145-2-60\/#primaryimage"},"image":{"@id":"https:\/\/stage.savio.it\/fr\/prodotto\/mechanica-1145-2-60\/#primaryimage"},"thumbnailUrl":"https:\/\/stage.savio.it\/wp-content\/uploads\/2022\/06\/1145_82.jpg","datePublished":"2021-10-01T14:35:22+00:00","dateModified":"2021-10-01T14:35:26+00:00","description":"(brev.) Paumelle \u00e0 2 lames","breadcrumb":{"@id":"https:\/\/stage.savio.it\/fr\/prodotto\/mechanica-1145-2-60\/#breadcrumb"},"inLanguage":"fr-FR","potentialAction":[{"@type":"ReadAction","target":["https:\/\/stage.savio.it\/fr\/prodotto\/mechanica-1145-2-60\/"]}]},{"@type":"ImageObject","inLanguage":"fr-FR","@id":"https:\/\/stage.savio.it\/fr\/prodotto\/mechanica-1145-2-60\/#primaryimage","url":"https:\/\/stage.savio.it\/wp-content\/uploads\/2022\/06\/1145_82.jpg","contentUrl":"https:\/\/stage.savio.it\/wp-content\/uploads\/2022\/06\/1145_82.jpg","width":1000,"height":1000},{"@type":"BreadcrumbList","@id":"https:\/\/stage.savio.it\/fr\/prodotto\/mechanica-1145-2-60\/#breadcrumb","itemListElement":[{"@type":"ListItem","position":1,"name":"Home","item":"https:\/\/stage.savio.it\/fr\/"},{"@type":"ListItem","position":2,"name":"Prodotti","item":"https:\/\/stage.savio.it\/fr\/prodotti\/"},{"@type":"ListItem","position":3,"name":"MECHANICA &#8211; 1145.2\/60"}]},{"@type":"WebSite","@id":"https:\/\/stage.savio.it\/fr\/#website","url":"https:\/\/stage.savio.it\/fr\/","name":"SAVIO","description":"Open mind for closing system","publisher":{"@id":"https:\/\/stage.savio.it\/fr\/#organization"},"potentialAction":[{"@type":"SearchAction","target":{"@type":"EntryPoint","urlTemplate":"https:\/\/stage.savio.it\/fr\/?s={search_term_string}"},"query-input":{"@type":"PropertyValueSpecification","valueRequired":true,"valueName":"search_term_string"}}],"inLanguage":"fr-FR"},{"@type":"Organization","@id":"https:\/\/stage.savio.it\/fr\/#organization","name":"SAVIO","url":"https:\/\/stage.savio.it\/fr\/","logo":{"@type":"ImageObject","inLanguage":"fr-FR","@id":"https:\/\/stage.savio.it\/fr\/#\/schema\/logo\/image\/","url":"https:\/\/stage.savio.it\/wp-content\/uploads\/2021\/09\/cropped-Savio-logo.png","contentUrl":"https:\/\/stage.savio.it\/wp-content\/uploads\/2021\/09\/cropped-Savio-logo.png","width":243,"height":64,"caption":"SAVIO"},"image":{"@id":"https:\/\/stage.savio.it\/fr\/#\/schema\/logo\/image\/"}}]}},"uagb_featured_image_src":{"full":["https:\/\/stage.savio.it\/wp-content\/uploads\/2022\/06\/1145_82.jpg",1000,1000,false],"thumbnail":["https:\/\/stage.savio.it\/wp-content\/uploads\/2022\/06\/1145_82-150x150.jpg",150,150,true],"medium":["https:\/\/stage.savio.it\/wp-content\/uploads\/2022\/06\/1145_82-300x300.jpg",300,300,true],"medium_large":["https:\/\/stage.savio.it\/wp-content\/uploads\/2022\/06\/1145_82-768x768.jpg",768,768,true],"large":["https:\/\/stage.savio.it\/wp-content\/uploads\/2022\/06\/1145_82.jpg",1000,1000,false],"gs-tiny":["https:\/\/stage.savio.it\/wp-content\/uploads\/2022\/06\/1145_82.jpg",50,50,false],"xl":["https:\/\/stage.savio.it\/wp-content\/uploads\/2022\/06\/1145_82.jpg",1000,1000,false],"xxl":["https:\/\/stage.savio.it\/wp-content\/uploads\/2022\/06\/1145_82.jpg",1000,1000,false],"xxxl":["https:\/\/stage.savio.it\/wp-content\/uploads\/2022\/06\/1145_82.jpg",1000,1000,false],"xxxxl":["https:\/\/stage.savio.it\/wp-content\/uploads\/2022\/06\/1145_82.jpg",1000,1000,false],"xxxxxl":["https:\/\/stage.savio.it\/wp-content\/uploads\/2022\/06\/1145_82.jpg",1000,1000,false],"1536x1536":["https:\/\/stage.savio.it\/wp-content\/uploads\/2022\/06\/1145_82.jpg",1000,1000,false],"2048x2048":["https:\/\/stage.savio.it\/wp-content\/uploads\/2022\/06\/1145_82.jpg",1000,1000,false],"woocommerce_thumbnail":["https:\/\/stage.savio.it\/wp-content\/uploads\/2022\/06\/1145_82-300x300.jpg",300,300,true],"woocommerce_single":["https:\/\/stage.savio.it\/wp-content\/uploads\/2022\/06\/1145_82-600x600.jpg",600,600,true],"woocommerce_gallery_thumbnail":["https:\/\/stage.savio.it\/wp-content\/uploads\/2022\/06\/1145_82-200x200.jpg",200,200,true]},"uagb_author_info":{"display_name":"admin_news","author_link":"https:\/\/stage.savio.it\/fr\/author\/"},"uagb_comment_info":0,"uagb_excerpt":"(brev.) Paumelle \u00e0 2 lames","_links":{"self":[{"href":"https:\/\/stage.savio.it\/fr\/wp-json\/wp\/v2\/product\/29110","targetHints":{"allow":["GET"]}}],"collection":[{"href":"https:\/\/stage.savio.it\/fr\/wp-json\/wp\/v2\/product"}],"about":[{"href":"https:\/\/stage.savio.it\/fr\/wp-json\/wp\/v2\/types\/product"}],"replies":[{"embeddable":true,"href":"https:\/\/stage.savio.it\/fr\/wp-json\/wp\/v2\/comments?post=29110"}],"wp:featuredmedia":[{"embeddable":true,"href":"https:\/\/stage.savio.it\/fr\/wp-json\/wp\/v2\/media\/110470"}],"wp:attachment":[{"href":"https:\/\/stage.savio.it\/fr\/wp-json\/wp\/v2\/media?parent=29110"}],"wp:term":[{"taxonomy":"product_brand","embeddable":true,"href":"https:\/\/stage.savio.it\/fr\/wp-json\/wp\/v2\/product_brand?post=29110"},{"taxonomy":"product_cat","embeddable":true,"href":"https:\/\/stage.savio.it\/fr\/wp-json\/wp\/v2\/product_cat?post=29110"},{"taxonomy":"product_tag","embeddable":true,"href":"https:\/\/stage.savio.it\/fr\/wp-json\/wp\/v2\/product_tag?post=29110"},{"taxonomy":"profilo","embeddable":true,"href":"https:\/\/stage.savio.it\/fr\/wp-json\/wp\/v2\/profilo?post=29110"},{"taxonomy":"finiture","embeddable":true,"href":"https:\/\/stage.savio.it\/fr\/wp-json\/wp\/v2\/finiture?post=29110"},{"taxonomy":"gruppo_anta","embeddable":true,"href":"https:\/\/stage.savio.it\/fr\/wp-json\/wp\/v2\/gruppo_anta?post=29110"}],"curies":[{"name":"wp","href":"https:\/\/api.w.org\/{rel}","templated":true}]}}