{"id":28876,"date":"2021-10-01T14:31:09","date_gmt":"2021-10-01T14:31:09","guid":{"rendered":"https:\/\/savio.ne-ws.it\/prodotto\/applicadue-878\/"},"modified":"2021-10-01T14:31:10","modified_gmt":"2021-10-01T14:31:10","slug":"applicadue-878","status":"publish","type":"product","link":"https:\/\/stage.savio.it\/fr\/prodotto\/applicadue-878\/","title":{"rendered":"APPLICADUE &#8211; 878"},"content":{"rendered":"<p>(brevet\u00e9) Cr\u00e9mone tournante en applique (course de 14 mm) pour ouvertures ext\u00e9rieures, en m\u00e9tal inject\u00e9, 4 vis \u00e0 t\u00eate cylindrique plate 3,9&#215;13 en acier zingu\u00e9.<\/p>\n","protected":false},"excerpt":{"rendered":"<p>(brev.) Cr\u00e9mone tournante en applique<\/p>\n","protected":false},"featured_media":75142,"comment_status":"closed","ping_status":"closed","template":"","meta":{"_acf_changed":false,"_uag_custom_page_level_css":""},"product_brand":[],"product_cat":[12613,12584],"product_tag":[],"profilo":[12000,12002,12003,12004,12165,12392,12400,12191,12239,12106,12107,12128,12108,12109,12129,12130,12131,12132,12133,12127,12043,12385,12386,12240,12251,12250,12241,12245,12244,12443,12344,12005,11981,12415,12414,12417,12416,12030,12059,12192,11957,11965,12152,12167,12168,12058,12434,12012,12013,12144,12145,12266,12056,12194,12195,12196,12197,12057,12270,12290,12223,12326,12327,12328,12083,11988,11989,12203,12369,12044,12072,12224,12274,12275],"finiture":[12512,12532,12534,12545,12560,12575],"gruppo_anta":[],"class_list":{"0":"post-28876","1":"product","2":"type-product","3":"status-publish","4":"has-post-thumbnail","6":"product_cat-applicadue","7":"product_cat-cremonesi-martelline-e-accessori-per-anta","8":"profilo-all-co-5-complanare","9":"profilo-all-co-p-4-complanare","10":"profilo-all-co-p-4-sormonto","11":"profilo-all-co-p-4-sormonto-raggiato","12":"profilo-alpha-scuro","13":"profilo-atlantis-40-persiana","14":"profilo-atlantis-45-persiana","15":"profilo-classica","16":"profilo-dama","17":"profilo-domal-40","18":"profilo-domal-40-raggiato","19":"profilo-domal-sunny-40","20":"profilo-domal-sunny-fiorentina","21":"profilo-domal-sunny-genova","22":"profilo-domal-sunny-pg","23":"profilo-domal-sunny-piacentina","24":"profilo-domal-sunny-scuroni","25":"profilo-domal-sunny-storica","26":"profilo-domal-sunny-veneta","27":"profilo-domal-sunny-xxmiglia","28":"profilo-ds-45","29":"profilo-ecowin-persiana","30":"profilo-ecowin-persiana-storica","31":"profilo-ekip-40-complanare","32":"profilo-ekip-40-nuovo-complanare","33":"profilo-ekip-40-nuovo-sormonto","34":"profilo-ekip-40-sormonto","35":"profilo-ekip-ev-complanare","36":"profilo-ekip-ev-sormonto","37":"profilo-ekos-50-sh-persiana","38":"profilo-eku-53-persiana","39":"profilo-epocal","40":"profilo-esedra-ga-53-raggiato","41":"profilo-et-43-sormonto","42":"profilo-et-43-sormonto-raggiato","43":"profilo-et-45-sormonto","44":"profilo-et-45-sormonto-raggiato","45":"profilo-export-45-persiana","46":"profilo-fb-12","47":"profilo-genova","48":"profilo-global-45","49":"profilo-global-45-liguria","50":"profilo-gold-400","51":"profilo-gold-lario","52":"profilo-goldwing","53":"profilo-gr-9","54":"profilo-iblea-color","55":"profilo-k-40","56":"profilo-k-40-raggiato","57":"profilo-k-60","58":"profilo-k-80","59":"profilo-maastricht-light","60":"profilo-nc-40","61":"profilo-nc-40-n-sormonto","62":"profilo-nc-40-n-sormonto-raggiato","63":"profilo-nc-45-int","64":"profilo-nc-45-int-raggiato","65":"profilo-nc-50","66":"profilo-new-tec-50","67":"profilo-new-tec-50-persiane-con-telaio","68":"profilo-orientabile","69":"profilo-pe-40","70":"profilo-pe-40-raggiato","71":"profilo-pe-40-scuro","72":"profilo-prestige-46","73":"profilo-r-40","74":"profilo-r-40-raggiato","75":"profilo-scuretto-rustico","76":"profilo-start-410-persiana","77":"profilo-synthesis-45","78":"profilo-tecno-pers-tc-50","79":"profilo-trieste","80":"profilo-windstop-45","81":"profilo-windstop-45-raggiato","82":"finiture-12512","83":"finiture-12532","84":"finiture-12534","85":"finiture-bl10","86":"finiture-gr606","87":"finiture-silv","88":"description-off","90":"first","91":"onbackorder","92":"product-type-simple"},"acf":[],"yoast_head":"<!-- This site is optimized with the Yoast SEO plugin v27.2 - https:\/\/yoast.com\/product\/yoast-seo-wordpress\/ -->\n<title>APPLICADUE - 878<\/title>\n<meta name=\"description\" content=\"(brev.) Cr\u00e9mone tournante en applique\" \/>\n<meta name=\"robots\" content=\"noindex, follow, max-snippet:-1, max-image-preview:large, max-video-preview:-1\" \/>\n<meta property=\"og:locale\" content=\"fr_FR\" \/>\n<meta property=\"og:type\" content=\"article\" \/>\n<meta property=\"og:title\" content=\"APPLICADUE - 878\" \/>\n<meta property=\"og:description\" content=\"(brev.) Cr\u00e9mone tournante en applique\" \/>\n<meta property=\"og:url\" content=\"https:\/\/stage.savio.it\/fr\/prodotto\/applicadue-878\/\" \/>\n<meta property=\"og:site_name\" content=\"SAVIO\" \/>\n<meta property=\"article:modified_time\" content=\"2021-10-01T14:31:10+00:00\" \/>\n<meta property=\"og:image\" content=\"https:\/\/stage.savio.it\/wp-content\/uploads\/2022\/06\/878.jpg\" \/>\n\t<meta property=\"og:image:width\" content=\"1000\" \/>\n\t<meta property=\"og:image:height\" content=\"1000\" \/>\n\t<meta property=\"og:image:type\" content=\"image\/jpeg\" \/>\n<meta name=\"twitter:card\" content=\"summary_large_image\" \/>\n<meta name=\"twitter:label1\" content=\"Dur\u00e9e de lecture estim\u00e9e\" \/>\n\t<meta name=\"twitter:data1\" content=\"4 minutes\" \/>\n<script type=\"application\/ld+json\" class=\"yoast-schema-graph\">{\"@context\":\"https:\/\/schema.org\",\"@graph\":[{\"@type\":\"WebPage\",\"@id\":\"https:\/\/stage.savio.it\/fr\/prodotto\/applicadue-878\/\",\"url\":\"https:\/\/stage.savio.it\/fr\/prodotto\/applicadue-878\/\",\"name\":\"APPLICADUE - 878\",\"isPartOf\":{\"@id\":\"https:\/\/stage.savio.it\/fr\/#website\"},\"primaryImageOfPage\":{\"@id\":\"https:\/\/stage.savio.it\/fr\/prodotto\/applicadue-878\/#primaryimage\"},\"image\":{\"@id\":\"https:\/\/stage.savio.it\/fr\/prodotto\/applicadue-878\/#primaryimage\"},\"thumbnailUrl\":\"https:\/\/stage.savio.it\/wp-content\/uploads\/2022\/06\/878.jpg\",\"datePublished\":\"2021-10-01T14:31:09+00:00\",\"dateModified\":\"2021-10-01T14:31:10+00:00\",\"description\":\"(brev.) Cr\u00e9mone tournante en applique\",\"breadcrumb\":{\"@id\":\"https:\/\/stage.savio.it\/fr\/prodotto\/applicadue-878\/#breadcrumb\"},\"inLanguage\":\"fr-FR\",\"potentialAction\":[{\"@type\":\"ReadAction\",\"target\":[\"https:\/\/stage.savio.it\/fr\/prodotto\/applicadue-878\/\"]}]},{\"@type\":\"ImageObject\",\"inLanguage\":\"fr-FR\",\"@id\":\"https:\/\/stage.savio.it\/fr\/prodotto\/applicadue-878\/#primaryimage\",\"url\":\"https:\/\/stage.savio.it\/wp-content\/uploads\/2022\/06\/878.jpg\",\"contentUrl\":\"https:\/\/stage.savio.it\/wp-content\/uploads\/2022\/06\/878.jpg\",\"width\":1000,\"height\":1000},{\"@type\":\"BreadcrumbList\",\"@id\":\"https:\/\/stage.savio.it\/fr\/prodotto\/applicadue-878\/#breadcrumb\",\"itemListElement\":[{\"@type\":\"ListItem\",\"position\":1,\"name\":\"Home\",\"item\":\"https:\/\/stage.savio.it\/fr\/\"},{\"@type\":\"ListItem\",\"position\":2,\"name\":\"Prodotti\",\"item\":\"https:\/\/stage.savio.it\/fr\/prodotti\/\"},{\"@type\":\"ListItem\",\"position\":3,\"name\":\"APPLICADUE &#8211; 878\"}]},{\"@type\":\"WebSite\",\"@id\":\"https:\/\/stage.savio.it\/fr\/#website\",\"url\":\"https:\/\/stage.savio.it\/fr\/\",\"name\":\"SAVIO\",\"description\":\"Open mind for closing system\",\"publisher\":{\"@id\":\"https:\/\/stage.savio.it\/fr\/#organization\"},\"potentialAction\":[{\"@type\":\"SearchAction\",\"target\":{\"@type\":\"EntryPoint\",\"urlTemplate\":\"https:\/\/stage.savio.it\/fr\/?s={search_term_string}\"},\"query-input\":{\"@type\":\"PropertyValueSpecification\",\"valueRequired\":true,\"valueName\":\"search_term_string\"}}],\"inLanguage\":\"fr-FR\"},{\"@type\":\"Organization\",\"@id\":\"https:\/\/stage.savio.it\/fr\/#organization\",\"name\":\"SAVIO\",\"url\":\"https:\/\/stage.savio.it\/fr\/\",\"logo\":{\"@type\":\"ImageObject\",\"inLanguage\":\"fr-FR\",\"@id\":\"https:\/\/stage.savio.it\/fr\/#\/schema\/logo\/image\/\",\"url\":\"https:\/\/stage.savio.it\/wp-content\/uploads\/2021\/09\/cropped-Savio-logo.png\",\"contentUrl\":\"https:\/\/stage.savio.it\/wp-content\/uploads\/2021\/09\/cropped-Savio-logo.png\",\"width\":243,\"height\":64,\"caption\":\"SAVIO\"},\"image\":{\"@id\":\"https:\/\/stage.savio.it\/fr\/#\/schema\/logo\/image\/\"}}]}<\/script>\n<!-- \/ Yoast SEO plugin. -->","yoast_head_json":{"title":"APPLICADUE - 878","description":"(brev.) Cr\u00e9mone tournante en applique","robots":{"index":"noindex","follow":"follow","max-snippet":"max-snippet:-1","max-image-preview":"max-image-preview:large","max-video-preview":"max-video-preview:-1"},"og_locale":"fr_FR","og_type":"article","og_title":"APPLICADUE - 878","og_description":"(brev.) Cr\u00e9mone tournante en applique","og_url":"https:\/\/stage.savio.it\/fr\/prodotto\/applicadue-878\/","og_site_name":"SAVIO","article_modified_time":"2021-10-01T14:31:10+00:00","og_image":[{"width":1000,"height":1000,"url":"https:\/\/stage.savio.it\/wp-content\/uploads\/2022\/06\/878.jpg","type":"image\/jpeg"}],"twitter_card":"summary_large_image","twitter_misc":{"Dur\u00e9e de lecture estim\u00e9e":"4 minutes"},"schema":{"@context":"https:\/\/schema.org","@graph":[{"@type":"WebPage","@id":"https:\/\/stage.savio.it\/fr\/prodotto\/applicadue-878\/","url":"https:\/\/stage.savio.it\/fr\/prodotto\/applicadue-878\/","name":"APPLICADUE - 878","isPartOf":{"@id":"https:\/\/stage.savio.it\/fr\/#website"},"primaryImageOfPage":{"@id":"https:\/\/stage.savio.it\/fr\/prodotto\/applicadue-878\/#primaryimage"},"image":{"@id":"https:\/\/stage.savio.it\/fr\/prodotto\/applicadue-878\/#primaryimage"},"thumbnailUrl":"https:\/\/stage.savio.it\/wp-content\/uploads\/2022\/06\/878.jpg","datePublished":"2021-10-01T14:31:09+00:00","dateModified":"2021-10-01T14:31:10+00:00","description":"(brev.) Cr\u00e9mone tournante en applique","breadcrumb":{"@id":"https:\/\/stage.savio.it\/fr\/prodotto\/applicadue-878\/#breadcrumb"},"inLanguage":"fr-FR","potentialAction":[{"@type":"ReadAction","target":["https:\/\/stage.savio.it\/fr\/prodotto\/applicadue-878\/"]}]},{"@type":"ImageObject","inLanguage":"fr-FR","@id":"https:\/\/stage.savio.it\/fr\/prodotto\/applicadue-878\/#primaryimage","url":"https:\/\/stage.savio.it\/wp-content\/uploads\/2022\/06\/878.jpg","contentUrl":"https:\/\/stage.savio.it\/wp-content\/uploads\/2022\/06\/878.jpg","width":1000,"height":1000},{"@type":"BreadcrumbList","@id":"https:\/\/stage.savio.it\/fr\/prodotto\/applicadue-878\/#breadcrumb","itemListElement":[{"@type":"ListItem","position":1,"name":"Home","item":"https:\/\/stage.savio.it\/fr\/"},{"@type":"ListItem","position":2,"name":"Prodotti","item":"https:\/\/stage.savio.it\/fr\/prodotti\/"},{"@type":"ListItem","position":3,"name":"APPLICADUE &#8211; 878"}]},{"@type":"WebSite","@id":"https:\/\/stage.savio.it\/fr\/#website","url":"https:\/\/stage.savio.it\/fr\/","name":"SAVIO","description":"Open mind for closing system","publisher":{"@id":"https:\/\/stage.savio.it\/fr\/#organization"},"potentialAction":[{"@type":"SearchAction","target":{"@type":"EntryPoint","urlTemplate":"https:\/\/stage.savio.it\/fr\/?s={search_term_string}"},"query-input":{"@type":"PropertyValueSpecification","valueRequired":true,"valueName":"search_term_string"}}],"inLanguage":"fr-FR"},{"@type":"Organization","@id":"https:\/\/stage.savio.it\/fr\/#organization","name":"SAVIO","url":"https:\/\/stage.savio.it\/fr\/","logo":{"@type":"ImageObject","inLanguage":"fr-FR","@id":"https:\/\/stage.savio.it\/fr\/#\/schema\/logo\/image\/","url":"https:\/\/stage.savio.it\/wp-content\/uploads\/2021\/09\/cropped-Savio-logo.png","contentUrl":"https:\/\/stage.savio.it\/wp-content\/uploads\/2021\/09\/cropped-Savio-logo.png","width":243,"height":64,"caption":"SAVIO"},"image":{"@id":"https:\/\/stage.savio.it\/fr\/#\/schema\/logo\/image\/"}}]}},"uagb_featured_image_src":{"full":["https:\/\/stage.savio.it\/wp-content\/uploads\/2022\/06\/878.jpg",1000,1000,false],"thumbnail":["https:\/\/stage.savio.it\/wp-content\/uploads\/2022\/06\/878-150x150.jpg",150,150,true],"medium":["https:\/\/stage.savio.it\/wp-content\/uploads\/2022\/06\/878-300x300.jpg",300,300,true],"medium_large":["https:\/\/stage.savio.it\/wp-content\/uploads\/2022\/06\/878-768x768.jpg",768,768,true],"large":["https:\/\/stage.savio.it\/wp-content\/uploads\/2022\/06\/878.jpg",1000,1000,false],"gs-tiny":["https:\/\/stage.savio.it\/wp-content\/uploads\/2022\/06\/878.jpg",50,50,false],"xl":["https:\/\/stage.savio.it\/wp-content\/uploads\/2022\/06\/878.jpg",1000,1000,false],"xxl":["https:\/\/stage.savio.it\/wp-content\/uploads\/2022\/06\/878.jpg",1000,1000,false],"xxxl":["https:\/\/stage.savio.it\/wp-content\/uploads\/2022\/06\/878.jpg",1000,1000,false],"xxxxl":["https:\/\/stage.savio.it\/wp-content\/uploads\/2022\/06\/878.jpg",1000,1000,false],"xxxxxl":["https:\/\/stage.savio.it\/wp-content\/uploads\/2022\/06\/878.jpg",1000,1000,false],"1536x1536":["https:\/\/stage.savio.it\/wp-content\/uploads\/2022\/06\/878.jpg",1000,1000,false],"2048x2048":["https:\/\/stage.savio.it\/wp-content\/uploads\/2022\/06\/878.jpg",1000,1000,false],"woocommerce_thumbnail":["https:\/\/stage.savio.it\/wp-content\/uploads\/2022\/06\/878-300x300.jpg",300,300,true],"woocommerce_single":["https:\/\/stage.savio.it\/wp-content\/uploads\/2022\/06\/878-600x600.jpg",600,600,true],"woocommerce_gallery_thumbnail":["https:\/\/stage.savio.it\/wp-content\/uploads\/2022\/06\/878-200x200.jpg",200,200,true]},"uagb_author_info":{"display_name":"admin_news","author_link":"https:\/\/stage.savio.it\/fr\/author\/"},"uagb_comment_info":0,"uagb_excerpt":"(brev.) Cr\u00e9mone tournante en applique","_links":{"self":[{"href":"https:\/\/stage.savio.it\/fr\/wp-json\/wp\/v2\/product\/28876","targetHints":{"allow":["GET"]}}],"collection":[{"href":"https:\/\/stage.savio.it\/fr\/wp-json\/wp\/v2\/product"}],"about":[{"href":"https:\/\/stage.savio.it\/fr\/wp-json\/wp\/v2\/types\/product"}],"replies":[{"embeddable":true,"href":"https:\/\/stage.savio.it\/fr\/wp-json\/wp\/v2\/comments?post=28876"}],"wp:featuredmedia":[{"embeddable":true,"href":"https:\/\/stage.savio.it\/fr\/wp-json\/wp\/v2\/media\/75142"}],"wp:attachment":[{"href":"https:\/\/stage.savio.it\/fr\/wp-json\/wp\/v2\/media?parent=28876"}],"wp:term":[{"taxonomy":"product_brand","embeddable":true,"href":"https:\/\/stage.savio.it\/fr\/wp-json\/wp\/v2\/product_brand?post=28876"},{"taxonomy":"product_cat","embeddable":true,"href":"https:\/\/stage.savio.it\/fr\/wp-json\/wp\/v2\/product_cat?post=28876"},{"taxonomy":"product_tag","embeddable":true,"href":"https:\/\/stage.savio.it\/fr\/wp-json\/wp\/v2\/product_tag?post=28876"},{"taxonomy":"profilo","embeddable":true,"href":"https:\/\/stage.savio.it\/fr\/wp-json\/wp\/v2\/profilo?post=28876"},{"taxonomy":"finiture","embeddable":true,"href":"https:\/\/stage.savio.it\/fr\/wp-json\/wp\/v2\/finiture?post=28876"},{"taxonomy":"gruppo_anta","embeddable":true,"href":"https:\/\/stage.savio.it\/fr\/wp-json\/wp\/v2\/gruppo_anta?post=28876"}],"curies":[{"name":"wp","href":"https:\/\/api.w.org\/{rel}","templated":true}]}}