{"id":34656,"date":"2021-09-30T12:43:47","date_gmt":"2021-10-05T10:41:54","guid":{"rendered":"https:\/\/savio.ne-ws.it\/prodotto\/taudue-825-6\/"},"modified":"2026-01-29T14:09:34","modified_gmt":"2026-01-29T14:09:34","slug":"taudue-825-6","status":"publish","type":"product","link":"https:\/\/stage.savio.it\/es\/prodotto\/taudue-825-6\/","title":{"rendered":"TAUDUE &#8211; 825.6"},"content":{"rendered":"<p>Cierre con m\u00e1s puntos y cuadro 8 mm, 2 pernios roscados \u00d8 8&#215;5 en acero cincado. Se pueden emplear las manillas simples con cuadro 7 mm utilizando el reductor cuadro c\u00f3digo 32129101.<\/p>\n","protected":false},"excerpt":{"rendered":"<p>Cierre con m\u00e1s puntos<\/p>\n","protected":false},"featured_media":19548,"comment_status":"closed","ping_status":"closed","template":"","meta":{"_acf_changed":false,"_uag_custom_page_level_css":""},"product_brand":[],"product_cat":[12718,12591],"product_tag":[],"profilo":[12099,12100,12025,12027],"finiture":[],"gruppo_anta":[],"class_list":{"0":"post-34656","1":"product","2":"type-product","3":"status-publish","4":"has-post-thumbnail","6":"product_cat-taudue","7":"product_cat-tavellini-e-chiusure","8":"profilo-export-65-s","9":"profilo-export-65-st","10":"profilo-triall-co-65-s","11":"profilo-triall-co-90-s","12":"description-off","14":"first","15":"onbackorder","16":"product-type-simple"},"acf":[],"yoast_head":"<!-- This site is optimized with the Yoast SEO plugin v27.2 - https:\/\/yoast.com\/product\/yoast-seo-wordpress\/ -->\n<title>TAUDUE - 825.6<\/title>\n<meta name=\"description\" content=\"Cierre con m\u00e1s puntos\" \/>\n<meta name=\"robots\" content=\"noindex, follow, max-snippet:-1, max-image-preview:large, max-video-preview:-1\" \/>\n<meta property=\"og:locale\" content=\"es_ES\" \/>\n<meta property=\"og:type\" content=\"article\" \/>\n<meta property=\"og:title\" content=\"TAUDUE - 825.6\" \/>\n<meta property=\"og:description\" content=\"Cierre con m\u00e1s puntos\" \/>\n<meta property=\"og:url\" content=\"https:\/\/stage.savio.it\/es\/prodotto\/taudue-825-6\/\" \/>\n<meta property=\"og:site_name\" content=\"SAVIO\" \/>\n<meta property=\"article:modified_time\" content=\"2026-01-29T14:09:34+00:00\" \/>\n<meta property=\"og:image\" content=\"https:\/\/stage.savio.it\/wp-content\/uploads\/2021\/09\/825-3.jpg\" \/>\n\t<meta property=\"og:image:width\" content=\"229\" \/>\n\t<meta property=\"og:image:height\" content=\"229\" \/>\n\t<meta property=\"og:image:type\" content=\"image\/jpeg\" \/>\n<meta name=\"twitter:card\" content=\"summary_large_image\" \/>\n<meta name=\"twitter:label1\" content=\"Tiempo de lectura\" \/>\n\t<meta name=\"twitter:data1\" content=\"4 minutos\" \/>\n<script type=\"application\/ld+json\" class=\"yoast-schema-graph\">{\"@context\":\"https:\/\/schema.org\",\"@graph\":[{\"@type\":\"WebPage\",\"@id\":\"https:\/\/stage.savio.it\/es\/prodotto\/taudue-825-6\/\",\"url\":\"https:\/\/stage.savio.it\/es\/prodotto\/taudue-825-6\/\",\"name\":\"TAUDUE - 825.6\",\"isPartOf\":{\"@id\":\"https:\/\/stage.savio.it\/es\/#website\"},\"primaryImageOfPage\":{\"@id\":\"https:\/\/stage.savio.it\/es\/prodotto\/taudue-825-6\/#primaryimage\"},\"image\":{\"@id\":\"https:\/\/stage.savio.it\/es\/prodotto\/taudue-825-6\/#primaryimage\"},\"thumbnailUrl\":\"https:\/\/stage.savio.it\/wp-content\/uploads\/2021\/09\/825-3.jpg\",\"datePublished\":\"2021-10-05T10:41:54+00:00\",\"dateModified\":\"2026-01-29T14:09:34+00:00\",\"description\":\"Cierre con m\u00e1s puntos\",\"breadcrumb\":{\"@id\":\"https:\/\/stage.savio.it\/es\/prodotto\/taudue-825-6\/#breadcrumb\"},\"inLanguage\":\"es\",\"potentialAction\":[{\"@type\":\"ReadAction\",\"target\":[\"https:\/\/stage.savio.it\/es\/prodotto\/taudue-825-6\/\"]}]},{\"@type\":\"ImageObject\",\"inLanguage\":\"es\",\"@id\":\"https:\/\/stage.savio.it\/es\/prodotto\/taudue-825-6\/#primaryimage\",\"url\":\"https:\/\/stage.savio.it\/wp-content\/uploads\/2021\/09\/825-3.jpg\",\"contentUrl\":\"https:\/\/stage.savio.it\/wp-content\/uploads\/2021\/09\/825-3.jpg\",\"width\":229,\"height\":229},{\"@type\":\"BreadcrumbList\",\"@id\":\"https:\/\/stage.savio.it\/es\/prodotto\/taudue-825-6\/#breadcrumb\",\"itemListElement\":[{\"@type\":\"ListItem\",\"position\":1,\"name\":\"Home\",\"item\":\"https:\/\/stage.savio.it\/es\/\"},{\"@type\":\"ListItem\",\"position\":2,\"name\":\"Productos\",\"item\":\"https:\/\/stage.savio.it\/prodotti\/\"},{\"@type\":\"ListItem\",\"position\":3,\"name\":\"TAUDUE &#8211; 825.6\"}]},{\"@type\":\"WebSite\",\"@id\":\"https:\/\/stage.savio.it\/es\/#website\",\"url\":\"https:\/\/stage.savio.it\/es\/\",\"name\":\"SAVIO\",\"description\":\"Open mind for closing system\",\"publisher\":{\"@id\":\"https:\/\/stage.savio.it\/es\/#organization\"},\"potentialAction\":[{\"@type\":\"SearchAction\",\"target\":{\"@type\":\"EntryPoint\",\"urlTemplate\":\"https:\/\/stage.savio.it\/es\/?s={search_term_string}\"},\"query-input\":{\"@type\":\"PropertyValueSpecification\",\"valueRequired\":true,\"valueName\":\"search_term_string\"}}],\"inLanguage\":\"es\"},{\"@type\":\"Organization\",\"@id\":\"https:\/\/stage.savio.it\/es\/#organization\",\"name\":\"SAVIO\",\"url\":\"https:\/\/stage.savio.it\/es\/\",\"logo\":{\"@type\":\"ImageObject\",\"inLanguage\":\"es\",\"@id\":\"https:\/\/stage.savio.it\/es\/#\/schema\/logo\/image\/\",\"url\":\"https:\/\/stage.savio.it\/wp-content\/uploads\/2021\/09\/cropped-Savio-logo.png\",\"contentUrl\":\"https:\/\/stage.savio.it\/wp-content\/uploads\/2021\/09\/cropped-Savio-logo.png\",\"width\":243,\"height\":64,\"caption\":\"SAVIO\"},\"image\":{\"@id\":\"https:\/\/stage.savio.it\/es\/#\/schema\/logo\/image\/\"}}]}<\/script>\n<!-- \/ Yoast SEO plugin. -->","yoast_head_json":{"title":"TAUDUE - 825.6","description":"Cierre con m\u00e1s puntos","robots":{"index":"noindex","follow":"follow","max-snippet":"max-snippet:-1","max-image-preview":"max-image-preview:large","max-video-preview":"max-video-preview:-1"},"og_locale":"es_ES","og_type":"article","og_title":"TAUDUE - 825.6","og_description":"Cierre con m\u00e1s puntos","og_url":"https:\/\/stage.savio.it\/es\/prodotto\/taudue-825-6\/","og_site_name":"SAVIO","article_modified_time":"2026-01-29T14:09:34+00:00","og_image":[{"width":229,"height":229,"url":"https:\/\/stage.savio.it\/wp-content\/uploads\/2021\/09\/825-3.jpg","type":"image\/jpeg"}],"twitter_card":"summary_large_image","twitter_misc":{"Tiempo de lectura":"4 minutos"},"schema":{"@context":"https:\/\/schema.org","@graph":[{"@type":"WebPage","@id":"https:\/\/stage.savio.it\/es\/prodotto\/taudue-825-6\/","url":"https:\/\/stage.savio.it\/es\/prodotto\/taudue-825-6\/","name":"TAUDUE - 825.6","isPartOf":{"@id":"https:\/\/stage.savio.it\/es\/#website"},"primaryImageOfPage":{"@id":"https:\/\/stage.savio.it\/es\/prodotto\/taudue-825-6\/#primaryimage"},"image":{"@id":"https:\/\/stage.savio.it\/es\/prodotto\/taudue-825-6\/#primaryimage"},"thumbnailUrl":"https:\/\/stage.savio.it\/wp-content\/uploads\/2021\/09\/825-3.jpg","datePublished":"2021-10-05T10:41:54+00:00","dateModified":"2026-01-29T14:09:34+00:00","description":"Cierre con m\u00e1s puntos","breadcrumb":{"@id":"https:\/\/stage.savio.it\/es\/prodotto\/taudue-825-6\/#breadcrumb"},"inLanguage":"es","potentialAction":[{"@type":"ReadAction","target":["https:\/\/stage.savio.it\/es\/prodotto\/taudue-825-6\/"]}]},{"@type":"ImageObject","inLanguage":"es","@id":"https:\/\/stage.savio.it\/es\/prodotto\/taudue-825-6\/#primaryimage","url":"https:\/\/stage.savio.it\/wp-content\/uploads\/2021\/09\/825-3.jpg","contentUrl":"https:\/\/stage.savio.it\/wp-content\/uploads\/2021\/09\/825-3.jpg","width":229,"height":229},{"@type":"BreadcrumbList","@id":"https:\/\/stage.savio.it\/es\/prodotto\/taudue-825-6\/#breadcrumb","itemListElement":[{"@type":"ListItem","position":1,"name":"Home","item":"https:\/\/stage.savio.it\/es\/"},{"@type":"ListItem","position":2,"name":"Productos","item":"https:\/\/stage.savio.it\/prodotti\/"},{"@type":"ListItem","position":3,"name":"TAUDUE &#8211; 825.6"}]},{"@type":"WebSite","@id":"https:\/\/stage.savio.it\/es\/#website","url":"https:\/\/stage.savio.it\/es\/","name":"SAVIO","description":"Open mind for closing system","publisher":{"@id":"https:\/\/stage.savio.it\/es\/#organization"},"potentialAction":[{"@type":"SearchAction","target":{"@type":"EntryPoint","urlTemplate":"https:\/\/stage.savio.it\/es\/?s={search_term_string}"},"query-input":{"@type":"PropertyValueSpecification","valueRequired":true,"valueName":"search_term_string"}}],"inLanguage":"es"},{"@type":"Organization","@id":"https:\/\/stage.savio.it\/es\/#organization","name":"SAVIO","url":"https:\/\/stage.savio.it\/es\/","logo":{"@type":"ImageObject","inLanguage":"es","@id":"https:\/\/stage.savio.it\/es\/#\/schema\/logo\/image\/","url":"https:\/\/stage.savio.it\/wp-content\/uploads\/2021\/09\/cropped-Savio-logo.png","contentUrl":"https:\/\/stage.savio.it\/wp-content\/uploads\/2021\/09\/cropped-Savio-logo.png","width":243,"height":64,"caption":"SAVIO"},"image":{"@id":"https:\/\/stage.savio.it\/es\/#\/schema\/logo\/image\/"}}]}},"uagb_featured_image_src":{"full":["https:\/\/stage.savio.it\/wp-content\/uploads\/2021\/09\/825-3.jpg",229,229,false],"thumbnail":["https:\/\/stage.savio.it\/wp-content\/uploads\/2021\/09\/825-3-150x150.jpg",150,150,true],"medium":["https:\/\/stage.savio.it\/wp-content\/uploads\/2021\/09\/825-3.jpg",229,229,false],"medium_large":["https:\/\/stage.savio.it\/wp-content\/uploads\/2021\/09\/825-3.jpg",229,229,false],"large":["https:\/\/stage.savio.it\/wp-content\/uploads\/2021\/09\/825-3.jpg",229,229,false],"gs-tiny":["https:\/\/stage.savio.it\/wp-content\/uploads\/2021\/09\/825-3.jpg",50,50,false],"xl":["https:\/\/stage.savio.it\/wp-content\/uploads\/2021\/09\/825-3.jpg",229,229,false],"xxl":["https:\/\/stage.savio.it\/wp-content\/uploads\/2021\/09\/825-3.jpg",229,229,false],"xxxl":["https:\/\/stage.savio.it\/wp-content\/uploads\/2021\/09\/825-3.jpg",229,229,false],"xxxxl":["https:\/\/stage.savio.it\/wp-content\/uploads\/2021\/09\/825-3.jpg",229,229,false],"xxxxxl":["https:\/\/stage.savio.it\/wp-content\/uploads\/2021\/09\/825-3.jpg",229,229,false],"1536x1536":["https:\/\/stage.savio.it\/wp-content\/uploads\/2021\/09\/825-3.jpg",229,229,false],"2048x2048":["https:\/\/stage.savio.it\/wp-content\/uploads\/2021\/09\/825-3.jpg",229,229,false],"woocommerce_thumbnail":["https:\/\/stage.savio.it\/wp-content\/uploads\/2021\/09\/825-3.jpg",229,229,false],"woocommerce_single":["https:\/\/stage.savio.it\/wp-content\/uploads\/2021\/09\/825-3.jpg",229,229,false],"woocommerce_gallery_thumbnail":["https:\/\/stage.savio.it\/wp-content\/uploads\/2021\/09\/825-3-200x200.jpg",200,200,true]},"uagb_author_info":{"display_name":"admin_news","author_link":"https:\/\/stage.savio.it\/es\/author\/"},"uagb_comment_info":0,"uagb_excerpt":"Cierre con m\u00e1s puntos","_links":{"self":[{"href":"https:\/\/stage.savio.it\/es\/wp-json\/wp\/v2\/product\/34656","targetHints":{"allow":["GET"]}}],"collection":[{"href":"https:\/\/stage.savio.it\/es\/wp-json\/wp\/v2\/product"}],"about":[{"href":"https:\/\/stage.savio.it\/es\/wp-json\/wp\/v2\/types\/product"}],"replies":[{"embeddable":true,"href":"https:\/\/stage.savio.it\/es\/wp-json\/wp\/v2\/comments?post=34656"}],"wp:featuredmedia":[{"embeddable":true,"href":"https:\/\/stage.savio.it\/es\/wp-json\/wp\/v2\/media\/19548"}],"wp:attachment":[{"href":"https:\/\/stage.savio.it\/es\/wp-json\/wp\/v2\/media?parent=34656"}],"wp:term":[{"taxonomy":"product_brand","embeddable":true,"href":"https:\/\/stage.savio.it\/es\/wp-json\/wp\/v2\/product_brand?post=34656"},{"taxonomy":"product_cat","embeddable":true,"href":"https:\/\/stage.savio.it\/es\/wp-json\/wp\/v2\/product_cat?post=34656"},{"taxonomy":"product_tag","embeddable":true,"href":"https:\/\/stage.savio.it\/es\/wp-json\/wp\/v2\/product_tag?post=34656"},{"taxonomy":"profilo","embeddable":true,"href":"https:\/\/stage.savio.it\/es\/wp-json\/wp\/v2\/profilo?post=34656"},{"taxonomy":"finiture","embeddable":true,"href":"https:\/\/stage.savio.it\/es\/wp-json\/wp\/v2\/finiture?post=34656"},{"taxonomy":"gruppo_anta","embeddable":true,"href":"https:\/\/stage.savio.it\/es\/wp-json\/wp\/v2\/gruppo_anta?post=34656"}],"curies":[{"name":"wp","href":"https:\/\/api.w.org\/{rel}","templated":true}]}}