{"id":34416,"date":"2021-10-05T10:37:51","date_gmt":"2021-10-05T10:37:51","guid":{"rendered":"https:\/\/savio.ne-ws.it\/prodotto\/blocal-1490\/"},"modified":"2021-10-05T10:37:57","modified_gmt":"2021-10-05T10:37:57","slug":"blocal-1490","status":"publish","type":"product","link":"https:\/\/stage.savio.it\/es\/prodotto\/blocal-1490\/","title":{"rendered":"BLOCAL &#8211; 1490"},"content":{"rendered":"<p>Cerradura en zamac, nylon y acero inox 430, con bomb\u00edn de seguridad (llaves iguales), 2 tornillos con cabeza cil\u00edndrica M5x12 y 2 tornillos con cabeza cil\u00edndrica \u00d8 3,9&#215;13 en acero inox 304.<\/p>\n","protected":false},"excerpt":{"rendered":"<p>Cerradura<\/p>\n","protected":false},"featured_media":73902,"comment_status":"closed","ping_status":"closed","template":"","meta":{"_acf_changed":false,"_uag_custom_page_level_css":""},"product_brand":[],"product_cat":[12589,12700,12591],"product_tag":[],"profilo":[12431,11995,11996,12000,12001,12002,12003,12004,12391,12393,12394,12395,12396,12398,12399,12061,12062,12063,12104,12105,12134,12135,12110,12111,12112,12240,12251,12250,12241,12242,12243,12245,12244,12267,12320,12339,12321,12322,12323,12324,12325,11980,11981,11979,11982,11983,12415,12414,12417,12416,12352,12006,12007,12095,12096,12008,12009,12010,12098,12011,12035,11956,11958,11959,12152,12153,12164,12166,12154,12155,12156,12157,12434,12012,12013,12014,12015,12016,12247,12266,12248,12249,12219,12186,12187,12193,12194,12195,12196,12197,12198,12218,12199,12200,12201,12227,12202,12017,12064,12270,12271,12288,12291,12272,12273,12326,12327,12329,12342,12330,12331,12084,11988,11989,11990,11991,11993,12374,12088,12089,12090,12091,12355,12361,12357,12363,12358,12359,12364,12229,12044,12045,12046,12053,12070,12419,12246,12435,12436,12276,12304,12305,12277,12293,12299,12300,12296,12297,12301,12302,12298,12311,12312,12313,12315,12314,12316],"finiture":[12512,12513,12514,12525,12529,12531,12532,12534,12545,12552,12575],"gruppo_anta":[2960,2961,2970,2956,2958,2957,2959,2966,2962,2963,2953,2954,2967,2955,2964,2965,2968,2969],"class_list":{"0":"post-34416","1":"product","2":"type-product","3":"status-publish","4":"has-post-thumbnail","6":"product_cat-anta-ribalta-e-accessori","7":"product_cat-blocal","8":"product_cat-tavellini-e-chiusure","9":"profilo-12431","10":"profilo-alfil-a54rpt","11":"profilo-alfil-a65rpt","12":"profilo-all-co-5-complanare","13":"profilo-all-co-5-sormonto","14":"profilo-all-co-p-4-complanare","15":"profilo-all-co-p-4-sormonto","16":"profilo-all-co-p-4-sormonto-raggiato","17":"profilo-atlantis-40","18":"profilo-atlantis-45","19":"profilo-atlantis-45-raggiato","20":"profilo-atlantis-55-tt","21":"profilo-atlantis-55-tt-raggiato","22":"profilo-atlantis-68-tt","23":"profilo-atlantis-68-tt-raggiato","24":"profilo-bga-50","25":"profilo-bga-50-arrotondato","26":"profilo-bga-50-raggiato","27":"profilo-domal-break-pa-52","28":"profilo-domal-break-pa-52-raggiato","29":"profilo-domal-bright-pa-70-s","30":"profilo-domal-bright-pa-70-s-raggiato","31":"profilo-domal-stopper-31-5-c-i","32":"profilo-domal-stopper-pg","33":"profilo-domal-stopper-pg-raggiato","34":"profilo-ekip-40-complanare","35":"profilo-ekip-40-nuovo-complanare","36":"profilo-ekip-40-nuovo-sormonto","37":"profilo-ekip-40-sormonto","38":"profilo-ekip-50-complanare","39":"profilo-ekip-50-sormonto","40":"profilo-ekip-ev-complanare","41":"profilo-ekip-ev-sormonto","42":"profilo-ekip-th-83","43":"profilo-eku-40","44":"profilo-eku-40-raggiato","45":"profilo-eku-53","46":"profilo-eku-53-raggiato","47":"profilo-eku-53-tt","48":"profilo-eku-64-tt","49":"profilo-eku-72-tt","50":"profilo-esedra-ga-53","51":"profilo-esedra-ga-53-raggiato","52":"profilo-esedra-light-42-50","53":"profilo-esedra-tt-63","54":"profilo-esedra-tt-75","55":"profilo-et-43-sormonto","56":"profilo-et-43-sormonto-raggiato","57":"profilo-et-45-sormonto","58":"profilo-et-45-sormonto-raggiato","59":"profilo-eta","60":"profilo-export-45","61":"profilo-export-45-raggiato","62":"profilo-export-45-t","63":"profilo-export-45-t-raggiato","64":"profilo-export-45-tt","65":"profilo-export-45-tt-raggiato","66":"profilo-export-50","67":"profilo-export-50-t","68":"profilo-export-50-tt","69":"profilo-export-51-tt","70":"profilo-global-41","71":"profilo-global-48","72":"profilo-global-70-tt","73":"profilo-gold-400","74":"profilo-gold-400-raggiato","75":"profilo-gold-450","76":"profilo-gold-450-tt","77":"profilo-gold-490-tt","78":"profilo-gold-500","79":"profilo-gold-500-raggiato","80":"profilo-gold-600","81":"profilo-iblea-color","82":"profilo-k-40","83":"profilo-k-40-raggiato","84":"profilo-k-45t","85":"profilo-k-64t","86":"profilo-k-70t","87":"profilo-maastricht-53","88":"profilo-maastricht-light","89":"profilo-maastricht-th-60","90":"profilo-maastricht-th-68","91":"profilo-metraltech","92":"profilo-mx-50","93":"profilo-mx-70","94":"profilo-nc-40-n-complanare","95":"profilo-nc-40-n-sormonto","96":"profilo-nc-40-n-sormonto-raggiato","97":"profilo-nc-45-int","98":"profilo-nc-45-int-raggiato","99":"profilo-nc-45-sth","100":"profilo-nc-50-i","101":"profilo-nc-55-int","102":"profilo-nc-65-sth","103":"profilo-nc-68-sth","104":"profilo-nc-68-sth-s","105":"profilo-nc-72-sth","106":"profilo-new-age","107":"profilo-new-bt-60-tt","108":"profilo-new-tec-50","109":"profilo-new-tec-52-tt","110":"profilo-new-tec-52-tt-classic","111":"profilo-new-tec-52-tt-light","112":"profilo-new-tec-60-tt","113":"profilo-new-tec-68-tt","114":"profilo-pe-40","115":"profilo-pe-40-raggiato","116":"profilo-pe-50","117":"profilo-pe-50-raggiato","118":"profilo-pe-58-tt-complanare","119":"profilo-pe-58-tt-sormonto","120":"profilo-prestige-48","121":"profilo-r-40","122":"profilo-r-40-raggiato","123":"profilo-r-50","124":"profilo-r-50-tt-barra-cont","125":"profilo-r-62-tt","126":"profilo-schuco-international","127":"profilo-serie-8000","128":"profilo-serie-8000-raggiato","129":"profilo-serie-8000-tt","130":"profilo-serie-8000-tt-raggiato","131":"profilo-start-410","132":"profilo-start-410-raggiato","133":"profilo-start-470-tt","134":"profilo-start-470-tt-raggiato","135":"profilo-start-560-tt","136":"profilo-start-640-tt","137":"profilo-start-760-tt","138":"profilo-superblindo","139":"profilo-synthesis-45","140":"profilo-synthesis-57","141":"profilo-synthesis-60-tt","142":"profilo-synthesis-68-tt","143":"profilo-tecno-50","144":"profilo-tt-50","145":"profilo-venice-th16","146":"profilo-vuerre-53-tt","147":"profilo-vuerre-70-tt","148":"profilo-windstop-45-tt","149":"profilo-windstop-45-tt-classic","150":"profilo-windstop-45-tt-classic-raggiato","151":"profilo-windstop-45-tt-raggiato","152":"profilo-windstop-55-tt","153":"profilo-windstop-55-tt-classic","154":"profilo-windstop-55-tt-classic-raggiato","155":"profilo-windstop-55-tt-raggiato","156":"profilo-windstop-65-tt","157":"profilo-windstop-65-tt-classic","158":"profilo-windstop-65-tt-classic-raggiato","159":"profilo-windstop-65-tt-raggiato","160":"profilo-windstop-73-tt","161":"profilo-windstop-73-tt-raggiato","162":"profilo-ws-65-thi","163":"profilo-ws-65-thi-raggiato","164":"profilo-ws-75-thi","165":"profilo-ws-75-thi-raggiato","166":"finiture-12512","167":"finiture-12513","168":"finiture-12514","169":"finiture-12525","170":"finiture-12529","171":"finiture-12531","172":"finiture-12532","173":"finiture-12534","174":"finiture-bl10","175":"finiture-c","176":"finiture-silv","177":"gruppo_anta-2960","178":"gruppo_anta-2961","179":"gruppo_anta-2970","180":"gruppo_anta-2956","181":"gruppo_anta-2958","182":"gruppo_anta-2957","183":"gruppo_anta-2959","184":"gruppo_anta-2966","185":"gruppo_anta-2962","186":"gruppo_anta-2963","187":"gruppo_anta-2953","188":"gruppo_anta-2954","189":"gruppo_anta-2967","190":"gruppo_anta-2955","191":"gruppo_anta-2964","192":"gruppo_anta-2965","193":"gruppo_anta-2968","194":"gruppo_anta-2969","195":"description-off","197":"first","198":"onbackorder","199":"product-type-simple"},"acf":[],"yoast_head":"<!-- This site is optimized with the Yoast SEO plugin v27.2 - https:\/\/yoast.com\/product\/yoast-seo-wordpress\/ -->\n<title>BLOCAL - 1490<\/title>\n<meta name=\"description\" content=\"Cerradura\" \/>\n<meta name=\"robots\" content=\"noindex, follow, max-snippet:-1, max-image-preview:large, max-video-preview:-1\" \/>\n<meta property=\"og:locale\" content=\"es_ES\" \/>\n<meta property=\"og:type\" content=\"article\" \/>\n<meta property=\"og:title\" content=\"BLOCAL - 1490\" \/>\n<meta property=\"og:description\" content=\"Cerradura\" \/>\n<meta property=\"og:url\" content=\"https:\/\/stage.savio.it\/es\/prodotto\/blocal-1490\/\" \/>\n<meta property=\"og:site_name\" content=\"SAVIO\" \/>\n<meta property=\"article:modified_time\" content=\"2021-10-05T10:37:57+00:00\" \/>\n<meta property=\"og:image\" content=\"https:\/\/stage.savio.it\/wp-content\/uploads\/2022\/06\/1490.jpg\" \/>\n\t<meta property=\"og:image:width\" content=\"1000\" \/>\n\t<meta property=\"og:image:height\" content=\"1000\" \/>\n\t<meta property=\"og:image:type\" content=\"image\/jpeg\" \/>\n<meta name=\"twitter:card\" content=\"summary_large_image\" \/>\n<meta name=\"twitter:label1\" content=\"Tiempo de lectura\" \/>\n\t<meta name=\"twitter:data1\" content=\"4 minutos\" \/>\n<script type=\"application\/ld+json\" class=\"yoast-schema-graph\">{\"@context\":\"https:\/\/schema.org\",\"@graph\":[{\"@type\":\"WebPage\",\"@id\":\"https:\/\/stage.savio.it\/es\/prodotto\/blocal-1490\/\",\"url\":\"https:\/\/stage.savio.it\/es\/prodotto\/blocal-1490\/\",\"name\":\"BLOCAL - 1490\",\"isPartOf\":{\"@id\":\"https:\/\/stage.savio.it\/es\/#website\"},\"primaryImageOfPage\":{\"@id\":\"https:\/\/stage.savio.it\/es\/prodotto\/blocal-1490\/#primaryimage\"},\"image\":{\"@id\":\"https:\/\/stage.savio.it\/es\/prodotto\/blocal-1490\/#primaryimage\"},\"thumbnailUrl\":\"https:\/\/stage.savio.it\/wp-content\/uploads\/2022\/06\/1490.jpg\",\"datePublished\":\"2021-10-05T10:37:51+00:00\",\"dateModified\":\"2021-10-05T10:37:57+00:00\",\"description\":\"Cerradura\",\"breadcrumb\":{\"@id\":\"https:\/\/stage.savio.it\/es\/prodotto\/blocal-1490\/#breadcrumb\"},\"inLanguage\":\"es\",\"potentialAction\":[{\"@type\":\"ReadAction\",\"target\":[\"https:\/\/stage.savio.it\/es\/prodotto\/blocal-1490\/\"]}]},{\"@type\":\"ImageObject\",\"inLanguage\":\"es\",\"@id\":\"https:\/\/stage.savio.it\/es\/prodotto\/blocal-1490\/#primaryimage\",\"url\":\"https:\/\/stage.savio.it\/wp-content\/uploads\/2022\/06\/1490.jpg\",\"contentUrl\":\"https:\/\/stage.savio.it\/wp-content\/uploads\/2022\/06\/1490.jpg\",\"width\":1000,\"height\":1000},{\"@type\":\"BreadcrumbList\",\"@id\":\"https:\/\/stage.savio.it\/es\/prodotto\/blocal-1490\/#breadcrumb\",\"itemListElement\":[{\"@type\":\"ListItem\",\"position\":1,\"name\":\"Home\",\"item\":\"https:\/\/stage.savio.it\/es\/\"},{\"@type\":\"ListItem\",\"position\":2,\"name\":\"Productos\",\"item\":\"https:\/\/stage.savio.it\/prodotti\/\"},{\"@type\":\"ListItem\",\"position\":3,\"name\":\"BLOCAL &#8211; 1490\"}]},{\"@type\":\"WebSite\",\"@id\":\"https:\/\/stage.savio.it\/es\/#website\",\"url\":\"https:\/\/stage.savio.it\/es\/\",\"name\":\"SAVIO\",\"description\":\"Open mind for closing system\",\"publisher\":{\"@id\":\"https:\/\/stage.savio.it\/es\/#organization\"},\"potentialAction\":[{\"@type\":\"SearchAction\",\"target\":{\"@type\":\"EntryPoint\",\"urlTemplate\":\"https:\/\/stage.savio.it\/es\/?s={search_term_string}\"},\"query-input\":{\"@type\":\"PropertyValueSpecification\",\"valueRequired\":true,\"valueName\":\"search_term_string\"}}],\"inLanguage\":\"es\"},{\"@type\":\"Organization\",\"@id\":\"https:\/\/stage.savio.it\/es\/#organization\",\"name\":\"SAVIO\",\"url\":\"https:\/\/stage.savio.it\/es\/\",\"logo\":{\"@type\":\"ImageObject\",\"inLanguage\":\"es\",\"@id\":\"https:\/\/stage.savio.it\/es\/#\/schema\/logo\/image\/\",\"url\":\"https:\/\/stage.savio.it\/wp-content\/uploads\/2021\/09\/cropped-Savio-logo.png\",\"contentUrl\":\"https:\/\/stage.savio.it\/wp-content\/uploads\/2021\/09\/cropped-Savio-logo.png\",\"width\":243,\"height\":64,\"caption\":\"SAVIO\"},\"image\":{\"@id\":\"https:\/\/stage.savio.it\/es\/#\/schema\/logo\/image\/\"}}]}<\/script>\n<!-- \/ Yoast SEO plugin. -->","yoast_head_json":{"title":"BLOCAL - 1490","description":"Cerradura","robots":{"index":"noindex","follow":"follow","max-snippet":"max-snippet:-1","max-image-preview":"max-image-preview:large","max-video-preview":"max-video-preview:-1"},"og_locale":"es_ES","og_type":"article","og_title":"BLOCAL - 1490","og_description":"Cerradura","og_url":"https:\/\/stage.savio.it\/es\/prodotto\/blocal-1490\/","og_site_name":"SAVIO","article_modified_time":"2021-10-05T10:37:57+00:00","og_image":[{"width":1000,"height":1000,"url":"https:\/\/stage.savio.it\/wp-content\/uploads\/2022\/06\/1490.jpg","type":"image\/jpeg"}],"twitter_card":"summary_large_image","twitter_misc":{"Tiempo de lectura":"4 minutos"},"schema":{"@context":"https:\/\/schema.org","@graph":[{"@type":"WebPage","@id":"https:\/\/stage.savio.it\/es\/prodotto\/blocal-1490\/","url":"https:\/\/stage.savio.it\/es\/prodotto\/blocal-1490\/","name":"BLOCAL - 1490","isPartOf":{"@id":"https:\/\/stage.savio.it\/es\/#website"},"primaryImageOfPage":{"@id":"https:\/\/stage.savio.it\/es\/prodotto\/blocal-1490\/#primaryimage"},"image":{"@id":"https:\/\/stage.savio.it\/es\/prodotto\/blocal-1490\/#primaryimage"},"thumbnailUrl":"https:\/\/stage.savio.it\/wp-content\/uploads\/2022\/06\/1490.jpg","datePublished":"2021-10-05T10:37:51+00:00","dateModified":"2021-10-05T10:37:57+00:00","description":"Cerradura","breadcrumb":{"@id":"https:\/\/stage.savio.it\/es\/prodotto\/blocal-1490\/#breadcrumb"},"inLanguage":"es","potentialAction":[{"@type":"ReadAction","target":["https:\/\/stage.savio.it\/es\/prodotto\/blocal-1490\/"]}]},{"@type":"ImageObject","inLanguage":"es","@id":"https:\/\/stage.savio.it\/es\/prodotto\/blocal-1490\/#primaryimage","url":"https:\/\/stage.savio.it\/wp-content\/uploads\/2022\/06\/1490.jpg","contentUrl":"https:\/\/stage.savio.it\/wp-content\/uploads\/2022\/06\/1490.jpg","width":1000,"height":1000},{"@type":"BreadcrumbList","@id":"https:\/\/stage.savio.it\/es\/prodotto\/blocal-1490\/#breadcrumb","itemListElement":[{"@type":"ListItem","position":1,"name":"Home","item":"https:\/\/stage.savio.it\/es\/"},{"@type":"ListItem","position":2,"name":"Productos","item":"https:\/\/stage.savio.it\/prodotti\/"},{"@type":"ListItem","position":3,"name":"BLOCAL &#8211; 1490"}]},{"@type":"WebSite","@id":"https:\/\/stage.savio.it\/es\/#website","url":"https:\/\/stage.savio.it\/es\/","name":"SAVIO","description":"Open mind for closing system","publisher":{"@id":"https:\/\/stage.savio.it\/es\/#organization"},"potentialAction":[{"@type":"SearchAction","target":{"@type":"EntryPoint","urlTemplate":"https:\/\/stage.savio.it\/es\/?s={search_term_string}"},"query-input":{"@type":"PropertyValueSpecification","valueRequired":true,"valueName":"search_term_string"}}],"inLanguage":"es"},{"@type":"Organization","@id":"https:\/\/stage.savio.it\/es\/#organization","name":"SAVIO","url":"https:\/\/stage.savio.it\/es\/","logo":{"@type":"ImageObject","inLanguage":"es","@id":"https:\/\/stage.savio.it\/es\/#\/schema\/logo\/image\/","url":"https:\/\/stage.savio.it\/wp-content\/uploads\/2021\/09\/cropped-Savio-logo.png","contentUrl":"https:\/\/stage.savio.it\/wp-content\/uploads\/2021\/09\/cropped-Savio-logo.png","width":243,"height":64,"caption":"SAVIO"},"image":{"@id":"https:\/\/stage.savio.it\/es\/#\/schema\/logo\/image\/"}}]}},"uagb_featured_image_src":{"full":["https:\/\/stage.savio.it\/wp-content\/uploads\/2022\/06\/1490.jpg",1000,1000,false],"thumbnail":["https:\/\/stage.savio.it\/wp-content\/uploads\/2022\/06\/1490-150x150.jpg",150,150,true],"medium":["https:\/\/stage.savio.it\/wp-content\/uploads\/2022\/06\/1490-300x300.jpg",300,300,true],"medium_large":["https:\/\/stage.savio.it\/wp-content\/uploads\/2022\/06\/1490-768x768.jpg",768,768,true],"large":["https:\/\/stage.savio.it\/wp-content\/uploads\/2022\/06\/1490.jpg",1000,1000,false],"gs-tiny":["https:\/\/stage.savio.it\/wp-content\/uploads\/2022\/06\/1490.jpg",50,50,false],"xl":["https:\/\/stage.savio.it\/wp-content\/uploads\/2022\/06\/1490.jpg",1000,1000,false],"xxl":["https:\/\/stage.savio.it\/wp-content\/uploads\/2022\/06\/1490.jpg",1000,1000,false],"xxxl":["https:\/\/stage.savio.it\/wp-content\/uploads\/2022\/06\/1490.jpg",1000,1000,false],"xxxxl":["https:\/\/stage.savio.it\/wp-content\/uploads\/2022\/06\/1490.jpg",1000,1000,false],"xxxxxl":["https:\/\/stage.savio.it\/wp-content\/uploads\/2022\/06\/1490.jpg",1000,1000,false],"1536x1536":["https:\/\/stage.savio.it\/wp-content\/uploads\/2022\/06\/1490.jpg",1000,1000,false],"2048x2048":["https:\/\/stage.savio.it\/wp-content\/uploads\/2022\/06\/1490.jpg",1000,1000,false],"woocommerce_thumbnail":["https:\/\/stage.savio.it\/wp-content\/uploads\/2022\/06\/1490-300x300.jpg",300,300,true],"woocommerce_single":["https:\/\/stage.savio.it\/wp-content\/uploads\/2022\/06\/1490-600x600.jpg",600,600,true],"woocommerce_gallery_thumbnail":["https:\/\/stage.savio.it\/wp-content\/uploads\/2022\/06\/1490-200x200.jpg",200,200,true]},"uagb_author_info":{"display_name":"admin_news","author_link":"https:\/\/stage.savio.it\/es\/author\/"},"uagb_comment_info":0,"uagb_excerpt":"Cerradura","_links":{"self":[{"href":"https:\/\/stage.savio.it\/es\/wp-json\/wp\/v2\/product\/34416","targetHints":{"allow":["GET"]}}],"collection":[{"href":"https:\/\/stage.savio.it\/es\/wp-json\/wp\/v2\/product"}],"about":[{"href":"https:\/\/stage.savio.it\/es\/wp-json\/wp\/v2\/types\/product"}],"replies":[{"embeddable":true,"href":"https:\/\/stage.savio.it\/es\/wp-json\/wp\/v2\/comments?post=34416"}],"wp:featuredmedia":[{"embeddable":true,"href":"https:\/\/stage.savio.it\/es\/wp-json\/wp\/v2\/media\/73902"}],"wp:attachment":[{"href":"https:\/\/stage.savio.it\/es\/wp-json\/wp\/v2\/media?parent=34416"}],"wp:term":[{"taxonomy":"product_brand","embeddable":true,"href":"https:\/\/stage.savio.it\/es\/wp-json\/wp\/v2\/product_brand?post=34416"},{"taxonomy":"product_cat","embeddable":true,"href":"https:\/\/stage.savio.it\/es\/wp-json\/wp\/v2\/product_cat?post=34416"},{"taxonomy":"product_tag","embeddable":true,"href":"https:\/\/stage.savio.it\/es\/wp-json\/wp\/v2\/product_tag?post=34416"},{"taxonomy":"profilo","embeddable":true,"href":"https:\/\/stage.savio.it\/es\/wp-json\/wp\/v2\/profilo?post=34416"},{"taxonomy":"finiture","embeddable":true,"href":"https:\/\/stage.savio.it\/es\/wp-json\/wp\/v2\/finiture?post=34416"},{"taxonomy":"gruppo_anta","embeddable":true,"href":"https:\/\/stage.savio.it\/es\/wp-json\/wp\/v2\/gruppo_anta?post=34416"}],"curies":[{"name":"wp","href":"https:\/\/api.w.org\/{rel}","templated":true}]}}