{"id":34205,"date":"2021-10-05T10:34:24","date_gmt":"2021-10-05T10:34:24","guid":{"rendered":"https:\/\/savio.ne-ws.it\/prodotto\/mechanica-1146-67\/"},"modified":"2021-10-05T10:34:29","modified_gmt":"2021-10-05T10:34:29","slug":"mechanica-1146-67","status":"publish","type":"product","link":"https:\/\/stage.savio.it\/es\/prodotto\/mechanica-1146-67\/","title":{"rendered":"MECHANICA &#8211; 1146\/67"},"content":{"rendered":"<p>(patentado) Bisagra regulable de 2 alas en aluminio, entre-eje 67 mm, centro de rotaci\u00f3n de 20 mm, sin resalte, 1 pernio \u00d8 11 mm en acero inox, premontado sobre el casquillo reductor con geometr\u00eda a leva en zamac lacado negro, 2 pletinas de cobertura en aluminio, 2 tapones en nylon, 1 casquillo autolubrificante en nylon y 1 prisionero de regulaci\u00f3n de zamac. Soporte: 2 bisagras 160 Kg, 3 bisagras 180 Kg.<\/p>\n","protected":false},"excerpt":{"rendered":"<p>(pat.) Bisagra de 2 alas<\/p>\n","protected":false},"featured_media":16451,"comment_status":"closed","ping_status":"closed","template":"","meta":{"_acf_changed":false,"_uag_custom_page_level_css":""},"product_brand":[],"product_cat":[12585,12637],"product_tag":[],"profilo":[12018,12158,12403,12065,12104,12113,12105,12121,12115,12123,12124,12111,12125,12126,12116,12241,12252,12268,12253,12320,12339,12323,12333,11984,11985,12418,12417,12006,12095,12008,12019,12102,12020,12037,11960,11967,11959,12152,12153,12164,12166,12154,12155,12159,12156,12157,12160,12247,12254,12255,12249,12256,12196,12204,12205,12218,12225,12220,12231,12206,12217,12207,12208,12209,12017,12270,12289,12278,12271,12288,12295,12279,12272,12280,12310,12273,12281,12329,12331,11988,11990,11991,11993,12380,12377,12381,12378,12374,12021,12022,12023,12357,12371,12356,12358,12359,12364,12210,12070,12071,12420,12246,12257,12435,12436,12274,12303,12276,12304,12306,12293,12299,12294,12297,12307,12311,12313,12314],"finiture":[12513,12515,12529,12532,12534,12536,12543,12552,12556,12557,12565,12570,12575,12582,12583],"gruppo_anta":[],"class_list":{"0":"post-34205","1":"product","2":"type-product","3":"status-publish","4":"has-post-thumbnail","6":"product_cat-cerniere-cerniere-pesanti-e-cerniere-per-vasistas","7":"product_cat-mechanica","8":"profilo-all-co-5-porte","9":"profilo-alpha-blitz-2000","10":"profilo-atlantis-68-tt-porte","11":"profilo-bga-50-porte","12":"profilo-domal-break-pa-52","13":"profilo-domal-break-pa-52-porte","14":"profilo-domal-break-pa-52-raggiato","15":"profilo-domal-bright-pa-70-s-porte","16":"profilo-domal-shops","17":"profilo-domal-spider-60","18":"profilo-domal-spider-l60-style","19":"profilo-domal-stopper-pg","20":"profilo-domal-stopper-pg-63","21":"profilo-domal-stopper-pg-63-porte","22":"profilo-domal-stopper-pg-porte","23":"profilo-ekip-40-sormonto","24":"profilo-ekip-blindo","25":"profilo-ekip-th-73-porte","26":"profilo-ekip-thermo-53-porte","27":"profilo-eku-40","28":"profilo-eku-40-raggiato","29":"profilo-eku-53-tt","30":"profilo-eku-53-tt-porte","31":"profilo-esedra-doors-56","32":"profilo-esedra-doors-56-tt","33":"profilo-et-45-porte","34":"profilo-et-45-sormonto","35":"profilo-export-45","36":"profilo-export-45-t","37":"profilo-export-45-tt","38":"profilo-export-50-porte","39":"profilo-export-50-t-porte","40":"profilo-export-50-tt-porte","41":"profilo-export-51-tt-porte","42":"profilo-global-48-porte","43":"profilo-global-50-tt-porte","44":"profilo-global-70-tt","45":"profilo-gold-400","46":"profilo-gold-400-raggiato","47":"profilo-gold-450","48":"profilo-gold-450-tt","49":"profilo-gold-490-tt","50":"profilo-gold-500","51":"profilo-gold-500-porte","52":"profilo-gold-500-raggiato","53":"profilo-gold-600","54":"profilo-gold-600-porte","55":"profilo-maastricht-53","56":"profilo-maastricht-53-porte","57":"profilo-maastricht-th-60-porte","58":"profilo-maastricht-th-68","59":"profilo-maastricht-th-68-porte","60":"profilo-nc-45-int","61":"profilo-nc-45-int-porte","62":"profilo-nc-45-sth-porte","63":"profilo-nc-50-i","64":"profilo-nc-50-i-porte","65":"profilo-nc-50-sth","66":"profilo-nc-50-sth-porte","67":"profilo-nc-55-int-porte","68":"profilo-nc-58-mediterraneo-sormonto","69":"profilo-nc-65-sth-porte","70":"profilo-nc-68-sth-porte","71":"profilo-nc-72-sth-porte","72":"profilo-new-age","73":"profilo-new-tec-50","74":"profilo-new-tec-50-classic","75":"profilo-new-tec-50-porte","76":"profilo-new-tec-52-tt","77":"profilo-new-tec-52-tt-classic","78":"profilo-new-tec-52-tt-classic-porte","79":"profilo-new-tec-52-tt-porte","80":"profilo-new-tec-60-tt","81":"profilo-new-tec-60-tt-porte","82":"profilo-new-tec-65-porte","83":"profilo-new-tec-68-tt","84":"profilo-new-tec-68-tt-porte","85":"profilo-pe-50","86":"profilo-pe-58-tt-sormonto","87":"profilo-r-40","88":"profilo-r-50","89":"profilo-r-50-tt-barra-cont","90":"profilo-r-62-tt","91":"profilo-royal-s-65-ak-porte","92":"profilo-royal-s-65-porte","93":"profilo-royal-s-70-f-porte","94":"profilo-royal-s-70-hi-porte","95":"profilo-schuco-international","96":"profilo-sicurblind-65-complanare","97":"profilo-sicurblind-65-sormonto","98":"profilo-sicurblind-90","99":"profilo-start-470-tt","100":"profilo-start-470-tt-porte","101":"profilo-start-510","102":"profilo-start-560-tt","103":"profilo-start-640-tt","104":"profilo-start-760-tt","105":"profilo-superblindo-porte","106":"profilo-tecno-50","107":"profilo-tecno-50-porte","108":"profilo-tt-50-porte","109":"profilo-venice-th16","110":"profilo-venice-th16-porte","111":"profilo-vuerre-53-tt","112":"profilo-vuerre-70-tt","113":"profilo-windstop-45","114":"profilo-windstop-45-porte","115":"profilo-windstop-45-tt","116":"profilo-windstop-45-tt-classic","117":"profilo-windstop-45-tt-porte","118":"profilo-windstop-55-tt","119":"profilo-windstop-55-tt-classic","120":"profilo-windstop-55-tt-porte","121":"profilo-windstop-65-tt","122":"profilo-windstop-65-tt-porte","123":"profilo-windstop-73-tt","124":"profilo-ws-65-thi","125":"profilo-ws-75-thi","126":"finiture-12513","127":"finiture-12515","128":"finiture-12529","129":"finiture-12532","130":"finiture-12534","131":"finiture-12536","132":"finiture-b-sa","133":"finiture-c","134":"finiture-f","135":"finiture-gr217","136":"finiture-ne","137":"finiture-pvd-x","138":"finiture-silv","139":"finiture-xsd","140":"finiture-ze","141":"description-off","143":"first","144":"onbackorder","145":"product-type-simple"},"acf":[],"yoast_head":"<!-- This site is optimized with the Yoast SEO plugin v27.2 - https:\/\/yoast.com\/product\/yoast-seo-wordpress\/ -->\n<title>MECHANICA - 1146\/67<\/title>\n<meta name=\"description\" content=\"(pat.) Bisagra de 2 alas\" \/>\n<meta name=\"robots\" content=\"noindex, follow, max-snippet:-1, max-image-preview:large, max-video-preview:-1\" \/>\n<meta property=\"og:locale\" content=\"es_ES\" \/>\n<meta property=\"og:type\" content=\"article\" \/>\n<meta property=\"og:title\" content=\"MECHANICA - 1146\/67\" \/>\n<meta property=\"og:description\" content=\"(pat.) Bisagra de 2 alas\" \/>\n<meta property=\"og:url\" content=\"https:\/\/stage.savio.it\/es\/prodotto\/mechanica-1146-67\/\" \/>\n<meta property=\"og:site_name\" content=\"SAVIO\" \/>\n<meta property=\"article:modified_time\" content=\"2021-10-05T10:34:29+00:00\" \/>\n<meta property=\"og:image\" content=\"https:\/\/stage.savio.it\/wp-content\/uploads\/2021\/09\/1146-15.jpg\" \/>\n\t<meta property=\"og:image:width\" content=\"229\" \/>\n\t<meta property=\"og:image:height\" content=\"229\" \/>\n\t<meta property=\"og:image:type\" content=\"image\/jpeg\" \/>\n<meta name=\"twitter:card\" content=\"summary_large_image\" \/>\n<meta name=\"twitter:label1\" content=\"Tiempo de lectura\" \/>\n\t<meta name=\"twitter:data1\" content=\"4 minutos\" \/>\n<script type=\"application\/ld+json\" class=\"yoast-schema-graph\">{\"@context\":\"https:\/\/schema.org\",\"@graph\":[{\"@type\":\"WebPage\",\"@id\":\"https:\/\/stage.savio.it\/es\/prodotto\/mechanica-1146-67\/\",\"url\":\"https:\/\/stage.savio.it\/es\/prodotto\/mechanica-1146-67\/\",\"name\":\"MECHANICA - 1146\/67\",\"isPartOf\":{\"@id\":\"https:\/\/stage.savio.it\/es\/#website\"},\"primaryImageOfPage\":{\"@id\":\"https:\/\/stage.savio.it\/es\/prodotto\/mechanica-1146-67\/#primaryimage\"},\"image\":{\"@id\":\"https:\/\/stage.savio.it\/es\/prodotto\/mechanica-1146-67\/#primaryimage\"},\"thumbnailUrl\":\"https:\/\/stage.savio.it\/wp-content\/uploads\/2021\/09\/1146-15.jpg\",\"datePublished\":\"2021-10-05T10:34:24+00:00\",\"dateModified\":\"2021-10-05T10:34:29+00:00\",\"description\":\"(pat.) Bisagra de 2 alas\",\"breadcrumb\":{\"@id\":\"https:\/\/stage.savio.it\/es\/prodotto\/mechanica-1146-67\/#breadcrumb\"},\"inLanguage\":\"es\",\"potentialAction\":[{\"@type\":\"ReadAction\",\"target\":[\"https:\/\/stage.savio.it\/es\/prodotto\/mechanica-1146-67\/\"]}]},{\"@type\":\"ImageObject\",\"inLanguage\":\"es\",\"@id\":\"https:\/\/stage.savio.it\/es\/prodotto\/mechanica-1146-67\/#primaryimage\",\"url\":\"https:\/\/stage.savio.it\/wp-content\/uploads\/2021\/09\/1146-15.jpg\",\"contentUrl\":\"https:\/\/stage.savio.it\/wp-content\/uploads\/2021\/09\/1146-15.jpg\",\"width\":229,\"height\":229},{\"@type\":\"BreadcrumbList\",\"@id\":\"https:\/\/stage.savio.it\/es\/prodotto\/mechanica-1146-67\/#breadcrumb\",\"itemListElement\":[{\"@type\":\"ListItem\",\"position\":1,\"name\":\"Home\",\"item\":\"https:\/\/stage.savio.it\/es\/\"},{\"@type\":\"ListItem\",\"position\":2,\"name\":\"Productos\",\"item\":\"https:\/\/stage.savio.it\/prodotti\/\"},{\"@type\":\"ListItem\",\"position\":3,\"name\":\"MECHANICA &#8211; 1146\/67\"}]},{\"@type\":\"WebSite\",\"@id\":\"https:\/\/stage.savio.it\/es\/#website\",\"url\":\"https:\/\/stage.savio.it\/es\/\",\"name\":\"SAVIO\",\"description\":\"Open mind for closing system\",\"publisher\":{\"@id\":\"https:\/\/stage.savio.it\/es\/#organization\"},\"potentialAction\":[{\"@type\":\"SearchAction\",\"target\":{\"@type\":\"EntryPoint\",\"urlTemplate\":\"https:\/\/stage.savio.it\/es\/?s={search_term_string}\"},\"query-input\":{\"@type\":\"PropertyValueSpecification\",\"valueRequired\":true,\"valueName\":\"search_term_string\"}}],\"inLanguage\":\"es\"},{\"@type\":\"Organization\",\"@id\":\"https:\/\/stage.savio.it\/es\/#organization\",\"name\":\"SAVIO\",\"url\":\"https:\/\/stage.savio.it\/es\/\",\"logo\":{\"@type\":\"ImageObject\",\"inLanguage\":\"es\",\"@id\":\"https:\/\/stage.savio.it\/es\/#\/schema\/logo\/image\/\",\"url\":\"https:\/\/stage.savio.it\/wp-content\/uploads\/2021\/09\/cropped-Savio-logo.png\",\"contentUrl\":\"https:\/\/stage.savio.it\/wp-content\/uploads\/2021\/09\/cropped-Savio-logo.png\",\"width\":243,\"height\":64,\"caption\":\"SAVIO\"},\"image\":{\"@id\":\"https:\/\/stage.savio.it\/es\/#\/schema\/logo\/image\/\"}}]}<\/script>\n<!-- \/ Yoast SEO plugin. -->","yoast_head_json":{"title":"MECHANICA - 1146\/67","description":"(pat.) Bisagra de 2 alas","robots":{"index":"noindex","follow":"follow","max-snippet":"max-snippet:-1","max-image-preview":"max-image-preview:large","max-video-preview":"max-video-preview:-1"},"og_locale":"es_ES","og_type":"article","og_title":"MECHANICA - 1146\/67","og_description":"(pat.) Bisagra de 2 alas","og_url":"https:\/\/stage.savio.it\/es\/prodotto\/mechanica-1146-67\/","og_site_name":"SAVIO","article_modified_time":"2021-10-05T10:34:29+00:00","og_image":[{"width":229,"height":229,"url":"https:\/\/stage.savio.it\/wp-content\/uploads\/2021\/09\/1146-15.jpg","type":"image\/jpeg"}],"twitter_card":"summary_large_image","twitter_misc":{"Tiempo de lectura":"4 minutos"},"schema":{"@context":"https:\/\/schema.org","@graph":[{"@type":"WebPage","@id":"https:\/\/stage.savio.it\/es\/prodotto\/mechanica-1146-67\/","url":"https:\/\/stage.savio.it\/es\/prodotto\/mechanica-1146-67\/","name":"MECHANICA - 1146\/67","isPartOf":{"@id":"https:\/\/stage.savio.it\/es\/#website"},"primaryImageOfPage":{"@id":"https:\/\/stage.savio.it\/es\/prodotto\/mechanica-1146-67\/#primaryimage"},"image":{"@id":"https:\/\/stage.savio.it\/es\/prodotto\/mechanica-1146-67\/#primaryimage"},"thumbnailUrl":"https:\/\/stage.savio.it\/wp-content\/uploads\/2021\/09\/1146-15.jpg","datePublished":"2021-10-05T10:34:24+00:00","dateModified":"2021-10-05T10:34:29+00:00","description":"(pat.) Bisagra de 2 alas","breadcrumb":{"@id":"https:\/\/stage.savio.it\/es\/prodotto\/mechanica-1146-67\/#breadcrumb"},"inLanguage":"es","potentialAction":[{"@type":"ReadAction","target":["https:\/\/stage.savio.it\/es\/prodotto\/mechanica-1146-67\/"]}]},{"@type":"ImageObject","inLanguage":"es","@id":"https:\/\/stage.savio.it\/es\/prodotto\/mechanica-1146-67\/#primaryimage","url":"https:\/\/stage.savio.it\/wp-content\/uploads\/2021\/09\/1146-15.jpg","contentUrl":"https:\/\/stage.savio.it\/wp-content\/uploads\/2021\/09\/1146-15.jpg","width":229,"height":229},{"@type":"BreadcrumbList","@id":"https:\/\/stage.savio.it\/es\/prodotto\/mechanica-1146-67\/#breadcrumb","itemListElement":[{"@type":"ListItem","position":1,"name":"Home","item":"https:\/\/stage.savio.it\/es\/"},{"@type":"ListItem","position":2,"name":"Productos","item":"https:\/\/stage.savio.it\/prodotti\/"},{"@type":"ListItem","position":3,"name":"MECHANICA &#8211; 1146\/67"}]},{"@type":"WebSite","@id":"https:\/\/stage.savio.it\/es\/#website","url":"https:\/\/stage.savio.it\/es\/","name":"SAVIO","description":"Open mind for closing system","publisher":{"@id":"https:\/\/stage.savio.it\/es\/#organization"},"potentialAction":[{"@type":"SearchAction","target":{"@type":"EntryPoint","urlTemplate":"https:\/\/stage.savio.it\/es\/?s={search_term_string}"},"query-input":{"@type":"PropertyValueSpecification","valueRequired":true,"valueName":"search_term_string"}}],"inLanguage":"es"},{"@type":"Organization","@id":"https:\/\/stage.savio.it\/es\/#organization","name":"SAVIO","url":"https:\/\/stage.savio.it\/es\/","logo":{"@type":"ImageObject","inLanguage":"es","@id":"https:\/\/stage.savio.it\/es\/#\/schema\/logo\/image\/","url":"https:\/\/stage.savio.it\/wp-content\/uploads\/2021\/09\/cropped-Savio-logo.png","contentUrl":"https:\/\/stage.savio.it\/wp-content\/uploads\/2021\/09\/cropped-Savio-logo.png","width":243,"height":64,"caption":"SAVIO"},"image":{"@id":"https:\/\/stage.savio.it\/es\/#\/schema\/logo\/image\/"}}]}},"uagb_featured_image_src":{"full":["https:\/\/stage.savio.it\/wp-content\/uploads\/2021\/09\/1146-15.jpg",229,229,false],"thumbnail":["https:\/\/stage.savio.it\/wp-content\/uploads\/2021\/09\/1146-15-150x150.jpg",150,150,true],"medium":["https:\/\/stage.savio.it\/wp-content\/uploads\/2021\/09\/1146-15.jpg",229,229,false],"medium_large":["https:\/\/stage.savio.it\/wp-content\/uploads\/2021\/09\/1146-15.jpg",229,229,false],"large":["https:\/\/stage.savio.it\/wp-content\/uploads\/2021\/09\/1146-15.jpg",229,229,false],"gs-tiny":["https:\/\/stage.savio.it\/wp-content\/uploads\/2021\/09\/1146-15.jpg",50,50,false],"xl":["https:\/\/stage.savio.it\/wp-content\/uploads\/2021\/09\/1146-15.jpg",229,229,false],"xxl":["https:\/\/stage.savio.it\/wp-content\/uploads\/2021\/09\/1146-15.jpg",229,229,false],"xxxl":["https:\/\/stage.savio.it\/wp-content\/uploads\/2021\/09\/1146-15.jpg",229,229,false],"xxxxl":["https:\/\/stage.savio.it\/wp-content\/uploads\/2021\/09\/1146-15.jpg",229,229,false],"xxxxxl":["https:\/\/stage.savio.it\/wp-content\/uploads\/2021\/09\/1146-15.jpg",229,229,false],"1536x1536":["https:\/\/stage.savio.it\/wp-content\/uploads\/2021\/09\/1146-15.jpg",229,229,false],"2048x2048":["https:\/\/stage.savio.it\/wp-content\/uploads\/2021\/09\/1146-15.jpg",229,229,false],"woocommerce_thumbnail":["https:\/\/stage.savio.it\/wp-content\/uploads\/2021\/09\/1146-15.jpg",229,229,false],"woocommerce_single":["https:\/\/stage.savio.it\/wp-content\/uploads\/2021\/09\/1146-15.jpg",229,229,false],"woocommerce_gallery_thumbnail":["https:\/\/stage.savio.it\/wp-content\/uploads\/2021\/09\/1146-15-200x200.jpg",200,200,true]},"uagb_author_info":{"display_name":"admin_news","author_link":"https:\/\/stage.savio.it\/es\/author\/"},"uagb_comment_info":0,"uagb_excerpt":"(pat.) Bisagra de 2 alas","_links":{"self":[{"href":"https:\/\/stage.savio.it\/es\/wp-json\/wp\/v2\/product\/34205","targetHints":{"allow":["GET"]}}],"collection":[{"href":"https:\/\/stage.savio.it\/es\/wp-json\/wp\/v2\/product"}],"about":[{"href":"https:\/\/stage.savio.it\/es\/wp-json\/wp\/v2\/types\/product"}],"replies":[{"embeddable":true,"href":"https:\/\/stage.savio.it\/es\/wp-json\/wp\/v2\/comments?post=34205"}],"wp:featuredmedia":[{"embeddable":true,"href":"https:\/\/stage.savio.it\/es\/wp-json\/wp\/v2\/media\/16451"}],"wp:attachment":[{"href":"https:\/\/stage.savio.it\/es\/wp-json\/wp\/v2\/media?parent=34205"}],"wp:term":[{"taxonomy":"product_brand","embeddable":true,"href":"https:\/\/stage.savio.it\/es\/wp-json\/wp\/v2\/product_brand?post=34205"},{"taxonomy":"product_cat","embeddable":true,"href":"https:\/\/stage.savio.it\/es\/wp-json\/wp\/v2\/product_cat?post=34205"},{"taxonomy":"product_tag","embeddable":true,"href":"https:\/\/stage.savio.it\/es\/wp-json\/wp\/v2\/product_tag?post=34205"},{"taxonomy":"profilo","embeddable":true,"href":"https:\/\/stage.savio.it\/es\/wp-json\/wp\/v2\/profilo?post=34205"},{"taxonomy":"finiture","embeddable":true,"href":"https:\/\/stage.savio.it\/es\/wp-json\/wp\/v2\/finiture?post=34205"},{"taxonomy":"gruppo_anta","embeddable":true,"href":"https:\/\/stage.savio.it\/es\/wp-json\/wp\/v2\/gruppo_anta?post=34205"}],"curies":[{"name":"wp","href":"https:\/\/api.w.org\/{rel}","templated":true}]}}