{"id":34101,"date":"2021-10-05T10:32:57","date_gmt":"2021-10-05T10:32:57","guid":{"rendered":"https:\/\/savio.ne-ws.it\/prodotto\/mechanica-1145-86\/"},"modified":"2021-10-05T10:32:59","modified_gmt":"2021-10-05T10:32:59","slug":"mechanica-1145-86","status":"publish","type":"product","link":"https:\/\/stage.savio.it\/es\/prodotto\/mechanica-1145-86\/","title":{"rendered":"MECHANICA &#8211; 1145\/86"},"content":{"rendered":"<p>(patentado) Bisagra regulable de 2 alas en aluminio, entre-eje 86 mm, centro de rotaci\u00f3n de 20 mm, sin resalte, 1 pernio \u00d8 11 mm en acero inox, premontado sobre el casquillo reductor con geometr\u00eda a leva en zamac lacado negro, 2 pletinas de cobertura en aluminio, 2 tapones en nylon, 1 casquillo autolubrificante en nylon y 1 prisionero de regulaci\u00f3n de zamac. Soporte: 2 bisagras 100 Kg, 3 bisagras 120 Kg.<\/p>\n","protected":false},"excerpt":{"rendered":"<p>(pat.) Bisagra de 2 alas<\/p>\n","protected":false},"featured_media":15735,"comment_status":"closed","ping_status":"closed","template":"","meta":{"_acf_changed":false,"_uag_custom_page_level_css":""},"product_brand":[],"product_cat":[12585,12637],"product_tag":[],"profilo":[12431,11995,11996,12040,12408,12391,12393,12402,12398,12403,12065,12113,12134,12136,12115,12124,12125,12126,12116,12139,12141,12388,12389,12242,12243,12267,12253,12456,12458,12346,12321,12323,12333,12347,12349,12324,12345,12325,12348,12350,11984,11985,11982,12418,12417,12423,12425,12427,12429,12035,12037,12034,12039,11960,11967,12152,12153,12154,12155,12159,12156,12180,12157,12182,12160,12470,12468,12469,12254,12255,12186,12187,12196,12204,12205,12218,12225,12220,12231,12217,12208,12209,12235,12236,12017,12270,12289,12278,12271,12272,12308,12281,12326,12329,12331,11970,11968,11972,11974,12170,12172,12175,12177,12176,12178,12179,12085,11988,11990,11991,12372,12373,12376,12375,12380,12377,12378,12086,12357,12356,12358,12359,12364,12051,12052,12045,12046,12053,12070,12073,12074,12075,12076,12081,12419,12420,12435,12436,12274,12303,12276,12304,12306,12293,12299,12297,12311,12313,12314],"finiture":[12512,12532,12534,12545,12549,12552,12556,12565,12570,12575,12582],"gruppo_anta":[],"class_list":{"0":"post-34101","1":"product","2":"type-product","3":"status-publish","4":"has-post-thumbnail","6":"product_cat-cerniere-cerniere-pesanti-e-cerniere-per-vasistas","7":"product_cat-mechanica","8":"profilo-12431","9":"profilo-alfil-a54rpt","10":"profilo-alfil-a65rpt","11":"profilo-allco-tec-72","12":"profilo-allu-sistemi","13":"profilo-atlantis-40","14":"profilo-atlantis-45","15":"profilo-atlantis-55-tt-porte","16":"profilo-atlantis-68-tt","17":"profilo-atlantis-68-tt-porte","18":"profilo-bga-50-porte","19":"profilo-domal-break-pa-52-porte","20":"profilo-domal-bright-pa-70-s","21":"profilo-domal-extratermic-62","22":"profilo-domal-shops","23":"profilo-domal-spider-l60-style","24":"profilo-domal-stopper-pg-63","25":"profilo-domal-stopper-pg-63-porte","26":"profilo-domal-stopper-pg-porte","27":"profilo-domal-top-tb-65","28":"profilo-domal-top-tb-65-porte","29":"profilo-ecowin-th-62","30":"profilo-ecowin-th-72","31":"profilo-ekip-50-complanare","32":"profilo-ekip-50-sormonto","33":"profilo-ekip-th-83","34":"profilo-ekip-thermo-53-porte","35":"profilo-ekos-minimall-54-th","36":"profilo-ekos-minimall-62-thj","37":"profilo-eku-52-tt","38":"profilo-eku-53","39":"profilo-eku-53-tt","40":"profilo-eku-53-tt-porte","41":"profilo-eku-62-tt","42":"profilo-eku-62-tt-porte","43":"profilo-eku-64-tt","44":"profilo-eku-66-tt","45":"profilo-eku-72-tt","46":"profilo-eku-78-tt","47":"profilo-eku-78-tt-porte","48":"profilo-esedra-doors-56","49":"profilo-esedra-doors-56-tt","50":"profilo-esedra-tt-63","51":"profilo-et-45-porte","52":"profilo-et-45-sormonto","53":"profilo-et-58-2-tt","54":"profilo-et-67-3-tt","55":"profilo-et-68-2-tt","56":"profilo-et-75-3-tt","57":"profilo-export-51-tt","58":"profilo-export-51-tt-porte","59":"profilo-export-68-tt","60":"profilo-export-68-tt-porte","61":"profilo-global-48-porte","62":"profilo-global-50-tt-porte","63":"profilo-gold-400","64":"profilo-gold-400-raggiato","65":"profilo-gold-490-tt","66":"profilo-gold-500","67":"profilo-gold-500-porte","68":"profilo-gold-500-raggiato","69":"profilo-gold-502-hc","70":"profilo-gold-600","71":"profilo-gold-600-hc","72":"profilo-gold-600-porte","73":"profilo-hf-580","74":"profilo-hp-600","75":"profilo-hp-700","76":"profilo-maastricht-53-porte","77":"profilo-maastricht-th-60-porte","78":"profilo-mx-50","79":"profilo-mx-70","80":"profilo-nc-45-int","81":"profilo-nc-45-int-porte","82":"profilo-nc-45-sth-porte","83":"profilo-nc-50-i","84":"profilo-nc-50-i-porte","85":"profilo-nc-50-sth","86":"profilo-nc-50-sth-porte","87":"profilo-nc-58-mediterraneo-sormonto","88":"profilo-nc-68-sth-porte","89":"profilo-nc-72-sth-porte","90":"profilo-nc-75-sth","91":"profilo-nc-75-sthi","92":"profilo-new-age","93":"profilo-new-tec-50","94":"profilo-new-tec-50-classic","95":"profilo-new-tec-50-porte","96":"profilo-new-tec-52-tt","97":"profilo-new-tec-60-tt","98":"profilo-new-tec-65","99":"profilo-new-tec-68-tt-porte","100":"profilo-pe-40","101":"profilo-pe-50","102":"profilo-pe-58-tt-sormonto","103":"profilo-planet-45","104":"profilo-planet-50-tt","105":"profilo-planet-62-tt","106":"profilo-planet-72-ht","107":"profilo-plathina-60-classica","108":"profilo-plathina-60-flat-classica","109":"profilo-plathina-69-classica","110":"profilo-plathina-69-flat-classica","111":"profilo-plathina-69-porte","112":"profilo-plathina-75-classica","113":"profilo-plathina-75-porte","114":"profilo-prestige-73-tt","115":"profilo-r-40","116":"profilo-r-50","117":"profilo-r-50-tt-barra-cont","118":"profilo-road-520-tt-ce","119":"profilo-road-600-tt-ce","120":"profilo-royal-s-50-n-porte","121":"profilo-royal-s-50-porte","122":"profilo-royal-s-65-ak-porte","123":"profilo-royal-s-65-porte","124":"profilo-royal-s-70-hi-porte","125":"profilo-slim-70-tt","126":"profilo-start-470-tt","127":"profilo-start-510","128":"profilo-start-560-tt","129":"profilo-start-640-tt","130":"profilo-start-760-tt","131":"profilo-synthesis-52","132":"profilo-synthesis-52-tt","133":"profilo-synthesis-57","134":"profilo-synthesis-60-tt","135":"profilo-synthesis-68-tt","136":"profilo-tecno-50","137":"profilo-tecno-50-tt","138":"profilo-tecno-60-tt","139":"profilo-tecno-68-tt","140":"profilo-tecno-70-blindo","141":"profilo-tecno-76-tt","142":"profilo-tt-50","143":"profilo-tt-50-porte","144":"profilo-vuerre-53-tt","145":"profilo-vuerre-70-tt","146":"profilo-windstop-45","147":"profilo-windstop-45-porte","148":"profilo-windstop-45-tt","149":"profilo-windstop-45-tt-classic","150":"profilo-windstop-45-tt-porte","151":"profilo-windstop-55-tt","152":"profilo-windstop-55-tt-classic","153":"profilo-windstop-65-tt","154":"profilo-windstop-73-tt","155":"profilo-ws-65-thi","156":"profilo-ws-75-thi","157":"finiture-12512","158":"finiture-12532","159":"finiture-12534","160":"finiture-bl10","161":"finiture-br5","162":"finiture-c","163":"finiture-f","164":"finiture-ne","165":"finiture-pvd-x","166":"finiture-silv","167":"finiture-xsd","168":"description-off","170":"first","171":"onbackorder","172":"product-type-simple"},"acf":[],"yoast_head":"<!-- This site is optimized with the Yoast SEO plugin v27.2 - https:\/\/yoast.com\/product\/yoast-seo-wordpress\/ -->\n<title>MECHANICA - 1145\/86<\/title>\n<meta name=\"description\" content=\"(pat.) Bisagra de 2 alas\" \/>\n<meta name=\"robots\" content=\"noindex, follow, max-snippet:-1, max-image-preview:large, max-video-preview:-1\" \/>\n<meta property=\"og:locale\" content=\"es_ES\" \/>\n<meta property=\"og:type\" content=\"article\" \/>\n<meta property=\"og:title\" content=\"MECHANICA - 1145\/86\" \/>\n<meta property=\"og:description\" content=\"(pat.) Bisagra de 2 alas\" \/>\n<meta property=\"og:url\" content=\"https:\/\/stage.savio.it\/es\/prodotto\/mechanica-1145-86\/\" \/>\n<meta property=\"og:site_name\" content=\"SAVIO\" \/>\n<meta property=\"article:modified_time\" content=\"2021-10-05T10:32:59+00:00\" \/>\n<meta property=\"og:image\" content=\"https:\/\/stage.savio.it\/wp-content\/uploads\/2021\/09\/1145-9.jpg\" \/>\n\t<meta property=\"og:image:width\" content=\"229\" \/>\n\t<meta property=\"og:image:height\" content=\"229\" \/>\n\t<meta property=\"og:image:type\" content=\"image\/jpeg\" \/>\n<meta name=\"twitter:card\" content=\"summary_large_image\" \/>\n<meta name=\"twitter:label1\" content=\"Tiempo de lectura\" \/>\n\t<meta name=\"twitter:data1\" content=\"4 minutos\" \/>\n<script type=\"application\/ld+json\" class=\"yoast-schema-graph\">{\"@context\":\"https:\/\/schema.org\",\"@graph\":[{\"@type\":\"WebPage\",\"@id\":\"https:\/\/stage.savio.it\/es\/prodotto\/mechanica-1145-86\/\",\"url\":\"https:\/\/stage.savio.it\/es\/prodotto\/mechanica-1145-86\/\",\"name\":\"MECHANICA - 1145\/86\",\"isPartOf\":{\"@id\":\"https:\/\/stage.savio.it\/es\/#website\"},\"primaryImageOfPage\":{\"@id\":\"https:\/\/stage.savio.it\/es\/prodotto\/mechanica-1145-86\/#primaryimage\"},\"image\":{\"@id\":\"https:\/\/stage.savio.it\/es\/prodotto\/mechanica-1145-86\/#primaryimage\"},\"thumbnailUrl\":\"https:\/\/stage.savio.it\/wp-content\/uploads\/2021\/09\/1145-9.jpg\",\"datePublished\":\"2021-10-05T10:32:57+00:00\",\"dateModified\":\"2021-10-05T10:32:59+00:00\",\"description\":\"(pat.) Bisagra de 2 alas\",\"breadcrumb\":{\"@id\":\"https:\/\/stage.savio.it\/es\/prodotto\/mechanica-1145-86\/#breadcrumb\"},\"inLanguage\":\"es\",\"potentialAction\":[{\"@type\":\"ReadAction\",\"target\":[\"https:\/\/stage.savio.it\/es\/prodotto\/mechanica-1145-86\/\"]}]},{\"@type\":\"ImageObject\",\"inLanguage\":\"es\",\"@id\":\"https:\/\/stage.savio.it\/es\/prodotto\/mechanica-1145-86\/#primaryimage\",\"url\":\"https:\/\/stage.savio.it\/wp-content\/uploads\/2021\/09\/1145-9.jpg\",\"contentUrl\":\"https:\/\/stage.savio.it\/wp-content\/uploads\/2021\/09\/1145-9.jpg\",\"width\":229,\"height\":229},{\"@type\":\"BreadcrumbList\",\"@id\":\"https:\/\/stage.savio.it\/es\/prodotto\/mechanica-1145-86\/#breadcrumb\",\"itemListElement\":[{\"@type\":\"ListItem\",\"position\":1,\"name\":\"Home\",\"item\":\"https:\/\/stage.savio.it\/es\/\"},{\"@type\":\"ListItem\",\"position\":2,\"name\":\"Productos\",\"item\":\"https:\/\/stage.savio.it\/prodotti\/\"},{\"@type\":\"ListItem\",\"position\":3,\"name\":\"MECHANICA &#8211; 1145\/86\"}]},{\"@type\":\"WebSite\",\"@id\":\"https:\/\/stage.savio.it\/es\/#website\",\"url\":\"https:\/\/stage.savio.it\/es\/\",\"name\":\"SAVIO\",\"description\":\"Open mind for closing system\",\"publisher\":{\"@id\":\"https:\/\/stage.savio.it\/es\/#organization\"},\"potentialAction\":[{\"@type\":\"SearchAction\",\"target\":{\"@type\":\"EntryPoint\",\"urlTemplate\":\"https:\/\/stage.savio.it\/es\/?s={search_term_string}\"},\"query-input\":{\"@type\":\"PropertyValueSpecification\",\"valueRequired\":true,\"valueName\":\"search_term_string\"}}],\"inLanguage\":\"es\"},{\"@type\":\"Organization\",\"@id\":\"https:\/\/stage.savio.it\/es\/#organization\",\"name\":\"SAVIO\",\"url\":\"https:\/\/stage.savio.it\/es\/\",\"logo\":{\"@type\":\"ImageObject\",\"inLanguage\":\"es\",\"@id\":\"https:\/\/stage.savio.it\/es\/#\/schema\/logo\/image\/\",\"url\":\"https:\/\/stage.savio.it\/wp-content\/uploads\/2021\/09\/cropped-Savio-logo.png\",\"contentUrl\":\"https:\/\/stage.savio.it\/wp-content\/uploads\/2021\/09\/cropped-Savio-logo.png\",\"width\":243,\"height\":64,\"caption\":\"SAVIO\"},\"image\":{\"@id\":\"https:\/\/stage.savio.it\/es\/#\/schema\/logo\/image\/\"}}]}<\/script>\n<!-- \/ Yoast SEO plugin. -->","yoast_head_json":{"title":"MECHANICA - 1145\/86","description":"(pat.) Bisagra de 2 alas","robots":{"index":"noindex","follow":"follow","max-snippet":"max-snippet:-1","max-image-preview":"max-image-preview:large","max-video-preview":"max-video-preview:-1"},"og_locale":"es_ES","og_type":"article","og_title":"MECHANICA - 1145\/86","og_description":"(pat.) Bisagra de 2 alas","og_url":"https:\/\/stage.savio.it\/es\/prodotto\/mechanica-1145-86\/","og_site_name":"SAVIO","article_modified_time":"2021-10-05T10:32:59+00:00","og_image":[{"width":229,"height":229,"url":"https:\/\/stage.savio.it\/wp-content\/uploads\/2021\/09\/1145-9.jpg","type":"image\/jpeg"}],"twitter_card":"summary_large_image","twitter_misc":{"Tiempo de lectura":"4 minutos"},"schema":{"@context":"https:\/\/schema.org","@graph":[{"@type":"WebPage","@id":"https:\/\/stage.savio.it\/es\/prodotto\/mechanica-1145-86\/","url":"https:\/\/stage.savio.it\/es\/prodotto\/mechanica-1145-86\/","name":"MECHANICA - 1145\/86","isPartOf":{"@id":"https:\/\/stage.savio.it\/es\/#website"},"primaryImageOfPage":{"@id":"https:\/\/stage.savio.it\/es\/prodotto\/mechanica-1145-86\/#primaryimage"},"image":{"@id":"https:\/\/stage.savio.it\/es\/prodotto\/mechanica-1145-86\/#primaryimage"},"thumbnailUrl":"https:\/\/stage.savio.it\/wp-content\/uploads\/2021\/09\/1145-9.jpg","datePublished":"2021-10-05T10:32:57+00:00","dateModified":"2021-10-05T10:32:59+00:00","description":"(pat.) Bisagra de 2 alas","breadcrumb":{"@id":"https:\/\/stage.savio.it\/es\/prodotto\/mechanica-1145-86\/#breadcrumb"},"inLanguage":"es","potentialAction":[{"@type":"ReadAction","target":["https:\/\/stage.savio.it\/es\/prodotto\/mechanica-1145-86\/"]}]},{"@type":"ImageObject","inLanguage":"es","@id":"https:\/\/stage.savio.it\/es\/prodotto\/mechanica-1145-86\/#primaryimage","url":"https:\/\/stage.savio.it\/wp-content\/uploads\/2021\/09\/1145-9.jpg","contentUrl":"https:\/\/stage.savio.it\/wp-content\/uploads\/2021\/09\/1145-9.jpg","width":229,"height":229},{"@type":"BreadcrumbList","@id":"https:\/\/stage.savio.it\/es\/prodotto\/mechanica-1145-86\/#breadcrumb","itemListElement":[{"@type":"ListItem","position":1,"name":"Home","item":"https:\/\/stage.savio.it\/es\/"},{"@type":"ListItem","position":2,"name":"Productos","item":"https:\/\/stage.savio.it\/prodotti\/"},{"@type":"ListItem","position":3,"name":"MECHANICA &#8211; 1145\/86"}]},{"@type":"WebSite","@id":"https:\/\/stage.savio.it\/es\/#website","url":"https:\/\/stage.savio.it\/es\/","name":"SAVIO","description":"Open mind for closing system","publisher":{"@id":"https:\/\/stage.savio.it\/es\/#organization"},"potentialAction":[{"@type":"SearchAction","target":{"@type":"EntryPoint","urlTemplate":"https:\/\/stage.savio.it\/es\/?s={search_term_string}"},"query-input":{"@type":"PropertyValueSpecification","valueRequired":true,"valueName":"search_term_string"}}],"inLanguage":"es"},{"@type":"Organization","@id":"https:\/\/stage.savio.it\/es\/#organization","name":"SAVIO","url":"https:\/\/stage.savio.it\/es\/","logo":{"@type":"ImageObject","inLanguage":"es","@id":"https:\/\/stage.savio.it\/es\/#\/schema\/logo\/image\/","url":"https:\/\/stage.savio.it\/wp-content\/uploads\/2021\/09\/cropped-Savio-logo.png","contentUrl":"https:\/\/stage.savio.it\/wp-content\/uploads\/2021\/09\/cropped-Savio-logo.png","width":243,"height":64,"caption":"SAVIO"},"image":{"@id":"https:\/\/stage.savio.it\/es\/#\/schema\/logo\/image\/"}}]}},"uagb_featured_image_src":{"full":["https:\/\/stage.savio.it\/wp-content\/uploads\/2021\/09\/1145-9.jpg",229,229,false],"thumbnail":["https:\/\/stage.savio.it\/wp-content\/uploads\/2021\/09\/1145-9-150x150.jpg",150,150,true],"medium":["https:\/\/stage.savio.it\/wp-content\/uploads\/2021\/09\/1145-9.jpg",229,229,false],"medium_large":["https:\/\/stage.savio.it\/wp-content\/uploads\/2021\/09\/1145-9.jpg",229,229,false],"large":["https:\/\/stage.savio.it\/wp-content\/uploads\/2021\/09\/1145-9.jpg",229,229,false],"gs-tiny":["https:\/\/stage.savio.it\/wp-content\/uploads\/2021\/09\/1145-9.jpg",50,50,false],"xl":["https:\/\/stage.savio.it\/wp-content\/uploads\/2021\/09\/1145-9.jpg",229,229,false],"xxl":["https:\/\/stage.savio.it\/wp-content\/uploads\/2021\/09\/1145-9.jpg",229,229,false],"xxxl":["https:\/\/stage.savio.it\/wp-content\/uploads\/2021\/09\/1145-9.jpg",229,229,false],"xxxxl":["https:\/\/stage.savio.it\/wp-content\/uploads\/2021\/09\/1145-9.jpg",229,229,false],"xxxxxl":["https:\/\/stage.savio.it\/wp-content\/uploads\/2021\/09\/1145-9.jpg",229,229,false],"1536x1536":["https:\/\/stage.savio.it\/wp-content\/uploads\/2021\/09\/1145-9.jpg",229,229,false],"2048x2048":["https:\/\/stage.savio.it\/wp-content\/uploads\/2021\/09\/1145-9.jpg",229,229,false],"woocommerce_thumbnail":["https:\/\/stage.savio.it\/wp-content\/uploads\/2021\/09\/1145-9.jpg",229,229,false],"woocommerce_single":["https:\/\/stage.savio.it\/wp-content\/uploads\/2021\/09\/1145-9.jpg",229,229,false],"woocommerce_gallery_thumbnail":["https:\/\/stage.savio.it\/wp-content\/uploads\/2021\/09\/1145-9-200x200.jpg",200,200,true]},"uagb_author_info":{"display_name":"admin_news","author_link":"https:\/\/stage.savio.it\/es\/author\/"},"uagb_comment_info":0,"uagb_excerpt":"(pat.) Bisagra de 2 alas","_links":{"self":[{"href":"https:\/\/stage.savio.it\/es\/wp-json\/wp\/v2\/product\/34101","targetHints":{"allow":["GET"]}}],"collection":[{"href":"https:\/\/stage.savio.it\/es\/wp-json\/wp\/v2\/product"}],"about":[{"href":"https:\/\/stage.savio.it\/es\/wp-json\/wp\/v2\/types\/product"}],"replies":[{"embeddable":true,"href":"https:\/\/stage.savio.it\/es\/wp-json\/wp\/v2\/comments?post=34101"}],"wp:featuredmedia":[{"embeddable":true,"href":"https:\/\/stage.savio.it\/es\/wp-json\/wp\/v2\/media\/15735"}],"wp:attachment":[{"href":"https:\/\/stage.savio.it\/es\/wp-json\/wp\/v2\/media?parent=34101"}],"wp:term":[{"taxonomy":"product_brand","embeddable":true,"href":"https:\/\/stage.savio.it\/es\/wp-json\/wp\/v2\/product_brand?post=34101"},{"taxonomy":"product_cat","embeddable":true,"href":"https:\/\/stage.savio.it\/es\/wp-json\/wp\/v2\/product_cat?post=34101"},{"taxonomy":"product_tag","embeddable":true,"href":"https:\/\/stage.savio.it\/es\/wp-json\/wp\/v2\/product_tag?post=34101"},{"taxonomy":"profilo","embeddable":true,"href":"https:\/\/stage.savio.it\/es\/wp-json\/wp\/v2\/profilo?post=34101"},{"taxonomy":"finiture","embeddable":true,"href":"https:\/\/stage.savio.it\/es\/wp-json\/wp\/v2\/finiture?post=34101"},{"taxonomy":"gruppo_anta","embeddable":true,"href":"https:\/\/stage.savio.it\/es\/wp-json\/wp\/v2\/gruppo_anta?post=34101"}],"curies":[{"name":"wp","href":"https:\/\/api.w.org\/{rel}","templated":true}]}}