{"id":34096,"date":"2021-10-05T10:32:47","date_gmt":"2021-10-05T10:32:47","guid":{"rendered":"https:\/\/savio.ne-ws.it\/prodotto\/mechanica-1145-60mr\/"},"modified":"2021-10-05T10:32:53","modified_gmt":"2021-10-05T10:32:53","slug":"mechanica-1145-60mr","status":"publish","type":"product","link":"https:\/\/stage.savio.it\/es\/prodotto\/mechanica-1145-60mr\/","title":{"rendered":"MECHANICA &#8211; 1145\/60MR"},"content":{"rendered":"<p>(patentado) Bisagra regulable de 2 alas con el ala macho m\u00e1s peque\u00f1o, en aluminio, distancia entre los centros de fijaci\u00f3n de 60 mm, centro de rotaci\u00f3n 20 mm, sin resalte, pernio \u00d8 11 mm en acero inox, premontado sobre el casquillo reductor con geometr\u00eda a leva en zamac lacado negro, 2 pletinas de cobertura en aluminio, 2 tapones en nylon, 1 casquillo autolubrificante, 1 prisionero de regulaci\u00f3n en zamac. Con kit de fijaci\u00f3n compuesto de: 1 pletina 14&#215;14 mm en zamac, 1 muelle de la contraplaca en acero templado pulido, 1 pletina 9&#215;14 mm en aluminio extru\u00eddo, 2 tornillos especiales M8x28 cincados para la fijaci\u00f3n de la pletina sobre la hoja, 2 tornillos cincados M6x20 para la fijaci\u00f3n de la pletina sobre el marco, 2 casquillos de centraje del ala sobre el marco, 2 tornillos cincados con cabeza cil\u00edndrica allen enrasada (M4x14 y M4x16) para la fijaci\u00f3n de la pletina de cobertura, 1 prisionero cincado M6x8 para bloquear la leva. Soporte: 2 bisagras 60 Kg, 3 bisagras 80 Kg.<\/p>\n","protected":false},"excerpt":{"rendered":"<p>(pat.) Bisagra de 2 alas (ala macho m\u00e1s peque\u00f1a)<\/p>\n","protected":false},"featured_media":15700,"comment_status":"closed","ping_status":"closed","template":"","meta":{"_acf_changed":false,"_uag_custom_page_level_css":""},"product_brand":[],"product_cat":[12585,12637],"product_tag":[],"profilo":[12431,11995,11996,12018,12040,12158,12393,12395,12398,12065,12104,12113,12105,12134,12121,12136,12115,12123,12124,12111,12125,12126,12116,12139,12388,12389,12240,12242,12243,12268,12267,12253,12456,12458,12320,12346,12321,12332,12323,12333,12347,12349,12324,12345,12325,12335,12348,12350,11984,11985,11980,11982,12417,12019,12102,12020,12035,12037,12034,12039,11967,12152,12153,12164,12166,12154,12155,12159,12156,12180,12157,12182,12160,12470,12468,12469,12247,12254,12248,12255,12249,12256,12186,12187,12194,12196,12204,12198,12205,12218,12225,12220,12231,12206,12217,12207,12208,12209,12235,12236,12017,12064,12270,12289,12278,12271,12288,12279,12272,12280,12308,12309,12310,12273,12281,12329,12331,11970,11968,11972,11974,12170,12172,12175,12177,12178,12085,11990,11991,11993,12372,12373,12375,12380,12377,12381,12378,12086,12357,12356,12358,12359,12364,12051,12052,12045,12046,12048,12053,12054,12071,12073,12078,12074,12079,12075,12081,12419,12246,12257,12435,12436,12274,12276,12304,12306,12293,12299,12294,12297,12307,12311,12313,12314],"finiture":[12512,12531,12534,12545,12552,12556,12565,12569,12582],"gruppo_anta":[],"class_list":{"0":"post-34096","1":"product","2":"type-product","3":"status-publish","4":"has-post-thumbnail","6":"product_cat-cerniere-cerniere-pesanti-e-cerniere-per-vasistas","7":"product_cat-mechanica","8":"profilo-12431","9":"profilo-alfil-a54rpt","10":"profilo-alfil-a65rpt","11":"profilo-all-co-5-porte","12":"profilo-allco-tec-72","13":"profilo-alpha-blitz-2000","14":"profilo-atlantis-45","15":"profilo-atlantis-55-tt","16":"profilo-atlantis-68-tt","17":"profilo-bga-50-porte","18":"profilo-domal-break-pa-52","19":"profilo-domal-break-pa-52-porte","20":"profilo-domal-break-pa-52-raggiato","21":"profilo-domal-bright-pa-70-s","22":"profilo-domal-bright-pa-70-s-porte","23":"profilo-domal-extratermic-62","24":"profilo-domal-shops","25":"profilo-domal-spider-60","26":"profilo-domal-spider-l60-style","27":"profilo-domal-stopper-pg","28":"profilo-domal-stopper-pg-63","29":"profilo-domal-stopper-pg-63-porte","30":"profilo-domal-stopper-pg-porte","31":"profilo-domal-top-tb-65","32":"profilo-ecowin-th-62","33":"profilo-ecowin-th-72","34":"profilo-ekip-40-complanare","35":"profilo-ekip-50-complanare","36":"profilo-ekip-50-sormonto","37":"profilo-ekip-th-73-porte","38":"profilo-ekip-th-83","39":"profilo-ekip-thermo-53-porte","40":"profilo-ekos-minimall-54-th","41":"profilo-ekos-minimall-62-thj","42":"profilo-eku-40","43":"profilo-eku-52-tt","44":"profilo-eku-53","45":"profilo-eku-53-porte","46":"profilo-eku-53-tt","47":"profilo-eku-53-tt-porte","48":"profilo-eku-62-tt","49":"profilo-eku-62-tt-porte","50":"profilo-eku-64-tt","51":"profilo-eku-66-tt","52":"profilo-eku-72-tt","53":"profilo-eku-72-tt-porte","54":"profilo-eku-78-tt","55":"profilo-eku-78-tt-porte","56":"profilo-esedra-doors-56","57":"profilo-esedra-doors-56-tt","58":"profilo-esedra-ga-53","59":"profilo-esedra-tt-63","60":"profilo-et-45-sormonto","61":"profilo-export-50-porte","62":"profilo-export-50-t-porte","63":"profilo-export-50-tt-porte","64":"profilo-export-51-tt","65":"profilo-export-51-tt-porte","66":"profilo-export-68-tt","67":"profilo-export-68-tt-porte","68":"profilo-global-50-tt-porte","69":"profilo-gold-400","70":"profilo-gold-400-raggiato","71":"profilo-gold-450","72":"profilo-gold-450-tt","73":"profilo-gold-490-tt","74":"profilo-gold-500","75":"profilo-gold-500-porte","76":"profilo-gold-500-raggiato","77":"profilo-gold-502-hc","78":"profilo-gold-600","79":"profilo-gold-600-hc","80":"profilo-gold-600-porte","81":"profilo-hf-580","82":"profilo-hp-600","83":"profilo-hp-700","84":"profilo-maastricht-53","85":"profilo-maastricht-53-porte","86":"profilo-maastricht-th-60","87":"profilo-maastricht-th-60-porte","88":"profilo-maastricht-th-68","89":"profilo-maastricht-th-68-porte","90":"profilo-mx-50","91":"profilo-mx-70","92":"profilo-nc-40-n-sormonto","93":"profilo-nc-45-int","94":"profilo-nc-45-int-porte","95":"profilo-nc-45-sth","96":"profilo-nc-45-sth-porte","97":"profilo-nc-50-i","98":"profilo-nc-50-i-porte","99":"profilo-nc-50-sth","100":"profilo-nc-50-sth-porte","101":"profilo-nc-55-int-porte","102":"profilo-nc-58-mediterraneo-sormonto","103":"profilo-nc-65-sth-porte","104":"profilo-nc-68-sth-porte","105":"profilo-nc-72-sth-porte","106":"profilo-nc-75-sth","107":"profilo-nc-75-sthi","108":"profilo-new-age","109":"profilo-new-bt-60-tt","110":"profilo-new-tec-50","111":"profilo-new-tec-50-classic","112":"profilo-new-tec-50-porte","113":"profilo-new-tec-52-tt","114":"profilo-new-tec-52-tt-classic","115":"profilo-new-tec-52-tt-porte","116":"profilo-new-tec-60-tt","117":"profilo-new-tec-60-tt-porte","118":"profilo-new-tec-65","119":"profilo-new-tec-65-classic","120":"profilo-new-tec-65-porte","121":"profilo-new-tec-68-tt","122":"profilo-new-tec-68-tt-porte","123":"profilo-pe-50","124":"profilo-pe-58-tt-sormonto","125":"profilo-planet-45","126":"profilo-planet-50-tt","127":"profilo-planet-62-tt","128":"profilo-planet-72-ht","129":"profilo-plathina-60-classica","130":"profilo-plathina-60-flat-classica","131":"profilo-plathina-69-classica","132":"profilo-plathina-69-flat-classica","133":"profilo-plathina-75-classica","134":"profilo-prestige-73-tt","135":"profilo-r-50","136":"profilo-r-50-tt-barra-cont","137":"profilo-r-62-tt","138":"profilo-road-520-tt-ce","139":"profilo-road-600-tt-ce","140":"profilo-royal-s-50-porte","141":"profilo-royal-s-65-ak-porte","142":"profilo-royal-s-65-porte","143":"profilo-royal-s-70-f-porte","144":"profilo-royal-s-70-hi-porte","145":"profilo-slim-70-tt","146":"profilo-start-470-tt","147":"profilo-start-510","148":"profilo-start-560-tt","149":"profilo-start-640-tt","150":"profilo-start-760-tt","151":"profilo-synthesis-52","152":"profilo-synthesis-52-tt","153":"profilo-synthesis-57","154":"profilo-synthesis-60-tt","155":"profilo-synthesis-60-tt-porte","156":"profilo-synthesis-68-tt","157":"profilo-synthesis-68-tt-porte","158":"profilo-tecno-50-porte","159":"profilo-tecno-50-tt","160":"profilo-tecno-50-tt-porte","161":"profilo-tecno-60-tt","162":"profilo-tecno-60-tt-porte","163":"profilo-tecno-68-tt","164":"profilo-tecno-76-tt","165":"profilo-tt-50","166":"profilo-venice-th16","167":"profilo-venice-th16-porte","168":"profilo-vuerre-53-tt","169":"profilo-vuerre-70-tt","170":"profilo-windstop-45","171":"profilo-windstop-45-tt","172":"profilo-windstop-45-tt-classic","173":"profilo-windstop-45-tt-porte","174":"profilo-windstop-55-tt","175":"profilo-windstop-55-tt-classic","176":"profilo-windstop-55-tt-porte","177":"profilo-windstop-65-tt","178":"profilo-windstop-65-tt-porte","179":"profilo-windstop-73-tt","180":"profilo-ws-65-thi","181":"profilo-ws-75-thi","182":"finiture-12512","183":"finiture-12531","184":"finiture-12534","185":"finiture-bl10","186":"finiture-c","187":"finiture-f","188":"finiture-ne","189":"finiture-pvd-h","190":"finiture-xsd","191":"description-off","193":"first","194":"onbackorder","195":"product-type-simple"},"acf":[],"yoast_head":"<!-- This site is optimized with the Yoast SEO plugin v27.2 - https:\/\/yoast.com\/product\/yoast-seo-wordpress\/ -->\n<title>MECHANICA - 1145\/60MR<\/title>\n<meta name=\"description\" content=\"(pat.) Bisagra de 2 alas (ala macho m\u00e1s peque\u00f1a)\" \/>\n<meta name=\"robots\" content=\"noindex, follow, max-snippet:-1, max-image-preview:large, max-video-preview:-1\" \/>\n<meta property=\"og:locale\" content=\"es_ES\" \/>\n<meta property=\"og:type\" content=\"article\" \/>\n<meta property=\"og:title\" content=\"MECHANICA - 1145\/60MR\" \/>\n<meta property=\"og:description\" content=\"(pat.) Bisagra de 2 alas (ala macho m\u00e1s peque\u00f1a)\" \/>\n<meta property=\"og:url\" content=\"https:\/\/stage.savio.it\/es\/prodotto\/mechanica-1145-60mr\/\" \/>\n<meta property=\"og:site_name\" content=\"SAVIO\" \/>\n<meta property=\"article:modified_time\" content=\"2021-10-05T10:32:53+00:00\" \/>\n<meta property=\"og:image\" content=\"https:\/\/stage.savio.it\/wp-content\/uploads\/2021\/09\/1145_53-4.jpg\" \/>\n\t<meta property=\"og:image:width\" content=\"229\" \/>\n\t<meta property=\"og:image:height\" content=\"229\" \/>\n\t<meta property=\"og:image:type\" content=\"image\/jpeg\" \/>\n<meta name=\"twitter:card\" content=\"summary_large_image\" \/>\n<meta name=\"twitter:label1\" content=\"Tiempo de lectura\" \/>\n\t<meta name=\"twitter:data1\" content=\"4 minutos\" \/>\n<script type=\"application\/ld+json\" class=\"yoast-schema-graph\">{\"@context\":\"https:\/\/schema.org\",\"@graph\":[{\"@type\":\"WebPage\",\"@id\":\"https:\/\/stage.savio.it\/es\/prodotto\/mechanica-1145-60mr\/\",\"url\":\"https:\/\/stage.savio.it\/es\/prodotto\/mechanica-1145-60mr\/\",\"name\":\"MECHANICA - 1145\/60MR\",\"isPartOf\":{\"@id\":\"https:\/\/stage.savio.it\/es\/#website\"},\"primaryImageOfPage\":{\"@id\":\"https:\/\/stage.savio.it\/es\/prodotto\/mechanica-1145-60mr\/#primaryimage\"},\"image\":{\"@id\":\"https:\/\/stage.savio.it\/es\/prodotto\/mechanica-1145-60mr\/#primaryimage\"},\"thumbnailUrl\":\"https:\/\/stage.savio.it\/wp-content\/uploads\/2021\/09\/1145_53-4.jpg\",\"datePublished\":\"2021-10-05T10:32:47+00:00\",\"dateModified\":\"2021-10-05T10:32:53+00:00\",\"description\":\"(pat.) Bisagra de 2 alas (ala macho m\u00e1s peque\u00f1a)\",\"breadcrumb\":{\"@id\":\"https:\/\/stage.savio.it\/es\/prodotto\/mechanica-1145-60mr\/#breadcrumb\"},\"inLanguage\":\"es\",\"potentialAction\":[{\"@type\":\"ReadAction\",\"target\":[\"https:\/\/stage.savio.it\/es\/prodotto\/mechanica-1145-60mr\/\"]}]},{\"@type\":\"ImageObject\",\"inLanguage\":\"es\",\"@id\":\"https:\/\/stage.savio.it\/es\/prodotto\/mechanica-1145-60mr\/#primaryimage\",\"url\":\"https:\/\/stage.savio.it\/wp-content\/uploads\/2021\/09\/1145_53-4.jpg\",\"contentUrl\":\"https:\/\/stage.savio.it\/wp-content\/uploads\/2021\/09\/1145_53-4.jpg\",\"width\":229,\"height\":229},{\"@type\":\"BreadcrumbList\",\"@id\":\"https:\/\/stage.savio.it\/es\/prodotto\/mechanica-1145-60mr\/#breadcrumb\",\"itemListElement\":[{\"@type\":\"ListItem\",\"position\":1,\"name\":\"Home\",\"item\":\"https:\/\/stage.savio.it\/es\/\"},{\"@type\":\"ListItem\",\"position\":2,\"name\":\"Productos\",\"item\":\"https:\/\/stage.savio.it\/prodotti\/\"},{\"@type\":\"ListItem\",\"position\":3,\"name\":\"MECHANICA &#8211; 1145\/60MR\"}]},{\"@type\":\"WebSite\",\"@id\":\"https:\/\/stage.savio.it\/es\/#website\",\"url\":\"https:\/\/stage.savio.it\/es\/\",\"name\":\"SAVIO\",\"description\":\"Open mind for closing system\",\"publisher\":{\"@id\":\"https:\/\/stage.savio.it\/es\/#organization\"},\"potentialAction\":[{\"@type\":\"SearchAction\",\"target\":{\"@type\":\"EntryPoint\",\"urlTemplate\":\"https:\/\/stage.savio.it\/es\/?s={search_term_string}\"},\"query-input\":{\"@type\":\"PropertyValueSpecification\",\"valueRequired\":true,\"valueName\":\"search_term_string\"}}],\"inLanguage\":\"es\"},{\"@type\":\"Organization\",\"@id\":\"https:\/\/stage.savio.it\/es\/#organization\",\"name\":\"SAVIO\",\"url\":\"https:\/\/stage.savio.it\/es\/\",\"logo\":{\"@type\":\"ImageObject\",\"inLanguage\":\"es\",\"@id\":\"https:\/\/stage.savio.it\/es\/#\/schema\/logo\/image\/\",\"url\":\"https:\/\/stage.savio.it\/wp-content\/uploads\/2021\/09\/cropped-Savio-logo.png\",\"contentUrl\":\"https:\/\/stage.savio.it\/wp-content\/uploads\/2021\/09\/cropped-Savio-logo.png\",\"width\":243,\"height\":64,\"caption\":\"SAVIO\"},\"image\":{\"@id\":\"https:\/\/stage.savio.it\/es\/#\/schema\/logo\/image\/\"}}]}<\/script>\n<!-- \/ Yoast SEO plugin. -->","yoast_head_json":{"title":"MECHANICA - 1145\/60MR","description":"(pat.) Bisagra de 2 alas (ala macho m\u00e1s peque\u00f1a)","robots":{"index":"noindex","follow":"follow","max-snippet":"max-snippet:-1","max-image-preview":"max-image-preview:large","max-video-preview":"max-video-preview:-1"},"og_locale":"es_ES","og_type":"article","og_title":"MECHANICA - 1145\/60MR","og_description":"(pat.) Bisagra de 2 alas (ala macho m\u00e1s peque\u00f1a)","og_url":"https:\/\/stage.savio.it\/es\/prodotto\/mechanica-1145-60mr\/","og_site_name":"SAVIO","article_modified_time":"2021-10-05T10:32:53+00:00","og_image":[{"width":229,"height":229,"url":"https:\/\/stage.savio.it\/wp-content\/uploads\/2021\/09\/1145_53-4.jpg","type":"image\/jpeg"}],"twitter_card":"summary_large_image","twitter_misc":{"Tiempo de lectura":"4 minutos"},"schema":{"@context":"https:\/\/schema.org","@graph":[{"@type":"WebPage","@id":"https:\/\/stage.savio.it\/es\/prodotto\/mechanica-1145-60mr\/","url":"https:\/\/stage.savio.it\/es\/prodotto\/mechanica-1145-60mr\/","name":"MECHANICA - 1145\/60MR","isPartOf":{"@id":"https:\/\/stage.savio.it\/es\/#website"},"primaryImageOfPage":{"@id":"https:\/\/stage.savio.it\/es\/prodotto\/mechanica-1145-60mr\/#primaryimage"},"image":{"@id":"https:\/\/stage.savio.it\/es\/prodotto\/mechanica-1145-60mr\/#primaryimage"},"thumbnailUrl":"https:\/\/stage.savio.it\/wp-content\/uploads\/2021\/09\/1145_53-4.jpg","datePublished":"2021-10-05T10:32:47+00:00","dateModified":"2021-10-05T10:32:53+00:00","description":"(pat.) Bisagra de 2 alas (ala macho m\u00e1s peque\u00f1a)","breadcrumb":{"@id":"https:\/\/stage.savio.it\/es\/prodotto\/mechanica-1145-60mr\/#breadcrumb"},"inLanguage":"es","potentialAction":[{"@type":"ReadAction","target":["https:\/\/stage.savio.it\/es\/prodotto\/mechanica-1145-60mr\/"]}]},{"@type":"ImageObject","inLanguage":"es","@id":"https:\/\/stage.savio.it\/es\/prodotto\/mechanica-1145-60mr\/#primaryimage","url":"https:\/\/stage.savio.it\/wp-content\/uploads\/2021\/09\/1145_53-4.jpg","contentUrl":"https:\/\/stage.savio.it\/wp-content\/uploads\/2021\/09\/1145_53-4.jpg","width":229,"height":229},{"@type":"BreadcrumbList","@id":"https:\/\/stage.savio.it\/es\/prodotto\/mechanica-1145-60mr\/#breadcrumb","itemListElement":[{"@type":"ListItem","position":1,"name":"Home","item":"https:\/\/stage.savio.it\/es\/"},{"@type":"ListItem","position":2,"name":"Productos","item":"https:\/\/stage.savio.it\/prodotti\/"},{"@type":"ListItem","position":3,"name":"MECHANICA &#8211; 1145\/60MR"}]},{"@type":"WebSite","@id":"https:\/\/stage.savio.it\/es\/#website","url":"https:\/\/stage.savio.it\/es\/","name":"SAVIO","description":"Open mind for closing system","publisher":{"@id":"https:\/\/stage.savio.it\/es\/#organization"},"potentialAction":[{"@type":"SearchAction","target":{"@type":"EntryPoint","urlTemplate":"https:\/\/stage.savio.it\/es\/?s={search_term_string}"},"query-input":{"@type":"PropertyValueSpecification","valueRequired":true,"valueName":"search_term_string"}}],"inLanguage":"es"},{"@type":"Organization","@id":"https:\/\/stage.savio.it\/es\/#organization","name":"SAVIO","url":"https:\/\/stage.savio.it\/es\/","logo":{"@type":"ImageObject","inLanguage":"es","@id":"https:\/\/stage.savio.it\/es\/#\/schema\/logo\/image\/","url":"https:\/\/stage.savio.it\/wp-content\/uploads\/2021\/09\/cropped-Savio-logo.png","contentUrl":"https:\/\/stage.savio.it\/wp-content\/uploads\/2021\/09\/cropped-Savio-logo.png","width":243,"height":64,"caption":"SAVIO"},"image":{"@id":"https:\/\/stage.savio.it\/es\/#\/schema\/logo\/image\/"}}]}},"uagb_featured_image_src":{"full":["https:\/\/stage.savio.it\/wp-content\/uploads\/2021\/09\/1145_53-4.jpg",229,229,false],"thumbnail":["https:\/\/stage.savio.it\/wp-content\/uploads\/2021\/09\/1145_53-4-150x150.jpg",150,150,true],"medium":["https:\/\/stage.savio.it\/wp-content\/uploads\/2021\/09\/1145_53-4.jpg",229,229,false],"medium_large":["https:\/\/stage.savio.it\/wp-content\/uploads\/2021\/09\/1145_53-4.jpg",229,229,false],"large":["https:\/\/stage.savio.it\/wp-content\/uploads\/2021\/09\/1145_53-4.jpg",229,229,false],"gs-tiny":["https:\/\/stage.savio.it\/wp-content\/uploads\/2021\/09\/1145_53-4.jpg",50,50,false],"xl":["https:\/\/stage.savio.it\/wp-content\/uploads\/2021\/09\/1145_53-4.jpg",229,229,false],"xxl":["https:\/\/stage.savio.it\/wp-content\/uploads\/2021\/09\/1145_53-4.jpg",229,229,false],"xxxl":["https:\/\/stage.savio.it\/wp-content\/uploads\/2021\/09\/1145_53-4.jpg",229,229,false],"xxxxl":["https:\/\/stage.savio.it\/wp-content\/uploads\/2021\/09\/1145_53-4.jpg",229,229,false],"xxxxxl":["https:\/\/stage.savio.it\/wp-content\/uploads\/2021\/09\/1145_53-4.jpg",229,229,false],"1536x1536":["https:\/\/stage.savio.it\/wp-content\/uploads\/2021\/09\/1145_53-4.jpg",229,229,false],"2048x2048":["https:\/\/stage.savio.it\/wp-content\/uploads\/2021\/09\/1145_53-4.jpg",229,229,false],"woocommerce_thumbnail":["https:\/\/stage.savio.it\/wp-content\/uploads\/2021\/09\/1145_53-4.jpg",229,229,false],"woocommerce_single":["https:\/\/stage.savio.it\/wp-content\/uploads\/2021\/09\/1145_53-4.jpg",229,229,false],"woocommerce_gallery_thumbnail":["https:\/\/stage.savio.it\/wp-content\/uploads\/2021\/09\/1145_53-4-200x200.jpg",200,200,true]},"uagb_author_info":{"display_name":"admin_news","author_link":"https:\/\/stage.savio.it\/es\/author\/"},"uagb_comment_info":0,"uagb_excerpt":"(pat.) Bisagra de 2 alas (ala macho m\u00e1s peque\u00f1a)","_links":{"self":[{"href":"https:\/\/stage.savio.it\/es\/wp-json\/wp\/v2\/product\/34096","targetHints":{"allow":["GET"]}}],"collection":[{"href":"https:\/\/stage.savio.it\/es\/wp-json\/wp\/v2\/product"}],"about":[{"href":"https:\/\/stage.savio.it\/es\/wp-json\/wp\/v2\/types\/product"}],"replies":[{"embeddable":true,"href":"https:\/\/stage.savio.it\/es\/wp-json\/wp\/v2\/comments?post=34096"}],"wp:featuredmedia":[{"embeddable":true,"href":"https:\/\/stage.savio.it\/es\/wp-json\/wp\/v2\/media\/15700"}],"wp:attachment":[{"href":"https:\/\/stage.savio.it\/es\/wp-json\/wp\/v2\/media?parent=34096"}],"wp:term":[{"taxonomy":"product_brand","embeddable":true,"href":"https:\/\/stage.savio.it\/es\/wp-json\/wp\/v2\/product_brand?post=34096"},{"taxonomy":"product_cat","embeddable":true,"href":"https:\/\/stage.savio.it\/es\/wp-json\/wp\/v2\/product_cat?post=34096"},{"taxonomy":"product_tag","embeddable":true,"href":"https:\/\/stage.savio.it\/es\/wp-json\/wp\/v2\/product_tag?post=34096"},{"taxonomy":"profilo","embeddable":true,"href":"https:\/\/stage.savio.it\/es\/wp-json\/wp\/v2\/profilo?post=34096"},{"taxonomy":"finiture","embeddable":true,"href":"https:\/\/stage.savio.it\/es\/wp-json\/wp\/v2\/finiture?post=34096"},{"taxonomy":"gruppo_anta","embeddable":true,"href":"https:\/\/stage.savio.it\/es\/wp-json\/wp\/v2\/gruppo_anta?post=34096"}],"curies":[{"name":"wp","href":"https:\/\/api.w.org\/{rel}","templated":true}]}}