{"id":34078,"date":"2021-10-05T10:32:30","date_gmt":"2021-10-05T10:32:30","guid":{"rendered":"https:\/\/savio.ne-ws.it\/prodotto\/summa-1124-350\/"},"modified":"2021-10-05T10:32:37","modified_gmt":"2021-10-05T10:32:37","slug":"summa-1124-350","status":"publish","type":"product","link":"https:\/\/stage.savio.it\/es\/prodotto\/summa-1124-350\/","title":{"rendered":"SUMMA &#8211; 1124.350"},"content":{"rendered":"<p>(patentado) Bisagra regulable de 3 alas en aluminio para la tercera hoja, centro de rotaci\u00f3n de 16.5 mm, 3 contraplacas con eganche r\u00e1pido, 6 tornillos con cabeza rebajada allen enrasada M6x12 y 1 prisionero M5x6 en acero inox, 2 pernios \u00d8 10 mm en acero inox premontados sobre el casquillo reductor con geometr\u00eda a leva en zamac lacado negro, 2 tapones en nylon, 2 casquillos autolubrificante en nylon y 1 prisionero de regulaci\u00f3n en zamac. Soporte: 2 bisagras 100 Kg, 3 bisagras 120 Kg.<\/p>\n","protected":false},"excerpt":{"rendered":"<p>(pat.) Bisagra de 3 alas para la tercera hoja<\/p>\n","protected":false},"featured_media":73426,"comment_status":"closed","ping_status":"closed","template":"","meta":{"_acf_changed":false,"_uag_custom_page_level_css":""},"product_brand":[],"product_cat":[12585,12643],"product_tag":[],"profilo":[11995,11996,12393,12400,12394,12395,12396,12398,12399,12411,12412,12104,12105,12134,12135,12137,12138,12111,12125,12112,12129,12139,12140,12388,12389,12320,12339,12346,12321,12344,12322,12323,12340,12347,12324,12345,12325,12348,11980,11981,11982,11983,12417,12416,12423,12424,12425,12426,12427,12428,12429,12430,12006,12007,12095,12096,12008,12009,12010,12098,12011,12035,12036,12034,12038,12152,12153,12164,12166,12154,12155,12156,12180,12181,12157,12182,12183,12168,12470,12468,12469,12434,12012,12013,12014,12015,12016,12186,12187,12197,12218,12228,12220,12230,12200,12202,12222,12235,12236,12064,11970,11971,11969,11968,11972,11973,11974,11975,12085,12372,12373,12476,12477,12088,12090,12022,12086,12355,12369,12361,12357,12363,12356,12362,12358,12359,12364,12044,12051,12052,12045,12046,12053,12435,12437,12436,12438,12274,12275,12276,12304,12305,12277,12293,12299,12300,12296,12297,12301,12302,12298,12311,12312,12313,12315,12314,12316],"finiture":[12512,12529,12532,12534,12545,12552,12556,12562,12565,12570,12575,12582],"gruppo_anta":[],"class_list":{"0":"post-34078","1":"product","2":"type-product","3":"status-publish","4":"has-post-thumbnail","6":"product_cat-cerniere-cerniere-pesanti-e-cerniere-per-vasistas","7":"product_cat-summa","8":"profilo-alfil-a54rpt","9":"profilo-alfil-a65rpt","10":"profilo-atlantis-45","11":"profilo-atlantis-45-persiana","12":"profilo-atlantis-45-raggiato","13":"profilo-atlantis-55-tt","14":"profilo-atlantis-55-tt-raggiato","15":"profilo-atlantis-68-tt","16":"profilo-atlantis-68-tt-raggiato","17":"profilo-cx-600","18":"profilo-cx-700","19":"profilo-domal-break-pa-52","20":"profilo-domal-break-pa-52-raggiato","21":"profilo-domal-bright-pa-70-s","22":"profilo-domal-bright-pa-70-s-raggiato","23":"profilo-domal-extratermic-62-raggiato","24":"profilo-domal-extratermic-62-sfera","25":"profilo-domal-stopper-pg","26":"profilo-domal-stopper-pg-63","27":"profilo-domal-stopper-pg-raggiato","28":"profilo-domal-sunny-pg","29":"profilo-domal-top-tb-65","30":"profilo-domal-top-tb-65-raggiato","31":"profilo-ecowin-th-62","32":"profilo-ecowin-th-72","33":"profilo-eku-40","34":"profilo-eku-40-raggiato","35":"profilo-eku-52-tt","36":"profilo-eku-53","37":"profilo-eku-53-persiana","38":"profilo-eku-53-raggiato","39":"profilo-eku-53-tt","40":"profilo-eku-53-tt-raggiato","41":"profilo-eku-62-tt","42":"profilo-eku-64-tt","43":"profilo-eku-66-tt","44":"profilo-eku-72-tt","45":"profilo-eku-78-tt","46":"profilo-esedra-ga-53","47":"profilo-esedra-ga-53-raggiato","48":"profilo-esedra-tt-63","49":"profilo-esedra-tt-75","50":"profilo-et-45-sormonto","51":"profilo-et-45-sormonto-raggiato","52":"profilo-et-58-2-tt","53":"profilo-et-58-2-tt-raggiato","54":"profilo-et-67-3-tt","55":"profilo-et-67-3-tt-raggiato","56":"profilo-et-68-2-tt","57":"profilo-et-68-2-tt-raggiato","58":"profilo-et-75-3-tt","59":"profilo-et-75-3-tt-raggiato","60":"profilo-export-45","61":"profilo-export-45-raggiato","62":"profilo-export-45-t","63":"profilo-export-45-t-raggiato","64":"profilo-export-45-tt","65":"profilo-export-45-tt-raggiato","66":"profilo-export-50","67":"profilo-export-50-t","68":"profilo-export-50-tt","69":"profilo-export-51-tt","70":"profilo-export-51-tt-raggiato","71":"profilo-export-68-tt","72":"profilo-export-68-tt-raggiato","73":"profilo-gold-400","74":"profilo-gold-400-raggiato","75":"profilo-gold-450","76":"profilo-gold-450-tt","77":"profilo-gold-490-tt","78":"profilo-gold-500","79":"profilo-gold-500-raggiato","80":"profilo-gold-502-hc","81":"profilo-gold-502-hc-raggiato","82":"profilo-gold-600","83":"profilo-gold-600-hc","84":"profilo-gold-600-hc-raggiato","85":"profilo-goldwing","86":"profilo-hf-580","87":"profilo-hp-600","88":"profilo-hp-700","89":"profilo-iblea-color","90":"profilo-k-40","91":"profilo-k-40-raggiato","92":"profilo-k-45t","93":"profilo-k-64t","94":"profilo-k-70t","95":"profilo-mx-50","96":"profilo-mx-70","97":"profilo-nc-45-int-raggiato","98":"profilo-nc-50-i","99":"profilo-nc-50-i-raggiato","100":"profilo-nc-50-sth","101":"profilo-nc-50-sth-raggiato","102":"profilo-nc-65-sth","103":"profilo-nc-72-sth","104":"profilo-nc-72-1-sth","105":"profilo-nc-75-sth","106":"profilo-nc-75-sthi","107":"profilo-new-bt-60-tt","108":"profilo-planet-45","109":"profilo-planet-45-raggiato","110":"profilo-planet-50-raggiato","111":"profilo-planet-50-tt","112":"profilo-planet-62-tt","113":"profilo-planet-62-tt-raggiato","114":"profilo-planet-72-ht","115":"profilo-planet-72-ht-raggiato","116":"profilo-prestige-73-tt","117":"profilo-road-520-tt-ce","118":"profilo-road-600-tt-ce","119":"profilo-serie-6000","120":"profilo-serie-6500-rpt","121":"profilo-serie-8000","122":"profilo-serie-8000-tt","123":"profilo-sicurblind-65-sormonto","124":"profilo-slim-70-tt","125":"profilo-start-410","126":"profilo-start-410-persiana","127":"profilo-start-410-raggiato","128":"profilo-start-470-tt","129":"profilo-start-470-tt-raggiato","130":"profilo-start-510","131":"profilo-start-510-raggiato","132":"profilo-start-560-tt","133":"profilo-start-640-tt","134":"profilo-start-760-tt","135":"profilo-synthesis-45","136":"profilo-synthesis-52","137":"profilo-synthesis-52-tt","138":"profilo-synthesis-57","139":"profilo-synthesis-60-tt","140":"profilo-synthesis-68-tt","141":"profilo-vuerre-53-tt","142":"profilo-vuerre-53-tt-raggiato","143":"profilo-vuerre-70-tt","144":"profilo-vuerre-70-tt-raggiato","145":"profilo-windstop-45","146":"profilo-windstop-45-raggiato","147":"profilo-windstop-45-tt","148":"profilo-windstop-45-tt-classic","149":"profilo-windstop-45-tt-classic-raggiato","150":"profilo-windstop-45-tt-raggiato","151":"profilo-windstop-55-tt","152":"profilo-windstop-55-tt-classic","153":"profilo-windstop-55-tt-classic-raggiato","154":"profilo-windstop-55-tt-raggiato","155":"profilo-windstop-65-tt","156":"profilo-windstop-65-tt-classic","157":"profilo-windstop-65-tt-classic-raggiato","158":"profilo-windstop-65-tt-raggiato","159":"profilo-windstop-73-tt","160":"profilo-windstop-73-tt-raggiato","161":"profilo-ws-65-thi","162":"profilo-ws-65-thi-raggiato","163":"profilo-ws-75-thi","164":"profilo-ws-75-thi-raggiato","165":"finiture-12512","166":"finiture-12529","167":"finiture-12532","168":"finiture-12534","169":"finiture-bl10","170":"finiture-c","171":"finiture-f","172":"finiture-hl","173":"finiture-ne","174":"finiture-pvd-x","175":"finiture-silv","176":"finiture-xsd","177":"description-off","179":"first","180":"instock","181":"product-type-simple"},"acf":[],"yoast_head":"<!-- This site is optimized with the Yoast SEO plugin v27.2 - https:\/\/yoast.com\/product\/yoast-seo-wordpress\/ -->\n<title>SUMMA - 1124.350<\/title>\n<meta name=\"description\" content=\"(pat.) Bisagra de 3 alas para la tercera hoja\" \/>\n<meta name=\"robots\" content=\"noindex, follow, max-snippet:-1, max-image-preview:large, max-video-preview:-1\" \/>\n<meta property=\"og:locale\" content=\"es_ES\" \/>\n<meta property=\"og:type\" content=\"article\" \/>\n<meta property=\"og:title\" content=\"SUMMA - 1124.350\" \/>\n<meta property=\"og:description\" content=\"(pat.) Bisagra de 3 alas para la tercera hoja\" \/>\n<meta property=\"og:url\" content=\"https:\/\/stage.savio.it\/es\/prodotto\/summa-1124-350\/\" \/>\n<meta property=\"og:site_name\" content=\"SAVIO\" \/>\n<meta property=\"article:modified_time\" content=\"2021-10-05T10:32:37+00:00\" \/>\n<meta property=\"og:image\" content=\"https:\/\/stage.savio.it\/wp-content\/uploads\/2022\/06\/1124_350.jpg\" \/>\n\t<meta property=\"og:image:width\" content=\"1000\" \/>\n\t<meta property=\"og:image:height\" content=\"1000\" \/>\n\t<meta property=\"og:image:type\" content=\"image\/jpeg\" \/>\n<meta name=\"twitter:card\" content=\"summary_large_image\" \/>\n<meta name=\"twitter:label1\" content=\"Tiempo de lectura\" \/>\n\t<meta name=\"twitter:data1\" content=\"4 minutos\" \/>\n<script type=\"application\/ld+json\" class=\"yoast-schema-graph\">{\"@context\":\"https:\/\/schema.org\",\"@graph\":[{\"@type\":\"WebPage\",\"@id\":\"https:\/\/stage.savio.it\/es\/prodotto\/summa-1124-350\/\",\"url\":\"https:\/\/stage.savio.it\/es\/prodotto\/summa-1124-350\/\",\"name\":\"SUMMA - 1124.350\",\"isPartOf\":{\"@id\":\"https:\/\/stage.savio.it\/es\/#website\"},\"primaryImageOfPage\":{\"@id\":\"https:\/\/stage.savio.it\/es\/prodotto\/summa-1124-350\/#primaryimage\"},\"image\":{\"@id\":\"https:\/\/stage.savio.it\/es\/prodotto\/summa-1124-350\/#primaryimage\"},\"thumbnailUrl\":\"https:\/\/stage.savio.it\/wp-content\/uploads\/2022\/06\/1124_350.jpg\",\"datePublished\":\"2021-10-05T10:32:30+00:00\",\"dateModified\":\"2021-10-05T10:32:37+00:00\",\"description\":\"(pat.) Bisagra de 3 alas para la tercera hoja\",\"breadcrumb\":{\"@id\":\"https:\/\/stage.savio.it\/es\/prodotto\/summa-1124-350\/#breadcrumb\"},\"inLanguage\":\"es\",\"potentialAction\":[{\"@type\":\"ReadAction\",\"target\":[\"https:\/\/stage.savio.it\/es\/prodotto\/summa-1124-350\/\"]}]},{\"@type\":\"ImageObject\",\"inLanguage\":\"es\",\"@id\":\"https:\/\/stage.savio.it\/es\/prodotto\/summa-1124-350\/#primaryimage\",\"url\":\"https:\/\/stage.savio.it\/wp-content\/uploads\/2022\/06\/1124_350.jpg\",\"contentUrl\":\"https:\/\/stage.savio.it\/wp-content\/uploads\/2022\/06\/1124_350.jpg\",\"width\":1000,\"height\":1000},{\"@type\":\"BreadcrumbList\",\"@id\":\"https:\/\/stage.savio.it\/es\/prodotto\/summa-1124-350\/#breadcrumb\",\"itemListElement\":[{\"@type\":\"ListItem\",\"position\":1,\"name\":\"Home\",\"item\":\"https:\/\/stage.savio.it\/es\/\"},{\"@type\":\"ListItem\",\"position\":2,\"name\":\"Productos\",\"item\":\"https:\/\/stage.savio.it\/prodotti\/\"},{\"@type\":\"ListItem\",\"position\":3,\"name\":\"SUMMA &#8211; 1124.350\"}]},{\"@type\":\"WebSite\",\"@id\":\"https:\/\/stage.savio.it\/es\/#website\",\"url\":\"https:\/\/stage.savio.it\/es\/\",\"name\":\"SAVIO\",\"description\":\"Open mind for closing system\",\"publisher\":{\"@id\":\"https:\/\/stage.savio.it\/es\/#organization\"},\"potentialAction\":[{\"@type\":\"SearchAction\",\"target\":{\"@type\":\"EntryPoint\",\"urlTemplate\":\"https:\/\/stage.savio.it\/es\/?s={search_term_string}\"},\"query-input\":{\"@type\":\"PropertyValueSpecification\",\"valueRequired\":true,\"valueName\":\"search_term_string\"}}],\"inLanguage\":\"es\"},{\"@type\":\"Organization\",\"@id\":\"https:\/\/stage.savio.it\/es\/#organization\",\"name\":\"SAVIO\",\"url\":\"https:\/\/stage.savio.it\/es\/\",\"logo\":{\"@type\":\"ImageObject\",\"inLanguage\":\"es\",\"@id\":\"https:\/\/stage.savio.it\/es\/#\/schema\/logo\/image\/\",\"url\":\"https:\/\/stage.savio.it\/wp-content\/uploads\/2021\/09\/cropped-Savio-logo.png\",\"contentUrl\":\"https:\/\/stage.savio.it\/wp-content\/uploads\/2021\/09\/cropped-Savio-logo.png\",\"width\":243,\"height\":64,\"caption\":\"SAVIO\"},\"image\":{\"@id\":\"https:\/\/stage.savio.it\/es\/#\/schema\/logo\/image\/\"}}]}<\/script>\n<!-- \/ Yoast SEO plugin. -->","yoast_head_json":{"title":"SUMMA - 1124.350","description":"(pat.) Bisagra de 3 alas para la tercera hoja","robots":{"index":"noindex","follow":"follow","max-snippet":"max-snippet:-1","max-image-preview":"max-image-preview:large","max-video-preview":"max-video-preview:-1"},"og_locale":"es_ES","og_type":"article","og_title":"SUMMA - 1124.350","og_description":"(pat.) Bisagra de 3 alas para la tercera hoja","og_url":"https:\/\/stage.savio.it\/es\/prodotto\/summa-1124-350\/","og_site_name":"SAVIO","article_modified_time":"2021-10-05T10:32:37+00:00","og_image":[{"width":1000,"height":1000,"url":"https:\/\/stage.savio.it\/wp-content\/uploads\/2022\/06\/1124_350.jpg","type":"image\/jpeg"}],"twitter_card":"summary_large_image","twitter_misc":{"Tiempo de lectura":"4 minutos"},"schema":{"@context":"https:\/\/schema.org","@graph":[{"@type":"WebPage","@id":"https:\/\/stage.savio.it\/es\/prodotto\/summa-1124-350\/","url":"https:\/\/stage.savio.it\/es\/prodotto\/summa-1124-350\/","name":"SUMMA - 1124.350","isPartOf":{"@id":"https:\/\/stage.savio.it\/es\/#website"},"primaryImageOfPage":{"@id":"https:\/\/stage.savio.it\/es\/prodotto\/summa-1124-350\/#primaryimage"},"image":{"@id":"https:\/\/stage.savio.it\/es\/prodotto\/summa-1124-350\/#primaryimage"},"thumbnailUrl":"https:\/\/stage.savio.it\/wp-content\/uploads\/2022\/06\/1124_350.jpg","datePublished":"2021-10-05T10:32:30+00:00","dateModified":"2021-10-05T10:32:37+00:00","description":"(pat.) Bisagra de 3 alas para la tercera hoja","breadcrumb":{"@id":"https:\/\/stage.savio.it\/es\/prodotto\/summa-1124-350\/#breadcrumb"},"inLanguage":"es","potentialAction":[{"@type":"ReadAction","target":["https:\/\/stage.savio.it\/es\/prodotto\/summa-1124-350\/"]}]},{"@type":"ImageObject","inLanguage":"es","@id":"https:\/\/stage.savio.it\/es\/prodotto\/summa-1124-350\/#primaryimage","url":"https:\/\/stage.savio.it\/wp-content\/uploads\/2022\/06\/1124_350.jpg","contentUrl":"https:\/\/stage.savio.it\/wp-content\/uploads\/2022\/06\/1124_350.jpg","width":1000,"height":1000},{"@type":"BreadcrumbList","@id":"https:\/\/stage.savio.it\/es\/prodotto\/summa-1124-350\/#breadcrumb","itemListElement":[{"@type":"ListItem","position":1,"name":"Home","item":"https:\/\/stage.savio.it\/es\/"},{"@type":"ListItem","position":2,"name":"Productos","item":"https:\/\/stage.savio.it\/prodotti\/"},{"@type":"ListItem","position":3,"name":"SUMMA &#8211; 1124.350"}]},{"@type":"WebSite","@id":"https:\/\/stage.savio.it\/es\/#website","url":"https:\/\/stage.savio.it\/es\/","name":"SAVIO","description":"Open mind for closing system","publisher":{"@id":"https:\/\/stage.savio.it\/es\/#organization"},"potentialAction":[{"@type":"SearchAction","target":{"@type":"EntryPoint","urlTemplate":"https:\/\/stage.savio.it\/es\/?s={search_term_string}"},"query-input":{"@type":"PropertyValueSpecification","valueRequired":true,"valueName":"search_term_string"}}],"inLanguage":"es"},{"@type":"Organization","@id":"https:\/\/stage.savio.it\/es\/#organization","name":"SAVIO","url":"https:\/\/stage.savio.it\/es\/","logo":{"@type":"ImageObject","inLanguage":"es","@id":"https:\/\/stage.savio.it\/es\/#\/schema\/logo\/image\/","url":"https:\/\/stage.savio.it\/wp-content\/uploads\/2021\/09\/cropped-Savio-logo.png","contentUrl":"https:\/\/stage.savio.it\/wp-content\/uploads\/2021\/09\/cropped-Savio-logo.png","width":243,"height":64,"caption":"SAVIO"},"image":{"@id":"https:\/\/stage.savio.it\/es\/#\/schema\/logo\/image\/"}}]}},"uagb_featured_image_src":{"full":["https:\/\/stage.savio.it\/wp-content\/uploads\/2022\/06\/1124_350.jpg",1000,1000,false],"thumbnail":["https:\/\/stage.savio.it\/wp-content\/uploads\/2022\/06\/1124_350-150x150.jpg",150,150,true],"medium":["https:\/\/stage.savio.it\/wp-content\/uploads\/2022\/06\/1124_350-300x300.jpg",300,300,true],"medium_large":["https:\/\/stage.savio.it\/wp-content\/uploads\/2022\/06\/1124_350-768x768.jpg",768,768,true],"large":["https:\/\/stage.savio.it\/wp-content\/uploads\/2022\/06\/1124_350.jpg",1000,1000,false],"gs-tiny":["https:\/\/stage.savio.it\/wp-content\/uploads\/2022\/06\/1124_350.jpg",50,50,false],"xl":["https:\/\/stage.savio.it\/wp-content\/uploads\/2022\/06\/1124_350.jpg",1000,1000,false],"xxl":["https:\/\/stage.savio.it\/wp-content\/uploads\/2022\/06\/1124_350.jpg",1000,1000,false],"xxxl":["https:\/\/stage.savio.it\/wp-content\/uploads\/2022\/06\/1124_350.jpg",1000,1000,false],"xxxxl":["https:\/\/stage.savio.it\/wp-content\/uploads\/2022\/06\/1124_350.jpg",1000,1000,false],"xxxxxl":["https:\/\/stage.savio.it\/wp-content\/uploads\/2022\/06\/1124_350.jpg",1000,1000,false],"1536x1536":["https:\/\/stage.savio.it\/wp-content\/uploads\/2022\/06\/1124_350.jpg",1000,1000,false],"2048x2048":["https:\/\/stage.savio.it\/wp-content\/uploads\/2022\/06\/1124_350.jpg",1000,1000,false],"woocommerce_thumbnail":["https:\/\/stage.savio.it\/wp-content\/uploads\/2022\/06\/1124_350-300x300.jpg",300,300,true],"woocommerce_single":["https:\/\/stage.savio.it\/wp-content\/uploads\/2022\/06\/1124_350-600x600.jpg",600,600,true],"woocommerce_gallery_thumbnail":["https:\/\/stage.savio.it\/wp-content\/uploads\/2022\/06\/1124_350-200x200.jpg",200,200,true]},"uagb_author_info":{"display_name":"admin_news","author_link":"https:\/\/stage.savio.it\/es\/author\/"},"uagb_comment_info":0,"uagb_excerpt":"(pat.) Bisagra de 3 alas para la tercera hoja","_links":{"self":[{"href":"https:\/\/stage.savio.it\/es\/wp-json\/wp\/v2\/product\/34078","targetHints":{"allow":["GET"]}}],"collection":[{"href":"https:\/\/stage.savio.it\/es\/wp-json\/wp\/v2\/product"}],"about":[{"href":"https:\/\/stage.savio.it\/es\/wp-json\/wp\/v2\/types\/product"}],"replies":[{"embeddable":true,"href":"https:\/\/stage.savio.it\/es\/wp-json\/wp\/v2\/comments?post=34078"}],"wp:featuredmedia":[{"embeddable":true,"href":"https:\/\/stage.savio.it\/es\/wp-json\/wp\/v2\/media\/73426"}],"wp:attachment":[{"href":"https:\/\/stage.savio.it\/es\/wp-json\/wp\/v2\/media?parent=34078"}],"wp:term":[{"taxonomy":"product_brand","embeddable":true,"href":"https:\/\/stage.savio.it\/es\/wp-json\/wp\/v2\/product_brand?post=34078"},{"taxonomy":"product_cat","embeddable":true,"href":"https:\/\/stage.savio.it\/es\/wp-json\/wp\/v2\/product_cat?post=34078"},{"taxonomy":"product_tag","embeddable":true,"href":"https:\/\/stage.savio.it\/es\/wp-json\/wp\/v2\/product_tag?post=34078"},{"taxonomy":"profilo","embeddable":true,"href":"https:\/\/stage.savio.it\/es\/wp-json\/wp\/v2\/profilo?post=34078"},{"taxonomy":"finiture","embeddable":true,"href":"https:\/\/stage.savio.it\/es\/wp-json\/wp\/v2\/finiture?post=34078"},{"taxonomy":"gruppo_anta","embeddable":true,"href":"https:\/\/stage.savio.it\/es\/wp-json\/wp\/v2\/gruppo_anta?post=34078"}],"curies":[{"name":"wp","href":"https:\/\/api.w.org\/{rel}","templated":true}]}}