{"id":34077,"date":"2021-10-05T10:32:30","date_gmt":"2021-10-05T10:32:30","guid":{"rendered":"https:\/\/savio.ne-ws.it\/prodotto\/summa-1124-333\/"},"modified":"2021-10-05T10:32:36","modified_gmt":"2021-10-05T10:32:36","slug":"summa-1124-333","status":"publish","type":"product","link":"https:\/\/stage.savio.it\/es\/prodotto\/summa-1124-333\/","title":{"rendered":"SUMMA &#8211; 1124.333"},"content":{"rendered":"<p>(patentado) Bisagra regulable de 3 alas en aluminio, centro de rotaci\u00f3n de 22.5 mm, 3 contraplacas con eganche r\u00e1pido, 6 tornillos con cabeza rebajada allen enrasada M6x12 y 1 prisionero M5x6 en acero inox, 2 pernios \u00d8 10 mm en acero inox premontados sobre el casquillo reductor con geometr\u00eda a leva en zamac lacado negro, 2 tapones en nylon, 2 casquillos autolubrificante en nylon y 1 prisionero de regulaci\u00f3n en zamac. Soporte: 2 bisagras 100 Kg, 3 bisagras 120 Kg.<\/p>\n","protected":false},"excerpt":{"rendered":"<p>(pat.) Bisagra de 3 alas<\/p>\n","protected":false},"featured_media":73424,"comment_status":"closed","ping_status":"closed","template":"","meta":{"_acf_changed":false,"_uag_custom_page_level_css":""},"product_brand":[],"product_cat":[12585,12643],"product_tag":[],"profilo":[12431,12270,12289,12271,12288,12291,12292,12272,12308,12309,12273,11988,11991,11993,11994,12409,12410,12070,12073,12074,12075,12081,12419],"finiture":[12512,12532,12534,12545,12549,12556,12562,12565,12570,12575],"gruppo_anta":[],"class_list":{"0":"post-34077","1":"product","2":"type-product","3":"status-publish","4":"has-post-thumbnail","6":"product_cat-cerniere-cerniere-pesanti-e-cerniere-per-vasistas","7":"product_cat-summa","8":"profilo-12431","9":"profilo-new-tec-50","10":"profilo-new-tec-50-classic","11":"profilo-new-tec-52-tt","12":"profilo-new-tec-52-tt-classic","13":"profilo-new-tec-52-tt-light","14":"profilo-new-tec-60-f","15":"profilo-new-tec-60-tt","16":"profilo-new-tec-65","17":"profilo-new-tec-65-classic","18":"profilo-new-tec-68-tt","19":"profilo-r-40","20":"profilo-r-50-tt-barra-cont","21":"profilo-r-62-tt","22":"profilo-r-72-tt","23":"profilo-rx-600","24":"profilo-rx-700","25":"profilo-tecno-50","26":"profilo-tecno-50-tt","27":"profilo-tecno-60-tt","28":"profilo-tecno-68-tt","29":"profilo-tecno-76-tt","30":"profilo-tt-50","31":"finiture-12512","32":"finiture-12532","33":"finiture-12534","34":"finiture-bl10","35":"finiture-br5","36":"finiture-f","37":"finiture-hl","38":"finiture-ne","39":"finiture-pvd-x","40":"finiture-silv","41":"description-off","43":"first","44":"instock","45":"product-type-simple"},"acf":[],"yoast_head":"<!-- This site is optimized with the Yoast SEO plugin v27.2 - https:\/\/yoast.com\/product\/yoast-seo-wordpress\/ -->\n<title>SUMMA - 1124.333<\/title>\n<meta name=\"description\" content=\"(pat.) Bisagra de 3 alas\" \/>\n<meta name=\"robots\" content=\"noindex, follow, max-snippet:-1, max-image-preview:large, max-video-preview:-1\" \/>\n<meta property=\"og:locale\" content=\"es_ES\" \/>\n<meta property=\"og:type\" content=\"article\" \/>\n<meta property=\"og:title\" content=\"SUMMA - 1124.333\" \/>\n<meta property=\"og:description\" content=\"(pat.) Bisagra de 3 alas\" \/>\n<meta property=\"og:url\" content=\"https:\/\/stage.savio.it\/es\/prodotto\/summa-1124-333\/\" \/>\n<meta property=\"og:site_name\" content=\"SAVIO\" \/>\n<meta property=\"article:modified_time\" content=\"2021-10-05T10:32:36+00:00\" \/>\n<meta property=\"og:image\" content=\"https:\/\/stage.savio.it\/wp-content\/uploads\/2022\/06\/1124_333.jpg\" \/>\n\t<meta property=\"og:image:width\" content=\"1000\" \/>\n\t<meta property=\"og:image:height\" content=\"1000\" \/>\n\t<meta property=\"og:image:type\" content=\"image\/jpeg\" \/>\n<meta name=\"twitter:card\" content=\"summary_large_image\" \/>\n<meta name=\"twitter:label1\" content=\"Tiempo de lectura\" \/>\n\t<meta name=\"twitter:data1\" content=\"4 minutos\" \/>\n<script type=\"application\/ld+json\" class=\"yoast-schema-graph\">{\"@context\":\"https:\/\/schema.org\",\"@graph\":[{\"@type\":\"WebPage\",\"@id\":\"https:\/\/stage.savio.it\/es\/prodotto\/summa-1124-333\/\",\"url\":\"https:\/\/stage.savio.it\/es\/prodotto\/summa-1124-333\/\",\"name\":\"SUMMA - 1124.333\",\"isPartOf\":{\"@id\":\"https:\/\/stage.savio.it\/es\/#website\"},\"primaryImageOfPage\":{\"@id\":\"https:\/\/stage.savio.it\/es\/prodotto\/summa-1124-333\/#primaryimage\"},\"image\":{\"@id\":\"https:\/\/stage.savio.it\/es\/prodotto\/summa-1124-333\/#primaryimage\"},\"thumbnailUrl\":\"https:\/\/stage.savio.it\/wp-content\/uploads\/2022\/06\/1124_333.jpg\",\"datePublished\":\"2021-10-05T10:32:30+00:00\",\"dateModified\":\"2021-10-05T10:32:36+00:00\",\"description\":\"(pat.) Bisagra de 3 alas\",\"breadcrumb\":{\"@id\":\"https:\/\/stage.savio.it\/es\/prodotto\/summa-1124-333\/#breadcrumb\"},\"inLanguage\":\"es\",\"potentialAction\":[{\"@type\":\"ReadAction\",\"target\":[\"https:\/\/stage.savio.it\/es\/prodotto\/summa-1124-333\/\"]}]},{\"@type\":\"ImageObject\",\"inLanguage\":\"es\",\"@id\":\"https:\/\/stage.savio.it\/es\/prodotto\/summa-1124-333\/#primaryimage\",\"url\":\"https:\/\/stage.savio.it\/wp-content\/uploads\/2022\/06\/1124_333.jpg\",\"contentUrl\":\"https:\/\/stage.savio.it\/wp-content\/uploads\/2022\/06\/1124_333.jpg\",\"width\":1000,\"height\":1000},{\"@type\":\"BreadcrumbList\",\"@id\":\"https:\/\/stage.savio.it\/es\/prodotto\/summa-1124-333\/#breadcrumb\",\"itemListElement\":[{\"@type\":\"ListItem\",\"position\":1,\"name\":\"Home\",\"item\":\"https:\/\/stage.savio.it\/es\/\"},{\"@type\":\"ListItem\",\"position\":2,\"name\":\"Productos\",\"item\":\"https:\/\/stage.savio.it\/prodotti\/\"},{\"@type\":\"ListItem\",\"position\":3,\"name\":\"SUMMA &#8211; 1124.333\"}]},{\"@type\":\"WebSite\",\"@id\":\"https:\/\/stage.savio.it\/es\/#website\",\"url\":\"https:\/\/stage.savio.it\/es\/\",\"name\":\"SAVIO\",\"description\":\"Open mind for closing system\",\"publisher\":{\"@id\":\"https:\/\/stage.savio.it\/es\/#organization\"},\"potentialAction\":[{\"@type\":\"SearchAction\",\"target\":{\"@type\":\"EntryPoint\",\"urlTemplate\":\"https:\/\/stage.savio.it\/es\/?s={search_term_string}\"},\"query-input\":{\"@type\":\"PropertyValueSpecification\",\"valueRequired\":true,\"valueName\":\"search_term_string\"}}],\"inLanguage\":\"es\"},{\"@type\":\"Organization\",\"@id\":\"https:\/\/stage.savio.it\/es\/#organization\",\"name\":\"SAVIO\",\"url\":\"https:\/\/stage.savio.it\/es\/\",\"logo\":{\"@type\":\"ImageObject\",\"inLanguage\":\"es\",\"@id\":\"https:\/\/stage.savio.it\/es\/#\/schema\/logo\/image\/\",\"url\":\"https:\/\/stage.savio.it\/wp-content\/uploads\/2021\/09\/cropped-Savio-logo.png\",\"contentUrl\":\"https:\/\/stage.savio.it\/wp-content\/uploads\/2021\/09\/cropped-Savio-logo.png\",\"width\":243,\"height\":64,\"caption\":\"SAVIO\"},\"image\":{\"@id\":\"https:\/\/stage.savio.it\/es\/#\/schema\/logo\/image\/\"}}]}<\/script>\n<!-- \/ Yoast SEO plugin. -->","yoast_head_json":{"title":"SUMMA - 1124.333","description":"(pat.) Bisagra de 3 alas","robots":{"index":"noindex","follow":"follow","max-snippet":"max-snippet:-1","max-image-preview":"max-image-preview:large","max-video-preview":"max-video-preview:-1"},"og_locale":"es_ES","og_type":"article","og_title":"SUMMA - 1124.333","og_description":"(pat.) Bisagra de 3 alas","og_url":"https:\/\/stage.savio.it\/es\/prodotto\/summa-1124-333\/","og_site_name":"SAVIO","article_modified_time":"2021-10-05T10:32:36+00:00","og_image":[{"width":1000,"height":1000,"url":"https:\/\/stage.savio.it\/wp-content\/uploads\/2022\/06\/1124_333.jpg","type":"image\/jpeg"}],"twitter_card":"summary_large_image","twitter_misc":{"Tiempo de lectura":"4 minutos"},"schema":{"@context":"https:\/\/schema.org","@graph":[{"@type":"WebPage","@id":"https:\/\/stage.savio.it\/es\/prodotto\/summa-1124-333\/","url":"https:\/\/stage.savio.it\/es\/prodotto\/summa-1124-333\/","name":"SUMMA - 1124.333","isPartOf":{"@id":"https:\/\/stage.savio.it\/es\/#website"},"primaryImageOfPage":{"@id":"https:\/\/stage.savio.it\/es\/prodotto\/summa-1124-333\/#primaryimage"},"image":{"@id":"https:\/\/stage.savio.it\/es\/prodotto\/summa-1124-333\/#primaryimage"},"thumbnailUrl":"https:\/\/stage.savio.it\/wp-content\/uploads\/2022\/06\/1124_333.jpg","datePublished":"2021-10-05T10:32:30+00:00","dateModified":"2021-10-05T10:32:36+00:00","description":"(pat.) Bisagra de 3 alas","breadcrumb":{"@id":"https:\/\/stage.savio.it\/es\/prodotto\/summa-1124-333\/#breadcrumb"},"inLanguage":"es","potentialAction":[{"@type":"ReadAction","target":["https:\/\/stage.savio.it\/es\/prodotto\/summa-1124-333\/"]}]},{"@type":"ImageObject","inLanguage":"es","@id":"https:\/\/stage.savio.it\/es\/prodotto\/summa-1124-333\/#primaryimage","url":"https:\/\/stage.savio.it\/wp-content\/uploads\/2022\/06\/1124_333.jpg","contentUrl":"https:\/\/stage.savio.it\/wp-content\/uploads\/2022\/06\/1124_333.jpg","width":1000,"height":1000},{"@type":"BreadcrumbList","@id":"https:\/\/stage.savio.it\/es\/prodotto\/summa-1124-333\/#breadcrumb","itemListElement":[{"@type":"ListItem","position":1,"name":"Home","item":"https:\/\/stage.savio.it\/es\/"},{"@type":"ListItem","position":2,"name":"Productos","item":"https:\/\/stage.savio.it\/prodotti\/"},{"@type":"ListItem","position":3,"name":"SUMMA &#8211; 1124.333"}]},{"@type":"WebSite","@id":"https:\/\/stage.savio.it\/es\/#website","url":"https:\/\/stage.savio.it\/es\/","name":"SAVIO","description":"Open mind for closing system","publisher":{"@id":"https:\/\/stage.savio.it\/es\/#organization"},"potentialAction":[{"@type":"SearchAction","target":{"@type":"EntryPoint","urlTemplate":"https:\/\/stage.savio.it\/es\/?s={search_term_string}"},"query-input":{"@type":"PropertyValueSpecification","valueRequired":true,"valueName":"search_term_string"}}],"inLanguage":"es"},{"@type":"Organization","@id":"https:\/\/stage.savio.it\/es\/#organization","name":"SAVIO","url":"https:\/\/stage.savio.it\/es\/","logo":{"@type":"ImageObject","inLanguage":"es","@id":"https:\/\/stage.savio.it\/es\/#\/schema\/logo\/image\/","url":"https:\/\/stage.savio.it\/wp-content\/uploads\/2021\/09\/cropped-Savio-logo.png","contentUrl":"https:\/\/stage.savio.it\/wp-content\/uploads\/2021\/09\/cropped-Savio-logo.png","width":243,"height":64,"caption":"SAVIO"},"image":{"@id":"https:\/\/stage.savio.it\/es\/#\/schema\/logo\/image\/"}}]}},"uagb_featured_image_src":{"full":["https:\/\/stage.savio.it\/wp-content\/uploads\/2022\/06\/1124_333.jpg",1000,1000,false],"thumbnail":["https:\/\/stage.savio.it\/wp-content\/uploads\/2022\/06\/1124_333-150x150.jpg",150,150,true],"medium":["https:\/\/stage.savio.it\/wp-content\/uploads\/2022\/06\/1124_333-300x300.jpg",300,300,true],"medium_large":["https:\/\/stage.savio.it\/wp-content\/uploads\/2022\/06\/1124_333-768x768.jpg",768,768,true],"large":["https:\/\/stage.savio.it\/wp-content\/uploads\/2022\/06\/1124_333.jpg",1000,1000,false],"gs-tiny":["https:\/\/stage.savio.it\/wp-content\/uploads\/2022\/06\/1124_333.jpg",50,50,false],"xl":["https:\/\/stage.savio.it\/wp-content\/uploads\/2022\/06\/1124_333.jpg",1000,1000,false],"xxl":["https:\/\/stage.savio.it\/wp-content\/uploads\/2022\/06\/1124_333.jpg",1000,1000,false],"xxxl":["https:\/\/stage.savio.it\/wp-content\/uploads\/2022\/06\/1124_333.jpg",1000,1000,false],"xxxxl":["https:\/\/stage.savio.it\/wp-content\/uploads\/2022\/06\/1124_333.jpg",1000,1000,false],"xxxxxl":["https:\/\/stage.savio.it\/wp-content\/uploads\/2022\/06\/1124_333.jpg",1000,1000,false],"1536x1536":["https:\/\/stage.savio.it\/wp-content\/uploads\/2022\/06\/1124_333.jpg",1000,1000,false],"2048x2048":["https:\/\/stage.savio.it\/wp-content\/uploads\/2022\/06\/1124_333.jpg",1000,1000,false],"woocommerce_thumbnail":["https:\/\/stage.savio.it\/wp-content\/uploads\/2022\/06\/1124_333-300x300.jpg",300,300,true],"woocommerce_single":["https:\/\/stage.savio.it\/wp-content\/uploads\/2022\/06\/1124_333-600x600.jpg",600,600,true],"woocommerce_gallery_thumbnail":["https:\/\/stage.savio.it\/wp-content\/uploads\/2022\/06\/1124_333-200x200.jpg",200,200,true]},"uagb_author_info":{"display_name":"admin_news","author_link":"https:\/\/stage.savio.it\/es\/author\/"},"uagb_comment_info":0,"uagb_excerpt":"(pat.) Bisagra de 3 alas","_links":{"self":[{"href":"https:\/\/stage.savio.it\/es\/wp-json\/wp\/v2\/product\/34077","targetHints":{"allow":["GET"]}}],"collection":[{"href":"https:\/\/stage.savio.it\/es\/wp-json\/wp\/v2\/product"}],"about":[{"href":"https:\/\/stage.savio.it\/es\/wp-json\/wp\/v2\/types\/product"}],"replies":[{"embeddable":true,"href":"https:\/\/stage.savio.it\/es\/wp-json\/wp\/v2\/comments?post=34077"}],"wp:featuredmedia":[{"embeddable":true,"href":"https:\/\/stage.savio.it\/es\/wp-json\/wp\/v2\/media\/73424"}],"wp:attachment":[{"href":"https:\/\/stage.savio.it\/es\/wp-json\/wp\/v2\/media?parent=34077"}],"wp:term":[{"taxonomy":"product_brand","embeddable":true,"href":"https:\/\/stage.savio.it\/es\/wp-json\/wp\/v2\/product_brand?post=34077"},{"taxonomy":"product_cat","embeddable":true,"href":"https:\/\/stage.savio.it\/es\/wp-json\/wp\/v2\/product_cat?post=34077"},{"taxonomy":"product_tag","embeddable":true,"href":"https:\/\/stage.savio.it\/es\/wp-json\/wp\/v2\/product_tag?post=34077"},{"taxonomy":"profilo","embeddable":true,"href":"https:\/\/stage.savio.it\/es\/wp-json\/wp\/v2\/profilo?post=34077"},{"taxonomy":"finiture","embeddable":true,"href":"https:\/\/stage.savio.it\/es\/wp-json\/wp\/v2\/finiture?post=34077"},{"taxonomy":"gruppo_anta","embeddable":true,"href":"https:\/\/stage.savio.it\/es\/wp-json\/wp\/v2\/gruppo_anta?post=34077"}],"curies":[{"name":"wp","href":"https:\/\/api.w.org\/{rel}","templated":true}]}}