{"id":33968,"date":"2021-10-05T10:30:52","date_gmt":"2021-10-05T10:30:52","guid":{"rendered":"https:\/\/savio.ne-ws.it\/prodotto\/1487\/"},"modified":"2021-10-05T10:30:58","modified_gmt":"2021-10-05T10:30:58","slug":"1487","status":"publish","type":"product","link":"https:\/\/stage.savio.it\/es\/prodotto\/1487\/","title":{"rendered":"1487"},"content":{"rendered":"<p>Terminal pletina regulable en zamac cincado negro y acero inox 430, 1 tap\u00f3n de poliuretano y 1 reductor \u00d8 6-\u00d8 8 de nylon.<\/p>\n","protected":false},"excerpt":{"rendered":"<p>Terminal pletina regulable<\/p>\n","protected":false},"featured_media":73896,"comment_status":"closed","ping_status":"closed","template":"","meta":{"_acf_changed":false,"_uag_custom_page_level_css":""},"product_brand":[],"product_cat":[12584],"product_tag":[],"profilo":[12000,12001,12002,12003,12004,12391,12392,12393,12400,12394,12395,12396,12398,12399,12061,12062,12063,12104,12105,12111,12125,12112,12129,12240,12251,12250,12241,12242,12243,12245,12244,12320,12339,12321,12344,12322,12323,12340,12324,12325,12348,11980,11981,11979,11982,11983,12006,12030,12007,12095,12096,12008,12009,12010,12098,12011,11956,11957,11963,11959,11964,12164,12168,12434,12012,12013,12014,12015,12016,12145,12219,12186,12187,12193,12196,12197,12198,12199,12201,12227,12017,12064,12326,12327,12329,12342,12330,12331,12084,12374,12476,12477,12088,12089,12090,12091,12355,12369,12361,12357,12363,12356,12362,12358,12359,12364,12229,12274,12276,12304,12305,12277,12293,12299,12300,12296,12297,12301,12302,12298,12311,12312,12313,12315,12314,12316],"finiture":[],"gruppo_anta":[],"class_list":{"0":"post-33968","1":"product","2":"type-product","3":"status-publish","4":"has-post-thumbnail","6":"product_cat-cremonesi-martelline-e-accessori-per-anta","7":"profilo-all-co-5-complanare","8":"profilo-all-co-5-sormonto","9":"profilo-all-co-p-4-complanare","10":"profilo-all-co-p-4-sormonto","11":"profilo-all-co-p-4-sormonto-raggiato","12":"profilo-atlantis-40","13":"profilo-atlantis-40-persiana","14":"profilo-atlantis-45","15":"profilo-atlantis-45-persiana","16":"profilo-atlantis-45-raggiato","17":"profilo-atlantis-55-tt","18":"profilo-atlantis-55-tt-raggiato","19":"profilo-atlantis-68-tt","20":"profilo-atlantis-68-tt-raggiato","21":"profilo-bga-50","22":"profilo-bga-50-arrotondato","23":"profilo-bga-50-raggiato","24":"profilo-domal-break-pa-52","25":"profilo-domal-break-pa-52-raggiato","26":"profilo-domal-stopper-pg","27":"profilo-domal-stopper-pg-63","28":"profilo-domal-stopper-pg-raggiato","29":"profilo-domal-sunny-pg","30":"profilo-ekip-40-complanare","31":"profilo-ekip-40-nuovo-complanare","32":"profilo-ekip-40-nuovo-sormonto","33":"profilo-ekip-40-sormonto","34":"profilo-ekip-50-complanare","35":"profilo-ekip-50-sormonto","36":"profilo-ekip-ev-complanare","37":"profilo-ekip-ev-sormonto","38":"profilo-eku-40","39":"profilo-eku-40-raggiato","40":"profilo-eku-53","41":"profilo-eku-53-persiana","42":"profilo-eku-53-raggiato","43":"profilo-eku-53-tt","44":"profilo-eku-53-tt-raggiato","45":"profilo-eku-64-tt","46":"profilo-eku-72-tt","47":"profilo-eku-78-tt","48":"profilo-esedra-ga-53","49":"profilo-esedra-ga-53-raggiato","50":"profilo-esedra-light-42-50","51":"profilo-esedra-tt-63","52":"profilo-esedra-tt-75","53":"profilo-export-45","54":"profilo-export-45-persiana","55":"profilo-export-45-raggiato","56":"profilo-export-45-t","57":"profilo-export-45-t-raggiato","58":"profilo-export-45-tt","59":"profilo-export-45-tt-raggiato","60":"profilo-export-50","61":"profilo-export-50-t","62":"profilo-export-50-tt","63":"profilo-global-41","64":"profilo-global-45","65":"profilo-global-50-tt","66":"profilo-global-70-tt","67":"profilo-global-78-blindato","68":"profilo-gold-450","69":"profilo-goldwing","70":"profilo-iblea-color","71":"profilo-k-40","72":"profilo-k-40-raggiato","73":"profilo-k-45t","74":"profilo-k-64t","75":"profilo-k-70t","76":"profilo-k-80","77":"profilo-metraltech","78":"profilo-mx-50","79":"profilo-mx-70","80":"profilo-nc-40-n-complanare","81":"profilo-nc-45-int","82":"profilo-nc-45-int-raggiato","83":"profilo-nc-45-sth","84":"profilo-nc-55-int","85":"profilo-nc-68-sth","86":"profilo-nc-68-sth-s","87":"profilo-new-age","88":"profilo-new-bt-60-tt","89":"profilo-pe-40","90":"profilo-pe-40-raggiato","91":"profilo-pe-50","92":"profilo-pe-50-raggiato","93":"profilo-pe-58-tt-complanare","94":"profilo-pe-58-tt-sormonto","95":"profilo-prestige-48","96":"profilo-schuco-international","97":"profilo-serie-6000","98":"profilo-serie-6500-rpt","99":"profilo-serie-8000","100":"profilo-serie-8000-raggiato","101":"profilo-serie-8000-tt","102":"profilo-serie-8000-tt-raggiato","103":"profilo-start-410","104":"profilo-start-410-persiana","105":"profilo-start-410-raggiato","106":"profilo-start-470-tt","107":"profilo-start-470-tt-raggiato","108":"profilo-start-510","109":"profilo-start-510-raggiato","110":"profilo-start-560-tt","111":"profilo-start-640-tt","112":"profilo-start-760-tt","113":"profilo-superblindo","114":"profilo-windstop-45","115":"profilo-windstop-45-tt","116":"profilo-windstop-45-tt-classic","117":"profilo-windstop-45-tt-classic-raggiato","118":"profilo-windstop-45-tt-raggiato","119":"profilo-windstop-55-tt","120":"profilo-windstop-55-tt-classic","121":"profilo-windstop-55-tt-classic-raggiato","122":"profilo-windstop-55-tt-raggiato","123":"profilo-windstop-65-tt","124":"profilo-windstop-65-tt-classic","125":"profilo-windstop-65-tt-classic-raggiato","126":"profilo-windstop-65-tt-raggiato","127":"profilo-windstop-73-tt","128":"profilo-windstop-73-tt-raggiato","129":"profilo-ws-65-thi","130":"profilo-ws-65-thi-raggiato","131":"profilo-ws-75-thi","132":"profilo-ws-75-thi-raggiato","133":"description-off","135":"first","136":"onbackorder","137":"product-type-simple"},"acf":[],"yoast_head":"<!-- This site is optimized with the Yoast SEO plugin v27.2 - https:\/\/yoast.com\/product\/yoast-seo-wordpress\/ -->\n<title>1487<\/title>\n<meta name=\"description\" content=\"Terminal pletina regulable\" \/>\n<meta name=\"robots\" content=\"noindex, follow, max-snippet:-1, max-image-preview:large, max-video-preview:-1\" \/>\n<meta property=\"og:locale\" content=\"es_ES\" \/>\n<meta property=\"og:type\" content=\"article\" \/>\n<meta property=\"og:title\" content=\"1487\" \/>\n<meta property=\"og:description\" content=\"Terminal pletina regulable\" \/>\n<meta property=\"og:url\" content=\"https:\/\/stage.savio.it\/es\/prodotto\/1487\/\" \/>\n<meta property=\"og:site_name\" content=\"SAVIO\" \/>\n<meta property=\"article:modified_time\" content=\"2021-10-05T10:30:58+00:00\" \/>\n<meta property=\"og:image\" content=\"https:\/\/stage.savio.it\/wp-content\/uploads\/2022\/06\/1487.jpg\" \/>\n\t<meta property=\"og:image:width\" content=\"1000\" \/>\n\t<meta property=\"og:image:height\" content=\"1000\" \/>\n\t<meta property=\"og:image:type\" content=\"image\/jpeg\" \/>\n<meta name=\"twitter:card\" content=\"summary_large_image\" \/>\n<meta name=\"twitter:label1\" content=\"Tiempo de lectura\" \/>\n\t<meta name=\"twitter:data1\" content=\"4 minutos\" \/>\n<script type=\"application\/ld+json\" class=\"yoast-schema-graph\">{\"@context\":\"https:\/\/schema.org\",\"@graph\":[{\"@type\":\"WebPage\",\"@id\":\"https:\/\/stage.savio.it\/es\/prodotto\/1487\/\",\"url\":\"https:\/\/stage.savio.it\/es\/prodotto\/1487\/\",\"name\":\"1487\",\"isPartOf\":{\"@id\":\"https:\/\/stage.savio.it\/es\/#website\"},\"primaryImageOfPage\":{\"@id\":\"https:\/\/stage.savio.it\/es\/prodotto\/1487\/#primaryimage\"},\"image\":{\"@id\":\"https:\/\/stage.savio.it\/es\/prodotto\/1487\/#primaryimage\"},\"thumbnailUrl\":\"https:\/\/stage.savio.it\/wp-content\/uploads\/2022\/06\/1487.jpg\",\"datePublished\":\"2021-10-05T10:30:52+00:00\",\"dateModified\":\"2021-10-05T10:30:58+00:00\",\"description\":\"Terminal pletina regulable\",\"breadcrumb\":{\"@id\":\"https:\/\/stage.savio.it\/es\/prodotto\/1487\/#breadcrumb\"},\"inLanguage\":\"es\",\"potentialAction\":[{\"@type\":\"ReadAction\",\"target\":[\"https:\/\/stage.savio.it\/es\/prodotto\/1487\/\"]}]},{\"@type\":\"ImageObject\",\"inLanguage\":\"es\",\"@id\":\"https:\/\/stage.savio.it\/es\/prodotto\/1487\/#primaryimage\",\"url\":\"https:\/\/stage.savio.it\/wp-content\/uploads\/2022\/06\/1487.jpg\",\"contentUrl\":\"https:\/\/stage.savio.it\/wp-content\/uploads\/2022\/06\/1487.jpg\",\"width\":1000,\"height\":1000},{\"@type\":\"BreadcrumbList\",\"@id\":\"https:\/\/stage.savio.it\/es\/prodotto\/1487\/#breadcrumb\",\"itemListElement\":[{\"@type\":\"ListItem\",\"position\":1,\"name\":\"Home\",\"item\":\"https:\/\/stage.savio.it\/es\/\"},{\"@type\":\"ListItem\",\"position\":2,\"name\":\"Productos\",\"item\":\"https:\/\/stage.savio.it\/prodotti\/\"},{\"@type\":\"ListItem\",\"position\":3,\"name\":\"1487\"}]},{\"@type\":\"WebSite\",\"@id\":\"https:\/\/stage.savio.it\/es\/#website\",\"url\":\"https:\/\/stage.savio.it\/es\/\",\"name\":\"SAVIO\",\"description\":\"Open mind for closing system\",\"publisher\":{\"@id\":\"https:\/\/stage.savio.it\/es\/#organization\"},\"potentialAction\":[{\"@type\":\"SearchAction\",\"target\":{\"@type\":\"EntryPoint\",\"urlTemplate\":\"https:\/\/stage.savio.it\/es\/?s={search_term_string}\"},\"query-input\":{\"@type\":\"PropertyValueSpecification\",\"valueRequired\":true,\"valueName\":\"search_term_string\"}}],\"inLanguage\":\"es\"},{\"@type\":\"Organization\",\"@id\":\"https:\/\/stage.savio.it\/es\/#organization\",\"name\":\"SAVIO\",\"url\":\"https:\/\/stage.savio.it\/es\/\",\"logo\":{\"@type\":\"ImageObject\",\"inLanguage\":\"es\",\"@id\":\"https:\/\/stage.savio.it\/es\/#\/schema\/logo\/image\/\",\"url\":\"https:\/\/stage.savio.it\/wp-content\/uploads\/2021\/09\/cropped-Savio-logo.png\",\"contentUrl\":\"https:\/\/stage.savio.it\/wp-content\/uploads\/2021\/09\/cropped-Savio-logo.png\",\"width\":243,\"height\":64,\"caption\":\"SAVIO\"},\"image\":{\"@id\":\"https:\/\/stage.savio.it\/es\/#\/schema\/logo\/image\/\"}}]}<\/script>\n<!-- \/ Yoast SEO plugin. -->","yoast_head_json":{"title":"1487","description":"Terminal pletina regulable","robots":{"index":"noindex","follow":"follow","max-snippet":"max-snippet:-1","max-image-preview":"max-image-preview:large","max-video-preview":"max-video-preview:-1"},"og_locale":"es_ES","og_type":"article","og_title":"1487","og_description":"Terminal pletina regulable","og_url":"https:\/\/stage.savio.it\/es\/prodotto\/1487\/","og_site_name":"SAVIO","article_modified_time":"2021-10-05T10:30:58+00:00","og_image":[{"width":1000,"height":1000,"url":"https:\/\/stage.savio.it\/wp-content\/uploads\/2022\/06\/1487.jpg","type":"image\/jpeg"}],"twitter_card":"summary_large_image","twitter_misc":{"Tiempo de lectura":"4 minutos"},"schema":{"@context":"https:\/\/schema.org","@graph":[{"@type":"WebPage","@id":"https:\/\/stage.savio.it\/es\/prodotto\/1487\/","url":"https:\/\/stage.savio.it\/es\/prodotto\/1487\/","name":"1487","isPartOf":{"@id":"https:\/\/stage.savio.it\/es\/#website"},"primaryImageOfPage":{"@id":"https:\/\/stage.savio.it\/es\/prodotto\/1487\/#primaryimage"},"image":{"@id":"https:\/\/stage.savio.it\/es\/prodotto\/1487\/#primaryimage"},"thumbnailUrl":"https:\/\/stage.savio.it\/wp-content\/uploads\/2022\/06\/1487.jpg","datePublished":"2021-10-05T10:30:52+00:00","dateModified":"2021-10-05T10:30:58+00:00","description":"Terminal pletina regulable","breadcrumb":{"@id":"https:\/\/stage.savio.it\/es\/prodotto\/1487\/#breadcrumb"},"inLanguage":"es","potentialAction":[{"@type":"ReadAction","target":["https:\/\/stage.savio.it\/es\/prodotto\/1487\/"]}]},{"@type":"ImageObject","inLanguage":"es","@id":"https:\/\/stage.savio.it\/es\/prodotto\/1487\/#primaryimage","url":"https:\/\/stage.savio.it\/wp-content\/uploads\/2022\/06\/1487.jpg","contentUrl":"https:\/\/stage.savio.it\/wp-content\/uploads\/2022\/06\/1487.jpg","width":1000,"height":1000},{"@type":"BreadcrumbList","@id":"https:\/\/stage.savio.it\/es\/prodotto\/1487\/#breadcrumb","itemListElement":[{"@type":"ListItem","position":1,"name":"Home","item":"https:\/\/stage.savio.it\/es\/"},{"@type":"ListItem","position":2,"name":"Productos","item":"https:\/\/stage.savio.it\/prodotti\/"},{"@type":"ListItem","position":3,"name":"1487"}]},{"@type":"WebSite","@id":"https:\/\/stage.savio.it\/es\/#website","url":"https:\/\/stage.savio.it\/es\/","name":"SAVIO","description":"Open mind for closing system","publisher":{"@id":"https:\/\/stage.savio.it\/es\/#organization"},"potentialAction":[{"@type":"SearchAction","target":{"@type":"EntryPoint","urlTemplate":"https:\/\/stage.savio.it\/es\/?s={search_term_string}"},"query-input":{"@type":"PropertyValueSpecification","valueRequired":true,"valueName":"search_term_string"}}],"inLanguage":"es"},{"@type":"Organization","@id":"https:\/\/stage.savio.it\/es\/#organization","name":"SAVIO","url":"https:\/\/stage.savio.it\/es\/","logo":{"@type":"ImageObject","inLanguage":"es","@id":"https:\/\/stage.savio.it\/es\/#\/schema\/logo\/image\/","url":"https:\/\/stage.savio.it\/wp-content\/uploads\/2021\/09\/cropped-Savio-logo.png","contentUrl":"https:\/\/stage.savio.it\/wp-content\/uploads\/2021\/09\/cropped-Savio-logo.png","width":243,"height":64,"caption":"SAVIO"},"image":{"@id":"https:\/\/stage.savio.it\/es\/#\/schema\/logo\/image\/"}}]}},"uagb_featured_image_src":{"full":["https:\/\/stage.savio.it\/wp-content\/uploads\/2022\/06\/1487.jpg",1000,1000,false],"thumbnail":["https:\/\/stage.savio.it\/wp-content\/uploads\/2022\/06\/1487-150x150.jpg",150,150,true],"medium":["https:\/\/stage.savio.it\/wp-content\/uploads\/2022\/06\/1487-300x300.jpg",300,300,true],"medium_large":["https:\/\/stage.savio.it\/wp-content\/uploads\/2022\/06\/1487-768x768.jpg",768,768,true],"large":["https:\/\/stage.savio.it\/wp-content\/uploads\/2022\/06\/1487.jpg",1000,1000,false],"gs-tiny":["https:\/\/stage.savio.it\/wp-content\/uploads\/2022\/06\/1487.jpg",50,50,false],"xl":["https:\/\/stage.savio.it\/wp-content\/uploads\/2022\/06\/1487.jpg",1000,1000,false],"xxl":["https:\/\/stage.savio.it\/wp-content\/uploads\/2022\/06\/1487.jpg",1000,1000,false],"xxxl":["https:\/\/stage.savio.it\/wp-content\/uploads\/2022\/06\/1487.jpg",1000,1000,false],"xxxxl":["https:\/\/stage.savio.it\/wp-content\/uploads\/2022\/06\/1487.jpg",1000,1000,false],"xxxxxl":["https:\/\/stage.savio.it\/wp-content\/uploads\/2022\/06\/1487.jpg",1000,1000,false],"1536x1536":["https:\/\/stage.savio.it\/wp-content\/uploads\/2022\/06\/1487.jpg",1000,1000,false],"2048x2048":["https:\/\/stage.savio.it\/wp-content\/uploads\/2022\/06\/1487.jpg",1000,1000,false],"woocommerce_thumbnail":["https:\/\/stage.savio.it\/wp-content\/uploads\/2022\/06\/1487-300x300.jpg",300,300,true],"woocommerce_single":["https:\/\/stage.savio.it\/wp-content\/uploads\/2022\/06\/1487-600x600.jpg",600,600,true],"woocommerce_gallery_thumbnail":["https:\/\/stage.savio.it\/wp-content\/uploads\/2022\/06\/1487-200x200.jpg",200,200,true]},"uagb_author_info":{"display_name":"admin_news","author_link":"https:\/\/stage.savio.it\/es\/author\/"},"uagb_comment_info":0,"uagb_excerpt":"Terminal pletina regulable","_links":{"self":[{"href":"https:\/\/stage.savio.it\/es\/wp-json\/wp\/v2\/product\/33968","targetHints":{"allow":["GET"]}}],"collection":[{"href":"https:\/\/stage.savio.it\/es\/wp-json\/wp\/v2\/product"}],"about":[{"href":"https:\/\/stage.savio.it\/es\/wp-json\/wp\/v2\/types\/product"}],"replies":[{"embeddable":true,"href":"https:\/\/stage.savio.it\/es\/wp-json\/wp\/v2\/comments?post=33968"}],"wp:featuredmedia":[{"embeddable":true,"href":"https:\/\/stage.savio.it\/es\/wp-json\/wp\/v2\/media\/73896"}],"wp:attachment":[{"href":"https:\/\/stage.savio.it\/es\/wp-json\/wp\/v2\/media?parent=33968"}],"wp:term":[{"taxonomy":"product_brand","embeddable":true,"href":"https:\/\/stage.savio.it\/es\/wp-json\/wp\/v2\/product_brand?post=33968"},{"taxonomy":"product_cat","embeddable":true,"href":"https:\/\/stage.savio.it\/es\/wp-json\/wp\/v2\/product_cat?post=33968"},{"taxonomy":"product_tag","embeddable":true,"href":"https:\/\/stage.savio.it\/es\/wp-json\/wp\/v2\/product_tag?post=33968"},{"taxonomy":"profilo","embeddable":true,"href":"https:\/\/stage.savio.it\/es\/wp-json\/wp\/v2\/profilo?post=33968"},{"taxonomy":"finiture","embeddable":true,"href":"https:\/\/stage.savio.it\/es\/wp-json\/wp\/v2\/finiture?post=33968"},{"taxonomy":"gruppo_anta","embeddable":true,"href":"https:\/\/stage.savio.it\/es\/wp-json\/wp\/v2\/gruppo_anta?post=33968"}],"curies":[{"name":"wp","href":"https:\/\/api.w.org\/{rel}","templated":true}]}}