{"id":33960,"date":"2021-09-30T12:34:22","date_gmt":"2021-10-05T10:30:52","guid":{"rendered":"https:\/\/savio.ne-ws.it\/prodotto\/1485-8\/"},"modified":"2021-10-05T10:30:53","modified_gmt":"2021-10-05T10:30:53","slug":"1485-8","status":"publish","type":"product","link":"https:\/\/stage.savio.it\/es\/prodotto\/1485-8\/","title":{"rendered":"1485.8"},"content":{"rendered":"<p>Terminal pletina en nylon negro, puntera \u00d8 8 en acero cincado con reductor regulable en nylon, 1 reductor \u00d8 6-\u00d8 8 de nylon.<\/p>\n","protected":false},"excerpt":{"rendered":"<p>Terminal pletina<\/p>\n","protected":false},"featured_media":111002,"comment_status":"closed","ping_status":"closed","template":"","meta":{"_acf_changed":false,"_uag_custom_page_level_css":""},"product_brand":[],"product_cat":[12584],"product_tag":[],"profilo":[11995,12000,12001,12002,12003,12004,12040,12391,12392,12393,12400,12394,12395,12396,12398,12399,12061,12062,12063,12479,12480,12481,12411,12412,12104,12105,12134,12135,12136,12137,12138,12111,12125,12112,12129,12139,12140,12043,12388,12389,12240,12251,12250,12241,12242,12243,12245,12244,12267,12441,12443,12442,12445,12446,12447,12448,12449,12451,12452,12461,12462,12453,12455,12464,12465,12466,12456,12458,12320,12339,12346,12321,12344,12322,12323,12340,12347,12324,12345,12325,12348,11980,11981,11979,11982,11983,12417,12416,12423,12424,12425,12426,12427,12428,12429,12430,12352,12006,12030,12007,12095,12096,12008,12009,12010,12098,12011,12035,12036,12034,12038,11956,11957,11958,11963,11959,11964,12152,12153,12164,12166,12154,12155,12156,12180,12181,12157,12182,12183,12482,12483,12168,12470,12468,12469,12434,12012,12013,12014,12015,12016,12145,12247,12266,12248,12249,12219,12186,12187,12193,12194,12195,12196,12197,12198,12218,12228,12220,12230,12199,12200,12201,12227,12202,12235,12236,12017,12064,12326,12327,12329,12342,12330,12331,11970,11969,11968,11972,11973,11974,11975,12169,12170,12173,12172,12174,12171,12175,12177,12178,12084,12085,12372,12373,12374,12486,12476,12477,12487,12088,12089,12090,12091,12489,12490,12086,12355,12369,12361,12357,12363,12356,12362,12358,12359,12364,12229,12044,12051,12052,12045,12046,12048,12053,12054,12484,12246,12435,12437,12436,12438,12274,12275,12276,12304,12305,12277,12293,12299,12300,12296,12297,12301,12302,12298,12311,12312,12313,12315,12314,12316],"finiture":[],"gruppo_anta":[],"class_list":{"0":"post-33960","1":"product","2":"type-product","3":"status-publish","4":"has-post-thumbnail","6":"product_cat-cremonesi-martelline-e-accessori-per-anta","7":"profilo-alfil-a54rpt","8":"profilo-all-co-5-complanare","9":"profilo-all-co-5-sormonto","10":"profilo-all-co-p-4-complanare","11":"profilo-all-co-p-4-sormonto","12":"profilo-all-co-p-4-sormonto-raggiato","13":"profilo-allco-tec-72","14":"profilo-atlantis-40","15":"profilo-atlantis-40-persiana","16":"profilo-atlantis-45","17":"profilo-atlantis-45-persiana","18":"profilo-atlantis-45-raggiato","19":"profilo-atlantis-55-tt","20":"profilo-atlantis-55-tt-raggiato","21":"profilo-atlantis-68-tt","22":"profilo-atlantis-68-tt-raggiato","23":"profilo-bga-50","24":"profilo-bga-50-arrotondato","25":"profilo-bga-50-raggiato","26":"profilo-bronze-window","27":"profilo-calm-door","28":"profilo-calm-window","29":"profilo-cx-600","30":"profilo-cx-700","31":"profilo-domal-break-pa-52","32":"profilo-domal-break-pa-52-raggiato","33":"profilo-domal-bright-pa-70-s","34":"profilo-domal-bright-pa-70-s-raggiato","35":"profilo-domal-extratermic-62","36":"profilo-domal-extratermic-62-raggiato","37":"profilo-domal-extratermic-62-sfera","38":"profilo-domal-stopper-pg","39":"profilo-domal-stopper-pg-63","40":"profilo-domal-stopper-pg-raggiato","41":"profilo-domal-sunny-pg","42":"profilo-domal-top-tb-65","43":"profilo-domal-top-tb-65-raggiato","44":"profilo-ds-45","45":"profilo-ecowin-th-62","46":"profilo-ecowin-th-72","47":"profilo-ekip-40-complanare","48":"profilo-ekip-40-nuovo-complanare","49":"profilo-ekip-40-nuovo-sormonto","50":"profilo-ekip-40-sormonto","51":"profilo-ekip-50-complanare","52":"profilo-ekip-50-sormonto","53":"profilo-ekip-ev-complanare","54":"profilo-ekip-ev-sormonto","55":"profilo-ekip-th-83","56":"profilo-ekos-50-sh","57":"profilo-ekos-50-sh-persiana","58":"profilo-ekos-50-sh-raggiato","59":"profilo-ekos-50-th","60":"profilo-ekos-50-th-raggiato","61":"profilo-ekos-50-thw","62":"profilo-ekos-58-thm","63":"profilo-ekos-58-thm-raggiato","64":"profilo-ekos-66-th","65":"profilo-ekos-66-th-raggiato","66":"profilo-ekos-68-thr","67":"profilo-ekos-68-thr-raggiato","68":"profilo-ekos-75-th","69":"profilo-ekos-75-thw","70":"profilo-ekos-85-th","71":"profilo-ekos-85-th-raggiato","72":"profilo-ekos-85-thw","73":"profilo-ekos-minimall-54-th","74":"profilo-ekos-minimall-62-thj","75":"profilo-eku-40","76":"profilo-eku-40-raggiato","77":"profilo-eku-52-tt","78":"profilo-eku-53","79":"profilo-eku-53-persiana","80":"profilo-eku-53-raggiato","81":"profilo-eku-53-tt","82":"profilo-eku-53-tt-raggiato","83":"profilo-eku-62-tt","84":"profilo-eku-64-tt","85":"profilo-eku-66-tt","86":"profilo-eku-72-tt","87":"profilo-eku-78-tt","88":"profilo-esedra-ga-53","89":"profilo-esedra-ga-53-raggiato","90":"profilo-esedra-light-42-50","91":"profilo-esedra-tt-63","92":"profilo-esedra-tt-75","93":"profilo-et-45-sormonto","94":"profilo-et-45-sormonto-raggiato","95":"profilo-et-58-2-tt","96":"profilo-et-58-2-tt-raggiato","97":"profilo-et-67-3-tt","98":"profilo-et-67-3-tt-raggiato","99":"profilo-et-68-2-tt","100":"profilo-et-68-2-tt-raggiato","101":"profilo-et-75-3-tt","102":"profilo-et-75-3-tt-raggiato","103":"profilo-eta","104":"profilo-export-45","105":"profilo-export-45-persiana","106":"profilo-export-45-raggiato","107":"profilo-export-45-t","108":"profilo-export-45-t-raggiato","109":"profilo-export-45-tt","110":"profilo-export-45-tt-raggiato","111":"profilo-export-50","112":"profilo-export-50-t","113":"profilo-export-50-tt","114":"profilo-export-51-tt","115":"profilo-export-51-tt-raggiato","116":"profilo-export-68-tt","117":"profilo-export-68-tt-raggiato","118":"profilo-global-41","119":"profilo-global-45","120":"profilo-global-48","121":"profilo-global-50-tt","122":"profilo-global-70-tt","123":"profilo-global-78-blindato","124":"profilo-gold-400","125":"profilo-gold-400-raggiato","126":"profilo-gold-450","127":"profilo-gold-450-tt","128":"profilo-gold-490-tt","129":"profilo-gold-500","130":"profilo-gold-500-raggiato","131":"profilo-gold-502-hc","132":"profilo-gold-502-hc-raggiato","133":"profilo-gold-600","134":"profilo-gold-600-hc","135":"profilo-gold-600-hc-raggiato","136":"profilo-golden-silver-door","137":"profilo-golden-silver-window","138":"profilo-goldwing","139":"profilo-hf-580","140":"profilo-hp-600","141":"profilo-hp-700","142":"profilo-iblea-color","143":"profilo-k-40","144":"profilo-k-40-raggiato","145":"profilo-k-45t","146":"profilo-k-64t","147":"profilo-k-70t","148":"profilo-k-80","149":"profilo-maastricht-53","150":"profilo-maastricht-light","151":"profilo-maastricht-th-60","152":"profilo-maastricht-th-68","153":"profilo-metraltech","154":"profilo-mx-50","155":"profilo-mx-70","156":"profilo-nc-40-n-complanare","157":"profilo-nc-40-n-sormonto","158":"profilo-nc-40-n-sormonto-raggiato","159":"profilo-nc-45-int","160":"profilo-nc-45-int-raggiato","161":"profilo-nc-45-sth","162":"profilo-nc-50-i","163":"profilo-nc-50-i-raggiato","164":"profilo-nc-50-sth","165":"profilo-nc-50-sth-raggiato","166":"profilo-nc-55-int","167":"profilo-nc-65-sth","168":"profilo-nc-68-sth","169":"profilo-nc-68-sth-s","170":"profilo-nc-72-sth","171":"profilo-nc-75-sth","172":"profilo-nc-75-sthi","173":"profilo-new-age","174":"profilo-new-bt-60-tt","175":"profilo-pe-40","176":"profilo-pe-40-raggiato","177":"profilo-pe-50","178":"profilo-pe-50-raggiato","179":"profilo-pe-58-tt-complanare","180":"profilo-pe-58-tt-sormonto","181":"profilo-planet-45","182":"profilo-planet-50-raggiato","183":"profilo-planet-50-tt","184":"profilo-planet-62-tt","185":"profilo-planet-62-tt-raggiato","186":"profilo-planet-72-ht","187":"profilo-planet-72-ht-raggiato","188":"profilo-plathina-60-antares","189":"profilo-plathina-60-classica","190":"profilo-plathina-60-flat-antares","191":"profilo-plathina-60-flat-classica","192":"profilo-plathina-60-flat-rustica","193":"profilo-plathina-60-rustica","194":"profilo-plathina-69-classica","195":"profilo-plathina-69-flat-classica","196":"profilo-plathina-75-classica","197":"profilo-prestige-48","198":"profilo-prestige-73-tt","199":"profilo-road-520-tt-ce","200":"profilo-road-600-tt-ce","201":"profilo-schuco-international","202":"profilo-serie-213","203":"profilo-serie-6000","204":"profilo-serie-6500-rpt","205":"profilo-serie-751","206":"profilo-serie-8000","207":"profilo-serie-8000-raggiato","208":"profilo-serie-8000-tt","209":"profilo-serie-8000-tt-raggiato","210":"profilo-serie-801","211":"profilo-serie-901","212":"profilo-slim-70-tt","213":"profilo-start-410","214":"profilo-start-410-persiana","215":"profilo-start-410-raggiato","216":"profilo-start-470-tt","217":"profilo-start-470-tt-raggiato","218":"profilo-start-510","219":"profilo-start-510-raggiato","220":"profilo-start-560-tt","221":"profilo-start-640-tt","222":"profilo-start-760-tt","223":"profilo-superblindo","224":"profilo-synthesis-45","225":"profilo-synthesis-52","226":"profilo-synthesis-52-tt","227":"profilo-synthesis-57","228":"profilo-synthesis-60-tt","229":"profilo-synthesis-60-tt-porte","230":"profilo-synthesis-68-tt","231":"profilo-synthesis-68-tt-porte","232":"profilo-uah-100-window-bullet-proof","233":"profilo-venice-th16","234":"profilo-vuerre-53-tt","235":"profilo-vuerre-53-tt-raggiato","236":"profilo-vuerre-70-tt","237":"profilo-vuerre-70-tt-raggiato","238":"profilo-windstop-45","239":"profilo-windstop-45-raggiato","240":"profilo-windstop-45-tt","241":"profilo-windstop-45-tt-classic","242":"profilo-windstop-45-tt-classic-raggiato","243":"profilo-windstop-45-tt-raggiato","244":"profilo-windstop-55-tt","245":"profilo-windstop-55-tt-classic","246":"profilo-windstop-55-tt-classic-raggiato","247":"profilo-windstop-55-tt-raggiato","248":"profilo-windstop-65-tt","249":"profilo-windstop-65-tt-classic","250":"profilo-windstop-65-tt-classic-raggiato","251":"profilo-windstop-65-tt-raggiato","252":"profilo-windstop-73-tt","253":"profilo-windstop-73-tt-raggiato","254":"profilo-ws-65-thi","255":"profilo-ws-65-thi-raggiato","256":"profilo-ws-75-thi","257":"profilo-ws-75-thi-raggiato","258":"description-off","260":"first","261":"instock","262":"product-type-simple"},"acf":[],"yoast_head":"<!-- This site is optimized with the Yoast SEO plugin v27.2 - https:\/\/yoast.com\/product\/yoast-seo-wordpress\/ -->\n<title>1485.8<\/title>\n<meta name=\"description\" content=\"Terminal pletina\" \/>\n<meta name=\"robots\" content=\"noindex, follow, max-snippet:-1, max-image-preview:large, max-video-preview:-1\" \/>\n<meta property=\"og:locale\" content=\"es_ES\" \/>\n<meta property=\"og:type\" content=\"article\" \/>\n<meta property=\"og:title\" content=\"1485.8\" \/>\n<meta property=\"og:description\" content=\"Terminal pletina\" \/>\n<meta property=\"og:url\" content=\"https:\/\/stage.savio.it\/es\/prodotto\/1485-8\/\" \/>\n<meta property=\"og:site_name\" content=\"SAVIO\" \/>\n<meta property=\"article:modified_time\" content=\"2021-10-05T10:30:53+00:00\" \/>\n<meta property=\"og:image\" content=\"https:\/\/stage.savio.it\/wp-content\/uploads\/2022\/06\/1485_8.jpg\" \/>\n\t<meta property=\"og:image:width\" content=\"1000\" \/>\n\t<meta property=\"og:image:height\" content=\"1000\" \/>\n\t<meta property=\"og:image:type\" content=\"image\/jpeg\" \/>\n<meta name=\"twitter:card\" content=\"summary_large_image\" \/>\n<meta name=\"twitter:label1\" content=\"Tiempo de lectura\" \/>\n\t<meta name=\"twitter:data1\" content=\"4 minutos\" \/>\n<script type=\"application\/ld+json\" class=\"yoast-schema-graph\">{\"@context\":\"https:\/\/schema.org\",\"@graph\":[{\"@type\":\"WebPage\",\"@id\":\"https:\/\/stage.savio.it\/es\/prodotto\/1485-8\/\",\"url\":\"https:\/\/stage.savio.it\/es\/prodotto\/1485-8\/\",\"name\":\"1485.8\",\"isPartOf\":{\"@id\":\"https:\/\/stage.savio.it\/es\/#website\"},\"primaryImageOfPage\":{\"@id\":\"https:\/\/stage.savio.it\/es\/prodotto\/1485-8\/#primaryimage\"},\"image\":{\"@id\":\"https:\/\/stage.savio.it\/es\/prodotto\/1485-8\/#primaryimage\"},\"thumbnailUrl\":\"https:\/\/stage.savio.it\/wp-content\/uploads\/2022\/06\/1485_8.jpg\",\"datePublished\":\"2021-10-05T10:30:52+00:00\",\"dateModified\":\"2021-10-05T10:30:53+00:00\",\"description\":\"Terminal pletina\",\"breadcrumb\":{\"@id\":\"https:\/\/stage.savio.it\/es\/prodotto\/1485-8\/#breadcrumb\"},\"inLanguage\":\"es\",\"potentialAction\":[{\"@type\":\"ReadAction\",\"target\":[\"https:\/\/stage.savio.it\/es\/prodotto\/1485-8\/\"]}]},{\"@type\":\"ImageObject\",\"inLanguage\":\"es\",\"@id\":\"https:\/\/stage.savio.it\/es\/prodotto\/1485-8\/#primaryimage\",\"url\":\"https:\/\/stage.savio.it\/wp-content\/uploads\/2022\/06\/1485_8.jpg\",\"contentUrl\":\"https:\/\/stage.savio.it\/wp-content\/uploads\/2022\/06\/1485_8.jpg\",\"width\":1000,\"height\":1000},{\"@type\":\"BreadcrumbList\",\"@id\":\"https:\/\/stage.savio.it\/es\/prodotto\/1485-8\/#breadcrumb\",\"itemListElement\":[{\"@type\":\"ListItem\",\"position\":1,\"name\":\"Home\",\"item\":\"https:\/\/stage.savio.it\/es\/\"},{\"@type\":\"ListItem\",\"position\":2,\"name\":\"Productos\",\"item\":\"https:\/\/stage.savio.it\/prodotti\/\"},{\"@type\":\"ListItem\",\"position\":3,\"name\":\"1485.8\"}]},{\"@type\":\"WebSite\",\"@id\":\"https:\/\/stage.savio.it\/es\/#website\",\"url\":\"https:\/\/stage.savio.it\/es\/\",\"name\":\"SAVIO\",\"description\":\"Open mind for closing system\",\"publisher\":{\"@id\":\"https:\/\/stage.savio.it\/es\/#organization\"},\"potentialAction\":[{\"@type\":\"SearchAction\",\"target\":{\"@type\":\"EntryPoint\",\"urlTemplate\":\"https:\/\/stage.savio.it\/es\/?s={search_term_string}\"},\"query-input\":{\"@type\":\"PropertyValueSpecification\",\"valueRequired\":true,\"valueName\":\"search_term_string\"}}],\"inLanguage\":\"es\"},{\"@type\":\"Organization\",\"@id\":\"https:\/\/stage.savio.it\/es\/#organization\",\"name\":\"SAVIO\",\"url\":\"https:\/\/stage.savio.it\/es\/\",\"logo\":{\"@type\":\"ImageObject\",\"inLanguage\":\"es\",\"@id\":\"https:\/\/stage.savio.it\/es\/#\/schema\/logo\/image\/\",\"url\":\"https:\/\/stage.savio.it\/wp-content\/uploads\/2021\/09\/cropped-Savio-logo.png\",\"contentUrl\":\"https:\/\/stage.savio.it\/wp-content\/uploads\/2021\/09\/cropped-Savio-logo.png\",\"width\":243,\"height\":64,\"caption\":\"SAVIO\"},\"image\":{\"@id\":\"https:\/\/stage.savio.it\/es\/#\/schema\/logo\/image\/\"}}]}<\/script>\n<!-- \/ Yoast SEO plugin. -->","yoast_head_json":{"title":"1485.8","description":"Terminal pletina","robots":{"index":"noindex","follow":"follow","max-snippet":"max-snippet:-1","max-image-preview":"max-image-preview:large","max-video-preview":"max-video-preview:-1"},"og_locale":"es_ES","og_type":"article","og_title":"1485.8","og_description":"Terminal pletina","og_url":"https:\/\/stage.savio.it\/es\/prodotto\/1485-8\/","og_site_name":"SAVIO","article_modified_time":"2021-10-05T10:30:53+00:00","og_image":[{"width":1000,"height":1000,"url":"https:\/\/stage.savio.it\/wp-content\/uploads\/2022\/06\/1485_8.jpg","type":"image\/jpeg"}],"twitter_card":"summary_large_image","twitter_misc":{"Tiempo de lectura":"4 minutos"},"schema":{"@context":"https:\/\/schema.org","@graph":[{"@type":"WebPage","@id":"https:\/\/stage.savio.it\/es\/prodotto\/1485-8\/","url":"https:\/\/stage.savio.it\/es\/prodotto\/1485-8\/","name":"1485.8","isPartOf":{"@id":"https:\/\/stage.savio.it\/es\/#website"},"primaryImageOfPage":{"@id":"https:\/\/stage.savio.it\/es\/prodotto\/1485-8\/#primaryimage"},"image":{"@id":"https:\/\/stage.savio.it\/es\/prodotto\/1485-8\/#primaryimage"},"thumbnailUrl":"https:\/\/stage.savio.it\/wp-content\/uploads\/2022\/06\/1485_8.jpg","datePublished":"2021-10-05T10:30:52+00:00","dateModified":"2021-10-05T10:30:53+00:00","description":"Terminal pletina","breadcrumb":{"@id":"https:\/\/stage.savio.it\/es\/prodotto\/1485-8\/#breadcrumb"},"inLanguage":"es","potentialAction":[{"@type":"ReadAction","target":["https:\/\/stage.savio.it\/es\/prodotto\/1485-8\/"]}]},{"@type":"ImageObject","inLanguage":"es","@id":"https:\/\/stage.savio.it\/es\/prodotto\/1485-8\/#primaryimage","url":"https:\/\/stage.savio.it\/wp-content\/uploads\/2022\/06\/1485_8.jpg","contentUrl":"https:\/\/stage.savio.it\/wp-content\/uploads\/2022\/06\/1485_8.jpg","width":1000,"height":1000},{"@type":"BreadcrumbList","@id":"https:\/\/stage.savio.it\/es\/prodotto\/1485-8\/#breadcrumb","itemListElement":[{"@type":"ListItem","position":1,"name":"Home","item":"https:\/\/stage.savio.it\/es\/"},{"@type":"ListItem","position":2,"name":"Productos","item":"https:\/\/stage.savio.it\/prodotti\/"},{"@type":"ListItem","position":3,"name":"1485.8"}]},{"@type":"WebSite","@id":"https:\/\/stage.savio.it\/es\/#website","url":"https:\/\/stage.savio.it\/es\/","name":"SAVIO","description":"Open mind for closing system","publisher":{"@id":"https:\/\/stage.savio.it\/es\/#organization"},"potentialAction":[{"@type":"SearchAction","target":{"@type":"EntryPoint","urlTemplate":"https:\/\/stage.savio.it\/es\/?s={search_term_string}"},"query-input":{"@type":"PropertyValueSpecification","valueRequired":true,"valueName":"search_term_string"}}],"inLanguage":"es"},{"@type":"Organization","@id":"https:\/\/stage.savio.it\/es\/#organization","name":"SAVIO","url":"https:\/\/stage.savio.it\/es\/","logo":{"@type":"ImageObject","inLanguage":"es","@id":"https:\/\/stage.savio.it\/es\/#\/schema\/logo\/image\/","url":"https:\/\/stage.savio.it\/wp-content\/uploads\/2021\/09\/cropped-Savio-logo.png","contentUrl":"https:\/\/stage.savio.it\/wp-content\/uploads\/2021\/09\/cropped-Savio-logo.png","width":243,"height":64,"caption":"SAVIO"},"image":{"@id":"https:\/\/stage.savio.it\/es\/#\/schema\/logo\/image\/"}}]}},"uagb_featured_image_src":{"full":["https:\/\/stage.savio.it\/wp-content\/uploads\/2022\/06\/1485_8.jpg",1000,1000,false],"thumbnail":["https:\/\/stage.savio.it\/wp-content\/uploads\/2022\/06\/1485_8-150x150.jpg",150,150,true],"medium":["https:\/\/stage.savio.it\/wp-content\/uploads\/2022\/06\/1485_8-300x300.jpg",300,300,true],"medium_large":["https:\/\/stage.savio.it\/wp-content\/uploads\/2022\/06\/1485_8-768x768.jpg",768,768,true],"large":["https:\/\/stage.savio.it\/wp-content\/uploads\/2022\/06\/1485_8.jpg",1000,1000,false],"gs-tiny":["https:\/\/stage.savio.it\/wp-content\/uploads\/2022\/06\/1485_8.jpg",50,50,false],"xl":["https:\/\/stage.savio.it\/wp-content\/uploads\/2022\/06\/1485_8.jpg",1000,1000,false],"xxl":["https:\/\/stage.savio.it\/wp-content\/uploads\/2022\/06\/1485_8.jpg",1000,1000,false],"xxxl":["https:\/\/stage.savio.it\/wp-content\/uploads\/2022\/06\/1485_8.jpg",1000,1000,false],"xxxxl":["https:\/\/stage.savio.it\/wp-content\/uploads\/2022\/06\/1485_8.jpg",1000,1000,false],"xxxxxl":["https:\/\/stage.savio.it\/wp-content\/uploads\/2022\/06\/1485_8.jpg",1000,1000,false],"1536x1536":["https:\/\/stage.savio.it\/wp-content\/uploads\/2022\/06\/1485_8.jpg",1000,1000,false],"2048x2048":["https:\/\/stage.savio.it\/wp-content\/uploads\/2022\/06\/1485_8.jpg",1000,1000,false],"woocommerce_thumbnail":["https:\/\/stage.savio.it\/wp-content\/uploads\/2022\/06\/1485_8-300x300.jpg",300,300,true],"woocommerce_single":["https:\/\/stage.savio.it\/wp-content\/uploads\/2022\/06\/1485_8-600x600.jpg",600,600,true],"woocommerce_gallery_thumbnail":["https:\/\/stage.savio.it\/wp-content\/uploads\/2022\/06\/1485_8-200x200.jpg",200,200,true]},"uagb_author_info":{"display_name":"admin_news","author_link":"https:\/\/stage.savio.it\/es\/author\/"},"uagb_comment_info":0,"uagb_excerpt":"Terminal pletina","_links":{"self":[{"href":"https:\/\/stage.savio.it\/es\/wp-json\/wp\/v2\/product\/33960","targetHints":{"allow":["GET"]}}],"collection":[{"href":"https:\/\/stage.savio.it\/es\/wp-json\/wp\/v2\/product"}],"about":[{"href":"https:\/\/stage.savio.it\/es\/wp-json\/wp\/v2\/types\/product"}],"replies":[{"embeddable":true,"href":"https:\/\/stage.savio.it\/es\/wp-json\/wp\/v2\/comments?post=33960"}],"wp:featuredmedia":[{"embeddable":true,"href":"https:\/\/stage.savio.it\/es\/wp-json\/wp\/v2\/media\/111002"}],"wp:attachment":[{"href":"https:\/\/stage.savio.it\/es\/wp-json\/wp\/v2\/media?parent=33960"}],"wp:term":[{"taxonomy":"product_brand","embeddable":true,"href":"https:\/\/stage.savio.it\/es\/wp-json\/wp\/v2\/product_brand?post=33960"},{"taxonomy":"product_cat","embeddable":true,"href":"https:\/\/stage.savio.it\/es\/wp-json\/wp\/v2\/product_cat?post=33960"},{"taxonomy":"product_tag","embeddable":true,"href":"https:\/\/stage.savio.it\/es\/wp-json\/wp\/v2\/product_tag?post=33960"},{"taxonomy":"profilo","embeddable":true,"href":"https:\/\/stage.savio.it\/es\/wp-json\/wp\/v2\/profilo?post=33960"},{"taxonomy":"finiture","embeddable":true,"href":"https:\/\/stage.savio.it\/es\/wp-json\/wp\/v2\/finiture?post=33960"},{"taxonomy":"gruppo_anta","embeddable":true,"href":"https:\/\/stage.savio.it\/es\/wp-json\/wp\/v2\/gruppo_anta?post=33960"}],"curies":[{"name":"wp","href":"https:\/\/api.w.org\/{rel}","templated":true}]}}