{"id":33874,"date":"2021-10-05T10:29:30","date_gmt":"2021-10-05T10:29:30","guid":{"rendered":"https:\/\/savio.ne-ws.it\/prodotto\/turandot-879-20\/"},"modified":"2021-10-05T10:29:35","modified_gmt":"2021-10-05T10:29:35","slug":"turandot-879-20","status":"publish","type":"product","link":"https:\/\/stage.savio.it\/es\/prodotto\/turandot-879-20\/","title":{"rendered":"TURANDOT &#8211; 879.20"},"content":{"rendered":"<p>(patentado) Cremona en metal fundido para persianas, distancia entre los centros de fijaci\u00f3n de 104-108 mm, 1 taco de fijaci\u00f3n en zamac cincado negro, 4 tornillos con cabeza cil\u00edndrica \u00d8 3,9&#215;19 y 2 tornillos especiales con cabeza rebajada M5x18 en acero inox.<\/p>\n","protected":false},"excerpt":{"rendered":"<p>(pat.) Cremona en metal fundido para persianas<\/p>\n","protected":false},"featured_media":75148,"comment_status":"closed","ping_status":"closed","template":"","meta":{"_acf_changed":false,"_uag_custom_page_level_css":""},"product_brand":[],"product_cat":[12584,12618],"product_tag":[],"profilo":[12365,12393,12394,12136,12137,12111,12112,12242,12443,12448,12320,12339,12346,12344,12323,12345,12417,12416,12423,12425,12427,12429,12352,12006,12007,12010,12035,12036,12038,11958,11959,11964,12152,12166,12154,12155,12156,12157,12470,12468,12469,12014,12145,12247,12266,12186,12194,12195,12196,12197,12218,12228,12270,12289,12271,12272,12308,12273,12329,12342,12331,11970,11971,12170,12175,12178,11990,11991,11993,12374,12476,12369,12357,12356,12362,12358,12052,12045,12070,12073,12074,12075,12435,12274,12276,12277,12293,12296],"finiture":[12512,12529,12532,12534,12536,12545,12549,12550,12557,12569,12570,12575,12579],"gruppo_anta":[],"class_list":{"0":"post-33874","1":"product","2":"type-product","3":"status-publish","4":"has-post-thumbnail","6":"product_cat-cremonesi-martelline-e-accessori-per-anta","7":"product_cat-turandot","8":"profilo-1000-ws","9":"profilo-atlantis-45","10":"profilo-atlantis-45-raggiato","11":"profilo-domal-extratermic-62","12":"profilo-domal-extratermic-62-raggiato","13":"profilo-domal-stopper-pg","14":"profilo-domal-stopper-pg-raggiato","15":"profilo-ekip-50-complanare","16":"profilo-ekos-50-sh-persiana","17":"profilo-ekos-58-thm","18":"profilo-eku-40","19":"profilo-eku-40-raggiato","20":"profilo-eku-52-tt","21":"profilo-eku-53-persiana","22":"profilo-eku-53-tt","23":"profilo-eku-66-tt","24":"profilo-et-45-sormonto","25":"profilo-et-45-sormonto-raggiato","26":"profilo-et-58-2-tt","27":"profilo-et-67-3-tt","28":"profilo-et-68-2-tt","29":"profilo-et-75-3-tt","30":"profilo-eta","31":"profilo-export-45","32":"profilo-export-45-raggiato","33":"profilo-export-50","34":"profilo-export-51-tt","35":"profilo-export-51-tt-raggiato","36":"profilo-export-68-tt-raggiato","37":"profilo-global-48","38":"profilo-global-70-tt","39":"profilo-global-78-blindato","40":"profilo-gold-400","41":"profilo-gold-450-tt","42":"profilo-gold-490-tt","43":"profilo-gold-500","44":"profilo-gold-500-raggiato","45":"profilo-gold-600","46":"profilo-hf-580","47":"profilo-hp-600","48":"profilo-hp-700","49":"profilo-k-45t","50":"profilo-k-80","51":"profilo-maastricht-53","52":"profilo-maastricht-light","53":"profilo-mx-50","54":"profilo-nc-40-n-sormonto","55":"profilo-nc-40-n-sormonto-raggiato","56":"profilo-nc-45-int","57":"profilo-nc-45-int-raggiato","58":"profilo-nc-50-i","59":"profilo-nc-50-i-raggiato","60":"profilo-new-tec-50","61":"profilo-new-tec-50-classic","62":"profilo-new-tec-52-tt","63":"profilo-new-tec-60-tt","64":"profilo-new-tec-65","65":"profilo-new-tec-68-tt","66":"profilo-pe-50","67":"profilo-pe-50-raggiato","68":"profilo-pe-58-tt-sormonto","69":"profilo-planet-45","70":"profilo-planet-45-raggiato","71":"profilo-plathina-60-classica","72":"profilo-plathina-69-classica","73":"profilo-plathina-75-classica","74":"profilo-r-50","75":"profilo-r-50-tt-barra-cont","76":"profilo-r-62-tt","77":"profilo-schuco-international","78":"profilo-serie-6000","79":"profilo-start-410-persiana","80":"profilo-start-470-tt","81":"profilo-start-510","82":"profilo-start-510-raggiato","83":"profilo-start-560-tt","84":"profilo-synthesis-52-tt","85":"profilo-synthesis-57","86":"profilo-tecno-50","87":"profilo-tecno-50-tt","88":"profilo-tecno-60-tt","89":"profilo-tecno-68-tt","90":"profilo-vuerre-53-tt","91":"profilo-windstop-45","92":"profilo-windstop-45-tt","93":"profilo-windstop-45-tt-raggiato","94":"profilo-windstop-55-tt","95":"profilo-windstop-55-tt-raggiato","96":"finiture-12512","97":"finiture-12529","98":"finiture-12532","99":"finiture-12534","100":"finiture-12536","101":"finiture-bl10","102":"finiture-br5","103":"finiture-br801","104":"finiture-gr217","105":"finiture-pvd-h","106":"finiture-pvd-x","107":"finiture-silv","108":"finiture-vrd27","109":"description-off","111":"first","112":"onbackorder","113":"product-type-simple"},"acf":[],"yoast_head":"<!-- This site is optimized with the Yoast SEO plugin v27.2 - https:\/\/yoast.com\/product\/yoast-seo-wordpress\/ -->\n<title>TURANDOT - 879.20<\/title>\n<meta name=\"description\" content=\"(pat.) Cremona en metal fundido para persianas\" \/>\n<meta name=\"robots\" content=\"noindex, follow, max-snippet:-1, max-image-preview:large, max-video-preview:-1\" \/>\n<meta property=\"og:locale\" content=\"es_ES\" \/>\n<meta property=\"og:type\" content=\"article\" \/>\n<meta property=\"og:title\" content=\"TURANDOT - 879.20\" \/>\n<meta property=\"og:description\" content=\"(pat.) Cremona en metal fundido para persianas\" \/>\n<meta property=\"og:url\" content=\"https:\/\/stage.savio.it\/es\/prodotto\/turandot-879-20\/\" \/>\n<meta property=\"og:site_name\" content=\"SAVIO\" \/>\n<meta property=\"article:modified_time\" content=\"2021-10-05T10:29:35+00:00\" \/>\n<meta property=\"og:image\" content=\"https:\/\/stage.savio.it\/wp-content\/uploads\/2022\/06\/879_20.jpg\" \/>\n\t<meta property=\"og:image:width\" content=\"1000\" \/>\n\t<meta property=\"og:image:height\" content=\"1000\" \/>\n\t<meta property=\"og:image:type\" content=\"image\/jpeg\" \/>\n<meta name=\"twitter:card\" content=\"summary_large_image\" \/>\n<meta name=\"twitter:label1\" content=\"Tiempo de lectura\" \/>\n\t<meta name=\"twitter:data1\" content=\"4 minutos\" \/>\n<script type=\"application\/ld+json\" class=\"yoast-schema-graph\">{\"@context\":\"https:\/\/schema.org\",\"@graph\":[{\"@type\":\"WebPage\",\"@id\":\"https:\/\/stage.savio.it\/es\/prodotto\/turandot-879-20\/\",\"url\":\"https:\/\/stage.savio.it\/es\/prodotto\/turandot-879-20\/\",\"name\":\"TURANDOT - 879.20\",\"isPartOf\":{\"@id\":\"https:\/\/stage.savio.it\/es\/#website\"},\"primaryImageOfPage\":{\"@id\":\"https:\/\/stage.savio.it\/es\/prodotto\/turandot-879-20\/#primaryimage\"},\"image\":{\"@id\":\"https:\/\/stage.savio.it\/es\/prodotto\/turandot-879-20\/#primaryimage\"},\"thumbnailUrl\":\"https:\/\/stage.savio.it\/wp-content\/uploads\/2022\/06\/879_20.jpg\",\"datePublished\":\"2021-10-05T10:29:30+00:00\",\"dateModified\":\"2021-10-05T10:29:35+00:00\",\"description\":\"(pat.) Cremona en metal fundido para persianas\",\"breadcrumb\":{\"@id\":\"https:\/\/stage.savio.it\/es\/prodotto\/turandot-879-20\/#breadcrumb\"},\"inLanguage\":\"es\",\"potentialAction\":[{\"@type\":\"ReadAction\",\"target\":[\"https:\/\/stage.savio.it\/es\/prodotto\/turandot-879-20\/\"]}]},{\"@type\":\"ImageObject\",\"inLanguage\":\"es\",\"@id\":\"https:\/\/stage.savio.it\/es\/prodotto\/turandot-879-20\/#primaryimage\",\"url\":\"https:\/\/stage.savio.it\/wp-content\/uploads\/2022\/06\/879_20.jpg\",\"contentUrl\":\"https:\/\/stage.savio.it\/wp-content\/uploads\/2022\/06\/879_20.jpg\",\"width\":1000,\"height\":1000},{\"@type\":\"BreadcrumbList\",\"@id\":\"https:\/\/stage.savio.it\/es\/prodotto\/turandot-879-20\/#breadcrumb\",\"itemListElement\":[{\"@type\":\"ListItem\",\"position\":1,\"name\":\"Home\",\"item\":\"https:\/\/stage.savio.it\/es\/\"},{\"@type\":\"ListItem\",\"position\":2,\"name\":\"Productos\",\"item\":\"https:\/\/stage.savio.it\/prodotti\/\"},{\"@type\":\"ListItem\",\"position\":3,\"name\":\"TURANDOT &#8211; 879.20\"}]},{\"@type\":\"WebSite\",\"@id\":\"https:\/\/stage.savio.it\/es\/#website\",\"url\":\"https:\/\/stage.savio.it\/es\/\",\"name\":\"SAVIO\",\"description\":\"Open mind for closing system\",\"publisher\":{\"@id\":\"https:\/\/stage.savio.it\/es\/#organization\"},\"potentialAction\":[{\"@type\":\"SearchAction\",\"target\":{\"@type\":\"EntryPoint\",\"urlTemplate\":\"https:\/\/stage.savio.it\/es\/?s={search_term_string}\"},\"query-input\":{\"@type\":\"PropertyValueSpecification\",\"valueRequired\":true,\"valueName\":\"search_term_string\"}}],\"inLanguage\":\"es\"},{\"@type\":\"Organization\",\"@id\":\"https:\/\/stage.savio.it\/es\/#organization\",\"name\":\"SAVIO\",\"url\":\"https:\/\/stage.savio.it\/es\/\",\"logo\":{\"@type\":\"ImageObject\",\"inLanguage\":\"es\",\"@id\":\"https:\/\/stage.savio.it\/es\/#\/schema\/logo\/image\/\",\"url\":\"https:\/\/stage.savio.it\/wp-content\/uploads\/2021\/09\/cropped-Savio-logo.png\",\"contentUrl\":\"https:\/\/stage.savio.it\/wp-content\/uploads\/2021\/09\/cropped-Savio-logo.png\",\"width\":243,\"height\":64,\"caption\":\"SAVIO\"},\"image\":{\"@id\":\"https:\/\/stage.savio.it\/es\/#\/schema\/logo\/image\/\"}}]}<\/script>\n<!-- \/ Yoast SEO plugin. -->","yoast_head_json":{"title":"TURANDOT - 879.20","description":"(pat.) Cremona en metal fundido para persianas","robots":{"index":"noindex","follow":"follow","max-snippet":"max-snippet:-1","max-image-preview":"max-image-preview:large","max-video-preview":"max-video-preview:-1"},"og_locale":"es_ES","og_type":"article","og_title":"TURANDOT - 879.20","og_description":"(pat.) Cremona en metal fundido para persianas","og_url":"https:\/\/stage.savio.it\/es\/prodotto\/turandot-879-20\/","og_site_name":"SAVIO","article_modified_time":"2021-10-05T10:29:35+00:00","og_image":[{"width":1000,"height":1000,"url":"https:\/\/stage.savio.it\/wp-content\/uploads\/2022\/06\/879_20.jpg","type":"image\/jpeg"}],"twitter_card":"summary_large_image","twitter_misc":{"Tiempo de lectura":"4 minutos"},"schema":{"@context":"https:\/\/schema.org","@graph":[{"@type":"WebPage","@id":"https:\/\/stage.savio.it\/es\/prodotto\/turandot-879-20\/","url":"https:\/\/stage.savio.it\/es\/prodotto\/turandot-879-20\/","name":"TURANDOT - 879.20","isPartOf":{"@id":"https:\/\/stage.savio.it\/es\/#website"},"primaryImageOfPage":{"@id":"https:\/\/stage.savio.it\/es\/prodotto\/turandot-879-20\/#primaryimage"},"image":{"@id":"https:\/\/stage.savio.it\/es\/prodotto\/turandot-879-20\/#primaryimage"},"thumbnailUrl":"https:\/\/stage.savio.it\/wp-content\/uploads\/2022\/06\/879_20.jpg","datePublished":"2021-10-05T10:29:30+00:00","dateModified":"2021-10-05T10:29:35+00:00","description":"(pat.) Cremona en metal fundido para persianas","breadcrumb":{"@id":"https:\/\/stage.savio.it\/es\/prodotto\/turandot-879-20\/#breadcrumb"},"inLanguage":"es","potentialAction":[{"@type":"ReadAction","target":["https:\/\/stage.savio.it\/es\/prodotto\/turandot-879-20\/"]}]},{"@type":"ImageObject","inLanguage":"es","@id":"https:\/\/stage.savio.it\/es\/prodotto\/turandot-879-20\/#primaryimage","url":"https:\/\/stage.savio.it\/wp-content\/uploads\/2022\/06\/879_20.jpg","contentUrl":"https:\/\/stage.savio.it\/wp-content\/uploads\/2022\/06\/879_20.jpg","width":1000,"height":1000},{"@type":"BreadcrumbList","@id":"https:\/\/stage.savio.it\/es\/prodotto\/turandot-879-20\/#breadcrumb","itemListElement":[{"@type":"ListItem","position":1,"name":"Home","item":"https:\/\/stage.savio.it\/es\/"},{"@type":"ListItem","position":2,"name":"Productos","item":"https:\/\/stage.savio.it\/prodotti\/"},{"@type":"ListItem","position":3,"name":"TURANDOT &#8211; 879.20"}]},{"@type":"WebSite","@id":"https:\/\/stage.savio.it\/es\/#website","url":"https:\/\/stage.savio.it\/es\/","name":"SAVIO","description":"Open mind for closing system","publisher":{"@id":"https:\/\/stage.savio.it\/es\/#organization"},"potentialAction":[{"@type":"SearchAction","target":{"@type":"EntryPoint","urlTemplate":"https:\/\/stage.savio.it\/es\/?s={search_term_string}"},"query-input":{"@type":"PropertyValueSpecification","valueRequired":true,"valueName":"search_term_string"}}],"inLanguage":"es"},{"@type":"Organization","@id":"https:\/\/stage.savio.it\/es\/#organization","name":"SAVIO","url":"https:\/\/stage.savio.it\/es\/","logo":{"@type":"ImageObject","inLanguage":"es","@id":"https:\/\/stage.savio.it\/es\/#\/schema\/logo\/image\/","url":"https:\/\/stage.savio.it\/wp-content\/uploads\/2021\/09\/cropped-Savio-logo.png","contentUrl":"https:\/\/stage.savio.it\/wp-content\/uploads\/2021\/09\/cropped-Savio-logo.png","width":243,"height":64,"caption":"SAVIO"},"image":{"@id":"https:\/\/stage.savio.it\/es\/#\/schema\/logo\/image\/"}}]}},"uagb_featured_image_src":{"full":["https:\/\/stage.savio.it\/wp-content\/uploads\/2022\/06\/879_20.jpg",1000,1000,false],"thumbnail":["https:\/\/stage.savio.it\/wp-content\/uploads\/2022\/06\/879_20-150x150.jpg",150,150,true],"medium":["https:\/\/stage.savio.it\/wp-content\/uploads\/2022\/06\/879_20-300x300.jpg",300,300,true],"medium_large":["https:\/\/stage.savio.it\/wp-content\/uploads\/2022\/06\/879_20-768x768.jpg",768,768,true],"large":["https:\/\/stage.savio.it\/wp-content\/uploads\/2022\/06\/879_20.jpg",1000,1000,false],"gs-tiny":["https:\/\/stage.savio.it\/wp-content\/uploads\/2022\/06\/879_20.jpg",50,50,false],"xl":["https:\/\/stage.savio.it\/wp-content\/uploads\/2022\/06\/879_20.jpg",1000,1000,false],"xxl":["https:\/\/stage.savio.it\/wp-content\/uploads\/2022\/06\/879_20.jpg",1000,1000,false],"xxxl":["https:\/\/stage.savio.it\/wp-content\/uploads\/2022\/06\/879_20.jpg",1000,1000,false],"xxxxl":["https:\/\/stage.savio.it\/wp-content\/uploads\/2022\/06\/879_20.jpg",1000,1000,false],"xxxxxl":["https:\/\/stage.savio.it\/wp-content\/uploads\/2022\/06\/879_20.jpg",1000,1000,false],"1536x1536":["https:\/\/stage.savio.it\/wp-content\/uploads\/2022\/06\/879_20.jpg",1000,1000,false],"2048x2048":["https:\/\/stage.savio.it\/wp-content\/uploads\/2022\/06\/879_20.jpg",1000,1000,false],"woocommerce_thumbnail":["https:\/\/stage.savio.it\/wp-content\/uploads\/2022\/06\/879_20-300x300.jpg",300,300,true],"woocommerce_single":["https:\/\/stage.savio.it\/wp-content\/uploads\/2022\/06\/879_20-600x600.jpg",600,600,true],"woocommerce_gallery_thumbnail":["https:\/\/stage.savio.it\/wp-content\/uploads\/2022\/06\/879_20-200x200.jpg",200,200,true]},"uagb_author_info":{"display_name":"admin_news","author_link":"https:\/\/stage.savio.it\/es\/author\/"},"uagb_comment_info":0,"uagb_excerpt":"(pat.) Cremona en metal fundido para persianas","_links":{"self":[{"href":"https:\/\/stage.savio.it\/es\/wp-json\/wp\/v2\/product\/33874","targetHints":{"allow":["GET"]}}],"collection":[{"href":"https:\/\/stage.savio.it\/es\/wp-json\/wp\/v2\/product"}],"about":[{"href":"https:\/\/stage.savio.it\/es\/wp-json\/wp\/v2\/types\/product"}],"replies":[{"embeddable":true,"href":"https:\/\/stage.savio.it\/es\/wp-json\/wp\/v2\/comments?post=33874"}],"wp:featuredmedia":[{"embeddable":true,"href":"https:\/\/stage.savio.it\/es\/wp-json\/wp\/v2\/media\/75148"}],"wp:attachment":[{"href":"https:\/\/stage.savio.it\/es\/wp-json\/wp\/v2\/media?parent=33874"}],"wp:term":[{"taxonomy":"product_brand","embeddable":true,"href":"https:\/\/stage.savio.it\/es\/wp-json\/wp\/v2\/product_brand?post=33874"},{"taxonomy":"product_cat","embeddable":true,"href":"https:\/\/stage.savio.it\/es\/wp-json\/wp\/v2\/product_cat?post=33874"},{"taxonomy":"product_tag","embeddable":true,"href":"https:\/\/stage.savio.it\/es\/wp-json\/wp\/v2\/product_tag?post=33874"},{"taxonomy":"profilo","embeddable":true,"href":"https:\/\/stage.savio.it\/es\/wp-json\/wp\/v2\/profilo?post=33874"},{"taxonomy":"finiture","embeddable":true,"href":"https:\/\/stage.savio.it\/es\/wp-json\/wp\/v2\/finiture?post=33874"},{"taxonomy":"gruppo_anta","embeddable":true,"href":"https:\/\/stage.savio.it\/es\/wp-json\/wp\/v2\/gruppo_anta?post=33874"}],"curies":[{"name":"wp","href":"https:\/\/api.w.org\/{rel}","templated":true}]}}