{"id":38736,"date":"2021-09-16T12:48:22","date_gmt":"2021-09-16T12:48:22","guid":{"rendered":"https:\/\/savio.it\/privacy-cookie\/"},"modified":"2025-02-05T08:03:37","modified_gmt":"2025-02-05T08:03:37","slug":"privacy-cookie","status":"publish","type":"page","link":"https:\/\/stage.savio.it\/en\/privacy-cookie\/","title":{"rendered":"Cookie Policy"},"content":{"rendered":"\t\t<div data-elementor-type=\"wp-page\" data-elementor-id=\"38736\" class=\"elementor elementor-38736 elementor-6501\" data-elementor-post-type=\"page\">\n\t\t\t\t\t\t<section class=\"elementor-section elementor-top-section elementor-element elementor-element-547ea5b elementor-section-boxed elementor-section-height-default elementor-section-height-default\" data-id=\"547ea5b\" data-element_type=\"section\" data-e-type=\"section\" data-settings=\"{&quot;background_background&quot;:&quot;classic&quot;}\">\n\t\t\t\t\t\t<div class=\"elementor-container elementor-column-gap-default\">\n\t\t\t\t\t<div class=\"elementor-column elementor-col-100 elementor-top-column elementor-element elementor-element-119db99\" data-id=\"119db99\" data-element_type=\"column\" data-e-type=\"column\">\n\t\t\t<div class=\"elementor-widget-wrap elementor-element-populated\">\n\t\t\t\t\t\t<div class=\"elementor-element elementor-element-96b9e87 elementor-widget elementor-widget-heading\" data-id=\"96b9e87\" data-element_type=\"widget\" data-e-type=\"widget\" data-widget_type=\"heading.default\">\n\t\t\t\t<div class=\"elementor-widget-container\">\n\t\t\t\t\t<h1 class=\"elementor-heading-title elementor-size-default\">Cookie Policy - Savio S.p.a.<\/h1>\t\t\t\t<\/div>\n\t\t\t\t<\/div>\n\t\t\t\t\t<\/div>\n\t\t<\/div>\n\t\t\t\t\t<\/div>\n\t\t<\/section>\n\t\t\t\t<section class=\"elementor-section elementor-top-section elementor-element elementor-element-11b54661 elementor-section-boxed elementor-section-height-default elementor-section-height-default\" data-id=\"11b54661\" data-element_type=\"section\" data-e-type=\"section\">\n\t\t\t\t\t\t<div class=\"elementor-container elementor-column-gap-default\">\n\t\t\t\t\t<div class=\"elementor-column elementor-col-100 elementor-top-column elementor-element elementor-element-3c757c8b\" data-id=\"3c757c8b\" data-element_type=\"column\" data-e-type=\"column\">\n\t\t\t<div class=\"elementor-widget-wrap elementor-element-populated\">\n\t\t\t\t\t\t<div class=\"elementor-element elementor-element-508775d2 elementor-widget elementor-widget-text-editor\" data-id=\"508775d2\" data-element_type=\"widget\" data-e-type=\"widget\" data-widget_type=\"text-editor.default\">\n\t\t\t\t<div class=\"elementor-widget-container\">\n\t\t\t\t\t\t\t\t\t<div class=\"wp-block-group\">\r\n<p>Informativa ai sensi dell\u2019art.13 Regolamento Europeo 2016\/679<\/p>\r\n\r\n\r\n\r\n<div class=\"wp-block-spacer\" style=\"height: 15px;\" aria-hidden=\"true\">\u00a0<\/div>\r\n\r\n\r\n\r\n<h3 class=\"wp-block-heading\">Cookie Policy<\/h3>\r\n\r\n\r\n\r\n<div class=\"wp-block-spacer\" style=\"height: 15px;\" aria-hidden=\"true\">\u00a0<\/div>\r\n\r\n\r\n\r\n<p>Questo sito utilizza\u00a0<em>cookies<\/em>, anche di terze parti, per migliorarne l\u2019esperienza di navigazione e consentire a chi naviga di usufruire dei nostri servizi online.<br \/><br \/>I\u00a0<em>cookies<\/em>\u00a0utilizzati in questo sito rientrano nelle categorie descritte di seguito; ulteriori informazioni sono disponibili nella pagina dedicata alla protezione dei\u00a0<a href=\"https:\/\/stage.savio.it\/en\/privacy-web\/\"><u>dati personali<\/u><\/a>\u00a0secondo l\u2019Informativa sulla Privacy.<br \/><br \/>Se proseguite nella navigazione acconsentite all\u2019utilizzo dei\u00a0<em>cookies<\/em>.<br \/><br \/>In qualunque momento \u00e8 possibile disabilitare i\u00a0<em>cookies<\/em>\u00a0presenti sul browser; vi ricordiamo che quest\u2019opzione potrebbe limitare molte delle funzionalit\u00e0 di navigazione del sito.<\/p>\r\n\r\n\r\n\r\n<p>1. Istruzioni disabilitazione cookies dai browsers<\/p>\r\n\r\n\r\n\r\n<div class=\"wp-block-spacer\" style=\"height: 15px;\" aria-hidden=\"true\">\u00a0<\/div>\r\n\r\n\r\n\r\n<p>Se si utilizza Internet Explorer In Internet Explorer, fare clic su \u201cStrumenti\u201d poi \u201cOpzioni Internet\u201d. Nella scheda Privacy, spostare il cursore verso l\u2019alto per bloccare tutti i\u00a0<em>cookies<\/em>\u00a0o verso il basso per consentire a tutti i\u00a0<em>cookies<\/em>, e quindi fare clic su OK.<br \/><br \/>Se si utilizza il browser Firefox Vai al menu \u201cStrumenti\u201d del browser e selezionare il menu \u201cOpzioni\u201d Fare clic sulla scheda \u201cPrivacy\u201d, deselezionare la casella \u201cAccetta cookie\u201d e fare clic su OK.<br \/><br \/>Se si utilizza il browser Safari Dal browser selezionare il menu \u201cModifica\u201d e selezionare \u201cPreferences\u201d. Clicca su \u201cPrivacy\u201d. Posizionare l\u2019impostazione \u201ccookies Block\u201d sempre \u201ce fare clic su OK.<br \/><br \/>Se si utilizza il browser Google Chrome Fai clic sul menu Chrome nella barra degli strumenti del browser. Selezionare \u201cImpostazioni\u201d. Fare clic su \u201cMostra impostazioni avanzate\u201d. Nella sezione \u201cPrivacy\u201d, fai clic sul pulsante \u201cImpostazioni contenuti\u201d. Nella sezione \u201cCookies\u201d, selezionare \u201cNon consentire ai siti per memorizzare i dati\u201d e di controllo \u201ccookie di blocco e di terze parti i dati sito\u201d, e quindi fare clic su OK.<br \/><br \/>Se usi un qualsiasi altro browser, cerca nelle Impostazioni del browser la modalit\u00e0 di gestione dei\u00a0<em>cookies<\/em>.<\/p>\r\n\r\n\r\n\r\n<div class=\"wp-block-spacer\" style=\"height: 15px;\" aria-hidden=\"true\">\u00a0<\/div>\r\n\r\n\r\n\r\n<p id=\"sottotitolo-privacy2\"><strong>Cosa sono i cookies<\/strong><\/p>\r\n\r\n\r\n\r\n<p>I\u00a0<em>cookies<\/em>\u00a0sono piccoli file di testo che vengono automaticamente posizionati sul PC del navigatore all\u2019interno del browser. Essi contengono informazioni di base sulla navigazione in Internet e grazie al browser vengono riconosciuti ogni volta che l\u2019utente visita il sito.<\/p>\r\n\r\n\r\n\r\n<div class=\"wp-block-spacer\" style=\"height: 15px;\" aria-hidden=\"true\">\u00a0<\/div>\r\n\r\n\r\n\r\n<p id=\"sottotitolo-privacy2\"><strong>Cosa sono i cookies<\/strong><\/p>\r\n\r\n\r\n\r\n<p>Quali <em>cookies<\/em> sono presenti sul sito:<\/p>\r\n\r\n\r\n [cookie_audit columns=&#8221;cookie,description&#8221;] \r\n\r\n\r\n<div class=\"wp-block-spacer\" style=\"height: 15px;\" aria-hidden=\"true\">\u00a0<\/div>\r\n\r\n\r\n\r\n<p id=\"sottotitolo-privacy3\"><strong>Gestione dei cookies<\/strong><\/p>\r\n\r\n\r\n\r\n<div class=\"wp-block-spacer\" style=\"height: 15px;\" aria-hidden=\"true\">\u00a0<\/div>\r\n\r\n\r\n\r\n<p>Qualora l&#8217;utente decida di modificare le proprie preferenze nel corso della sessione di navigazione, pu\u00f2 fare clic sulla scheda &#8220;Modifica preferenze&#8221; presente sullo schermo. In questo modo verr\u00e0 visualizzata nuovamente l&#8217;informativa sul consenso che vi consentir\u00e0 di modificare le vostre preferenze o di revocare completamente il vostro consenso.<\/p>\r\n\r\n\r\n\r\n<p><strong>COOKIES TECNICI<\/strong><br \/><br \/><strong>Attivit\u00e0 strettamente necessarie al funzionamento<\/strong><br \/>Questi\u00a0<em>cookies<\/em>\u00a0hanno natura tecnica e permettono al sito di funzionare correttamente. Ad esempio, mantengono l\u2019utente collegato durante la navigazione evitando che il sito richieda di collegarsi pi\u00f9 volte per accedere alle pagine successive.<br \/><br \/><strong>Attivit\u00e0 di salvataggio delle preferenze<\/strong><br \/>Questi\u00a0<em>cookies<\/em>\u00a0permettono di ricordare le preferenze selezionate dall\u2019utente durante la navigazione, ad esempio, consentono di impostare la lingua.<br \/><br \/><strong>Attivit\u00e0 Statistiche e di Misurazione dell&#8217;audience<\/strong><br \/>Questi\u00a0<em>cookies<\/em>\u00a0ci aiutano a capire, attraverso dati raccolti in forma anonima e aggregata, come gli utenti interagiscono con i nostri siti internet fornendoci informazioni relative alle sezioni visitate, il tempo trascorso sul sito, eventuali malfunzionamenti. Questo ci aiuta a migliorare la resa dei nostri siti internet.<br \/><br \/><br \/><strong>COOKIES DI PROFILAZIONE DI TERZA PARTE<\/strong><br \/><br \/>Facciamo uso di svariati fornitori che possono a loro volta installare\u00a0<em>cookies<\/em>\u00a0per il corretto funzionamento dei servizi che stanno fornendo. Se desiderate avere informazioni relative a questi cookie di terza parte e su come disabilitarli vi preghiamo di accedere ai link delle tabelle qui di seguito.<br \/><br \/>Inoltre accedendo a questa\u00a0<a href=\"http:\/\/www.youronlinechoices.com\/it\/le-tue-scelte\" target=\"_blank\" rel=\"noreferrer noopener\"><u>pagina<\/u><\/a>\u00a0\u00e8 possibile informarsi sulla pubblicit\u00e0 comportamentale oltre che disattivare o attivare le societ\u00e0 elencate e che lavorano con i gestori dei siti web per raccogliere e utilizzare informazioni utili alla fruizione della pubblicit\u00e0.<\/p>\r\n\r\n\r\n\r\n<p><strong>Cookies tecnici atti al corretto funzionamento di servizi terzi<\/strong><br \/>Questi\u00a0<em>cookies<\/em>\u00a0ci permettono di monitorare le performance del sito. Qui di seguito l\u2019elenco dei servizi utilizzati e i link alle rispettive pagine di privacy policy.<br \/><br \/><strong>Google Maps<\/strong><br \/>Cookie tecnico (strettamente necessario per la visualizzazione della mappa)<br \/><a href=\"https:\/\/www.google.com\/intl\/it\/policies\/\" target=\"_blank\" rel=\"noreferrer noopener\"><u>privacy policy<\/u><\/a><\/p>\r\n\r\n\r\n\r\n<p><strong><em>Cookies<\/em> Statistici e di Misurazione dell&#8217;audience di terza parte<\/strong><br \/>Questi\u00a0<em>cookies<\/em>\u00a0(servizi web di terza parte) forniscono informazioni anonime \/ aggregate sul modo in cui i visitatori navigano sul sito. Di seguito i link alle rispettive pagine di privacy policy.<br \/><br \/><strong>Cookies di profilazione a fini pubblicitari e per il remarketing<\/strong><br \/>Questo sito potrebbe\u00a0<strong>utilizzare<\/strong>\u00a0<em>cookies<\/em>\u00a0(servizi di advertising di terza parte) al fine di inviare pubblicit\u00e0 e contenuti personalizzati in base alla cronologia di navigazione sul sito stesso.<br \/><br \/><strong>Attenzione<\/strong>: \u00e8 importante ricordare che la disabilitazione dei\u00a0<em>cookies<\/em>\u00a0di profilazione non significa che non riceverete pi\u00f9 pubblicit\u00e0 navigando sul sito ma semplicemente che la pubblicit\u00e0 che vedrete non sar\u00e0 selezionata in base ai vostri interessi e quindi potr\u00e0 essere meno rilevante.<br \/><br \/><strong>Cookies di social media sharing<\/strong><br \/>Questi cookies di terza parte vengono utilizzati per integrare alcune diffuse funzionalit\u00e0 dei principali social media e fornirle all\u2019interno del sito. In particolare permettono la registrazione e l\u2019autenticazione sul sito tramite Facebook e Google Connect, la condivisione e i commenti di pagine del sito sui social, abilitano le funzionalit\u00e0 del \u201cmi piace\u201d su Facebook e del \u201c+1\u201d su Google+.<br \/><br \/>Di seguito i link alle rispettive pagine di privacy policy.<br \/><br \/><strong>Facebook<\/strong><br \/>social media<br \/><a href=\"https:\/\/www.facebook.com\/about\/privacy\/\" target=\"_blank\" rel=\"noreferrer noopener\"><u>privacy policy<\/u><\/a><br \/><br \/><strong>Google+<\/strong><br \/>social media<br \/><a href=\"https:\/\/www.google.com\/intl\/it\/policies\/\" target=\"_blank\" rel=\"noreferrer noopener\"><u>privacy policy<\/u><\/a><br \/><br \/><strong>Twitter<\/strong><br \/>social media<br \/><a href=\"https:\/\/twitter.com\/privacy\" target=\"_blank\" rel=\"noreferrer noopener\"><u>privacy policy<\/u><\/a><\/p>\r\n\r\n\r\n\r\n<div class=\"wp-block-spacer\" style=\"height: 20px;\" aria-hidden=\"true\">\u00a0<\/div>\r\n\r\n\r\n\r\n<p id=\"sottotitolo-privacy4\"><strong>Estremi identificativi del Titolare e del DPO<\/strong><\/p>\r\n\r\n\r\n\r\n<p>Titolare del trattamento dei dati \u00e8 Savio S.p.A., con Sede Legale in Via Torino, 25 (s.s. 25) 10050 Chiusa S. Michele (To \u2013 Italy), tel. +39 011 964.34.64 , fax +39 011.371.94.49. Responsabile del trattamento \u00e8 il Dott. Alessandro Rossotto, domiciliato presso la stessa sede legale.<\/p>\r\n\r\n\r\n\r\n<p>Savio ha provveduto alla nomina di un Data Protection Officer (DPO), contattabile presso la Sede legale della Azienda ed al seguente indirizzo email: <a href=\"mailto:privacy@savio.it\">privacy@savio.it<\/a>.<\/p>\r\n\r\n\r\n\r\n<div class=\"wp-block-spacer\" style=\"height: 20px;\" aria-hidden=\"true\">\u00a0<\/div>\r\n\r\n\r\n\r\n<p id=\"sottotitolo-privacy5\"><strong>Diritti degli interessati<\/strong><\/p>\r\n\r\n\r\n\r\n<p>Il GDPR attribuisce alle persone fisiche, ditte individuali e\/o liberi professionisti (\u201cInteressati\u201d) specifici diritti, disciplinati dagli artt. 15 &#8211; 22, tra i quali quello di conoscere quali sono i dati personali in possesso di Savio e come questi vengono utilizzati (Diritto di accesso), di ottenerne l\u2019aggiornamento, la rettifica o, se vi \u00e8 interesse, l\u2019integrazione, nonch\u00e9 la cancellazione, la trasformazione in forma anonima o la limitazione.<\/p>\r\n\r\n\r\n\r\n<p>Gli interessati possono in qualsiasi momento revocare, laddove rilasciato, il consenso alla memorizzazione nel proprio device dei Cookie ed all\u2019eventuale trattamento dei dati personali conseguente all\u2019utilizzo dei Cookie, nei termini sopra riportati, oppure accedendo alla sezione del sito \u201cInformativa Cookie\u201d.<\/p>\r\n\r\n\r\n\r\n<p>Savio pone in evidenza che la revoca del consenso avr\u00e0 effetto a partire dal momento di tale revoca.<\/p>\r\n\r\n\r\n\r\n<div class=\"wp-block-spacer\" style=\"height: 20px;\" aria-hidden=\"true\">\u00a0<\/div>\r\n\r\n\r\n\r\n<p id=\"sottotitolo-privacy5\"><strong>Periodo di conservazione e diritto alla cancellazione<\/strong><\/p>\r\n\r\n\r\n\r\n<p>Savio tratter\u00e0 i dati personali raccolti per quanto strettamente necessario al perseguimento delle finalit\u00e0 predeterminate; i dati raccolti con i Cookie di profilazione di prima parte, indicati nella presente informativa, saranno conservati per un periodo massimo di 6 mesi dalla raccolta.<\/p>\r\n\r\n\r\n\r\n<p>Al termine del predetto periodo di conservazione, i dati personali riferibili agli Interessati verranno cancellati o conservati in una forma che non consenta l\u2019identificazione dell\u2019Interessato (es. anonimizzazione irreversibile), a meno che il loro ulteriore trattamento sia necessario per uno o pi\u00f9 dei seguenti scopi: i) risoluzione di precontenziosi e\/o contenziosi avviati prima della scadenza del periodo di conservazione; ii) per dare seguito ad indagini\/ispezioni da parte di funzioni di controllo interno e\/o autorit\u00e0 esterne avviati prima della scadenza del periodo di conservazione; iii) per dare seguito a richieste della pubblica autorit\u00e0 italiana e\/o estera pervenute\/notificate a Savio prima della scadenza del periodo di conservazione.<\/p>\r\n\r\n\r\n\r\n<p>Si pone in evidenza che se un utente si ricollega al Sito dopo un periodo di tempo superiore al periodo massimo di scadenza dei Cookie, verr\u00e0 nuovamente visualizzato il banner per la richiesta del consenso.<\/p>\r\n\r\n\r\n\r\n<div class=\"wp-block-spacer\" style=\"height: 20px;\" aria-hidden=\"true\">\u00a0<\/div>\r\n\r\n\r\n\r\n<p id=\"sottotitolo-privacy5\"><strong>Esercizo dei diritti<\/strong><\/p>\r\n\r\n\r\n\r\n<p>Ciascun Interessato per esercitare i diritti di cui al precedente paragrafo potr\u00e0 trasmettere la propria richiesta:<\/p>\r\n\r\n\r\n\r\n<p>Mediante posta elettronica all\u2019apposito indirizzo\u00a0<a href=\"mailto:privacy@savio.it\"><u>privacy@savio.it<\/u><\/a><\/p>\r\n\r\n\r\n\r\n<p>Mediante telefax al seguente numero: +39 011.371.94.49<\/p>\r\n\r\n\r\n\r\n<p>Mediante lettera raccomandata al seguente indirizzo: Savio S.p.A. \/ Via Torino, 25 (s.s. 25) 10050 Chiusa S. Michele (To \u2013 Italy)<\/p>\r\n\r\n\r\n\r\n<p>Il termine previsto dal GDPR per la risposta \u00e8 un (1) mese, prorogabile di due (2) mesi in casi di particolare complessit\u00e0; in questi casi, Savio fornisce almeno una comunicazione interlocutoria entro un (1) mese.<\/p>\r\n\r\n\r\n\r\n<p>L\u2019esercizio dei diritti \u00e8, in linea di principio, gratuito; Savio si riserva il diritto di chiedere un contributo in caso di richieste manifestamente infondate o eccessive (anche ripetitive).<\/p>\r\n\r\n\r\n\r\n<p>Savio ha il diritto di chiedere informazioni necessarie a fini identificativi del richiedente.<\/p>\r\n\r\n\r\n\r\n<div class=\"wp-block-spacer\" style=\"height: 20px;\" aria-hidden=\"true\">\u00a0<\/div>\r\n\r\n\r\n\r\n<p><strong>Reclamo o segnalazione al Garante per la Protezione dei Dati Personali<\/strong><\/p>\r\n\r\n\r\n\r\n<p>Savio informa che l\u2019utente ha il diritto di proporre reclamo ovvero effettuare una segnalazione al Garante per la Protezione dei Dati Personali oppure in alternativa presentare ricorso all\u2019Autorit\u00e0 Giudiziaria. I contatti del Garante per la Protezione dei Dati Personali sono consultabili sul sito <a href=\"http:\/\/www.garanteprivacy.it\" target=\"_blank\" rel=\"noreferrer noopener\">http:\/\/www.garanteprivacy.it<\/a>.<\/p>\r\n\r\n\r\n\r\n<div class=\"wp-block-spacer\" style=\"height: 20px;\" aria-hidden=\"true\">\u00a0<\/div>\r\n\r\n\r\n\r\n<p class=\"has-text-align-right\">Ultimo aggiornamento: febbraio 2023<\/p>\r\n<\/div>\r\n\t\t\t\t\t\t\t\t<\/div>\n\t\t\t\t<\/div>\n\t\t\t\t\t<\/div>\n\t\t<\/div>\n\t\t\t\t\t<\/div>\n\t\t<\/section>\n\t\t\t\t<\/div>\n\t\t","protected":false},"excerpt":{"rendered":"<p>Cookie Policy &#8211; Savio S.p.a. Informativa ai sensi dell\u2019art.13 Regolamento Europeo 2016\/679 \u00a0 Cookie Policy \u00a0 Questo sito utilizza\u00a0cookies, anche di terze parti, per migliorarne l\u2019esperienza di navigazione e consentire a chi naviga di usufruire dei nostri servizi online. I\u00a0cookies\u00a0utilizzati in questo sito rientrano nelle categorie descritte di seguito; ulteriori informazioni sono disponibili nella pagina&hellip;<\/p>\n","protected":false},"author":2,"featured_media":0,"parent":0,"menu_order":0,"comment_status":"closed","ping_status":"closed","template":"","meta":{"_acf_changed":false,"_uag_custom_page_level_css":"","footnotes":""},"class_list":["post-38736","page","type-page","status-publish","hentry"],"acf":[],"yoast_head":"<!-- This site is optimized with the Yoast SEO plugin v27.2 - https:\/\/yoast.com\/product\/yoast-seo-wordpress\/ -->\n<title>Cookie Policy - SAVIO<\/title>\n<meta name=\"robots\" content=\"noindex, follow, max-snippet:-1, max-image-preview:large, max-video-preview:-1\" \/>\n<meta property=\"og:locale\" content=\"en_US\" \/>\n<meta property=\"og:type\" content=\"article\" \/>\n<meta property=\"og:title\" content=\"Cookie Policy - SAVIO\" \/>\n<meta property=\"og:description\" content=\"Cookie Policy &#8211; Savio S.p.a. Informativa ai sensi dell\u2019art.13 Regolamento Europeo 2016\/679 \u00a0 Cookie Policy \u00a0 Questo sito utilizza\u00a0cookies, anche di terze parti, per migliorarne l\u2019esperienza di navigazione e consentire a chi naviga di usufruire dei nostri servizi online. I\u00a0cookies\u00a0utilizzati in questo sito rientrano nelle categorie descritte di seguito; ulteriori informazioni sono disponibili nella pagina&hellip;\" \/>\n<meta property=\"og:url\" content=\"https:\/\/stage.savio.it\/en\/privacy-cookie\/\" \/>\n<meta property=\"og:site_name\" content=\"SAVIO\" \/>\n<meta property=\"article:modified_time\" content=\"2025-02-05T08:03:37+00:00\" \/>\n<meta name=\"twitter:card\" content=\"summary_large_image\" \/>\n<meta name=\"twitter:label1\" content=\"Est. reading time\" \/>\n\t<meta name=\"twitter:data1\" content=\"5 minutes\" \/>\n<script type=\"application\/ld+json\" class=\"yoast-schema-graph\">{\"@context\":\"https:\/\/schema.org\",\"@graph\":[{\"@type\":\"WebPage\",\"@id\":\"https:\/\/stage.savio.it\/en\/privacy-cookie\/\",\"url\":\"https:\/\/stage.savio.it\/en\/privacy-cookie\/\",\"name\":\"Cookie Policy - SAVIO\",\"isPartOf\":{\"@id\":\"https:\/\/stage.savio.it\/en\/#website\"},\"datePublished\":\"2021-09-16T12:48:22+00:00\",\"dateModified\":\"2025-02-05T08:03:37+00:00\",\"breadcrumb\":{\"@id\":\"https:\/\/stage.savio.it\/en\/privacy-cookie\/#breadcrumb\"},\"inLanguage\":\"en-US\",\"potentialAction\":[{\"@type\":\"ReadAction\",\"target\":[\"https:\/\/stage.savio.it\/en\/privacy-cookie\/\"]}]},{\"@type\":\"BreadcrumbList\",\"@id\":\"https:\/\/stage.savio.it\/en\/privacy-cookie\/#breadcrumb\",\"itemListElement\":[{\"@type\":\"ListItem\",\"position\":1,\"name\":\"Home\",\"item\":\"https:\/\/stage.savio.it\/en\/\"},{\"@type\":\"ListItem\",\"position\":2,\"name\":\"Cookie Policy\"}]},{\"@type\":\"WebSite\",\"@id\":\"https:\/\/stage.savio.it\/en\/#website\",\"url\":\"https:\/\/stage.savio.it\/en\/\",\"name\":\"SAVIO\",\"description\":\"Open mind for closing system\",\"publisher\":{\"@id\":\"https:\/\/stage.savio.it\/en\/#organization\"},\"potentialAction\":[{\"@type\":\"SearchAction\",\"target\":{\"@type\":\"EntryPoint\",\"urlTemplate\":\"https:\/\/stage.savio.it\/en\/?s={search_term_string}\"},\"query-input\":{\"@type\":\"PropertyValueSpecification\",\"valueRequired\":true,\"valueName\":\"search_term_string\"}}],\"inLanguage\":\"en-US\"},{\"@type\":\"Organization\",\"@id\":\"https:\/\/stage.savio.it\/en\/#organization\",\"name\":\"SAVIO\",\"url\":\"https:\/\/stage.savio.it\/en\/\",\"logo\":{\"@type\":\"ImageObject\",\"inLanguage\":\"en-US\",\"@id\":\"https:\/\/stage.savio.it\/en\/#\/schema\/logo\/image\/\",\"url\":\"https:\/\/stage.savio.it\/wp-content\/uploads\/2021\/09\/cropped-Savio-logo.png\",\"contentUrl\":\"https:\/\/stage.savio.it\/wp-content\/uploads\/2021\/09\/cropped-Savio-logo.png\",\"width\":243,\"height\":64,\"caption\":\"SAVIO\"},\"image\":{\"@id\":\"https:\/\/stage.savio.it\/en\/#\/schema\/logo\/image\/\"}}]}<\/script>\n<!-- \/ Yoast SEO plugin. -->","yoast_head_json":{"title":"Cookie Policy - SAVIO","robots":{"index":"noindex","follow":"follow","max-snippet":"max-snippet:-1","max-image-preview":"max-image-preview:large","max-video-preview":"max-video-preview:-1"},"og_locale":"en_US","og_type":"article","og_title":"Cookie Policy - SAVIO","og_description":"Cookie Policy &#8211; Savio S.p.a. Informativa ai sensi dell\u2019art.13 Regolamento Europeo 2016\/679 \u00a0 Cookie Policy \u00a0 Questo sito utilizza\u00a0cookies, anche di terze parti, per migliorarne l\u2019esperienza di navigazione e consentire a chi naviga di usufruire dei nostri servizi online. I\u00a0cookies\u00a0utilizzati in questo sito rientrano nelle categorie descritte di seguito; ulteriori informazioni sono disponibili nella pagina&hellip;","og_url":"https:\/\/stage.savio.it\/en\/privacy-cookie\/","og_site_name":"SAVIO","article_modified_time":"2025-02-05T08:03:37+00:00","twitter_card":"summary_large_image","twitter_misc":{"Est. reading time":"5 minutes"},"schema":{"@context":"https:\/\/schema.org","@graph":[{"@type":"WebPage","@id":"https:\/\/stage.savio.it\/en\/privacy-cookie\/","url":"https:\/\/stage.savio.it\/en\/privacy-cookie\/","name":"Cookie Policy - SAVIO","isPartOf":{"@id":"https:\/\/stage.savio.it\/en\/#website"},"datePublished":"2021-09-16T12:48:22+00:00","dateModified":"2025-02-05T08:03:37+00:00","breadcrumb":{"@id":"https:\/\/stage.savio.it\/en\/privacy-cookie\/#breadcrumb"},"inLanguage":"en-US","potentialAction":[{"@type":"ReadAction","target":["https:\/\/stage.savio.it\/en\/privacy-cookie\/"]}]},{"@type":"BreadcrumbList","@id":"https:\/\/stage.savio.it\/en\/privacy-cookie\/#breadcrumb","itemListElement":[{"@type":"ListItem","position":1,"name":"Home","item":"https:\/\/stage.savio.it\/en\/"},{"@type":"ListItem","position":2,"name":"Cookie Policy"}]},{"@type":"WebSite","@id":"https:\/\/stage.savio.it\/en\/#website","url":"https:\/\/stage.savio.it\/en\/","name":"SAVIO","description":"Open mind for closing system","publisher":{"@id":"https:\/\/stage.savio.it\/en\/#organization"},"potentialAction":[{"@type":"SearchAction","target":{"@type":"EntryPoint","urlTemplate":"https:\/\/stage.savio.it\/en\/?s={search_term_string}"},"query-input":{"@type":"PropertyValueSpecification","valueRequired":true,"valueName":"search_term_string"}}],"inLanguage":"en-US"},{"@type":"Organization","@id":"https:\/\/stage.savio.it\/en\/#organization","name":"SAVIO","url":"https:\/\/stage.savio.it\/en\/","logo":{"@type":"ImageObject","inLanguage":"en-US","@id":"https:\/\/stage.savio.it\/en\/#\/schema\/logo\/image\/","url":"https:\/\/stage.savio.it\/wp-content\/uploads\/2021\/09\/cropped-Savio-logo.png","contentUrl":"https:\/\/stage.savio.it\/wp-content\/uploads\/2021\/09\/cropped-Savio-logo.png","width":243,"height":64,"caption":"SAVIO"},"image":{"@id":"https:\/\/stage.savio.it\/en\/#\/schema\/logo\/image\/"}}]}},"uagb_featured_image_src":{"full":false,"thumbnail":false,"medium":false,"medium_large":false,"large":false,"gs-tiny":false,"xl":false,"xxl":false,"xxxl":false,"xxxxl":false,"xxxxxl":false,"1536x1536":false,"2048x2048":false,"woocommerce_thumbnail":false,"woocommerce_single":false,"woocommerce_gallery_thumbnail":false},"uagb_author_info":{"display_name":"admin_news","author_link":"https:\/\/stage.savio.it\/en\/author\/admin_news\/"},"uagb_comment_info":0,"uagb_excerpt":"Cookie Policy &#8211; Savio S.p.a. Informativa ai sensi dell\u2019art.13 Regolamento Europeo 2016\/679 \u00a0 Cookie Policy \u00a0 Questo sito utilizza\u00a0cookies, anche di terze parti, per migliorarne l\u2019esperienza di navigazione e consentire a chi naviga di usufruire dei nostri servizi online. I\u00a0cookies\u00a0utilizzati in questo sito rientrano nelle categorie descritte di seguito; ulteriori informazioni sono disponibili nella pagina&hellip;","_links":{"self":[{"href":"https:\/\/stage.savio.it\/en\/wp-json\/wp\/v2\/pages\/38736","targetHints":{"allow":["GET"]}}],"collection":[{"href":"https:\/\/stage.savio.it\/en\/wp-json\/wp\/v2\/pages"}],"about":[{"href":"https:\/\/stage.savio.it\/en\/wp-json\/wp\/v2\/types\/page"}],"author":[{"embeddable":true,"href":"https:\/\/stage.savio.it\/en\/wp-json\/wp\/v2\/users\/2"}],"replies":[{"embeddable":true,"href":"https:\/\/stage.savio.it\/en\/wp-json\/wp\/v2\/comments?post=38736"}],"version-history":[{"count":7,"href":"https:\/\/stage.savio.it\/en\/wp-json\/wp\/v2\/pages\/38736\/revisions"}],"predecessor-version":[{"id":115340,"href":"https:\/\/stage.savio.it\/en\/wp-json\/wp\/v2\/pages\/38736\/revisions\/115340"}],"wp:attachment":[{"href":"https:\/\/stage.savio.it\/en\/wp-json\/wp\/v2\/media?parent=38736"}],"curies":[{"name":"wp","href":"https:\/\/api.w.org\/{rel}","templated":true}]}}