{"id":32020,"date":"2021-10-04T07:27:00","date_gmt":"2021-10-04T07:27:00","guid":{"rendered":"https:\/\/savio.ne-ws.it\/prodotto\/modulodue-2076-1\/"},"modified":"2021-10-04T07:27:03","modified_gmt":"2021-10-04T07:27:03","slug":"modulodue-2076-1","status":"publish","type":"product","link":"https:\/\/stage.savio.it\/de\/prodotto\/modulodue-2076-1\/","title":{"rendered":"MODULODUE &#8211; 2076.1"},"content":{"rendered":"<p>(patentiert) Abgerundener Doppelter Verschlu\u00df f\u00fcr Schiebefenster (4 Schiebefl\u00fcgel) aus Aluminium und Zink-Druck Gu\u00df, 2 Senkschr. M 5&#215;25 und 2 Senkschr. M 5&#215;35 aus rostfreiem Stahl 304.<\/p>\n","protected":false},"excerpt":{"rendered":"<p>(pat.) Doppelter seitlicher Verschlu\u00df f\u00fcr Schiebefenster<\/p>\n","protected":false},"featured_media":74114,"comment_status":"closed","ping_status":"closed","template":"","meta":{"_acf_changed":false,"_uag_custom_page_level_css":""},"product_brand":[],"product_cat":[12600,12789],"product_tag":[],"profilo":[12366,12367,12161,12397,12067,12117,12118,12122,12119,12120,12353,12354,12387,12444,12460,12450,12463,12457,12459,12433,12024,12099,12100,11961,12162,12163,12031,12033,12032,12211,12212,12213,12214,12215,12216,12283,12284,12336,12337,12338,11992,12383,12379,12421,12422,12259,12260,12261,12262,12263,12264,12265,12285,12286,12287,12370,12077,12080,12025,12026,12027,12028,12432,12439,12050],"finiture":[12512,12513,12529,12531,12532,12534,12536,12543,12549,12550,12552,12556,12557,12560,12562,12565,12575,12582,12583],"gruppo_anta":[],"class_list":{"0":"post-32020","1":"product","2":"type-product","3":"status-publish","4":"has-post-thumbnail","6":"product_cat-accessori-per-scorrevoli","7":"product_cat-modulodue","8":"profilo-900-s","9":"profilo-900-s-tt","10":"profilo-alpha-560-s","11":"profilo-atlantis-60-scorrevole","12":"profilo-bs-6","13":"profilo-domal-40-s","14":"profilo-domal-slide-110","15":"profilo-domal-slide-80","16":"profilo-domal-slide-pa-110","17":"profilo-domal-slide-pa-80","18":"profilo-e-48-s","19":"profilo-e-48-s-tt","20":"profilo-ecowin-persiana-scorrevole","21":"profilo-ekos-50-sh-slide","22":"profilo-ekos-60-s","23":"profilo-ekos-60-sth","24":"profilo-ekos-80-sthr","25":"profilo-ekos-minimall-54-th-slide","26":"profilo-ekos-minimall-62-thj-slide","27":"profilo-et-106-tt-slide","28":"profilo-export-60-s","29":"profilo-export-65-s","30":"profilo-export-65-st","31":"profilo-global-60","32":"profilo-gold-650-s","33":"profilo-gold-650-st","34":"profilo-ks-2","35":"profilo-ks-50","36":"profilo-ks-50-t","37":"profilo-nc-60-int","38":"profilo-nc-60-sth","39":"profilo-nc-70-s","40":"profilo-nc-90-int","41":"profilo-nc-90-s","42":"profilo-nc-90-sth","43":"profilo-new-tec-80-s","44":"profilo-new-tec-90-s-tt","45":"profilo-pe-60-s","46":"profilo-pe-70-slide","47":"profilo-pe-70-slide-tt","48":"profilo-r-50-s","49":"profilo-royal-s-24-n","50":"profilo-royal-s-93","51":"profilo-serie-40000","52":"profilo-serie-40600","53":"profilo-skeit-60","54":"profilo-skeit-60-super","55":"profilo-skeit-60-super-tt","56":"profilo-skeit-70","57":"profilo-skeit-70-thermo","58":"profilo-skeit-80","59":"profilo-skeit-90","60":"profilo-sliding-600","61":"profilo-sliding-900","62":"profilo-sliding-900-tt","63":"profilo-start-410-s","64":"profilo-tecno-90-s-tt","65":"profilo-tecno-slide-70-tt","66":"profilo-triall-co-65-s","67":"profilo-triall-co-65-tt","68":"profilo-triall-co-90-s","69":"profilo-triall-co-90-tt","70":"profilo-tt-sc-80","71":"profilo-vuerre-100-s-tt","72":"profilo-zn7-41","73":"finiture-12512","74":"finiture-12513","75":"finiture-12529","76":"finiture-12531","77":"finiture-12532","78":"finiture-12534","79":"finiture-12536","80":"finiture-b-sa","81":"finiture-br5","82":"finiture-br801","83":"finiture-c","84":"finiture-f","85":"finiture-gr217","86":"finiture-gr606","87":"finiture-hl","88":"finiture-ne","89":"finiture-silv","90":"finiture-xsd","91":"finiture-ze","92":"description-off","94":"first","95":"instock","96":"product-type-simple"},"acf":[],"yoast_head":"<!-- This site is optimized with the Yoast SEO plugin v27.2 - https:\/\/yoast.com\/product\/yoast-seo-wordpress\/ -->\n<title>MODULODUE - 2076.1<\/title>\n<meta name=\"description\" content=\"(pat.) Doppelter seitlicher Verschlu\u00df f\u00fcr Schiebefenster\" \/>\n<meta name=\"robots\" content=\"noindex, follow, max-snippet:-1, max-image-preview:large, max-video-preview:-1\" \/>\n<meta property=\"og:locale\" content=\"de_DE\" \/>\n<meta property=\"og:type\" content=\"article\" \/>\n<meta property=\"og:title\" content=\"MODULODUE - 2076.1\" \/>\n<meta property=\"og:description\" content=\"(pat.) Doppelter seitlicher Verschlu\u00df f\u00fcr Schiebefenster\" \/>\n<meta property=\"og:url\" content=\"https:\/\/stage.savio.it\/de\/prodotto\/modulodue-2076-1\/\" \/>\n<meta property=\"og:site_name\" content=\"SAVIO\" \/>\n<meta property=\"article:modified_time\" content=\"2021-10-04T07:27:03+00:00\" \/>\n<meta property=\"og:image\" content=\"https:\/\/stage.savio.it\/wp-content\/uploads\/2022\/06\/2076_1.jpg\" \/>\n\t<meta property=\"og:image:width\" content=\"1000\" \/>\n\t<meta property=\"og:image:height\" content=\"1000\" \/>\n\t<meta property=\"og:image:type\" content=\"image\/jpeg\" \/>\n<meta name=\"twitter:card\" content=\"summary_large_image\" \/>\n<meta name=\"twitter:label1\" content=\"Gesch\u00e4tzte Lesezeit\" \/>\n\t<meta name=\"twitter:data1\" content=\"4\u00a0Minuten\" \/>\n<script type=\"application\/ld+json\" class=\"yoast-schema-graph\">{\"@context\":\"https:\/\/schema.org\",\"@graph\":[{\"@type\":\"WebPage\",\"@id\":\"https:\/\/stage.savio.it\/de\/prodotto\/modulodue-2076-1\/\",\"url\":\"https:\/\/stage.savio.it\/de\/prodotto\/modulodue-2076-1\/\",\"name\":\"MODULODUE - 2076.1\",\"isPartOf\":{\"@id\":\"https:\/\/stage.savio.it\/de\/#website\"},\"primaryImageOfPage\":{\"@id\":\"https:\/\/stage.savio.it\/de\/prodotto\/modulodue-2076-1\/#primaryimage\"},\"image\":{\"@id\":\"https:\/\/stage.savio.it\/de\/prodotto\/modulodue-2076-1\/#primaryimage\"},\"thumbnailUrl\":\"https:\/\/stage.savio.it\/wp-content\/uploads\/2022\/06\/2076_1.jpg\",\"datePublished\":\"2021-10-04T07:27:00+00:00\",\"dateModified\":\"2021-10-04T07:27:03+00:00\",\"description\":\"(pat.) Doppelter seitlicher Verschlu\u00df f\u00fcr Schiebefenster\",\"breadcrumb\":{\"@id\":\"https:\/\/stage.savio.it\/de\/prodotto\/modulodue-2076-1\/#breadcrumb\"},\"inLanguage\":\"de\",\"potentialAction\":[{\"@type\":\"ReadAction\",\"target\":[\"https:\/\/stage.savio.it\/de\/prodotto\/modulodue-2076-1\/\"]}]},{\"@type\":\"ImageObject\",\"inLanguage\":\"de\",\"@id\":\"https:\/\/stage.savio.it\/de\/prodotto\/modulodue-2076-1\/#primaryimage\",\"url\":\"https:\/\/stage.savio.it\/wp-content\/uploads\/2022\/06\/2076_1.jpg\",\"contentUrl\":\"https:\/\/stage.savio.it\/wp-content\/uploads\/2022\/06\/2076_1.jpg\",\"width\":1000,\"height\":1000},{\"@type\":\"BreadcrumbList\",\"@id\":\"https:\/\/stage.savio.it\/de\/prodotto\/modulodue-2076-1\/#breadcrumb\",\"itemListElement\":[{\"@type\":\"ListItem\",\"position\":1,\"name\":\"Home\",\"item\":\"https:\/\/stage.savio.it\/de\/\"},{\"@type\":\"ListItem\",\"position\":2,\"name\":\"Prodotti\",\"item\":\"https:\/\/stage.savio.it\/prodotti\/\"},{\"@type\":\"ListItem\",\"position\":3,\"name\":\"MODULODUE &#8211; 2076.1\"}]},{\"@type\":\"WebSite\",\"@id\":\"https:\/\/stage.savio.it\/de\/#website\",\"url\":\"https:\/\/stage.savio.it\/de\/\",\"name\":\"SAVIO\",\"description\":\"Open mind for closing system\",\"publisher\":{\"@id\":\"https:\/\/stage.savio.it\/de\/#organization\"},\"potentialAction\":[{\"@type\":\"SearchAction\",\"target\":{\"@type\":\"EntryPoint\",\"urlTemplate\":\"https:\/\/stage.savio.it\/de\/?s={search_term_string}\"},\"query-input\":{\"@type\":\"PropertyValueSpecification\",\"valueRequired\":true,\"valueName\":\"search_term_string\"}}],\"inLanguage\":\"de\"},{\"@type\":\"Organization\",\"@id\":\"https:\/\/stage.savio.it\/de\/#organization\",\"name\":\"SAVIO\",\"url\":\"https:\/\/stage.savio.it\/de\/\",\"logo\":{\"@type\":\"ImageObject\",\"inLanguage\":\"de\",\"@id\":\"https:\/\/stage.savio.it\/de\/#\/schema\/logo\/image\/\",\"url\":\"https:\/\/stage.savio.it\/wp-content\/uploads\/2021\/09\/cropped-Savio-logo.png\",\"contentUrl\":\"https:\/\/stage.savio.it\/wp-content\/uploads\/2021\/09\/cropped-Savio-logo.png\",\"width\":243,\"height\":64,\"caption\":\"SAVIO\"},\"image\":{\"@id\":\"https:\/\/stage.savio.it\/de\/#\/schema\/logo\/image\/\"}}]}<\/script>\n<!-- \/ Yoast SEO plugin. -->","yoast_head_json":{"title":"MODULODUE - 2076.1","description":"(pat.) Doppelter seitlicher Verschlu\u00df f\u00fcr Schiebefenster","robots":{"index":"noindex","follow":"follow","max-snippet":"max-snippet:-1","max-image-preview":"max-image-preview:large","max-video-preview":"max-video-preview:-1"},"og_locale":"de_DE","og_type":"article","og_title":"MODULODUE - 2076.1","og_description":"(pat.) Doppelter seitlicher Verschlu\u00df f\u00fcr Schiebefenster","og_url":"https:\/\/stage.savio.it\/de\/prodotto\/modulodue-2076-1\/","og_site_name":"SAVIO","article_modified_time":"2021-10-04T07:27:03+00:00","og_image":[{"width":1000,"height":1000,"url":"https:\/\/stage.savio.it\/wp-content\/uploads\/2022\/06\/2076_1.jpg","type":"image\/jpeg"}],"twitter_card":"summary_large_image","twitter_misc":{"Gesch\u00e4tzte Lesezeit":"4\u00a0Minuten"},"schema":{"@context":"https:\/\/schema.org","@graph":[{"@type":"WebPage","@id":"https:\/\/stage.savio.it\/de\/prodotto\/modulodue-2076-1\/","url":"https:\/\/stage.savio.it\/de\/prodotto\/modulodue-2076-1\/","name":"MODULODUE - 2076.1","isPartOf":{"@id":"https:\/\/stage.savio.it\/de\/#website"},"primaryImageOfPage":{"@id":"https:\/\/stage.savio.it\/de\/prodotto\/modulodue-2076-1\/#primaryimage"},"image":{"@id":"https:\/\/stage.savio.it\/de\/prodotto\/modulodue-2076-1\/#primaryimage"},"thumbnailUrl":"https:\/\/stage.savio.it\/wp-content\/uploads\/2022\/06\/2076_1.jpg","datePublished":"2021-10-04T07:27:00+00:00","dateModified":"2021-10-04T07:27:03+00:00","description":"(pat.) Doppelter seitlicher Verschlu\u00df f\u00fcr Schiebefenster","breadcrumb":{"@id":"https:\/\/stage.savio.it\/de\/prodotto\/modulodue-2076-1\/#breadcrumb"},"inLanguage":"de","potentialAction":[{"@type":"ReadAction","target":["https:\/\/stage.savio.it\/de\/prodotto\/modulodue-2076-1\/"]}]},{"@type":"ImageObject","inLanguage":"de","@id":"https:\/\/stage.savio.it\/de\/prodotto\/modulodue-2076-1\/#primaryimage","url":"https:\/\/stage.savio.it\/wp-content\/uploads\/2022\/06\/2076_1.jpg","contentUrl":"https:\/\/stage.savio.it\/wp-content\/uploads\/2022\/06\/2076_1.jpg","width":1000,"height":1000},{"@type":"BreadcrumbList","@id":"https:\/\/stage.savio.it\/de\/prodotto\/modulodue-2076-1\/#breadcrumb","itemListElement":[{"@type":"ListItem","position":1,"name":"Home","item":"https:\/\/stage.savio.it\/de\/"},{"@type":"ListItem","position":2,"name":"Prodotti","item":"https:\/\/stage.savio.it\/prodotti\/"},{"@type":"ListItem","position":3,"name":"MODULODUE &#8211; 2076.1"}]},{"@type":"WebSite","@id":"https:\/\/stage.savio.it\/de\/#website","url":"https:\/\/stage.savio.it\/de\/","name":"SAVIO","description":"Open mind for closing system","publisher":{"@id":"https:\/\/stage.savio.it\/de\/#organization"},"potentialAction":[{"@type":"SearchAction","target":{"@type":"EntryPoint","urlTemplate":"https:\/\/stage.savio.it\/de\/?s={search_term_string}"},"query-input":{"@type":"PropertyValueSpecification","valueRequired":true,"valueName":"search_term_string"}}],"inLanguage":"de"},{"@type":"Organization","@id":"https:\/\/stage.savio.it\/de\/#organization","name":"SAVIO","url":"https:\/\/stage.savio.it\/de\/","logo":{"@type":"ImageObject","inLanguage":"de","@id":"https:\/\/stage.savio.it\/de\/#\/schema\/logo\/image\/","url":"https:\/\/stage.savio.it\/wp-content\/uploads\/2021\/09\/cropped-Savio-logo.png","contentUrl":"https:\/\/stage.savio.it\/wp-content\/uploads\/2021\/09\/cropped-Savio-logo.png","width":243,"height":64,"caption":"SAVIO"},"image":{"@id":"https:\/\/stage.savio.it\/de\/#\/schema\/logo\/image\/"}}]}},"uagb_featured_image_src":{"full":["https:\/\/stage.savio.it\/wp-content\/uploads\/2022\/06\/2076_1.jpg",1000,1000,false],"thumbnail":["https:\/\/stage.savio.it\/wp-content\/uploads\/2022\/06\/2076_1-150x150.jpg",150,150,true],"medium":["https:\/\/stage.savio.it\/wp-content\/uploads\/2022\/06\/2076_1-300x300.jpg",300,300,true],"medium_large":["https:\/\/stage.savio.it\/wp-content\/uploads\/2022\/06\/2076_1-768x768.jpg",768,768,true],"large":["https:\/\/stage.savio.it\/wp-content\/uploads\/2022\/06\/2076_1.jpg",1000,1000,false],"gs-tiny":["https:\/\/stage.savio.it\/wp-content\/uploads\/2022\/06\/2076_1.jpg",50,50,false],"xl":["https:\/\/stage.savio.it\/wp-content\/uploads\/2022\/06\/2076_1.jpg",1000,1000,false],"xxl":["https:\/\/stage.savio.it\/wp-content\/uploads\/2022\/06\/2076_1.jpg",1000,1000,false],"xxxl":["https:\/\/stage.savio.it\/wp-content\/uploads\/2022\/06\/2076_1.jpg",1000,1000,false],"xxxxl":["https:\/\/stage.savio.it\/wp-content\/uploads\/2022\/06\/2076_1.jpg",1000,1000,false],"xxxxxl":["https:\/\/stage.savio.it\/wp-content\/uploads\/2022\/06\/2076_1.jpg",1000,1000,false],"1536x1536":["https:\/\/stage.savio.it\/wp-content\/uploads\/2022\/06\/2076_1.jpg",1000,1000,false],"2048x2048":["https:\/\/stage.savio.it\/wp-content\/uploads\/2022\/06\/2076_1.jpg",1000,1000,false],"woocommerce_thumbnail":["https:\/\/stage.savio.it\/wp-content\/uploads\/2022\/06\/2076_1-300x300.jpg",300,300,true],"woocommerce_single":["https:\/\/stage.savio.it\/wp-content\/uploads\/2022\/06\/2076_1-600x600.jpg",600,600,true],"woocommerce_gallery_thumbnail":["https:\/\/stage.savio.it\/wp-content\/uploads\/2022\/06\/2076_1-200x200.jpg",200,200,true]},"uagb_author_info":{"display_name":"admin_news","author_link":"https:\/\/stage.savio.it\/de\/author\/"},"uagb_comment_info":0,"uagb_excerpt":"(pat.) Doppelter seitlicher Verschlu\u00df f\u00fcr Schiebefenster","_links":{"self":[{"href":"https:\/\/stage.savio.it\/de\/wp-json\/wp\/v2\/product\/32020","targetHints":{"allow":["GET"]}}],"collection":[{"href":"https:\/\/stage.savio.it\/de\/wp-json\/wp\/v2\/product"}],"about":[{"href":"https:\/\/stage.savio.it\/de\/wp-json\/wp\/v2\/types\/product"}],"replies":[{"embeddable":true,"href":"https:\/\/stage.savio.it\/de\/wp-json\/wp\/v2\/comments?post=32020"}],"wp:featuredmedia":[{"embeddable":true,"href":"https:\/\/stage.savio.it\/de\/wp-json\/wp\/v2\/media\/74114"}],"wp:attachment":[{"href":"https:\/\/stage.savio.it\/de\/wp-json\/wp\/v2\/media?parent=32020"}],"wp:term":[{"taxonomy":"product_brand","embeddable":true,"href":"https:\/\/stage.savio.it\/de\/wp-json\/wp\/v2\/product_brand?post=32020"},{"taxonomy":"product_cat","embeddable":true,"href":"https:\/\/stage.savio.it\/de\/wp-json\/wp\/v2\/product_cat?post=32020"},{"taxonomy":"product_tag","embeddable":true,"href":"https:\/\/stage.savio.it\/de\/wp-json\/wp\/v2\/product_tag?post=32020"},{"taxonomy":"profilo","embeddable":true,"href":"https:\/\/stage.savio.it\/de\/wp-json\/wp\/v2\/profilo?post=32020"},{"taxonomy":"finiture","embeddable":true,"href":"https:\/\/stage.savio.it\/de\/wp-json\/wp\/v2\/finiture?post=32020"},{"taxonomy":"gruppo_anta","embeddable":true,"href":"https:\/\/stage.savio.it\/de\/wp-json\/wp\/v2\/gruppo_anta?post=32020"}],"curies":[{"name":"wp","href":"https:\/\/api.w.org\/{rel}","templated":true}]}}