{"id":31184,"date":"2021-10-04T07:13:40","date_gmt":"2021-10-04T07:13:40","guid":{"rendered":"https:\/\/savio.ne-ws.it\/prodotto\/mechanica-1145-3-67\/"},"modified":"2021-10-04T07:13:46","modified_gmt":"2021-10-04T07:13:46","slug":"mechanica-1145-3-67","status":"publish","type":"product","link":"https:\/\/stage.savio.it\/de\/prodotto\/mechanica-1145-3-67\/","title":{"rendered":"MECHANICA &#8211; 1145.3\/67"},"content":{"rendered":"<p>(patentiert) Justierbares T\u00fcrband mit 3 Bandteilen aus Aluminium, Lochabstand 67 mm, Drehpunkt 20 mm, Versatz 0 mm, 1 Stift \u00d8 11 mm aus rostfreiem Stahl, vormontiert in Nocken-Gleitbuchse aus schwarz verzinktem Zink-Druck Gu\u00df, 3 Abdeckst\u00fccke aus Aluminium, 2 Endkappen aus Nylon, 2 selbstschmierende Gleitbuchsen, 1 Justierschraube aus Zink-Druck Gu\u00df, 1 Befestigungselement f\u00fcr Gegenplatten aus Nylon und 1 Unterlegscheibe. Tragkraft: 2 Bander 160 Kg, 3 Bander 180 Kg.<\/p>\n","protected":false},"excerpt":{"rendered":"<p>(pat.) 3-teiliges T\u00fcrband<\/p>\n","protected":false},"featured_media":15775,"comment_status":"closed","ping_status":"closed","template":"","meta":{"_acf_changed":false,"_uag_custom_page_level_css":""},"product_brand":[],"product_cat":[12585,12637],"product_tag":[],"profilo":[12431,11995,11996,12040,12408,12393,12395,12402,12398,12403,12065,12134,12121,12136,12123,12124,12125,12126,12139,12141,12388,12389,12242,12252,12268,12267,12445,12451,12461,12464,12320,12339,12346,12332,12323,12333,12347,12349,12324,12334,12345,12325,12335,12348,12350,11984,11985,11980,11982,12418,12417,12423,12425,12427,12429,12413,12019,12035,12037,12034,12039,12066,11967,11964,12152,12153,12164,12166,12156,12180,12182,12470,12468,12469,12247,12254,12255,12249,12256,12187,12189,12218,12225,12220,12231,12217,12207,12208,12235,12236,12017,12270,12289,12278,12271,12288,12295,12279,12272,12280,12308,12309,12310,12281,12326,12330,12331,11970,11968,11972,11974,12170,12172,12175,12177,12176,12178,12179,12085,12372,12373,12376,12375,12380,12377,12381,12378,12476,12477,12086,12357,12371,12356,12210,12051,12052,12045,12047,12046,12048,12053,12054,12071,12073,12078,12074,12079,12075,12076,12081,12419,12420,12246,12257,12435,12436,12274,12303,12276,12304,12306,12293,12299,12294,12297,12307,12311,12313,12314],"finiture":[12512,12520,12528,12529,12531,12532,12534,12536,12543,12545,12549,12552,12556,12557,12560,12562,12565,12569,12570,12575,12582,12583],"gruppo_anta":[],"class_list":{"0":"post-31184","1":"product","2":"type-product","3":"status-publish","4":"has-post-thumbnail","6":"product_cat-cerniere-cerniere-pesanti-e-cerniere-per-vasistas","7":"product_cat-mechanica","8":"profilo-12431","9":"profilo-alfil-a54rpt","10":"profilo-alfil-a65rpt","11":"profilo-allco-tec-72","12":"profilo-allu-sistemi","13":"profilo-atlantis-45","14":"profilo-atlantis-55-tt","15":"profilo-atlantis-55-tt-porte","16":"profilo-atlantis-68-tt","17":"profilo-atlantis-68-tt-porte","18":"profilo-bga-50-porte","19":"profilo-domal-bright-pa-70-s","20":"profilo-domal-bright-pa-70-s-porte","21":"profilo-domal-extratermic-62","22":"profilo-domal-spider-60","23":"profilo-domal-spider-l60-style","24":"profilo-domal-stopper-pg-63","25":"profilo-domal-stopper-pg-63-porte","26":"profilo-domal-top-tb-65","27":"profilo-domal-top-tb-65-porte","28":"profilo-ecowin-th-62","29":"profilo-ecowin-th-72","30":"profilo-ekip-50-complanare","31":"profilo-ekip-blindo","32":"profilo-ekip-th-73-porte","33":"profilo-ekip-th-83","34":"profilo-ekos-50-th","35":"profilo-ekos-66-th","36":"profilo-ekos-68-thr","37":"profilo-ekos-85-th","38":"profilo-eku-40","39":"profilo-eku-40-raggiato","40":"profilo-eku-52-tt","41":"profilo-eku-53-porte","42":"profilo-eku-53-tt","43":"profilo-eku-53-tt-porte","44":"profilo-eku-62-tt","45":"profilo-eku-62-tt-porte","46":"profilo-eku-64-tt","47":"profilo-eku-64-tt-porte","48":"profilo-eku-66-tt","49":"profilo-eku-72-tt","50":"profilo-eku-72-tt-porte","51":"profilo-eku-78-tt","52":"profilo-eku-78-tt-porte","53":"profilo-esedra-doors-56","54":"profilo-esedra-doors-56-tt","55":"profilo-esedra-ga-53","56":"profilo-esedra-tt-63","57":"profilo-et-45-porte","58":"profilo-et-45-sormonto","59":"profilo-et-58-2-tt","60":"profilo-et-67-3-tt","61":"profilo-et-68-2-tt","62":"profilo-et-75-3-tt","63":"profilo-etnall","64":"profilo-export-50-porte","65":"profilo-export-51-tt","66":"profilo-export-51-tt-porte","67":"profilo-export-68-tt","68":"profilo-export-68-tt-porte","69":"profilo-extrablind-70-porte","70":"profilo-global-50-tt-porte","71":"profilo-global-78-blindato","72":"profilo-gold-400","73":"profilo-gold-400-raggiato","74":"profilo-gold-450","75":"profilo-gold-450-tt","76":"profilo-gold-500-raggiato","77":"profilo-gold-502-hc","78":"profilo-gold-600-hc","79":"profilo-hf-580","80":"profilo-hp-600","81":"profilo-hp-700","82":"profilo-maastricht-53","83":"profilo-maastricht-53-porte","84":"profilo-maastricht-th-60-porte","85":"profilo-maastricht-th-68","86":"profilo-maastricht-th-68-porte","87":"profilo-mx-70","88":"profilo-mx-70-porte","89":"profilo-nc-50-i","90":"profilo-nc-50-i-porte","91":"profilo-nc-50-sth","92":"profilo-nc-50-sth-porte","93":"profilo-nc-58-mediterraneo-sormonto","94":"profilo-nc-65-sth-porte","95":"profilo-nc-68-sth-porte","96":"profilo-nc-75-sth","97":"profilo-nc-75-sthi","98":"profilo-new-age","99":"profilo-new-tec-50","100":"profilo-new-tec-50-classic","101":"profilo-new-tec-50-porte","102":"profilo-new-tec-52-tt","103":"profilo-new-tec-52-tt-classic","104":"profilo-new-tec-52-tt-classic-porte","105":"profilo-new-tec-52-tt-porte","106":"profilo-new-tec-60-tt","107":"profilo-new-tec-60-tt-porte","108":"profilo-new-tec-65","109":"profilo-new-tec-65-classic","110":"profilo-new-tec-65-porte","111":"profilo-new-tec-68-tt-porte","112":"profilo-pe-40","113":"profilo-pe-58-tt-complanare","114":"profilo-pe-58-tt-sormonto","115":"profilo-planet-45","116":"profilo-planet-50-tt","117":"profilo-planet-62-tt","118":"profilo-planet-72-ht","119":"profilo-plathina-60-classica","120":"profilo-plathina-60-flat-classica","121":"profilo-plathina-69-classica","122":"profilo-plathina-69-flat-classica","123":"profilo-plathina-69-porte","124":"profilo-plathina-75-classica","125":"profilo-plathina-75-porte","126":"profilo-prestige-73-tt","127":"profilo-road-520-tt-ce","128":"profilo-road-600-tt-ce","129":"profilo-royal-s-50-n-porte","130":"profilo-royal-s-50-porte","131":"profilo-royal-s-65-ak-porte","132":"profilo-royal-s-65-porte","133":"profilo-royal-s-70-f-porte","134":"profilo-royal-s-70-hi-porte","135":"profilo-serie-6000","136":"profilo-serie-6500-rpt","137":"profilo-slim-70-tt","138":"profilo-start-470-tt","139":"profilo-start-470-tt-porte","140":"profilo-start-510","141":"profilo-superblindo-porte","142":"profilo-synthesis-52","143":"profilo-synthesis-52-tt","144":"profilo-synthesis-57","145":"profilo-synthesis-57-porte","146":"profilo-synthesis-60-tt","147":"profilo-synthesis-60-tt-porte","148":"profilo-synthesis-68-tt","149":"profilo-synthesis-68-tt-porte","150":"profilo-tecno-50-porte","151":"profilo-tecno-50-tt","152":"profilo-tecno-50-tt-porte","153":"profilo-tecno-60-tt","154":"profilo-tecno-60-tt-porte","155":"profilo-tecno-68-tt","156":"profilo-tecno-70-blindo","157":"profilo-tecno-76-tt","158":"profilo-tt-50","159":"profilo-tt-50-porte","160":"profilo-venice-th16","161":"profilo-venice-th16-porte","162":"profilo-vuerre-53-tt","163":"profilo-vuerre-70-tt","164":"profilo-windstop-45","165":"profilo-windstop-45-porte","166":"profilo-windstop-45-tt","167":"profilo-windstop-45-tt-classic","168":"profilo-windstop-45-tt-porte","169":"profilo-windstop-55-tt","170":"profilo-windstop-55-tt-classic","171":"profilo-windstop-55-tt-porte","172":"profilo-windstop-65-tt","173":"profilo-windstop-65-tt-porte","174":"profilo-windstop-73-tt","175":"profilo-ws-65-thi","176":"profilo-ws-75-thi","177":"finiture-12512","178":"finiture-12520","179":"finiture-12528","180":"finiture-12529","181":"finiture-12531","182":"finiture-12532","183":"finiture-12534","184":"finiture-12536","185":"finiture-b-sa","186":"finiture-bl10","187":"finiture-br5","188":"finiture-c","189":"finiture-f","190":"finiture-gr217","191":"finiture-gr606","192":"finiture-hl","193":"finiture-ne","194":"finiture-pvd-h","195":"finiture-pvd-x","196":"finiture-silv","197":"finiture-xsd","198":"finiture-ze","199":"description-off","201":"first","202":"instock","203":"product-type-simple"},"acf":[],"yoast_head":"<!-- This site is optimized with the Yoast SEO plugin v27.2 - https:\/\/yoast.com\/product\/yoast-seo-wordpress\/ -->\n<title>MECHANICA - 1145.3\/67<\/title>\n<meta name=\"description\" content=\"(pat.) 3-teiliges T\u00fcrband\" \/>\n<meta name=\"robots\" content=\"noindex, follow, max-snippet:-1, max-image-preview:large, max-video-preview:-1\" \/>\n<meta property=\"og:locale\" content=\"de_DE\" \/>\n<meta property=\"og:type\" content=\"article\" \/>\n<meta property=\"og:title\" content=\"MECHANICA - 1145.3\/67\" \/>\n<meta property=\"og:description\" content=\"(pat.) 3-teiliges T\u00fcrband\" \/>\n<meta property=\"og:url\" content=\"https:\/\/stage.savio.it\/de\/prodotto\/mechanica-1145-3-67\/\" \/>\n<meta property=\"og:site_name\" content=\"SAVIO\" \/>\n<meta property=\"article:modified_time\" content=\"2021-10-04T07:13:46+00:00\" \/>\n<meta property=\"og:image\" content=\"https:\/\/stage.savio.it\/wp-content\/uploads\/2021\/09\/1145_3-6.jpg\" \/>\n\t<meta property=\"og:image:width\" content=\"229\" \/>\n\t<meta property=\"og:image:height\" content=\"229\" \/>\n\t<meta property=\"og:image:type\" content=\"image\/jpeg\" \/>\n<meta name=\"twitter:card\" content=\"summary_large_image\" \/>\n<meta name=\"twitter:label1\" content=\"Gesch\u00e4tzte Lesezeit\" \/>\n\t<meta name=\"twitter:data1\" content=\"4\u00a0Minuten\" \/>\n<script type=\"application\/ld+json\" class=\"yoast-schema-graph\">{\"@context\":\"https:\/\/schema.org\",\"@graph\":[{\"@type\":\"WebPage\",\"@id\":\"https:\/\/stage.savio.it\/de\/prodotto\/mechanica-1145-3-67\/\",\"url\":\"https:\/\/stage.savio.it\/de\/prodotto\/mechanica-1145-3-67\/\",\"name\":\"MECHANICA - 1145.3\/67\",\"isPartOf\":{\"@id\":\"https:\/\/stage.savio.it\/de\/#website\"},\"primaryImageOfPage\":{\"@id\":\"https:\/\/stage.savio.it\/de\/prodotto\/mechanica-1145-3-67\/#primaryimage\"},\"image\":{\"@id\":\"https:\/\/stage.savio.it\/de\/prodotto\/mechanica-1145-3-67\/#primaryimage\"},\"thumbnailUrl\":\"https:\/\/stage.savio.it\/wp-content\/uploads\/2021\/09\/1145_3-6.jpg\",\"datePublished\":\"2021-10-04T07:13:40+00:00\",\"dateModified\":\"2021-10-04T07:13:46+00:00\",\"description\":\"(pat.) 3-teiliges T\u00fcrband\",\"breadcrumb\":{\"@id\":\"https:\/\/stage.savio.it\/de\/prodotto\/mechanica-1145-3-67\/#breadcrumb\"},\"inLanguage\":\"de\",\"potentialAction\":[{\"@type\":\"ReadAction\",\"target\":[\"https:\/\/stage.savio.it\/de\/prodotto\/mechanica-1145-3-67\/\"]}]},{\"@type\":\"ImageObject\",\"inLanguage\":\"de\",\"@id\":\"https:\/\/stage.savio.it\/de\/prodotto\/mechanica-1145-3-67\/#primaryimage\",\"url\":\"https:\/\/stage.savio.it\/wp-content\/uploads\/2021\/09\/1145_3-6.jpg\",\"contentUrl\":\"https:\/\/stage.savio.it\/wp-content\/uploads\/2021\/09\/1145_3-6.jpg\",\"width\":229,\"height\":229},{\"@type\":\"BreadcrumbList\",\"@id\":\"https:\/\/stage.savio.it\/de\/prodotto\/mechanica-1145-3-67\/#breadcrumb\",\"itemListElement\":[{\"@type\":\"ListItem\",\"position\":1,\"name\":\"Home\",\"item\":\"https:\/\/stage.savio.it\/de\/\"},{\"@type\":\"ListItem\",\"position\":2,\"name\":\"Prodotti\",\"item\":\"https:\/\/stage.savio.it\/prodotti\/\"},{\"@type\":\"ListItem\",\"position\":3,\"name\":\"MECHANICA &#8211; 1145.3\/67\"}]},{\"@type\":\"WebSite\",\"@id\":\"https:\/\/stage.savio.it\/de\/#website\",\"url\":\"https:\/\/stage.savio.it\/de\/\",\"name\":\"SAVIO\",\"description\":\"Open mind for closing system\",\"publisher\":{\"@id\":\"https:\/\/stage.savio.it\/de\/#organization\"},\"potentialAction\":[{\"@type\":\"SearchAction\",\"target\":{\"@type\":\"EntryPoint\",\"urlTemplate\":\"https:\/\/stage.savio.it\/de\/?s={search_term_string}\"},\"query-input\":{\"@type\":\"PropertyValueSpecification\",\"valueRequired\":true,\"valueName\":\"search_term_string\"}}],\"inLanguage\":\"de\"},{\"@type\":\"Organization\",\"@id\":\"https:\/\/stage.savio.it\/de\/#organization\",\"name\":\"SAVIO\",\"url\":\"https:\/\/stage.savio.it\/de\/\",\"logo\":{\"@type\":\"ImageObject\",\"inLanguage\":\"de\",\"@id\":\"https:\/\/stage.savio.it\/de\/#\/schema\/logo\/image\/\",\"url\":\"https:\/\/stage.savio.it\/wp-content\/uploads\/2021\/09\/cropped-Savio-logo.png\",\"contentUrl\":\"https:\/\/stage.savio.it\/wp-content\/uploads\/2021\/09\/cropped-Savio-logo.png\",\"width\":243,\"height\":64,\"caption\":\"SAVIO\"},\"image\":{\"@id\":\"https:\/\/stage.savio.it\/de\/#\/schema\/logo\/image\/\"}}]}<\/script>\n<!-- \/ Yoast SEO plugin. -->","yoast_head_json":{"title":"MECHANICA - 1145.3\/67","description":"(pat.) 3-teiliges T\u00fcrband","robots":{"index":"noindex","follow":"follow","max-snippet":"max-snippet:-1","max-image-preview":"max-image-preview:large","max-video-preview":"max-video-preview:-1"},"og_locale":"de_DE","og_type":"article","og_title":"MECHANICA - 1145.3\/67","og_description":"(pat.) 3-teiliges T\u00fcrband","og_url":"https:\/\/stage.savio.it\/de\/prodotto\/mechanica-1145-3-67\/","og_site_name":"SAVIO","article_modified_time":"2021-10-04T07:13:46+00:00","og_image":[{"width":229,"height":229,"url":"https:\/\/stage.savio.it\/wp-content\/uploads\/2021\/09\/1145_3-6.jpg","type":"image\/jpeg"}],"twitter_card":"summary_large_image","twitter_misc":{"Gesch\u00e4tzte Lesezeit":"4\u00a0Minuten"},"schema":{"@context":"https:\/\/schema.org","@graph":[{"@type":"WebPage","@id":"https:\/\/stage.savio.it\/de\/prodotto\/mechanica-1145-3-67\/","url":"https:\/\/stage.savio.it\/de\/prodotto\/mechanica-1145-3-67\/","name":"MECHANICA - 1145.3\/67","isPartOf":{"@id":"https:\/\/stage.savio.it\/de\/#website"},"primaryImageOfPage":{"@id":"https:\/\/stage.savio.it\/de\/prodotto\/mechanica-1145-3-67\/#primaryimage"},"image":{"@id":"https:\/\/stage.savio.it\/de\/prodotto\/mechanica-1145-3-67\/#primaryimage"},"thumbnailUrl":"https:\/\/stage.savio.it\/wp-content\/uploads\/2021\/09\/1145_3-6.jpg","datePublished":"2021-10-04T07:13:40+00:00","dateModified":"2021-10-04T07:13:46+00:00","description":"(pat.) 3-teiliges T\u00fcrband","breadcrumb":{"@id":"https:\/\/stage.savio.it\/de\/prodotto\/mechanica-1145-3-67\/#breadcrumb"},"inLanguage":"de","potentialAction":[{"@type":"ReadAction","target":["https:\/\/stage.savio.it\/de\/prodotto\/mechanica-1145-3-67\/"]}]},{"@type":"ImageObject","inLanguage":"de","@id":"https:\/\/stage.savio.it\/de\/prodotto\/mechanica-1145-3-67\/#primaryimage","url":"https:\/\/stage.savio.it\/wp-content\/uploads\/2021\/09\/1145_3-6.jpg","contentUrl":"https:\/\/stage.savio.it\/wp-content\/uploads\/2021\/09\/1145_3-6.jpg","width":229,"height":229},{"@type":"BreadcrumbList","@id":"https:\/\/stage.savio.it\/de\/prodotto\/mechanica-1145-3-67\/#breadcrumb","itemListElement":[{"@type":"ListItem","position":1,"name":"Home","item":"https:\/\/stage.savio.it\/de\/"},{"@type":"ListItem","position":2,"name":"Prodotti","item":"https:\/\/stage.savio.it\/prodotti\/"},{"@type":"ListItem","position":3,"name":"MECHANICA &#8211; 1145.3\/67"}]},{"@type":"WebSite","@id":"https:\/\/stage.savio.it\/de\/#website","url":"https:\/\/stage.savio.it\/de\/","name":"SAVIO","description":"Open mind for closing system","publisher":{"@id":"https:\/\/stage.savio.it\/de\/#organization"},"potentialAction":[{"@type":"SearchAction","target":{"@type":"EntryPoint","urlTemplate":"https:\/\/stage.savio.it\/de\/?s={search_term_string}"},"query-input":{"@type":"PropertyValueSpecification","valueRequired":true,"valueName":"search_term_string"}}],"inLanguage":"de"},{"@type":"Organization","@id":"https:\/\/stage.savio.it\/de\/#organization","name":"SAVIO","url":"https:\/\/stage.savio.it\/de\/","logo":{"@type":"ImageObject","inLanguage":"de","@id":"https:\/\/stage.savio.it\/de\/#\/schema\/logo\/image\/","url":"https:\/\/stage.savio.it\/wp-content\/uploads\/2021\/09\/cropped-Savio-logo.png","contentUrl":"https:\/\/stage.savio.it\/wp-content\/uploads\/2021\/09\/cropped-Savio-logo.png","width":243,"height":64,"caption":"SAVIO"},"image":{"@id":"https:\/\/stage.savio.it\/de\/#\/schema\/logo\/image\/"}}]}},"uagb_featured_image_src":{"full":["https:\/\/stage.savio.it\/wp-content\/uploads\/2021\/09\/1145_3-6.jpg",229,229,false],"thumbnail":["https:\/\/stage.savio.it\/wp-content\/uploads\/2021\/09\/1145_3-6-150x150.jpg",150,150,true],"medium":["https:\/\/stage.savio.it\/wp-content\/uploads\/2021\/09\/1145_3-6.jpg",229,229,false],"medium_large":["https:\/\/stage.savio.it\/wp-content\/uploads\/2021\/09\/1145_3-6.jpg",229,229,false],"large":["https:\/\/stage.savio.it\/wp-content\/uploads\/2021\/09\/1145_3-6.jpg",229,229,false],"gs-tiny":["https:\/\/stage.savio.it\/wp-content\/uploads\/2021\/09\/1145_3-6.jpg",50,50,false],"xl":["https:\/\/stage.savio.it\/wp-content\/uploads\/2021\/09\/1145_3-6.jpg",229,229,false],"xxl":["https:\/\/stage.savio.it\/wp-content\/uploads\/2021\/09\/1145_3-6.jpg",229,229,false],"xxxl":["https:\/\/stage.savio.it\/wp-content\/uploads\/2021\/09\/1145_3-6.jpg",229,229,false],"xxxxl":["https:\/\/stage.savio.it\/wp-content\/uploads\/2021\/09\/1145_3-6.jpg",229,229,false],"xxxxxl":["https:\/\/stage.savio.it\/wp-content\/uploads\/2021\/09\/1145_3-6.jpg",229,229,false],"1536x1536":["https:\/\/stage.savio.it\/wp-content\/uploads\/2021\/09\/1145_3-6.jpg",229,229,false],"2048x2048":["https:\/\/stage.savio.it\/wp-content\/uploads\/2021\/09\/1145_3-6.jpg",229,229,false],"woocommerce_thumbnail":["https:\/\/stage.savio.it\/wp-content\/uploads\/2021\/09\/1145_3-6.jpg",229,229,false],"woocommerce_single":["https:\/\/stage.savio.it\/wp-content\/uploads\/2021\/09\/1145_3-6.jpg",229,229,false],"woocommerce_gallery_thumbnail":["https:\/\/stage.savio.it\/wp-content\/uploads\/2021\/09\/1145_3-6-200x200.jpg",200,200,true]},"uagb_author_info":{"display_name":"admin_news","author_link":"https:\/\/stage.savio.it\/de\/author\/"},"uagb_comment_info":0,"uagb_excerpt":"(pat.) 3-teiliges T\u00fcrband","_links":{"self":[{"href":"https:\/\/stage.savio.it\/de\/wp-json\/wp\/v2\/product\/31184","targetHints":{"allow":["GET"]}}],"collection":[{"href":"https:\/\/stage.savio.it\/de\/wp-json\/wp\/v2\/product"}],"about":[{"href":"https:\/\/stage.savio.it\/de\/wp-json\/wp\/v2\/types\/product"}],"replies":[{"embeddable":true,"href":"https:\/\/stage.savio.it\/de\/wp-json\/wp\/v2\/comments?post=31184"}],"wp:featuredmedia":[{"embeddable":true,"href":"https:\/\/stage.savio.it\/de\/wp-json\/wp\/v2\/media\/15775"}],"wp:attachment":[{"href":"https:\/\/stage.savio.it\/de\/wp-json\/wp\/v2\/media?parent=31184"}],"wp:term":[{"taxonomy":"product_brand","embeddable":true,"href":"https:\/\/stage.savio.it\/de\/wp-json\/wp\/v2\/product_brand?post=31184"},{"taxonomy":"product_cat","embeddable":true,"href":"https:\/\/stage.savio.it\/de\/wp-json\/wp\/v2\/product_cat?post=31184"},{"taxonomy":"product_tag","embeddable":true,"href":"https:\/\/stage.savio.it\/de\/wp-json\/wp\/v2\/product_tag?post=31184"},{"taxonomy":"profilo","embeddable":true,"href":"https:\/\/stage.savio.it\/de\/wp-json\/wp\/v2\/profilo?post=31184"},{"taxonomy":"finiture","embeddable":true,"href":"https:\/\/stage.savio.it\/de\/wp-json\/wp\/v2\/finiture?post=31184"},{"taxonomy":"gruppo_anta","embeddable":true,"href":"https:\/\/stage.savio.it\/de\/wp-json\/wp\/v2\/gruppo_anta?post=31184"}],"curies":[{"name":"wp","href":"https:\/\/api.w.org\/{rel}","templated":true}]}}